{"id":8387,"date":"2023-11-29T15:49:02","date_gmt":"2023-11-29T13:49:02","guid":{"rendered":"https:\/\/tervix.ee\/toode\/lemmikin-kuonovoide\/"},"modified":"2023-12-05T17:58:08","modified_gmt":"2023-12-05T15:58:08","slug":"lemmikin-kuonovoide","status":"publish","type":"product","link":"https:\/\/tervix.ee\/fi\/tuote\/lemmikin-kuonovoide\/","title":{"rendered":"Lemmikin Kuonovoide"},"content":{"rendered":"<p><span style=\"font-weight: 400;\">HUOM! Kyseess\u00e4 on lemmikkiel\u00e4imen kuonovoide! Ihmisille tarkoitetun tuotteen l\u00f6yd\u00e4t <a href=\"https:\/\/tervix.ee\/fi\/tuote\/nenavoide\/\">t\u00e4st\u00e4<\/a>.<\/span><\/p>\n<p><span style=\"font-weight: 400;\">Aikoinaan Tervixin suuret el\u00e4inten yst\u00e4v\u00e4t etsiv\u00e4t el\u00e4inkaupoista luonnollista, mukavak\u00e4ytt\u00f6ist\u00e4 tassuvoidetta ja huomasivat, ett\u00e4 aivan sellaista tuotetta, jota olisi halunnut, ei ole. Siit\u00e4 syntyi ajatus kehitt\u00e4\u00e4 kotiel\u00e4imille tuotesarja.<\/span><\/p>\n<p><span style=\"font-weight: 400;\">Tervixin 100 % luonnollinen Lemmikin Kuonovoide sopii erityisen hyvin lyhytkuonoisen koiran kuivumaan tai halkeilemaan taipuvaisen kuonon ja sit\u00e4 ymp\u00e4r\u00f6iv\u00e4n nahan hoitoon (mutta my\u00f6s kaikille muillekin koirille ja kissoille, joilla on sama huoli). Tuote on hieman pehme\u00e4mpi \u2013 kuonohan on niiden kaikkien herkin kehonosa!<\/span><\/p>\n<p><span style=\"font-weight: 400;\">Voide on pakattu mukavaan ja ymp\u00e4rist\u00f6yst\u00e4v\u00e4lliseen pahviputkiloon \u2013 sek\u00e4 k\u00e4det ett\u00e4 ymp\u00e4rist\u00f6 j\u00e4\u00e4v\u00e4t puhtaiksi!<\/span><\/p>\n<p><span style=\"font-weight: 400;\">Meid\u00e4n lemmikkiemme suosikki!<\/span><\/p>\n<ul>\n<li><span style=\"font-weight: 400;\">Ainesosat: rapsi\u00f6ljy, keh\u00e4kukkauute, kamomillauute, mehil\u00e4isvaha, auringonkukkavaha, helokki\u00f6ljy, kittivahatinktuura.<\/span><\/li>\n<li>INCI: Brassica Napus seed oil, Calendula Officinalis Extract, Chamomilla Recutita extract, Beeswax, Helianthus Annuus Seed Wax, Oenothera Biennis Oil, Alcohol, Propolis.<\/li>\n<\/ul>\n<p><span style=\"font-weight: 400;\"><strong>K\u00e4ytt\u00f6:<\/strong> Ty\u00f6nn\u00e4 sormella putkilon pohjaa yl\u00f6s niin paljon, ett\u00e4 voidetta on mukava levitt\u00e4\u00e4 el\u00e4imeen. Voidellaan el\u00e4imen kuonoon ja ymp\u00e4r\u00f6iv\u00e4lle nahalle tarpeen mukaan. K\u00e4yt\u00f6n j\u00e4lkeen ulos j\u00e4\u00e4neen voiteen osan voi ty\u00f6nt\u00e4\u00e4 takaisin putkiloon puhtaalla sormella tai korkilla.<\/span><\/p>\n<p><span style=\"font-weight: 400;\">\u00c4l\u00e4 anna el\u00e4imen nuolla voidetta. S\u00e4ilyt\u00e4 lasten ulottumattomissa.<\/span><\/p>\n<p><span style=\"font-weight: 400;\"><strong>S\u00e4ilytys:<\/strong> huoneenl\u00e4mp\u00f6tilassa<\/span><\/p>\n<p><span style=\"font-weight: 400;\">Nettom\u00e4\u00e4r\u00e4: 10 g<\/span><\/p>\n","protected":false},"excerpt":{"rendered":"<p><span style=\"font-weight: 400;\">Virolaista k\u00e4p\u00e4l\u00e4ty\u00f6t\u00e4!<\/span><\/p>\n<p><span style=\"font-weight: 400;\">100 % luonnollinen Lemmikin Kuonovoide sopii sek\u00e4 koirien ett\u00e4 kissojen kuonon ja sit\u00e4 ymp\u00e4r\u00f6iv\u00e4n nahan hoitoon.<\/span><\/p>\n<p><span style=\"font-weight: 400;\">Voide on pakattu mukavaan ja ymp\u00e4rist\u00f6yst\u00e4v\u00e4lliseen pahviputkiloon \u2013 sek\u00e4 k\u00e4det ett\u00e4 ymp\u00e4rist\u00f6 j\u00e4\u00e4v\u00e4t puhtaiksi!<\/span><\/p>\n","protected":false},"featured_media":8300,"comment_status":"open","ping_status":"closed","template":"","meta":[],"product_brand":[],"product_cat":[566,565,192],"product_tag":[],"class_list":{"0":"post-8387","1":"product","2":"type-product","3":"status-publish","4":"has-post-thumbnail","6":"product_cat-lemmikki","7":"product_cat-uudet-tuotteet","8":"product_cat-voiteet","10":"first","11":"instock","12":"taxable","13":"shipping-taxable","14":"purchasable","15":"product-type-simple"},"yoast_head":"<!-- This site is optimized with the Yoast SEO plugin v27.2 - https:\/\/yoast.com\/product\/yoast-seo-wordpress\/ -->\n<title>Lemmikin Kuonovoide - Tervix O\u00dc<\/title>\n<meta name=\"description\" content=\"100% luonnollinen Lemmikin Kuonovoide sopii sek\u00e4 koirien ett\u00e4 kissojen kuonon ja sit\u00e4 ymp\u00e4r\u00f6iv\u00e4n nahan hoitoon. Virolaista k\u00e4p\u00e4l\u00e4ty\u00f6t\u00e4!\" \/>\n<meta name=\"robots\" content=\"index, follow, max-snippet:-1, max-image-preview:large, max-video-preview:-1\" \/>\n<link rel=\"canonical\" href=\"https:\/\/tervix.ee\/fi\/tuote\/lemmikin-kuonovoide\/\" \/>\n<meta property=\"og:locale\" content=\"fi_FI\" \/>\n<meta property=\"og:type\" content=\"article\" \/>\n<meta property=\"og:title\" content=\"Lemmikin Kuonovoide - Tervix O\u00dc\" \/>\n<meta property=\"og:description\" content=\"100% luonnollinen Lemmikin Kuonovoide sopii sek\u00e4 koirien ett\u00e4 kissojen kuonon ja sit\u00e4 ymp\u00e4r\u00f6iv\u00e4n nahan hoitoon. Virolaista k\u00e4p\u00e4l\u00e4ty\u00f6t\u00e4!\" \/>\n<meta property=\"og:url\" content=\"https:\/\/tervix.ee\/fi\/tuote\/lemmikin-kuonovoide\/\" \/>\n<meta property=\"og:site_name\" content=\"Tervix O\u00dc\" \/>\n<meta property=\"article:publisher\" content=\"https:\/\/www.facebook.com\/Tervix\/\" \/>\n<meta property=\"article:modified_time\" content=\"2023-12-05T15:58:08+00:00\" \/>\n<meta property=\"og:image\" content=\"https:\/\/tervix.ee\/wp-content\/uploads\/2023\/11\/Lemmikunina-scaled.jpg\" \/>\n\t<meta property=\"og:image:width\" content=\"1903\" \/>\n\t<meta property=\"og:image:height\" content=\"2560\" \/>\n\t<meta property=\"og:image:type\" content=\"image\/jpeg\" \/>\n<meta name=\"twitter:card\" content=\"summary_large_image\" \/>\n<meta name=\"twitter:label1\" content=\"Arvioitu lukuaika\" \/>\n\t<meta name=\"twitter:data1\" content=\"1 minuutti\" \/>\n<script type=\"application\/ld+json\" class=\"yoast-schema-graph\">{\"@context\":\"https:\/\/schema.org\",\"@graph\":[{\"@type\":\"WebPage\",\"@id\":\"https:\/\/tervix.ee\/fi\/tuote\/lemmikin-kuonovoide\/\",\"url\":\"https:\/\/tervix.ee\/fi\/tuote\/lemmikin-kuonovoide\/\",\"name\":\"Lemmikin Kuonovoide - Tervix O\u00dc\",\"isPartOf\":{\"@id\":\"https:\/\/tervix.ee\/fi\/#website\"},\"primaryImageOfPage\":{\"@id\":\"https:\/\/tervix.ee\/fi\/tuote\/lemmikin-kuonovoide\/#primaryimage\"},\"image\":{\"@id\":\"https:\/\/tervix.ee\/fi\/tuote\/lemmikin-kuonovoide\/#primaryimage\"},\"thumbnailUrl\":\"https:\/\/tervix.ee\/wp-content\/uploads\/2023\/11\/Lemmikunina-scaled.jpg\",\"datePublished\":\"2023-11-29T13:49:02+00:00\",\"dateModified\":\"2023-12-05T15:58:08+00:00\",\"description\":\"100% luonnollinen Lemmikin Kuonovoide sopii sek\u00e4 koirien ett\u00e4 kissojen kuonon ja sit\u00e4 ymp\u00e4r\u00f6iv\u00e4n nahan hoitoon. Virolaista k\u00e4p\u00e4l\u00e4ty\u00f6t\u00e4!\",\"breadcrumb\":{\"@id\":\"https:\/\/tervix.ee\/fi\/tuote\/lemmikin-kuonovoide\/#breadcrumb\"},\"inLanguage\":\"fi\",\"potentialAction\":[{\"@type\":\"ReadAction\",\"target\":[\"https:\/\/tervix.ee\/fi\/tuote\/lemmikin-kuonovoide\/\"]}]},{\"@type\":\"ImageObject\",\"inLanguage\":\"fi\",\"@id\":\"https:\/\/tervix.ee\/fi\/tuote\/lemmikin-kuonovoide\/#primaryimage\",\"url\":\"https:\/\/tervix.ee\/wp-content\/uploads\/2023\/11\/Lemmikunina-scaled.jpg\",\"contentUrl\":\"https:\/\/tervix.ee\/wp-content\/uploads\/2023\/11\/Lemmikunina-scaled.jpg\",\"width\":1903,\"height\":2560},{\"@type\":\"BreadcrumbList\",\"@id\":\"https:\/\/tervix.ee\/fi\/tuote\/lemmikin-kuonovoide\/#breadcrumb\",\"itemListElement\":[{\"@type\":\"ListItem\",\"position\":1,\"name\":\"Esileht\",\"item\":\"https:\/\/tervix.ee\/fi\/\"},{\"@type\":\"ListItem\",\"position\":2,\"name\":\"Verkkokauppa\",\"item\":\"https:\/\/tervix.ee\/pood\/\"},{\"@type\":\"ListItem\",\"position\":3,\"name\":\"Lemmikin Kuonovoide\"}]},{\"@type\":\"WebSite\",\"@id\":\"https:\/\/tervix.ee\/fi\/#website\",\"url\":\"https:\/\/tervix.ee\/fi\/\",\"name\":\"Tervix O\u00dc\",\"description\":\"\",\"publisher\":{\"@id\":\"https:\/\/tervix.ee\/fi\/#organization\"},\"potentialAction\":[{\"@type\":\"SearchAction\",\"target\":{\"@type\":\"EntryPoint\",\"urlTemplate\":\"https:\/\/tervix.ee\/fi\/?s={search_term_string}\"},\"query-input\":{\"@type\":\"PropertyValueSpecification\",\"valueRequired\":true,\"valueName\":\"search_term_string\"}}],\"inLanguage\":\"fi\"},{\"@type\":\"Organization\",\"@id\":\"https:\/\/tervix.ee\/fi\/#organization\",\"name\":\"Tervix O\u00dc\",\"url\":\"https:\/\/tervix.ee\/fi\/\",\"logo\":{\"@type\":\"ImageObject\",\"inLanguage\":\"fi\",\"@id\":\"https:\/\/tervix.ee\/fi\/#\/schema\/logo\/image\/\",\"url\":\"https:\/\/tervix.ee\/wp-content\/uploads\/2021\/03\/header-logo.png\",\"contentUrl\":\"https:\/\/tervix.ee\/wp-content\/uploads\/2021\/03\/header-logo.png\",\"width\":300,\"height\":71,\"caption\":\"Tervix O\u00dc\"},\"image\":{\"@id\":\"https:\/\/tervix.ee\/fi\/#\/schema\/logo\/image\/\"},\"sameAs\":[\"https:\/\/www.facebook.com\/Tervix\/\",\"https:\/\/www.instagram.com\/tervix_natural\/\"]}]}<\/script>\n<!-- \/ Yoast SEO plugin. -->","yoast_head_json":{"title":"Lemmikin Kuonovoide - Tervix O\u00dc","description":"100% luonnollinen Lemmikin Kuonovoide sopii sek\u00e4 koirien ett\u00e4 kissojen kuonon ja sit\u00e4 ymp\u00e4r\u00f6iv\u00e4n nahan hoitoon. Virolaista k\u00e4p\u00e4l\u00e4ty\u00f6t\u00e4!","robots":{"index":"index","follow":"follow","max-snippet":"max-snippet:-1","max-image-preview":"max-image-preview:large","max-video-preview":"max-video-preview:-1"},"canonical":"https:\/\/tervix.ee\/fi\/tuote\/lemmikin-kuonovoide\/","og_locale":"fi_FI","og_type":"article","og_title":"Lemmikin Kuonovoide - Tervix O\u00dc","og_description":"100% luonnollinen Lemmikin Kuonovoide sopii sek\u00e4 koirien ett\u00e4 kissojen kuonon ja sit\u00e4 ymp\u00e4r\u00f6iv\u00e4n nahan hoitoon. Virolaista k\u00e4p\u00e4l\u00e4ty\u00f6t\u00e4!","og_url":"https:\/\/tervix.ee\/fi\/tuote\/lemmikin-kuonovoide\/","og_site_name":"Tervix O\u00dc","article_publisher":"https:\/\/www.facebook.com\/Tervix\/","article_modified_time":"2023-12-05T15:58:08+00:00","og_image":[{"width":1903,"height":2560,"url":"https:\/\/tervix.ee\/wp-content\/uploads\/2023\/11\/Lemmikunina-scaled.jpg","type":"image\/jpeg"}],"twitter_card":"summary_large_image","twitter_misc":{"Arvioitu lukuaika":"1 minuutti"},"schema":{"@context":"https:\/\/schema.org","@graph":[{"@type":"WebPage","@id":"https:\/\/tervix.ee\/fi\/tuote\/lemmikin-kuonovoide\/","url":"https:\/\/tervix.ee\/fi\/tuote\/lemmikin-kuonovoide\/","name":"Lemmikin Kuonovoide - Tervix O\u00dc","isPartOf":{"@id":"https:\/\/tervix.ee\/fi\/#website"},"primaryImageOfPage":{"@id":"https:\/\/tervix.ee\/fi\/tuote\/lemmikin-kuonovoide\/#primaryimage"},"image":{"@id":"https:\/\/tervix.ee\/fi\/tuote\/lemmikin-kuonovoide\/#primaryimage"},"thumbnailUrl":"https:\/\/tervix.ee\/wp-content\/uploads\/2023\/11\/Lemmikunina-scaled.jpg","datePublished":"2023-11-29T13:49:02+00:00","dateModified":"2023-12-05T15:58:08+00:00","description":"100% luonnollinen Lemmikin Kuonovoide sopii sek\u00e4 koirien ett\u00e4 kissojen kuonon ja sit\u00e4 ymp\u00e4r\u00f6iv\u00e4n nahan hoitoon. Virolaista k\u00e4p\u00e4l\u00e4ty\u00f6t\u00e4!","breadcrumb":{"@id":"https:\/\/tervix.ee\/fi\/tuote\/lemmikin-kuonovoide\/#breadcrumb"},"inLanguage":"fi","potentialAction":[{"@type":"ReadAction","target":["https:\/\/tervix.ee\/fi\/tuote\/lemmikin-kuonovoide\/"]}]},{"@type":"ImageObject","inLanguage":"fi","@id":"https:\/\/tervix.ee\/fi\/tuote\/lemmikin-kuonovoide\/#primaryimage","url":"https:\/\/tervix.ee\/wp-content\/uploads\/2023\/11\/Lemmikunina-scaled.jpg","contentUrl":"https:\/\/tervix.ee\/wp-content\/uploads\/2023\/11\/Lemmikunina-scaled.jpg","width":1903,"height":2560},{"@type":"BreadcrumbList","@id":"https:\/\/tervix.ee\/fi\/tuote\/lemmikin-kuonovoide\/#breadcrumb","itemListElement":[{"@type":"ListItem","position":1,"name":"Esileht","item":"https:\/\/tervix.ee\/fi\/"},{"@type":"ListItem","position":2,"name":"Verkkokauppa","item":"https:\/\/tervix.ee\/pood\/"},{"@type":"ListItem","position":3,"name":"Lemmikin Kuonovoide"}]},{"@type":"WebSite","@id":"https:\/\/tervix.ee\/fi\/#website","url":"https:\/\/tervix.ee\/fi\/","name":"Tervix O\u00dc","description":"","publisher":{"@id":"https:\/\/tervix.ee\/fi\/#organization"},"potentialAction":[{"@type":"SearchAction","target":{"@type":"EntryPoint","urlTemplate":"https:\/\/tervix.ee\/fi\/?s={search_term_string}"},"query-input":{"@type":"PropertyValueSpecification","valueRequired":true,"valueName":"search_term_string"}}],"inLanguage":"fi"},{"@type":"Organization","@id":"https:\/\/tervix.ee\/fi\/#organization","name":"Tervix O\u00dc","url":"https:\/\/tervix.ee\/fi\/","logo":{"@type":"ImageObject","inLanguage":"fi","@id":"https:\/\/tervix.ee\/fi\/#\/schema\/logo\/image\/","url":"https:\/\/tervix.ee\/wp-content\/uploads\/2021\/03\/header-logo.png","contentUrl":"https:\/\/tervix.ee\/wp-content\/uploads\/2021\/03\/header-logo.png","width":300,"height":71,"caption":"Tervix O\u00dc"},"image":{"@id":"https:\/\/tervix.ee\/fi\/#\/schema\/logo\/image\/"},"sameAs":["https:\/\/www.facebook.com\/Tervix\/","https:\/\/www.instagram.com\/tervix_natural\/"]}]}},"_links":{"self":[{"href":"https:\/\/tervix.ee\/fi\/wp-json\/wp\/v2\/product\/8387","targetHints":{"allow":["GET"]}}],"collection":[{"href":"https:\/\/tervix.ee\/fi\/wp-json\/wp\/v2\/product"}],"about":[{"href":"https:\/\/tervix.ee\/fi\/wp-json\/wp\/v2\/types\/product"}],"replies":[{"embeddable":true,"href":"https:\/\/tervix.ee\/fi\/wp-json\/wp\/v2\/comments?post=8387"}],"version-history":[{"count":0,"href":"https:\/\/tervix.ee\/fi\/wp-json\/wp\/v2\/product\/8387\/revisions"}],"wp:featuredmedia":[{"embeddable":true,"href":"https:\/\/tervix.ee\/fi\/wp-json\/wp\/v2\/media\/8300"}],"wp:attachment":[{"href":"https:\/\/tervix.ee\/fi\/wp-json\/wp\/v2\/media?parent=8387"}],"wp:term":[{"taxonomy":"product_brand","embeddable":true,"href":"https:\/\/tervix.ee\/fi\/wp-json\/wp\/v2\/product_brand?post=8387"},{"taxonomy":"product_cat","embeddable":true,"href":"https:\/\/tervix.ee\/fi\/wp-json\/wp\/v2\/product_cat?post=8387"},{"taxonomy":"product_tag","embeddable":true,"href":"https:\/\/tervix.ee\/fi\/wp-json\/wp\/v2\/product_tag?post=8387"}],"curies":[{"name":"wp","href":"https:\/\/api.w.org\/{rel}","templated":true}]}}