{"id":8379,"date":"2023-11-29T12:23:21","date_gmt":"2023-11-29T10:23:21","guid":{"rendered":"https:\/\/tervix.ee\/toode\/tuoksukynttila-puusydamella-sitrusheina-neilikka\/"},"modified":"2023-11-29T12:23:21","modified_gmt":"2023-11-29T10:23:21","slug":"tuoksukynttila-puusydamella-sitrusheina-neilikka","status":"publish","type":"product","link":"https:\/\/tervix.ee\/fi\/tuote\/tuoksukynttila-puusydamella-sitrusheina-neilikka\/","title":{"rendered":"Tuoksukynttil\u00e4 puusyd\u00e4mell\u00e4 Sitrushein\u00e4-neilikka"},"content":{"rendered":"<p><span style=\"font-weight: 400;\">Tervixin 100 % luonnollisessa k\u00e4sity\u00f6n\u00e4 tehdyss\u00e4 rapsivahatuoksukynttil\u00e4ss\u00e4 on hennosti ratiseva puinen syd\u00e4n, joka luo viihtyis\u00e4\u00e4 tunnelmaa jokaiseen kotiin!<\/span><\/p>\n<p><span style=\"font-weight: 400;\">Kynttil\u00e4 on hajustettu 100 % luonnollisilla eteerisill\u00e4 \u00f6ljyill\u00e4 \u2013 ei mit\u00e4\u00e4n synteettisi\u00e4 ainesosia!<\/span><\/p>\n<p><span style=\"font-weight: 400;\">Kaunis lahja ymp\u00e4rist\u00f6st\u00e4 huolehtivalle \u2013 rapsivaha on ymp\u00e4rist\u00f6yst\u00e4v\u00e4llisempi kuin muut yleiset kynttil\u00e4vahat. Tervixin k\u00e4ytt\u00e4m\u00e4 rapsivaha on 100 % luonnollinen ja se ei sis\u00e4ll\u00e4 lis\u00e4aineita.<\/span><\/p>\n<p><span style=\"font-weight: 400;\">Lasisessa kynttil\u00e4kupissa on puukansi ja kun kynttil\u00e4 loppuu, voi kupille antaa uuden el\u00e4m\u00e4n esimerkiksi pikkuesineiden s\u00e4ilytyksess\u00e4 \u2013 katso my\u00f6s tuotekuvia inspiraation saamiseksi! Kyltin voi poistaa helposti, kun sen alla olevaa lasia ensin l\u00e4mmitt\u00e4\u00e4 f\u00f6\u00f6nill\u00e4.<\/span><\/p>\n<p><span style=\"font-weight: 400;\">Tervixin kynttil\u00e4valikoimassa on my\u00f6s salvia-katajanmarja-, laventeli-piparminttu- ja hajustamaton kynttil\u00e4.<\/span><\/p>\n<h5><span style=\"font-weight: 400;\">K\u00e4ytt\u00f6ohje:<\/span><\/h5>\n<p><span style=\"font-weight: 400;\">Varmista ennen sytytt\u00e4mist\u00e4, ett\u00e4 syd\u00e4men pituus on v\u00e4lill\u00e4 0,5-1 cm.<\/span><\/p>\n<p><span style=\"font-weight: 400;\">Polta kynttil\u00e4\u00e4 kerralla niin paljon, ett\u00e4 koko tasapinta on sulanut. \u00c4l\u00e4 polta kynttil\u00e4\u00e4 yht\u00e4mittaisesti yli 2-3 tuntia. Ole varovainen palavaa kynttil\u00e4\u00e4 liikuttaessasi \u2013 lasi voi olla kuuma.<\/span><\/p>\n<p>&nbsp;<\/p>\n<h5><span style=\"font-weight: 400;\">Varoitus:<\/span><\/h5>\n<p><span style=\"font-weight: 400;\">\u00c4l\u00e4 j\u00e4t\u00e4 palavaa kynttil\u00e4\u00e4 ilman valvontaa! Pid\u00e4 kynttil\u00e4 lasten ja el\u00e4inten ulottumattomissa! Pid\u00e4 kynttil\u00e4 loitolla syttyvist\u00e4 esineist\u00e4! Jos poltat monta kynttil\u00e4\u00e4 samaan aikaan, pid\u00e4 niiden v\u00e4lill\u00e4 riitt\u00e4v\u00e4 et\u00e4isyys! \u00c4l\u00e4 k\u00e4yt\u00e4 kynttil\u00e4\u00e4 vetoisessa paikassa! Aseta kynttil\u00e4 kuumankest\u00e4v\u00e4lle alustalle. Kynttil\u00e4kupin kantta ei saa k\u00e4ytt\u00e4\u00e4 kynttil\u00e4n sammuttamiseen!<\/span><\/p>\n","protected":false},"excerpt":{"rendered":"<p><span style=\"font-weight: 400;\">100 % luonnollinen puusyd\u00e4minen tuoksukynttil\u00e4. Ymp\u00e4rist\u00f6yst\u00e4v\u00e4llinen rapsivaha ja 100 % eteeriset \u00f6ljyt, ei mit\u00e4\u00e4n synteettisi\u00e4 lis\u00e4aineita!<\/span><\/p>\n<p><span style=\"font-weight: 400;\">Kaunis ja huolehtiva lahja, joka ilahduttaa aina. Puinen syd\u00e4n lis\u00e4\u00e4 tunnelmaa hennolla takkatulta muistuttavalla ratinallaan.<\/span><\/p>\n<p><span style=\"font-weight: 400;\">Nettopaino: 110 g.<\/span><\/p>\n","protected":false},"featured_media":8215,"comment_status":"open","ping_status":"closed","template":"","meta":[],"product_brand":[],"product_cat":[564,448,565],"product_tag":[],"class_list":{"0":"post-8379","1":"product","2":"type-product","3":"status-publish","4":"has-post-thumbnail","6":"product_cat-kynttilat","7":"product_cat-lahjaideoita-fi","8":"product_cat-uudet-tuotteet","10":"first","11":"instock","12":"taxable","13":"shipping-taxable","14":"purchasable","15":"product-type-simple"},"yoast_head":"<!-- This site is optimized with the Yoast SEO plugin v27.2 - https:\/\/yoast.com\/product\/yoast-seo-wordpress\/ -->\n<title>Tuoksukynttil\u00e4 puusyd\u00e4mell\u00e4 Sitrushein\u00e4-neilikka - Tervix O\u00dc<\/title>\n<meta name=\"description\" content=\"Tervix asutati 2003. aastal Eesti astelpajukasvatajate poolt. Eesm\u00e4rk oli astelpajul olevad arvukad kasulikud omadused tuua tarbijateni ja pakkuda loodusteadlikule m\u00f5tlemisele p\u00f5hinevaid tooteid.\" \/>\n<meta name=\"robots\" content=\"index, follow, max-snippet:-1, max-image-preview:large, max-video-preview:-1\" \/>\n<link rel=\"canonical\" href=\"https:\/\/tervix.ee\/fi\/tuote\/tuoksukynttila-puusydamella-sitrusheina-neilikka\/\" \/>\n<meta property=\"og:locale\" content=\"fi_FI\" \/>\n<meta property=\"og:type\" content=\"article\" \/>\n<meta property=\"og:title\" content=\"Tuoksukynttil\u00e4 puusyd\u00e4mell\u00e4 Sitrushein\u00e4-neilikka - Tervix O\u00dc\" \/>\n<meta property=\"og:description\" content=\"Tervix asutati 2003. aastal Eesti astelpajukasvatajate poolt. Eesm\u00e4rk oli astelpajul olevad arvukad kasulikud omadused tuua tarbijateni ja pakkuda loodusteadlikule m\u00f5tlemisele p\u00f5hinevaid tooteid.\" \/>\n<meta property=\"og:url\" content=\"https:\/\/tervix.ee\/fi\/tuote\/tuoksukynttila-puusydamella-sitrusheina-neilikka\/\" \/>\n<meta property=\"og:site_name\" content=\"Tervix O\u00dc\" \/>\n<meta property=\"article:publisher\" content=\"https:\/\/www.facebook.com\/Tervix\/\" \/>\n<meta property=\"og:image\" content=\"https:\/\/tervix.ee\/wp-content\/uploads\/2023\/11\/Sidrunh1.jpg\" \/>\n\t<meta property=\"og:image:width\" content=\"2095\" \/>\n\t<meta property=\"og:image:height\" content=\"2275\" \/>\n\t<meta property=\"og:image:type\" content=\"image\/jpeg\" \/>\n<meta name=\"twitter:card\" content=\"summary_large_image\" \/>\n<meta name=\"twitter:label1\" content=\"Arvioitu lukuaika\" \/>\n\t<meta name=\"twitter:data1\" content=\"1 minuutti\" \/>\n<script type=\"application\/ld+json\" class=\"yoast-schema-graph\">{\"@context\":\"https:\/\/schema.org\",\"@graph\":[{\"@type\":\"WebPage\",\"@id\":\"https:\/\/tervix.ee\/fi\/tuote\/tuoksukynttila-puusydamella-sitrusheina-neilikka\/\",\"url\":\"https:\/\/tervix.ee\/fi\/tuote\/tuoksukynttila-puusydamella-sitrusheina-neilikka\/\",\"name\":\"Tuoksukynttil\u00e4 puusyd\u00e4mell\u00e4 Sitrushein\u00e4-neilikka - Tervix O\u00dc\",\"isPartOf\":{\"@id\":\"https:\/\/tervix.ee\/fi\/#website\"},\"primaryImageOfPage\":{\"@id\":\"https:\/\/tervix.ee\/fi\/tuote\/tuoksukynttila-puusydamella-sitrusheina-neilikka\/#primaryimage\"},\"image\":{\"@id\":\"https:\/\/tervix.ee\/fi\/tuote\/tuoksukynttila-puusydamella-sitrusheina-neilikka\/#primaryimage\"},\"thumbnailUrl\":\"https:\/\/tervix.ee\/wp-content\/uploads\/2023\/11\/Sidrunh1.jpg\",\"datePublished\":\"2023-11-29T10:23:21+00:00\",\"description\":\"Tervix asutati 2003. aastal Eesti astelpajukasvatajate poolt. Eesm\u00e4rk oli astelpajul olevad arvukad kasulikud omadused tuua tarbijateni ja pakkuda loodusteadlikule m\u00f5tlemisele p\u00f5hinevaid tooteid.\",\"breadcrumb\":{\"@id\":\"https:\/\/tervix.ee\/fi\/tuote\/tuoksukynttila-puusydamella-sitrusheina-neilikka\/#breadcrumb\"},\"inLanguage\":\"fi\",\"potentialAction\":[{\"@type\":\"ReadAction\",\"target\":[\"https:\/\/tervix.ee\/fi\/tuote\/tuoksukynttila-puusydamella-sitrusheina-neilikka\/\"]}]},{\"@type\":\"ImageObject\",\"inLanguage\":\"fi\",\"@id\":\"https:\/\/tervix.ee\/fi\/tuote\/tuoksukynttila-puusydamella-sitrusheina-neilikka\/#primaryimage\",\"url\":\"https:\/\/tervix.ee\/wp-content\/uploads\/2023\/11\/Sidrunh1.jpg\",\"contentUrl\":\"https:\/\/tervix.ee\/wp-content\/uploads\/2023\/11\/Sidrunh1.jpg\",\"width\":2095,\"height\":2275},{\"@type\":\"BreadcrumbList\",\"@id\":\"https:\/\/tervix.ee\/fi\/tuote\/tuoksukynttila-puusydamella-sitrusheina-neilikka\/#breadcrumb\",\"itemListElement\":[{\"@type\":\"ListItem\",\"position\":1,\"name\":\"Esileht\",\"item\":\"https:\/\/tervix.ee\/fi\/\"},{\"@type\":\"ListItem\",\"position\":2,\"name\":\"Verkkokauppa\",\"item\":\"https:\/\/tervix.ee\/pood\/\"},{\"@type\":\"ListItem\",\"position\":3,\"name\":\"Tuoksukynttil\u00e4 puusyd\u00e4mell\u00e4 Sitrushein\u00e4-neilikka\"}]},{\"@type\":\"WebSite\",\"@id\":\"https:\/\/tervix.ee\/fi\/#website\",\"url\":\"https:\/\/tervix.ee\/fi\/\",\"name\":\"Tervix O\u00dc\",\"description\":\"\",\"publisher\":{\"@id\":\"https:\/\/tervix.ee\/fi\/#organization\"},\"potentialAction\":[{\"@type\":\"SearchAction\",\"target\":{\"@type\":\"EntryPoint\",\"urlTemplate\":\"https:\/\/tervix.ee\/fi\/?s={search_term_string}\"},\"query-input\":{\"@type\":\"PropertyValueSpecification\",\"valueRequired\":true,\"valueName\":\"search_term_string\"}}],\"inLanguage\":\"fi\"},{\"@type\":\"Organization\",\"@id\":\"https:\/\/tervix.ee\/fi\/#organization\",\"name\":\"Tervix O\u00dc\",\"url\":\"https:\/\/tervix.ee\/fi\/\",\"logo\":{\"@type\":\"ImageObject\",\"inLanguage\":\"fi\",\"@id\":\"https:\/\/tervix.ee\/fi\/#\/schema\/logo\/image\/\",\"url\":\"https:\/\/tervix.ee\/wp-content\/uploads\/2021\/03\/header-logo.png\",\"contentUrl\":\"https:\/\/tervix.ee\/wp-content\/uploads\/2021\/03\/header-logo.png\",\"width\":300,\"height\":71,\"caption\":\"Tervix O\u00dc\"},\"image\":{\"@id\":\"https:\/\/tervix.ee\/fi\/#\/schema\/logo\/image\/\"},\"sameAs\":[\"https:\/\/www.facebook.com\/Tervix\/\",\"https:\/\/www.instagram.com\/tervix_natural\/\"]}]}<\/script>\n<!-- \/ Yoast SEO plugin. -->","yoast_head_json":{"title":"Tuoksukynttil\u00e4 puusyd\u00e4mell\u00e4 Sitrushein\u00e4-neilikka - Tervix O\u00dc","description":"Tervix asutati 2003. aastal Eesti astelpajukasvatajate poolt. Eesm\u00e4rk oli astelpajul olevad arvukad kasulikud omadused tuua tarbijateni ja pakkuda loodusteadlikule m\u00f5tlemisele p\u00f5hinevaid tooteid.","robots":{"index":"index","follow":"follow","max-snippet":"max-snippet:-1","max-image-preview":"max-image-preview:large","max-video-preview":"max-video-preview:-1"},"canonical":"https:\/\/tervix.ee\/fi\/tuote\/tuoksukynttila-puusydamella-sitrusheina-neilikka\/","og_locale":"fi_FI","og_type":"article","og_title":"Tuoksukynttil\u00e4 puusyd\u00e4mell\u00e4 Sitrushein\u00e4-neilikka - Tervix O\u00dc","og_description":"Tervix asutati 2003. aastal Eesti astelpajukasvatajate poolt. Eesm\u00e4rk oli astelpajul olevad arvukad kasulikud omadused tuua tarbijateni ja pakkuda loodusteadlikule m\u00f5tlemisele p\u00f5hinevaid tooteid.","og_url":"https:\/\/tervix.ee\/fi\/tuote\/tuoksukynttila-puusydamella-sitrusheina-neilikka\/","og_site_name":"Tervix O\u00dc","article_publisher":"https:\/\/www.facebook.com\/Tervix\/","og_image":[{"width":2095,"height":2275,"url":"https:\/\/tervix.ee\/wp-content\/uploads\/2023\/11\/Sidrunh1.jpg","type":"image\/jpeg"}],"twitter_card":"summary_large_image","twitter_misc":{"Arvioitu lukuaika":"1 minuutti"},"schema":{"@context":"https:\/\/schema.org","@graph":[{"@type":"WebPage","@id":"https:\/\/tervix.ee\/fi\/tuote\/tuoksukynttila-puusydamella-sitrusheina-neilikka\/","url":"https:\/\/tervix.ee\/fi\/tuote\/tuoksukynttila-puusydamella-sitrusheina-neilikka\/","name":"Tuoksukynttil\u00e4 puusyd\u00e4mell\u00e4 Sitrushein\u00e4-neilikka - Tervix O\u00dc","isPartOf":{"@id":"https:\/\/tervix.ee\/fi\/#website"},"primaryImageOfPage":{"@id":"https:\/\/tervix.ee\/fi\/tuote\/tuoksukynttila-puusydamella-sitrusheina-neilikka\/#primaryimage"},"image":{"@id":"https:\/\/tervix.ee\/fi\/tuote\/tuoksukynttila-puusydamella-sitrusheina-neilikka\/#primaryimage"},"thumbnailUrl":"https:\/\/tervix.ee\/wp-content\/uploads\/2023\/11\/Sidrunh1.jpg","datePublished":"2023-11-29T10:23:21+00:00","description":"Tervix asutati 2003. aastal Eesti astelpajukasvatajate poolt. Eesm\u00e4rk oli astelpajul olevad arvukad kasulikud omadused tuua tarbijateni ja pakkuda loodusteadlikule m\u00f5tlemisele p\u00f5hinevaid tooteid.","breadcrumb":{"@id":"https:\/\/tervix.ee\/fi\/tuote\/tuoksukynttila-puusydamella-sitrusheina-neilikka\/#breadcrumb"},"inLanguage":"fi","potentialAction":[{"@type":"ReadAction","target":["https:\/\/tervix.ee\/fi\/tuote\/tuoksukynttila-puusydamella-sitrusheina-neilikka\/"]}]},{"@type":"ImageObject","inLanguage":"fi","@id":"https:\/\/tervix.ee\/fi\/tuote\/tuoksukynttila-puusydamella-sitrusheina-neilikka\/#primaryimage","url":"https:\/\/tervix.ee\/wp-content\/uploads\/2023\/11\/Sidrunh1.jpg","contentUrl":"https:\/\/tervix.ee\/wp-content\/uploads\/2023\/11\/Sidrunh1.jpg","width":2095,"height":2275},{"@type":"BreadcrumbList","@id":"https:\/\/tervix.ee\/fi\/tuote\/tuoksukynttila-puusydamella-sitrusheina-neilikka\/#breadcrumb","itemListElement":[{"@type":"ListItem","position":1,"name":"Esileht","item":"https:\/\/tervix.ee\/fi\/"},{"@type":"ListItem","position":2,"name":"Verkkokauppa","item":"https:\/\/tervix.ee\/pood\/"},{"@type":"ListItem","position":3,"name":"Tuoksukynttil\u00e4 puusyd\u00e4mell\u00e4 Sitrushein\u00e4-neilikka"}]},{"@type":"WebSite","@id":"https:\/\/tervix.ee\/fi\/#website","url":"https:\/\/tervix.ee\/fi\/","name":"Tervix O\u00dc","description":"","publisher":{"@id":"https:\/\/tervix.ee\/fi\/#organization"},"potentialAction":[{"@type":"SearchAction","target":{"@type":"EntryPoint","urlTemplate":"https:\/\/tervix.ee\/fi\/?s={search_term_string}"},"query-input":{"@type":"PropertyValueSpecification","valueRequired":true,"valueName":"search_term_string"}}],"inLanguage":"fi"},{"@type":"Organization","@id":"https:\/\/tervix.ee\/fi\/#organization","name":"Tervix O\u00dc","url":"https:\/\/tervix.ee\/fi\/","logo":{"@type":"ImageObject","inLanguage":"fi","@id":"https:\/\/tervix.ee\/fi\/#\/schema\/logo\/image\/","url":"https:\/\/tervix.ee\/wp-content\/uploads\/2021\/03\/header-logo.png","contentUrl":"https:\/\/tervix.ee\/wp-content\/uploads\/2021\/03\/header-logo.png","width":300,"height":71,"caption":"Tervix O\u00dc"},"image":{"@id":"https:\/\/tervix.ee\/fi\/#\/schema\/logo\/image\/"},"sameAs":["https:\/\/www.facebook.com\/Tervix\/","https:\/\/www.instagram.com\/tervix_natural\/"]}]}},"_links":{"self":[{"href":"https:\/\/tervix.ee\/fi\/wp-json\/wp\/v2\/product\/8379","targetHints":{"allow":["GET"]}}],"collection":[{"href":"https:\/\/tervix.ee\/fi\/wp-json\/wp\/v2\/product"}],"about":[{"href":"https:\/\/tervix.ee\/fi\/wp-json\/wp\/v2\/types\/product"}],"replies":[{"embeddable":true,"href":"https:\/\/tervix.ee\/fi\/wp-json\/wp\/v2\/comments?post=8379"}],"version-history":[{"count":0,"href":"https:\/\/tervix.ee\/fi\/wp-json\/wp\/v2\/product\/8379\/revisions"}],"wp:featuredmedia":[{"embeddable":true,"href":"https:\/\/tervix.ee\/fi\/wp-json\/wp\/v2\/media\/8215"}],"wp:attachment":[{"href":"https:\/\/tervix.ee\/fi\/wp-json\/wp\/v2\/media?parent=8379"}],"wp:term":[{"taxonomy":"product_brand","embeddable":true,"href":"https:\/\/tervix.ee\/fi\/wp-json\/wp\/v2\/product_brand?post=8379"},{"taxonomy":"product_cat","embeddable":true,"href":"https:\/\/tervix.ee\/fi\/wp-json\/wp\/v2\/product_cat?post=8379"},{"taxonomy":"product_tag","embeddable":true,"href":"https:\/\/tervix.ee\/fi\/wp-json\/wp\/v2\/product_tag?post=8379"}],"curies":[{"name":"wp","href":"https:\/\/api.w.org\/{rel}","templated":true}]}}