{"id":4604,"date":"2021-03-26T15:33:46","date_gmt":"2021-03-26T13:33:46","guid":{"rendered":"https:\/\/tervix.ee\/toode\/tyrnioljy\/"},"modified":"2026-04-20T01:43:39","modified_gmt":"2026-04-19T22:43:39","slug":"tyrnioljy","status":"publish","type":"product","link":"https:\/\/tervix.ee\/fi\/tuote\/tyrnioljy\/","title":{"rendered":"Tyrni\u00f6ljy"},"content":{"rendered":"<h3>K\u00e4ytt\u00f6ohjeet<\/h3>\n<ul>\n<li>Sis\u00e4isesti 2\u20133 rkl kolme kertaa p\u00e4iv\u00e4ss\u00e4 ennen ateriaa.<\/li>\n<li>Ulkoisesti voitele vahingoittuneita kohtia tyrni\u00f6ljyll\u00e4, haavaumien hoidossa laita haavauman p\u00e4\u00e4lle \u00f6ljyll\u00e4 kyll\u00e4stettyj\u00e4 siteit\u00e4.<\/li>\n<\/ul>\n<h3>Ainesosat<\/h3>\n<ul>\n<li>Rapsi\u00f6ljy, tyrnimarjojen puristusj\u00e4te (5\u00a0%).<\/li>\n<\/ul>\n<h3>Nettom\u00e4\u00e4ra<\/h3>\n<ul>\n<li>50\u2013500 ml<\/li>\n<\/ul>\n<h3>S\u00e4ylytys<\/h3>\n<ul>\n<li>Huoneenl\u00e4mm\u00f6ss\u00e4. Avattuna viile\u00e4ss\u00e4.<\/li>\n<\/ul>\n<h3>Ravintosisalt\u00f6 \/ 100 ml:<\/h3>\n<div class=\"table-responsive\">\n<table class=\"smallTable\">\n<tbody>\n<tr class=\"tableHeading\">\n<th scope=\"col\"><\/th>\n<th scope=\"col\">Sisalt\u00f6<\/th>\n<\/tr>\n<tr>\n<td width=\"189\">Energiaa<\/td>\n<td>3221J\/783kcal<\/td>\n<\/tr>\n<tr>\n<td width=\"189\">Rasvaa, mm.:<\/td>\n<td>87,0g<\/td>\n<\/tr>\n<tr>\n<td width=\"189\">Tyydyttyneit\u00e4 rasvahappoja<\/td>\n<td>7g<\/td>\n<\/tr>\n<tr>\n<td width=\"189\">Monityydyttym\u00e4tt\u00f6mi\u00e4 rasvahappoja<\/td>\n<td>24g<\/td>\n<\/tr>\n<tr>\n<td width=\"189\">Hiilihydraatteja, mm.<\/td>\n<td>0g<\/td>\n<\/tr>\n<tr>\n<td width=\"189\">Sokereita<\/td>\n<td>0g<\/td>\n<\/tr>\n<tr>\n<td width=\"189\">Proteiinia<\/td>\n<td>0g<\/td>\n<\/tr>\n<tr>\n<td width=\"189\">Suolaa<\/td>\n<td>0g<\/td>\n<\/tr>\n<tr>\n<td width=\"189\">E-vitamiinia<\/td>\n<td>22mg<\/td>\n<\/tr>\n<tr>\n<td width=\"189\">\u2014\u2014\u2014\u2014\u2014\u2014\u2014<\/td>\n<td>\u2014\u2014\u2014\u2013<\/td>\n<\/tr>\n<tr>\n<td width=\"189\">Beetakaroteenia<\/td>\n<td>8mg<\/td>\n<\/tr>\n<tr>\n<td width=\"189\">Omega-3-rasvahappoja (ALA)<\/td>\n<td>7g<\/td>\n<\/tr>\n<\/tbody>\n<\/table>\n<\/div>\n","protected":false},"excerpt":{"rendered":"<p>Tyrni\u00f6ljy on runsaasti\u00a0<strong>E-vitamiinia<\/strong> ja <strong>omega-3-rasvahappoja<\/strong>\u00a0sis\u00e4lt\u00e4v\u00e4\u00e4 tyrnimarjakuorista rapsi\u00f6ljyll\u00e4 uutettua \u00f6ljy\u00e4. Sis\u00e4lt\u00e4\u00e4 <strong>beetakaroteenia<\/strong>. \u00d6ljyn oranssinruskea v\u00e4ri kertoo karotenoidipitoisuudesta.\u00a0<a href=\"https:\/\/tervix.ee\/fi\/tyrni\/\"><span style=\"text-decoration: underline;\"><strong>Tietoa tyrnist\u00e4<\/strong><\/span><\/a><\/p>\n","protected":false},"featured_media":9732,"comment_status":"open","ping_status":"closed","template":"","meta":[],"product_brand":[],"product_cat":[178,199],"product_tag":[276,279,282,285,289,293,295,305,311,297,273],"class_list":{"0":"post-4604","1":"product","2":"type-product","3":"status-publish","4":"has-post-thumbnail","6":"product_cat-ihollesi","7":"product_cat-oljyt","8":"product_tag-beetakaroteeni-a-vitamiini","9":"product_tag-c-vitamiini","10":"product_tag-e-vitamiini","11":"product_tag-ennen-ja-jalkeen-parkituksen","12":"product_tag-haavanhoito","13":"product_tag-hyva-sydamelle-ja-verisuonille","14":"product_tag-kitkat-hankaumat","15":"product_tag-kylma","16":"product_tag-omega-3-rasvahapot","17":"product_tag-paivittainen-ihonhoito-ja-kosteus","18":"product_tag-tyrni","20":"first","21":"instock","22":"taxable","23":"shipping-taxable","24":"purchasable","25":"product-type-variable"},"yoast_head":"<!-- This site is optimized with the Yoast SEO plugin v27.5 - https:\/\/yoast.com\/product\/yoast-seo-wordpress\/ -->\n<title>Tyrni\u00f6ljy - Tervix O\u00dc<\/title>\n<meta name=\"description\" content=\"Tyrni\u00f6ljy on runsaasti E-vitamiinia ja omega-3-rasvahappoja sis\u00e4lt\u00e4v\u00e4\u00e4 tyrnimarjakuorista rapsi\u00f6ljyll\u00e4 uutettua \u00f6ljy\u00e4. Sis\u00e4lt\u00e4\u00e4 beetakaroteenia. \u00d6ljyn oranssinruskea v\u00e4ri kertoo karotenoidipitoisuudesta.\" \/>\n<meta name=\"robots\" content=\"index, follow, max-snippet:-1, max-image-preview:large, max-video-preview:-1\" \/>\n<link rel=\"canonical\" href=\"https:\/\/tervix.ee\/fi\/tuote\/tyrnioljy\/\" \/>\n<meta property=\"og:locale\" content=\"fi_FI\" \/>\n<meta property=\"og:type\" content=\"article\" \/>\n<meta property=\"og:title\" content=\"Tyrni\u00f6ljy - Tervix O\u00dc\" \/>\n<meta property=\"og:description\" content=\"Tyrni\u00f6ljy on runsaasti E-vitamiinia ja omega-3-rasvahappoja sis\u00e4lt\u00e4v\u00e4\u00e4 tyrnimarjakuorista rapsi\u00f6ljyll\u00e4 uutettua \u00f6ljy\u00e4. Sis\u00e4lt\u00e4\u00e4 beetakaroteenia. \u00d6ljyn oranssinruskea v\u00e4ri kertoo karotenoidipitoisuudesta.\" \/>\n<meta property=\"og:url\" content=\"https:\/\/tervix.ee\/fi\/tuote\/tyrnioljy\/\" \/>\n<meta property=\"og:site_name\" content=\"Tervix O\u00dc\" \/>\n<meta property=\"article:publisher\" content=\"https:\/\/www.facebook.com\/Tervix\/\" \/>\n<meta property=\"article:modified_time\" content=\"2026-04-19T22:43:39+00:00\" \/>\n<meta property=\"og:image\" content=\"https:\/\/tervix.ee\/wp-content\/uploads\/2021\/03\/A.oli-150ml-221-scaled.jpg\" \/>\n\t<meta property=\"og:image:width\" content=\"2560\" \/>\n\t<meta property=\"og:image:height\" content=\"1811\" \/>\n\t<meta property=\"og:image:type\" content=\"image\/jpeg\" \/>\n<meta name=\"twitter:card\" content=\"summary_large_image\" \/>\n<script type=\"application\/ld+json\" class=\"yoast-schema-graph\">{\"@context\":\"https:\\\/\\\/schema.org\",\"@graph\":[{\"@type\":\"WebPage\",\"@id\":\"https:\\\/\\\/tervix.ee\\\/fi\\\/tuote\\\/tyrnioljy\\\/\",\"url\":\"https:\\\/\\\/tervix.ee\\\/fi\\\/tuote\\\/tyrnioljy\\\/\",\"name\":\"Tyrni\u00f6ljy - Tervix O\u00dc\",\"isPartOf\":{\"@id\":\"https:\\\/\\\/tervix.ee\\\/fi\\\/#website\"},\"primaryImageOfPage\":{\"@id\":\"https:\\\/\\\/tervix.ee\\\/fi\\\/tuote\\\/tyrnioljy\\\/#primaryimage\"},\"image\":{\"@id\":\"https:\\\/\\\/tervix.ee\\\/fi\\\/tuote\\\/tyrnioljy\\\/#primaryimage\"},\"thumbnailUrl\":\"https:\\\/\\\/tervix.ee\\\/wp-content\\\/uploads\\\/2021\\\/03\\\/Astelpajuoli_Tervix_150ml_tootefoto-kodukale_2025-scaled.jpg\",\"datePublished\":\"2021-03-26T13:33:46+00:00\",\"dateModified\":\"2026-04-19T22:43:39+00:00\",\"description\":\"Tyrni\u00f6ljy on runsaasti E-vitamiinia ja omega-3-rasvahappoja sis\u00e4lt\u00e4v\u00e4\u00e4 tyrnimarjakuorista rapsi\u00f6ljyll\u00e4 uutettua \u00f6ljy\u00e4. Sis\u00e4lt\u00e4\u00e4 beetakaroteenia. \u00d6ljyn oranssinruskea v\u00e4ri kertoo karotenoidipitoisuudesta.\",\"breadcrumb\":{\"@id\":\"https:\\\/\\\/tervix.ee\\\/fi\\\/tuote\\\/tyrnioljy\\\/#breadcrumb\"},\"inLanguage\":\"fi\",\"potentialAction\":[{\"@type\":\"ReadAction\",\"target\":[\"https:\\\/\\\/tervix.ee\\\/fi\\\/tuote\\\/tyrnioljy\\\/\"]}]},{\"@type\":\"ImageObject\",\"inLanguage\":\"fi\",\"@id\":\"https:\\\/\\\/tervix.ee\\\/fi\\\/tuote\\\/tyrnioljy\\\/#primaryimage\",\"url\":\"https:\\\/\\\/tervix.ee\\\/wp-content\\\/uploads\\\/2021\\\/03\\\/Astelpajuoli_Tervix_150ml_tootefoto-kodukale_2025-scaled.jpg\",\"contentUrl\":\"https:\\\/\\\/tervix.ee\\\/wp-content\\\/uploads\\\/2021\\\/03\\\/Astelpajuoli_Tervix_150ml_tootefoto-kodukale_2025-scaled.jpg\",\"width\":2065,\"height\":2560,\"caption\":\"Astelpaju\u00f5li Tervix (eesti)\"},{\"@type\":\"BreadcrumbList\",\"@id\":\"https:\\\/\\\/tervix.ee\\\/fi\\\/tuote\\\/tyrnioljy\\\/#breadcrumb\",\"itemListElement\":[{\"@type\":\"ListItem\",\"position\":1,\"name\":\"Esileht\",\"item\":\"https:\\\/\\\/tervix.ee\\\/fi\\\/\"},{\"@type\":\"ListItem\",\"position\":2,\"name\":\"Verkkokauppa\",\"item\":\"https:\\\/\\\/tervix.ee\\\/pood\\\/\"},{\"@type\":\"ListItem\",\"position\":3,\"name\":\"Tyrni\u00f6ljy\"}]},{\"@type\":\"WebSite\",\"@id\":\"https:\\\/\\\/tervix.ee\\\/fi\\\/#website\",\"url\":\"https:\\\/\\\/tervix.ee\\\/fi\\\/\",\"name\":\"Tervix O\u00dc\",\"description\":\"\",\"publisher\":{\"@id\":\"https:\\\/\\\/tervix.ee\\\/fi\\\/#organization\"},\"potentialAction\":[{\"@type\":\"SearchAction\",\"target\":{\"@type\":\"EntryPoint\",\"urlTemplate\":\"https:\\\/\\\/tervix.ee\\\/fi\\\/?s={search_term_string}\"},\"query-input\":{\"@type\":\"PropertyValueSpecification\",\"valueRequired\":true,\"valueName\":\"search_term_string\"}}],\"inLanguage\":\"fi\"},{\"@type\":\"Organization\",\"@id\":\"https:\\\/\\\/tervix.ee\\\/fi\\\/#organization\",\"name\":\"Tervix O\u00dc\",\"url\":\"https:\\\/\\\/tervix.ee\\\/fi\\\/\",\"logo\":{\"@type\":\"ImageObject\",\"inLanguage\":\"fi\",\"@id\":\"https:\\\/\\\/tervix.ee\\\/fi\\\/#\\\/schema\\\/logo\\\/image\\\/\",\"url\":\"https:\\\/\\\/tervix.ee\\\/wp-content\\\/uploads\\\/2021\\\/03\\\/header-logo.png\",\"contentUrl\":\"https:\\\/\\\/tervix.ee\\\/wp-content\\\/uploads\\\/2021\\\/03\\\/header-logo.png\",\"width\":300,\"height\":71,\"caption\":\"Tervix O\u00dc\"},\"image\":{\"@id\":\"https:\\\/\\\/tervix.ee\\\/fi\\\/#\\\/schema\\\/logo\\\/image\\\/\"},\"sameAs\":[\"https:\\\/\\\/www.facebook.com\\\/Tervix\\\/\",\"https:\\\/\\\/www.instagram.com\\\/tervix_natural\\\/\"]}]}<\/script>\n<!-- \/ Yoast SEO plugin. -->","yoast_head_json":{"title":"Tyrni\u00f6ljy - Tervix O\u00dc","description":"Tyrni\u00f6ljy on runsaasti E-vitamiinia ja omega-3-rasvahappoja sis\u00e4lt\u00e4v\u00e4\u00e4 tyrnimarjakuorista rapsi\u00f6ljyll\u00e4 uutettua \u00f6ljy\u00e4. Sis\u00e4lt\u00e4\u00e4 beetakaroteenia. \u00d6ljyn oranssinruskea v\u00e4ri kertoo karotenoidipitoisuudesta.","robots":{"index":"index","follow":"follow","max-snippet":"max-snippet:-1","max-image-preview":"max-image-preview:large","max-video-preview":"max-video-preview:-1"},"canonical":"https:\/\/tervix.ee\/fi\/tuote\/tyrnioljy\/","og_locale":"fi_FI","og_type":"article","og_title":"Tyrni\u00f6ljy - Tervix O\u00dc","og_description":"Tyrni\u00f6ljy on runsaasti E-vitamiinia ja omega-3-rasvahappoja sis\u00e4lt\u00e4v\u00e4\u00e4 tyrnimarjakuorista rapsi\u00f6ljyll\u00e4 uutettua \u00f6ljy\u00e4. Sis\u00e4lt\u00e4\u00e4 beetakaroteenia. \u00d6ljyn oranssinruskea v\u00e4ri kertoo karotenoidipitoisuudesta.","og_url":"https:\/\/tervix.ee\/fi\/tuote\/tyrnioljy\/","og_site_name":"Tervix O\u00dc","article_publisher":"https:\/\/www.facebook.com\/Tervix\/","article_modified_time":"2026-04-19T22:43:39+00:00","og_image":[{"width":2560,"height":1811,"url":"https:\/\/tervix.ee\/wp-content\/uploads\/2021\/03\/A.oli-150ml-221-scaled.jpg","type":"image\/jpeg"}],"twitter_card":"summary_large_image","schema":{"@context":"https:\/\/schema.org","@graph":[{"@type":"WebPage","@id":"https:\/\/tervix.ee\/fi\/tuote\/tyrnioljy\/","url":"https:\/\/tervix.ee\/fi\/tuote\/tyrnioljy\/","name":"Tyrni\u00f6ljy - Tervix O\u00dc","isPartOf":{"@id":"https:\/\/tervix.ee\/fi\/#website"},"primaryImageOfPage":{"@id":"https:\/\/tervix.ee\/fi\/tuote\/tyrnioljy\/#primaryimage"},"image":{"@id":"https:\/\/tervix.ee\/fi\/tuote\/tyrnioljy\/#primaryimage"},"thumbnailUrl":"https:\/\/tervix.ee\/wp-content\/uploads\/2021\/03\/Astelpajuoli_Tervix_150ml_tootefoto-kodukale_2025-scaled.jpg","datePublished":"2021-03-26T13:33:46+00:00","dateModified":"2026-04-19T22:43:39+00:00","description":"Tyrni\u00f6ljy on runsaasti E-vitamiinia ja omega-3-rasvahappoja sis\u00e4lt\u00e4v\u00e4\u00e4 tyrnimarjakuorista rapsi\u00f6ljyll\u00e4 uutettua \u00f6ljy\u00e4. Sis\u00e4lt\u00e4\u00e4 beetakaroteenia. \u00d6ljyn oranssinruskea v\u00e4ri kertoo karotenoidipitoisuudesta.","breadcrumb":{"@id":"https:\/\/tervix.ee\/fi\/tuote\/tyrnioljy\/#breadcrumb"},"inLanguage":"fi","potentialAction":[{"@type":"ReadAction","target":["https:\/\/tervix.ee\/fi\/tuote\/tyrnioljy\/"]}]},{"@type":"ImageObject","inLanguage":"fi","@id":"https:\/\/tervix.ee\/fi\/tuote\/tyrnioljy\/#primaryimage","url":"https:\/\/tervix.ee\/wp-content\/uploads\/2021\/03\/Astelpajuoli_Tervix_150ml_tootefoto-kodukale_2025-scaled.jpg","contentUrl":"https:\/\/tervix.ee\/wp-content\/uploads\/2021\/03\/Astelpajuoli_Tervix_150ml_tootefoto-kodukale_2025-scaled.jpg","width":2065,"height":2560,"caption":"Astelpaju\u00f5li Tervix (eesti)"},{"@type":"BreadcrumbList","@id":"https:\/\/tervix.ee\/fi\/tuote\/tyrnioljy\/#breadcrumb","itemListElement":[{"@type":"ListItem","position":1,"name":"Esileht","item":"https:\/\/tervix.ee\/fi\/"},{"@type":"ListItem","position":2,"name":"Verkkokauppa","item":"https:\/\/tervix.ee\/pood\/"},{"@type":"ListItem","position":3,"name":"Tyrni\u00f6ljy"}]},{"@type":"WebSite","@id":"https:\/\/tervix.ee\/fi\/#website","url":"https:\/\/tervix.ee\/fi\/","name":"Tervix O\u00dc","description":"","publisher":{"@id":"https:\/\/tervix.ee\/fi\/#organization"},"potentialAction":[{"@type":"SearchAction","target":{"@type":"EntryPoint","urlTemplate":"https:\/\/tervix.ee\/fi\/?s={search_term_string}"},"query-input":{"@type":"PropertyValueSpecification","valueRequired":true,"valueName":"search_term_string"}}],"inLanguage":"fi"},{"@type":"Organization","@id":"https:\/\/tervix.ee\/fi\/#organization","name":"Tervix O\u00dc","url":"https:\/\/tervix.ee\/fi\/","logo":{"@type":"ImageObject","inLanguage":"fi","@id":"https:\/\/tervix.ee\/fi\/#\/schema\/logo\/image\/","url":"https:\/\/tervix.ee\/wp-content\/uploads\/2021\/03\/header-logo.png","contentUrl":"https:\/\/tervix.ee\/wp-content\/uploads\/2021\/03\/header-logo.png","width":300,"height":71,"caption":"Tervix O\u00dc"},"image":{"@id":"https:\/\/tervix.ee\/fi\/#\/schema\/logo\/image\/"},"sameAs":["https:\/\/www.facebook.com\/Tervix\/","https:\/\/www.instagram.com\/tervix_natural\/"]}]}},"_links":{"self":[{"href":"https:\/\/tervix.ee\/fi\/wp-json\/wp\/v2\/product\/4604","targetHints":{"allow":["GET"]}}],"collection":[{"href":"https:\/\/tervix.ee\/fi\/wp-json\/wp\/v2\/product"}],"about":[{"href":"https:\/\/tervix.ee\/fi\/wp-json\/wp\/v2\/types\/product"}],"replies":[{"embeddable":true,"href":"https:\/\/tervix.ee\/fi\/wp-json\/wp\/v2\/comments?post=4604"}],"version-history":[{"count":0,"href":"https:\/\/tervix.ee\/fi\/wp-json\/wp\/v2\/product\/4604\/revisions"}],"wp:featuredmedia":[{"embeddable":true,"href":"https:\/\/tervix.ee\/fi\/wp-json\/wp\/v2\/media\/9732"}],"wp:attachment":[{"href":"https:\/\/tervix.ee\/fi\/wp-json\/wp\/v2\/media?parent=4604"}],"wp:term":[{"taxonomy":"product_brand","embeddable":true,"href":"https:\/\/tervix.ee\/fi\/wp-json\/wp\/v2\/product_brand?post=4604"},{"taxonomy":"product_cat","embeddable":true,"href":"https:\/\/tervix.ee\/fi\/wp-json\/wp\/v2\/product_cat?post=4604"},{"taxonomy":"product_tag","embeddable":true,"href":"https:\/\/tervix.ee\/fi\/wp-json\/wp\/v2\/product_tag?post=4604"}],"curies":[{"name":"wp","href":"https:\/\/api.w.org\/{rel}","templated":true}]}}