{"id":4602,"date":"2021-03-26T15:34:13","date_gmt":"2021-03-26T13:34:13","guid":{"rendered":"https:\/\/tervix.ee\/toode\/tyrninsiemenoljy\/"},"modified":"2025-11-05T11:03:32","modified_gmt":"2025-11-05T09:03:32","slug":"tyrninsiemenoljy","status":"publish","type":"product","link":"https:\/\/tervix.ee\/fi\/tuote\/tyrninsiemenoljy\/","title":{"rendered":"Tyrninsiemen\u00f6ljy"},"content":{"rendered":"<h3>K\u00e4ytt\u00f6ohjeet<\/h3>\n<ul>\n<li>Ota \u00bd teelusikallista p\u00e4iv\u00e4ss\u00e4 ennen ateriaa.<\/li>\n<\/ul>\n<h3>Ainesosat<\/h3>\n<ul>\n<li>Tyrninsiemen\u00f6ljy (100\u00a0%).<\/li>\n<\/ul>\n<p>Tuotteen valmistukseen on k\u00e4ytetty 900 g tyrnimarjoja.<\/p>\n<h3>Nettom\u00e4\u00e4ra<\/h3>\n<ul>\n<li>10 ml<\/li>\n<\/ul>\n<h3>S\u00e4ylytys<\/h3>\n<ul>\n<li>Huoneenl\u00e4mm\u00f6ss\u00e4. Avattuna viile\u00e4ss\u00e4.<\/li>\n<\/ul>\n<h3>RAavintosis\u00e4lt\u00f6 \/ 100 ml:<\/h3>\n<div class=\"table-responsive\">\n<table>\n<tbody>\n<tr>\n<th><\/th>\n<th><strong>Sis\u00e4lt\u00f6<\/strong><\/th>\n<\/tr>\n<tr>\n<td width=\"189\">Energiaa<\/td>\n<td>3317kJ\/806kcal<\/td>\n<\/tr>\n<tr>\n<td width=\"189\">Rasvaa, mm.:<\/td>\n<td>89,6g<\/td>\n<\/tr>\n<tr>\n<td width=\"189\">Tyydyttyneit\u00e4 rasvahappoja<\/td>\n<td>12,6g<\/td>\n<\/tr>\n<tr>\n<td width=\"189\">Monityydyttym\u00e4tt\u00f6mi\u00e4 rasvahappoja<\/td>\n<td>49,5g<\/td>\n<\/tr>\n<tr>\n<td width=\"189\">Hiilihydraatteja, mm.<\/td>\n<td>0g<\/td>\n<\/tr>\n<tr>\n<td width=\"189\">Sokereita<\/td>\n<td>0g<\/td>\n<\/tr>\n<tr>\n<td width=\"189\">Proteiinia<\/td>\n<td>0g<\/td>\n<\/tr>\n<tr>\n<td width=\"189\">Suolaa<\/td>\n<td>0g<\/td>\n<\/tr>\n<tr>\n<td width=\"189\">E-vitamiinia<\/td>\n<td>55,8mg<\/td>\n<\/tr>\n<tr>\n<td>\u2014\u2014\u2014\u2014\u2014\u2014\u2014\u2014\u2013<\/td>\n<td>\u2014\u2014\u2014\u2014<\/td>\n<\/tr>\n<tr>\n<td>Beetakaroteenia<\/td>\n<td>48mg<\/td>\n<\/tr>\n<tr>\n<td width=\"189\">Omega-3-rasvahappoja (ALA)<\/td>\n<td>22g<\/td>\n<\/tr>\n<\/tbody>\n<\/table>\n<\/div>\n","protected":false},"excerpt":{"rendered":"<p>Tyrninsiemen\u00f6ljy on runsaasti<strong> E-vitamiinia<\/strong>, <strong>karotenoideja<\/strong> sek\u00e4 <strong>omega-3-rasvahappoja<\/strong> sis\u00e4lt\u00e4v\u00e4\u00e4 tyrnin siemenist\u00e4 puristettua \u00f6ljy\u00e4. Tutkimukset v\u00e4itt\u00e4v\u00e4t, ett\u00e4 tyrninsiemen\u00f6ljyn terveellisyys johtuu korvaamattomien rasvahappojen (omega-3 ja omega-6) suuresta pitoisuudesta ja keskin\u00e4isest\u00e4 tasapainosta. L\u00e4hes jokainen elimist\u00f6n toiminto liittyy jollakin tavalla n\u00e4iden kahden rasvahapon olemassaoloon ja tasapainoon. Siemen\u00f6ljylle v\u00e4rins\u00e4 antavat karotenoidit tukevat immuunij\u00e4rjestelm\u00e4n toimintaa, E-vitamiini tukee syd\u00e4men toimintaa ja v\u00e4hent\u00e4\u00e4 veren kolesterolipitoisuutta. <a href=\"https:\/\/tervix.ee\/fi\/tyrni\/\"><span style=\"text-decoration: underline;\"><strong>Tietoa tyrnist\u00e4<\/strong><\/span><\/a><\/p>\n","protected":false},"featured_media":6182,"comment_status":"open","ping_status":"closed","template":"","meta":[],"product_brand":[],"product_cat":[178,199],"product_tag":[279,282,285,289,293,295,305,311,297,273],"class_list":{"0":"post-4602","1":"product","2":"type-product","3":"status-publish","4":"has-post-thumbnail","6":"product_cat-ihollesi","7":"product_cat-oljyt","8":"product_tag-c-vitamiini","9":"product_tag-e-vitamiini","10":"product_tag-ennen-ja-jalkeen-parkituksen","11":"product_tag-haavanhoito","12":"product_tag-hyva-sydamelle-ja-verisuonille","13":"product_tag-kitkat-hankaumat","14":"product_tag-kylma","15":"product_tag-omega-3-rasvahapot","16":"product_tag-paivittainen-ihonhoito-ja-kosteus","17":"product_tag-tyrni","19":"first","20":"outofstock","21":"taxable","22":"shipping-taxable","23":"purchasable","24":"product-type-simple"},"yoast_head":"<!-- This site is optimized with the Yoast SEO plugin v27.5 - https:\/\/yoast.com\/product\/yoast-seo-wordpress\/ -->\n<title>Tyrninsiemen\u00f6ljy - Tervix O\u00dc<\/title>\n<meta name=\"description\" content=\"Tyrninsiemen\u00f6ljy on runsaasti E-vitamiinia, karotenoideja sek\u00e4 omega-3-rasvahappoja sis\u00e4lt\u00e4v\u00e4\u00e4 tyrnin siemenist\u00e4 puristettua \u00f6ljy\u00e4. Tutkimukset v\u00e4itt\u00e4v\u00e4t, ett\u00e4 tyrninsiemen\u00f6ljyn terveellisyys johtuu korvaamattomien rasvahappojen (omega-3 ja omega-6) suuresta pitoisuudesta ja keskin\u00e4isest\u00e4 tasapainosta\" \/>\n<meta name=\"robots\" content=\"index, follow, max-snippet:-1, max-image-preview:large, max-video-preview:-1\" \/>\n<link rel=\"canonical\" href=\"https:\/\/tervix.ee\/fi\/tuote\/tyrninsiemenoljy\/\" \/>\n<meta property=\"og:locale\" content=\"fi_FI\" \/>\n<meta property=\"og:type\" content=\"article\" \/>\n<meta property=\"og:title\" content=\"Tyrninsiemen\u00f6ljy - Tervix O\u00dc\" \/>\n<meta property=\"og:description\" content=\"Tyrninsiemen\u00f6ljy on runsaasti E-vitamiinia, karotenoideja sek\u00e4 omega-3-rasvahappoja sis\u00e4lt\u00e4v\u00e4\u00e4 tyrnin siemenist\u00e4 puristettua \u00f6ljy\u00e4. Tutkimukset v\u00e4itt\u00e4v\u00e4t, ett\u00e4 tyrninsiemen\u00f6ljyn terveellisyys johtuu korvaamattomien rasvahappojen (omega-3 ja omega-6) suuresta pitoisuudesta ja keskin\u00e4isest\u00e4 tasapainosta\" \/>\n<meta property=\"og:url\" content=\"https:\/\/tervix.ee\/fi\/tuote\/tyrninsiemenoljy\/\" \/>\n<meta property=\"og:site_name\" content=\"Tervix O\u00dc\" \/>\n<meta property=\"article:publisher\" content=\"https:\/\/www.facebook.com\/Tervix\/\" \/>\n<meta property=\"article:modified_time\" content=\"2025-11-05T09:03:32+00:00\" \/>\n<meta property=\"og:image\" content=\"https:\/\/tervix.ee\/wp-content\/uploads\/2021\/03\/PXL_20220912_122036128.MP_-scaled.jpg\" \/>\n\t<meta property=\"og:image:width\" content=\"2560\" \/>\n\t<meta property=\"og:image:height\" content=\"2458\" \/>\n\t<meta property=\"og:image:type\" content=\"image\/jpeg\" \/>\n<meta name=\"twitter:card\" content=\"summary_large_image\" \/>\n<script type=\"application\/ld+json\" class=\"yoast-schema-graph\">{\"@context\":\"https:\\\/\\\/schema.org\",\"@graph\":[{\"@type\":\"WebPage\",\"@id\":\"https:\\\/\\\/tervix.ee\\\/fi\\\/tuote\\\/tyrninsiemenoljy\\\/\",\"url\":\"https:\\\/\\\/tervix.ee\\\/fi\\\/tuote\\\/tyrninsiemenoljy\\\/\",\"name\":\"Tyrninsiemen\u00f6ljy - Tervix O\u00dc\",\"isPartOf\":{\"@id\":\"https:\\\/\\\/tervix.ee\\\/fi\\\/#website\"},\"primaryImageOfPage\":{\"@id\":\"https:\\\/\\\/tervix.ee\\\/fi\\\/tuote\\\/tyrninsiemenoljy\\\/#primaryimage\"},\"image\":{\"@id\":\"https:\\\/\\\/tervix.ee\\\/fi\\\/tuote\\\/tyrninsiemenoljy\\\/#primaryimage\"},\"thumbnailUrl\":\"https:\\\/\\\/tervix.ee\\\/wp-content\\\/uploads\\\/2021\\\/03\\\/PXL_20220912_122036128.MP_-scaled.jpg\",\"datePublished\":\"2021-03-26T13:34:13+00:00\",\"dateModified\":\"2025-11-05T09:03:32+00:00\",\"description\":\"Tyrninsiemen\u00f6ljy on runsaasti E-vitamiinia, karotenoideja sek\u00e4 omega-3-rasvahappoja sis\u00e4lt\u00e4v\u00e4\u00e4 tyrnin siemenist\u00e4 puristettua \u00f6ljy\u00e4. Tutkimukset v\u00e4itt\u00e4v\u00e4t, ett\u00e4 tyrninsiemen\u00f6ljyn terveellisyys johtuu korvaamattomien rasvahappojen (omega-3 ja omega-6) suuresta pitoisuudesta ja keskin\u00e4isest\u00e4 tasapainosta\",\"breadcrumb\":{\"@id\":\"https:\\\/\\\/tervix.ee\\\/fi\\\/tuote\\\/tyrninsiemenoljy\\\/#breadcrumb\"},\"inLanguage\":\"fi\",\"potentialAction\":[{\"@type\":\"ReadAction\",\"target\":[\"https:\\\/\\\/tervix.ee\\\/fi\\\/tuote\\\/tyrninsiemenoljy\\\/\"]}]},{\"@type\":\"ImageObject\",\"inLanguage\":\"fi\",\"@id\":\"https:\\\/\\\/tervix.ee\\\/fi\\\/tuote\\\/tyrninsiemenoljy\\\/#primaryimage\",\"url\":\"https:\\\/\\\/tervix.ee\\\/wp-content\\\/uploads\\\/2021\\\/03\\\/PXL_20220912_122036128.MP_-scaled.jpg\",\"contentUrl\":\"https:\\\/\\\/tervix.ee\\\/wp-content\\\/uploads\\\/2021\\\/03\\\/PXL_20220912_122036128.MP_-scaled.jpg\",\"width\":2560,\"height\":2458},{\"@type\":\"BreadcrumbList\",\"@id\":\"https:\\\/\\\/tervix.ee\\\/fi\\\/tuote\\\/tyrninsiemenoljy\\\/#breadcrumb\",\"itemListElement\":[{\"@type\":\"ListItem\",\"position\":1,\"name\":\"Esileht\",\"item\":\"https:\\\/\\\/tervix.ee\\\/fi\\\/\"},{\"@type\":\"ListItem\",\"position\":2,\"name\":\"Verkkokauppa\",\"item\":\"https:\\\/\\\/tervix.ee\\\/pood\\\/\"},{\"@type\":\"ListItem\",\"position\":3,\"name\":\"Tyrninsiemen\u00f6ljy\"}]},{\"@type\":\"WebSite\",\"@id\":\"https:\\\/\\\/tervix.ee\\\/fi\\\/#website\",\"url\":\"https:\\\/\\\/tervix.ee\\\/fi\\\/\",\"name\":\"Tervix O\u00dc\",\"description\":\"\",\"publisher\":{\"@id\":\"https:\\\/\\\/tervix.ee\\\/fi\\\/#organization\"},\"potentialAction\":[{\"@type\":\"SearchAction\",\"target\":{\"@type\":\"EntryPoint\",\"urlTemplate\":\"https:\\\/\\\/tervix.ee\\\/fi\\\/?s={search_term_string}\"},\"query-input\":{\"@type\":\"PropertyValueSpecification\",\"valueRequired\":true,\"valueName\":\"search_term_string\"}}],\"inLanguage\":\"fi\"},{\"@type\":\"Organization\",\"@id\":\"https:\\\/\\\/tervix.ee\\\/fi\\\/#organization\",\"name\":\"Tervix O\u00dc\",\"url\":\"https:\\\/\\\/tervix.ee\\\/fi\\\/\",\"logo\":{\"@type\":\"ImageObject\",\"inLanguage\":\"fi\",\"@id\":\"https:\\\/\\\/tervix.ee\\\/fi\\\/#\\\/schema\\\/logo\\\/image\\\/\",\"url\":\"https:\\\/\\\/tervix.ee\\\/wp-content\\\/uploads\\\/2021\\\/03\\\/header-logo.png\",\"contentUrl\":\"https:\\\/\\\/tervix.ee\\\/wp-content\\\/uploads\\\/2021\\\/03\\\/header-logo.png\",\"width\":300,\"height\":71,\"caption\":\"Tervix O\u00dc\"},\"image\":{\"@id\":\"https:\\\/\\\/tervix.ee\\\/fi\\\/#\\\/schema\\\/logo\\\/image\\\/\"},\"sameAs\":[\"https:\\\/\\\/www.facebook.com\\\/Tervix\\\/\",\"https:\\\/\\\/www.instagram.com\\\/tervix_natural\\\/\"]}]}<\/script>\n<!-- \/ Yoast SEO plugin. -->","yoast_head_json":{"title":"Tyrninsiemen\u00f6ljy - Tervix O\u00dc","description":"Tyrninsiemen\u00f6ljy on runsaasti E-vitamiinia, karotenoideja sek\u00e4 omega-3-rasvahappoja sis\u00e4lt\u00e4v\u00e4\u00e4 tyrnin siemenist\u00e4 puristettua \u00f6ljy\u00e4. Tutkimukset v\u00e4itt\u00e4v\u00e4t, ett\u00e4 tyrninsiemen\u00f6ljyn terveellisyys johtuu korvaamattomien rasvahappojen (omega-3 ja omega-6) suuresta pitoisuudesta ja keskin\u00e4isest\u00e4 tasapainosta","robots":{"index":"index","follow":"follow","max-snippet":"max-snippet:-1","max-image-preview":"max-image-preview:large","max-video-preview":"max-video-preview:-1"},"canonical":"https:\/\/tervix.ee\/fi\/tuote\/tyrninsiemenoljy\/","og_locale":"fi_FI","og_type":"article","og_title":"Tyrninsiemen\u00f6ljy - Tervix O\u00dc","og_description":"Tyrninsiemen\u00f6ljy on runsaasti E-vitamiinia, karotenoideja sek\u00e4 omega-3-rasvahappoja sis\u00e4lt\u00e4v\u00e4\u00e4 tyrnin siemenist\u00e4 puristettua \u00f6ljy\u00e4. Tutkimukset v\u00e4itt\u00e4v\u00e4t, ett\u00e4 tyrninsiemen\u00f6ljyn terveellisyys johtuu korvaamattomien rasvahappojen (omega-3 ja omega-6) suuresta pitoisuudesta ja keskin\u00e4isest\u00e4 tasapainosta","og_url":"https:\/\/tervix.ee\/fi\/tuote\/tyrninsiemenoljy\/","og_site_name":"Tervix O\u00dc","article_publisher":"https:\/\/www.facebook.com\/Tervix\/","article_modified_time":"2025-11-05T09:03:32+00:00","og_image":[{"width":2560,"height":2458,"url":"https:\/\/tervix.ee\/wp-content\/uploads\/2021\/03\/PXL_20220912_122036128.MP_-scaled.jpg","type":"image\/jpeg"}],"twitter_card":"summary_large_image","schema":{"@context":"https:\/\/schema.org","@graph":[{"@type":"WebPage","@id":"https:\/\/tervix.ee\/fi\/tuote\/tyrninsiemenoljy\/","url":"https:\/\/tervix.ee\/fi\/tuote\/tyrninsiemenoljy\/","name":"Tyrninsiemen\u00f6ljy - Tervix O\u00dc","isPartOf":{"@id":"https:\/\/tervix.ee\/fi\/#website"},"primaryImageOfPage":{"@id":"https:\/\/tervix.ee\/fi\/tuote\/tyrninsiemenoljy\/#primaryimage"},"image":{"@id":"https:\/\/tervix.ee\/fi\/tuote\/tyrninsiemenoljy\/#primaryimage"},"thumbnailUrl":"https:\/\/tervix.ee\/wp-content\/uploads\/2021\/03\/PXL_20220912_122036128.MP_-scaled.jpg","datePublished":"2021-03-26T13:34:13+00:00","dateModified":"2025-11-05T09:03:32+00:00","description":"Tyrninsiemen\u00f6ljy on runsaasti E-vitamiinia, karotenoideja sek\u00e4 omega-3-rasvahappoja sis\u00e4lt\u00e4v\u00e4\u00e4 tyrnin siemenist\u00e4 puristettua \u00f6ljy\u00e4. Tutkimukset v\u00e4itt\u00e4v\u00e4t, ett\u00e4 tyrninsiemen\u00f6ljyn terveellisyys johtuu korvaamattomien rasvahappojen (omega-3 ja omega-6) suuresta pitoisuudesta ja keskin\u00e4isest\u00e4 tasapainosta","breadcrumb":{"@id":"https:\/\/tervix.ee\/fi\/tuote\/tyrninsiemenoljy\/#breadcrumb"},"inLanguage":"fi","potentialAction":[{"@type":"ReadAction","target":["https:\/\/tervix.ee\/fi\/tuote\/tyrninsiemenoljy\/"]}]},{"@type":"ImageObject","inLanguage":"fi","@id":"https:\/\/tervix.ee\/fi\/tuote\/tyrninsiemenoljy\/#primaryimage","url":"https:\/\/tervix.ee\/wp-content\/uploads\/2021\/03\/PXL_20220912_122036128.MP_-scaled.jpg","contentUrl":"https:\/\/tervix.ee\/wp-content\/uploads\/2021\/03\/PXL_20220912_122036128.MP_-scaled.jpg","width":2560,"height":2458},{"@type":"BreadcrumbList","@id":"https:\/\/tervix.ee\/fi\/tuote\/tyrninsiemenoljy\/#breadcrumb","itemListElement":[{"@type":"ListItem","position":1,"name":"Esileht","item":"https:\/\/tervix.ee\/fi\/"},{"@type":"ListItem","position":2,"name":"Verkkokauppa","item":"https:\/\/tervix.ee\/pood\/"},{"@type":"ListItem","position":3,"name":"Tyrninsiemen\u00f6ljy"}]},{"@type":"WebSite","@id":"https:\/\/tervix.ee\/fi\/#website","url":"https:\/\/tervix.ee\/fi\/","name":"Tervix O\u00dc","description":"","publisher":{"@id":"https:\/\/tervix.ee\/fi\/#organization"},"potentialAction":[{"@type":"SearchAction","target":{"@type":"EntryPoint","urlTemplate":"https:\/\/tervix.ee\/fi\/?s={search_term_string}"},"query-input":{"@type":"PropertyValueSpecification","valueRequired":true,"valueName":"search_term_string"}}],"inLanguage":"fi"},{"@type":"Organization","@id":"https:\/\/tervix.ee\/fi\/#organization","name":"Tervix O\u00dc","url":"https:\/\/tervix.ee\/fi\/","logo":{"@type":"ImageObject","inLanguage":"fi","@id":"https:\/\/tervix.ee\/fi\/#\/schema\/logo\/image\/","url":"https:\/\/tervix.ee\/wp-content\/uploads\/2021\/03\/header-logo.png","contentUrl":"https:\/\/tervix.ee\/wp-content\/uploads\/2021\/03\/header-logo.png","width":300,"height":71,"caption":"Tervix O\u00dc"},"image":{"@id":"https:\/\/tervix.ee\/fi\/#\/schema\/logo\/image\/"},"sameAs":["https:\/\/www.facebook.com\/Tervix\/","https:\/\/www.instagram.com\/tervix_natural\/"]}]}},"_links":{"self":[{"href":"https:\/\/tervix.ee\/fi\/wp-json\/wp\/v2\/product\/4602","targetHints":{"allow":["GET"]}}],"collection":[{"href":"https:\/\/tervix.ee\/fi\/wp-json\/wp\/v2\/product"}],"about":[{"href":"https:\/\/tervix.ee\/fi\/wp-json\/wp\/v2\/types\/product"}],"replies":[{"embeddable":true,"href":"https:\/\/tervix.ee\/fi\/wp-json\/wp\/v2\/comments?post=4602"}],"version-history":[{"count":0,"href":"https:\/\/tervix.ee\/fi\/wp-json\/wp\/v2\/product\/4602\/revisions"}],"wp:featuredmedia":[{"embeddable":true,"href":"https:\/\/tervix.ee\/fi\/wp-json\/wp\/v2\/media\/6182"}],"wp:attachment":[{"href":"https:\/\/tervix.ee\/fi\/wp-json\/wp\/v2\/media?parent=4602"}],"wp:term":[{"taxonomy":"product_brand","embeddable":true,"href":"https:\/\/tervix.ee\/fi\/wp-json\/wp\/v2\/product_brand?post=4602"},{"taxonomy":"product_cat","embeddable":true,"href":"https:\/\/tervix.ee\/fi\/wp-json\/wp\/v2\/product_cat?post=4602"},{"taxonomy":"product_tag","embeddable":true,"href":"https:\/\/tervix.ee\/fi\/wp-json\/wp\/v2\/product_tag?post=4602"}],"curies":[{"name":"wp","href":"https:\/\/api.w.org\/{rel}","templated":true}]}}