{"id":4599,"date":"2021-03-26T15:38:36","date_gmt":"2021-03-26T13:38:36","guid":{"rendered":"https:\/\/tervix.ee\/toode\/propolis-tyrni-kurkkusuihke-10-ml\/"},"modified":"2026-02-20T01:03:31","modified_gmt":"2026-02-19T23:03:31","slug":"propolis-tyrni-kurkkusuihke-10-ml","status":"publish","type":"product","link":"https:\/\/tervix.ee\/fi\/tuote\/propolis-tyrni-kurkkusuihke-10-ml\/","title":{"rendered":"PROPOLIS-TYRNI-KURKKUSUIHKE 10 ml"},"content":{"rendered":"<h3>K\u00e4ytt\u00f6ohjeet<\/h3>\n<ul>\n<li>Ravistaa ennen k\u00e4ytt\u00f6\u00e4, yksi suihkaus 5 kertaa p\u00e4iv\u00e4ss\u00e4. Pid\u00e4 poissa lasten ulottuvilta<\/li>\n<\/ul>\n<h3>Ainesosat<\/h3>\n<ul>\n<li>Tyrni\u00f6ljy (oleum Hippophaeae), propolistinktuura (tinctura Propolis). etanoli 4,4%<\/li>\n<\/ul>\n<h3>Nettom\u00e4\u00e4ra<\/h3>\n<ul>\n<li>10 ml<\/li>\n<\/ul>\n<h3>S\u00e4ylytys<\/h3>\n<ul>\n<li>Huoneenl\u00e4mm\u00f6ss\u00e4. Avattuna viile\u00e4ss\u00e4.<\/li>\n<\/ul>\n","protected":false},"excerpt":{"rendered":"<p><strong>100-prosenttisesti luonnollista, ei sis\u00e4ll\u00e4 synteettisi\u00e4 aineita!<\/strong><\/p>\n<p>Tervix-kurkkusuihkeen sis\u00e4lt\u00e4mien propolis- ja tyrni\u00f6ljyjen erinomainen yhteisvaikutus lievitt\u00e4\u00e4 oireita tehokkaasti. Kurlausta, huuhtelua tai tablettien imeskely\u00e4 ei en\u00e4\u00e4 tarvita: yksi suihkaus 5 kertaa p\u00e4iv\u00e4ss\u00e4 ja oireet h\u00e4vi\u00e4v\u00e4t.<br \/>\nTyrni\u00f6ljy parantaa limakalvojen haavoja ja vahvistaa puolustuskyky\u00e4, parantaa vilustumisjaksolla vastustuskyky\u00e4 viruksille ja vahvistaa yleisesti kaikkina vuodenaikoina.<\/p>\n","protected":false},"featured_media":6391,"comment_status":"open","ping_status":"closed","template":"","meta":[],"product_brand":[],"product_cat":[175,178,199,196],"product_tag":[276,282,287,289,295,305,311,321,273],"class_list":{"0":"post-4599","1":"product","2":"type-product","3":"status-publish","4":"has-post-thumbnail","6":"product_cat-erityisen-hyva-lapsille","7":"product_cat-ihollesi","8":"product_cat-oljyt","9":"product_cat-siirapit-ja-marjatuotteet","10":"product_tag-beetakaroteeni-a-vitamiini","11":"product_tag-e-vitamiini","12":"product_tag-erityisen-hyva-lapsille","13":"product_tag-haavanhoito","14":"product_tag-kitkat-hankaumat","15":"product_tag-kylma","16":"product_tag-omega-3-rasvahapot","17":"product_tag-propolis-fi","18":"product_tag-tyrni","20":"first","21":"instock","22":"taxable","23":"shipping-taxable","24":"purchasable","25":"product-type-simple"},"yoast_head":"<!-- This site is optimized with the Yoast SEO plugin v27.2 - https:\/\/yoast.com\/product\/yoast-seo-wordpress\/ -->\n<title>PROPOLIS-TYRNI-KURKKUSUIHKE 10 ml - Tervix O\u00dc<\/title>\n<meta name=\"description\" content=\"Tervix-kurkkusuihkeen sis\u00e4lt\u00e4mien propolis- ja tyrni\u00f6ljyjen erinomainen yhteisvaikutus lievitt\u00e4\u00e4 oireita tehokkaasti. Kurlausta, huuhtelua tai tablettien imeskely\u00e4 ei en\u00e4\u00e4 tarvita: yksi suihkaus 5 kertaa p\u00e4iv\u00e4ss\u00e4 ja oireet h\u00e4vi\u00e4v\u00e4t.\" \/>\n<meta name=\"robots\" content=\"index, follow, max-snippet:-1, max-image-preview:large, max-video-preview:-1\" \/>\n<link rel=\"canonical\" href=\"https:\/\/tervix.ee\/fi\/tuote\/propolis-tyrni-kurkkusuihke-10-ml\/\" \/>\n<meta property=\"og:locale\" content=\"fi_FI\" \/>\n<meta property=\"og:type\" content=\"article\" \/>\n<meta property=\"og:title\" content=\"PROPOLIS-TYRNI-KURKKUSUIHKE 10 ml - Tervix O\u00dc\" \/>\n<meta property=\"og:description\" content=\"Tervix-kurkkusuihkeen sis\u00e4lt\u00e4mien propolis- ja tyrni\u00f6ljyjen erinomainen yhteisvaikutus lievitt\u00e4\u00e4 oireita tehokkaasti. Kurlausta, huuhtelua tai tablettien imeskely\u00e4 ei en\u00e4\u00e4 tarvita: yksi suihkaus 5 kertaa p\u00e4iv\u00e4ss\u00e4 ja oireet h\u00e4vi\u00e4v\u00e4t.\" \/>\n<meta property=\"og:url\" content=\"https:\/\/tervix.ee\/fi\/tuote\/propolis-tyrni-kurkkusuihke-10-ml\/\" \/>\n<meta property=\"og:site_name\" content=\"Tervix O\u00dc\" \/>\n<meta property=\"article:publisher\" content=\"https:\/\/www.facebook.com\/Tervix\/\" \/>\n<meta property=\"article:modified_time\" content=\"2026-02-19T23:03:31+00:00\" \/>\n<meta property=\"og:image\" content=\"https:\/\/tervix.ee\/wp-content\/uploads\/2021\/03\/Kurgupihusti-221-scaled.jpg\" \/>\n\t<meta property=\"og:image:width\" content=\"2560\" \/>\n\t<meta property=\"og:image:height\" content=\"1774\" \/>\n\t<meta property=\"og:image:type\" content=\"image\/jpeg\" \/>\n<meta name=\"twitter:card\" content=\"summary_large_image\" \/>\n<script type=\"application\/ld+json\" class=\"yoast-schema-graph\">{\"@context\":\"https:\/\/schema.org\",\"@graph\":[{\"@type\":\"WebPage\",\"@id\":\"https:\/\/tervix.ee\/fi\/tuote\/propolis-tyrni-kurkkusuihke-10-ml\/\",\"url\":\"https:\/\/tervix.ee\/fi\/tuote\/propolis-tyrni-kurkkusuihke-10-ml\/\",\"name\":\"PROPOLIS-TYRNI-KURKKUSUIHKE 10 ml - Tervix O\u00dc\",\"isPartOf\":{\"@id\":\"https:\/\/tervix.ee\/fi\/#website\"},\"primaryImageOfPage\":{\"@id\":\"https:\/\/tervix.ee\/fi\/tuote\/propolis-tyrni-kurkkusuihke-10-ml\/#primaryimage\"},\"image\":{\"@id\":\"https:\/\/tervix.ee\/fi\/tuote\/propolis-tyrni-kurkkusuihke-10-ml\/#primaryimage\"},\"thumbnailUrl\":\"https:\/\/tervix.ee\/wp-content\/uploads\/2021\/03\/Kurgupihusti-221-scaled.jpg\",\"datePublished\":\"2021-03-26T13:38:36+00:00\",\"dateModified\":\"2026-02-19T23:03:31+00:00\",\"description\":\"Tervix-kurkkusuihkeen sis\u00e4lt\u00e4mien propolis- ja tyrni\u00f6ljyjen erinomainen yhteisvaikutus lievitt\u00e4\u00e4 oireita tehokkaasti. Kurlausta, huuhtelua tai tablettien imeskely\u00e4 ei en\u00e4\u00e4 tarvita: yksi suihkaus 5 kertaa p\u00e4iv\u00e4ss\u00e4 ja oireet h\u00e4vi\u00e4v\u00e4t.\",\"breadcrumb\":{\"@id\":\"https:\/\/tervix.ee\/fi\/tuote\/propolis-tyrni-kurkkusuihke-10-ml\/#breadcrumb\"},\"inLanguage\":\"fi\",\"potentialAction\":[{\"@type\":\"ReadAction\",\"target\":[\"https:\/\/tervix.ee\/fi\/tuote\/propolis-tyrni-kurkkusuihke-10-ml\/\"]}]},{\"@type\":\"ImageObject\",\"inLanguage\":\"fi\",\"@id\":\"https:\/\/tervix.ee\/fi\/tuote\/propolis-tyrni-kurkkusuihke-10-ml\/#primaryimage\",\"url\":\"https:\/\/tervix.ee\/wp-content\/uploads\/2021\/03\/Kurgupihusti-221-scaled.jpg\",\"contentUrl\":\"https:\/\/tervix.ee\/wp-content\/uploads\/2021\/03\/Kurgupihusti-221-scaled.jpg\",\"width\":2560,\"height\":1774},{\"@type\":\"BreadcrumbList\",\"@id\":\"https:\/\/tervix.ee\/fi\/tuote\/propolis-tyrni-kurkkusuihke-10-ml\/#breadcrumb\",\"itemListElement\":[{\"@type\":\"ListItem\",\"position\":1,\"name\":\"Esileht\",\"item\":\"https:\/\/tervix.ee\/fi\/\"},{\"@type\":\"ListItem\",\"position\":2,\"name\":\"Verkkokauppa\",\"item\":\"https:\/\/tervix.ee\/pood\/\"},{\"@type\":\"ListItem\",\"position\":3,\"name\":\"PROPOLIS-TYRNI-KURKKUSUIHKE 10 ml\"}]},{\"@type\":\"WebSite\",\"@id\":\"https:\/\/tervix.ee\/fi\/#website\",\"url\":\"https:\/\/tervix.ee\/fi\/\",\"name\":\"Tervix O\u00dc\",\"description\":\"\",\"publisher\":{\"@id\":\"https:\/\/tervix.ee\/fi\/#organization\"},\"potentialAction\":[{\"@type\":\"SearchAction\",\"target\":{\"@type\":\"EntryPoint\",\"urlTemplate\":\"https:\/\/tervix.ee\/fi\/?s={search_term_string}\"},\"query-input\":{\"@type\":\"PropertyValueSpecification\",\"valueRequired\":true,\"valueName\":\"search_term_string\"}}],\"inLanguage\":\"fi\"},{\"@type\":\"Organization\",\"@id\":\"https:\/\/tervix.ee\/fi\/#organization\",\"name\":\"Tervix O\u00dc\",\"url\":\"https:\/\/tervix.ee\/fi\/\",\"logo\":{\"@type\":\"ImageObject\",\"inLanguage\":\"fi\",\"@id\":\"https:\/\/tervix.ee\/fi\/#\/schema\/logo\/image\/\",\"url\":\"https:\/\/tervix.ee\/wp-content\/uploads\/2021\/03\/header-logo.png\",\"contentUrl\":\"https:\/\/tervix.ee\/wp-content\/uploads\/2021\/03\/header-logo.png\",\"width\":300,\"height\":71,\"caption\":\"Tervix O\u00dc\"},\"image\":{\"@id\":\"https:\/\/tervix.ee\/fi\/#\/schema\/logo\/image\/\"},\"sameAs\":[\"https:\/\/www.facebook.com\/Tervix\/\",\"https:\/\/www.instagram.com\/tervix_natural\/\"]}]}<\/script>\n<!-- \/ Yoast SEO plugin. -->","yoast_head_json":{"title":"PROPOLIS-TYRNI-KURKKUSUIHKE 10 ml - Tervix O\u00dc","description":"Tervix-kurkkusuihkeen sis\u00e4lt\u00e4mien propolis- ja tyrni\u00f6ljyjen erinomainen yhteisvaikutus lievitt\u00e4\u00e4 oireita tehokkaasti. Kurlausta, huuhtelua tai tablettien imeskely\u00e4 ei en\u00e4\u00e4 tarvita: yksi suihkaus 5 kertaa p\u00e4iv\u00e4ss\u00e4 ja oireet h\u00e4vi\u00e4v\u00e4t.","robots":{"index":"index","follow":"follow","max-snippet":"max-snippet:-1","max-image-preview":"max-image-preview:large","max-video-preview":"max-video-preview:-1"},"canonical":"https:\/\/tervix.ee\/fi\/tuote\/propolis-tyrni-kurkkusuihke-10-ml\/","og_locale":"fi_FI","og_type":"article","og_title":"PROPOLIS-TYRNI-KURKKUSUIHKE 10 ml - Tervix O\u00dc","og_description":"Tervix-kurkkusuihkeen sis\u00e4lt\u00e4mien propolis- ja tyrni\u00f6ljyjen erinomainen yhteisvaikutus lievitt\u00e4\u00e4 oireita tehokkaasti. Kurlausta, huuhtelua tai tablettien imeskely\u00e4 ei en\u00e4\u00e4 tarvita: yksi suihkaus 5 kertaa p\u00e4iv\u00e4ss\u00e4 ja oireet h\u00e4vi\u00e4v\u00e4t.","og_url":"https:\/\/tervix.ee\/fi\/tuote\/propolis-tyrni-kurkkusuihke-10-ml\/","og_site_name":"Tervix O\u00dc","article_publisher":"https:\/\/www.facebook.com\/Tervix\/","article_modified_time":"2026-02-19T23:03:31+00:00","og_image":[{"width":2560,"height":1774,"url":"https:\/\/tervix.ee\/wp-content\/uploads\/2021\/03\/Kurgupihusti-221-scaled.jpg","type":"image\/jpeg"}],"twitter_card":"summary_large_image","schema":{"@context":"https:\/\/schema.org","@graph":[{"@type":"WebPage","@id":"https:\/\/tervix.ee\/fi\/tuote\/propolis-tyrni-kurkkusuihke-10-ml\/","url":"https:\/\/tervix.ee\/fi\/tuote\/propolis-tyrni-kurkkusuihke-10-ml\/","name":"PROPOLIS-TYRNI-KURKKUSUIHKE 10 ml - Tervix O\u00dc","isPartOf":{"@id":"https:\/\/tervix.ee\/fi\/#website"},"primaryImageOfPage":{"@id":"https:\/\/tervix.ee\/fi\/tuote\/propolis-tyrni-kurkkusuihke-10-ml\/#primaryimage"},"image":{"@id":"https:\/\/tervix.ee\/fi\/tuote\/propolis-tyrni-kurkkusuihke-10-ml\/#primaryimage"},"thumbnailUrl":"https:\/\/tervix.ee\/wp-content\/uploads\/2021\/03\/Kurgupihusti-221-scaled.jpg","datePublished":"2021-03-26T13:38:36+00:00","dateModified":"2026-02-19T23:03:31+00:00","description":"Tervix-kurkkusuihkeen sis\u00e4lt\u00e4mien propolis- ja tyrni\u00f6ljyjen erinomainen yhteisvaikutus lievitt\u00e4\u00e4 oireita tehokkaasti. Kurlausta, huuhtelua tai tablettien imeskely\u00e4 ei en\u00e4\u00e4 tarvita: yksi suihkaus 5 kertaa p\u00e4iv\u00e4ss\u00e4 ja oireet h\u00e4vi\u00e4v\u00e4t.","breadcrumb":{"@id":"https:\/\/tervix.ee\/fi\/tuote\/propolis-tyrni-kurkkusuihke-10-ml\/#breadcrumb"},"inLanguage":"fi","potentialAction":[{"@type":"ReadAction","target":["https:\/\/tervix.ee\/fi\/tuote\/propolis-tyrni-kurkkusuihke-10-ml\/"]}]},{"@type":"ImageObject","inLanguage":"fi","@id":"https:\/\/tervix.ee\/fi\/tuote\/propolis-tyrni-kurkkusuihke-10-ml\/#primaryimage","url":"https:\/\/tervix.ee\/wp-content\/uploads\/2021\/03\/Kurgupihusti-221-scaled.jpg","contentUrl":"https:\/\/tervix.ee\/wp-content\/uploads\/2021\/03\/Kurgupihusti-221-scaled.jpg","width":2560,"height":1774},{"@type":"BreadcrumbList","@id":"https:\/\/tervix.ee\/fi\/tuote\/propolis-tyrni-kurkkusuihke-10-ml\/#breadcrumb","itemListElement":[{"@type":"ListItem","position":1,"name":"Esileht","item":"https:\/\/tervix.ee\/fi\/"},{"@type":"ListItem","position":2,"name":"Verkkokauppa","item":"https:\/\/tervix.ee\/pood\/"},{"@type":"ListItem","position":3,"name":"PROPOLIS-TYRNI-KURKKUSUIHKE 10 ml"}]},{"@type":"WebSite","@id":"https:\/\/tervix.ee\/fi\/#website","url":"https:\/\/tervix.ee\/fi\/","name":"Tervix O\u00dc","description":"","publisher":{"@id":"https:\/\/tervix.ee\/fi\/#organization"},"potentialAction":[{"@type":"SearchAction","target":{"@type":"EntryPoint","urlTemplate":"https:\/\/tervix.ee\/fi\/?s={search_term_string}"},"query-input":{"@type":"PropertyValueSpecification","valueRequired":true,"valueName":"search_term_string"}}],"inLanguage":"fi"},{"@type":"Organization","@id":"https:\/\/tervix.ee\/fi\/#organization","name":"Tervix O\u00dc","url":"https:\/\/tervix.ee\/fi\/","logo":{"@type":"ImageObject","inLanguage":"fi","@id":"https:\/\/tervix.ee\/fi\/#\/schema\/logo\/image\/","url":"https:\/\/tervix.ee\/wp-content\/uploads\/2021\/03\/header-logo.png","contentUrl":"https:\/\/tervix.ee\/wp-content\/uploads\/2021\/03\/header-logo.png","width":300,"height":71,"caption":"Tervix O\u00dc"},"image":{"@id":"https:\/\/tervix.ee\/fi\/#\/schema\/logo\/image\/"},"sameAs":["https:\/\/www.facebook.com\/Tervix\/","https:\/\/www.instagram.com\/tervix_natural\/"]}]}},"_links":{"self":[{"href":"https:\/\/tervix.ee\/fi\/wp-json\/wp\/v2\/product\/4599","targetHints":{"allow":["GET"]}}],"collection":[{"href":"https:\/\/tervix.ee\/fi\/wp-json\/wp\/v2\/product"}],"about":[{"href":"https:\/\/tervix.ee\/fi\/wp-json\/wp\/v2\/types\/product"}],"replies":[{"embeddable":true,"href":"https:\/\/tervix.ee\/fi\/wp-json\/wp\/v2\/comments?post=4599"}],"version-history":[{"count":0,"href":"https:\/\/tervix.ee\/fi\/wp-json\/wp\/v2\/product\/4599\/revisions"}],"wp:featuredmedia":[{"embeddable":true,"href":"https:\/\/tervix.ee\/fi\/wp-json\/wp\/v2\/media\/6391"}],"wp:attachment":[{"href":"https:\/\/tervix.ee\/fi\/wp-json\/wp\/v2\/media?parent=4599"}],"wp:term":[{"taxonomy":"product_brand","embeddable":true,"href":"https:\/\/tervix.ee\/fi\/wp-json\/wp\/v2\/product_brand?post=4599"},{"taxonomy":"product_cat","embeddable":true,"href":"https:\/\/tervix.ee\/fi\/wp-json\/wp\/v2\/product_cat?post=4599"},{"taxonomy":"product_tag","embeddable":true,"href":"https:\/\/tervix.ee\/fi\/wp-json\/wp\/v2\/product_tag?post=4599"}],"curies":[{"name":"wp","href":"https:\/\/api.w.org\/{rel}","templated":true}]}}