{"id":4592,"date":"2021-03-26T15:32:19","date_gmt":"2021-03-26T13:32:19","guid":{"rendered":"https:\/\/tervix.ee\/toode\/hanhenrasvavoide-villy\/"},"modified":"2024-02-12T00:00:45","modified_gmt":"2024-02-11T22:00:45","slug":"hanhenrasvavoide-villy","status":"publish","type":"product","link":"https:\/\/tervix.ee\/fi\/tuote\/hanhenrasvavoide-villy\/","title":{"rendered":"Hanhenrasvavoide Villy"},"content":{"rendered":"<h3>K\u00e4ytt\u00f6ohjeet<\/h3>\n<ul>\n<li>Sopii hyvin j\u00e4lkiruokien maustamiseen \u2013 ohukaisiin, vohveleihin, vanukkaisiin, j\u00e4\u00e4tel\u00f6\u00f6n, kakkutaikinaan tai tahnoihin.<\/li>\n<li>Mielenkiintoisen yhdistelm\u00e4n luo sen lis\u00e4\u00e4minen kahviin tai jopa olueen.<\/li>\n<li>Voikukkasiirappi korvaa resepteiss\u00e4 hyvin hunajaa.<\/li>\n<li>Katso my\u00f6s reseptej\u00e4 \u201d<span style=\"text-decoration: underline;\"><strong><a href=\"https:\/\/tervix.ee\/fi\/kokki-suosittelee\/\">Kokki suosittelee<\/a><\/strong><\/span>\u201d -kohdasta!<\/li>\n<\/ul>\n<h3>Ainesosat<\/h3>\n<ul>\n<li>Sokeri, vesi, voikukan kukka 1,5 %, antioksidantti sitruunahappo.<\/li>\n<\/ul>\n<h3>Nettom\u00e4\u00e4ra<\/h3>\n<ul>\n<li>147 g<\/li>\n<\/ul>\n<h3>S\u00e4ylytys<\/h3>\n<ul>\n<li>Huoneenl\u00e4mm\u00f6ss\u00e4. Avattuna viile\u00e4ss\u00e4.<\/li>\n<\/ul>\n","protected":false},"excerpt":{"rendered":"<p><strong>100-prosenttisesti luonnollista, ei sis\u00e4ll\u00e4 synteettisi\u00e4 aineita!\u00a0<\/strong><\/p>\n<p>Hanhenrasvavoide sis\u00e4lt\u00e4\u00e4 hanhenrasvan lis\u00e4ksi pihta\u00f6ljy\u00e4 ja mehil\u00e4isvahaa. Hanhenrasvaa k\u00e4ytet\u00e4\u00e4n kansanparannuksessa vilustumistautien, etenkin keuhkoputkentulehduksen ja ysk\u00e4n hoitoon. Hanhenrasva sopii my\u00f6s rupisen ihon pehmitt\u00e4miseen ja ihon suojaukseen kylm\u00e4lt\u00e4. Pihdan eteerinen \u00f6ljy sis\u00e4lt\u00e4\u00e4 35:t\u00e4 biologisesti aktiivista ainetta sek\u00e4 lis\u00e4\u00e4 elimist\u00f6n puolustuskyky\u00e4 ja parantaa ihonalaista verenkiertoa.<\/p>\n<p><strong>Sopii herkk\u00e4ihoisille, my\u00f6s pikkulapsille ja allergikoille.<br \/>\nVerkkokaupasta ostettaessa Tervixin tuotteiden hinnat ovat edullisimpia!<\/strong><\/p>\n","protected":false},"featured_media":6379,"comment_status":"open","ping_status":"closed","template":"","meta":[],"product_brand":[],"product_cat":[175,178,192],"product_tag":[285,287,289,291,305,297,313],"class_list":{"0":"post-4592","1":"product","2":"type-product","3":"status-publish","4":"has-post-thumbnail","6":"product_cat-erityisen-hyva-lapsille","7":"product_cat-ihollesi","8":"product_cat-voiteet","9":"product_tag-ennen-ja-jalkeen-parkituksen","10":"product_tag-erityisen-hyva-lapsille","11":"product_tag-haavanhoito","12":"product_tag-hanhenrasva","13":"product_tag-kylma","14":"product_tag-paivittainen-ihonhoito-ja-kosteus","15":"product_tag-punoitus-hilseily","17":"first","18":"instock","19":"taxable","20":"shipping-taxable","21":"purchasable","22":"product-type-variable"},"yoast_head":"<!-- This site is optimized with the Yoast SEO plugin v27.2 - https:\/\/yoast.com\/product\/yoast-seo-wordpress\/ -->\n<title>Hanhenrasvavoide Villy - Tervix O\u00dc<\/title>\n<meta name=\"description\" content=\"Hanhenrasvavoide sis\u00e4lt\u00e4\u00e4 hanhenrasvan lis\u00e4ksi pihta\u00f6ljy\u00e4 ja mehil\u00e4isvahaa. Hanhenrasvaa k\u00e4ytet\u00e4\u00e4n kansanparannuksessa vilustumistautien, etenkin keuhkoputkentulehduksen ja ysk\u00e4n hoitoon.\" \/>\n<meta name=\"robots\" content=\"index, follow, max-snippet:-1, max-image-preview:large, max-video-preview:-1\" \/>\n<link rel=\"canonical\" href=\"https:\/\/tervix.ee\/fi\/tuote\/hanhenrasvavoide-villy\/\" \/>\n<meta property=\"og:locale\" content=\"fi_FI\" \/>\n<meta property=\"og:type\" content=\"article\" \/>\n<meta property=\"og:title\" content=\"Hanhenrasvavoide Villy - Tervix O\u00dc\" \/>\n<meta property=\"og:description\" content=\"Hanhenrasvavoide sis\u00e4lt\u00e4\u00e4 hanhenrasvan lis\u00e4ksi pihta\u00f6ljy\u00e4 ja mehil\u00e4isvahaa. Hanhenrasvaa k\u00e4ytet\u00e4\u00e4n kansanparannuksessa vilustumistautien, etenkin keuhkoputkentulehduksen ja ysk\u00e4n hoitoon.\" \/>\n<meta property=\"og:url\" content=\"https:\/\/tervix.ee\/fi\/tuote\/hanhenrasvavoide-villy\/\" \/>\n<meta property=\"og:site_name\" content=\"Tervix O\u00dc\" \/>\n<meta property=\"article:publisher\" content=\"https:\/\/www.facebook.com\/Tervix\/\" \/>\n<meta property=\"article:modified_time\" content=\"2024-02-11T22:00:45+00:00\" \/>\n<meta property=\"og:image\" content=\"https:\/\/tervix.ee\/wp-content\/uploads\/2021\/03\/Hanerasv-221-1024x682.jpg\" \/>\n\t<meta property=\"og:image:width\" content=\"1024\" \/>\n\t<meta property=\"og:image:height\" content=\"682\" \/>\n\t<meta property=\"og:image:type\" content=\"image\/jpeg\" \/>\n<meta name=\"twitter:card\" content=\"summary_large_image\" \/>\n<script type=\"application\/ld+json\" class=\"yoast-schema-graph\">{\"@context\":\"https:\/\/schema.org\",\"@graph\":[{\"@type\":\"WebPage\",\"@id\":\"https:\/\/tervix.ee\/fi\/tuote\/hanhenrasvavoide-villy\/\",\"url\":\"https:\/\/tervix.ee\/fi\/tuote\/hanhenrasvavoide-villy\/\",\"name\":\"Hanhenrasvavoide Villy - Tervix O\u00dc\",\"isPartOf\":{\"@id\":\"https:\/\/tervix.ee\/fi\/#website\"},\"primaryImageOfPage\":{\"@id\":\"https:\/\/tervix.ee\/fi\/tuote\/hanhenrasvavoide-villy\/#primaryimage\"},\"image\":{\"@id\":\"https:\/\/tervix.ee\/fi\/tuote\/hanhenrasvavoide-villy\/#primaryimage\"},\"thumbnailUrl\":\"https:\/\/tervix.ee\/wp-content\/uploads\/2021\/03\/Hanerasv-221.jpg\",\"datePublished\":\"2021-03-26T13:32:19+00:00\",\"dateModified\":\"2024-02-11T22:00:45+00:00\",\"description\":\"Hanhenrasvavoide sis\u00e4lt\u00e4\u00e4 hanhenrasvan lis\u00e4ksi pihta\u00f6ljy\u00e4 ja mehil\u00e4isvahaa. Hanhenrasvaa k\u00e4ytet\u00e4\u00e4n kansanparannuksessa vilustumistautien, etenkin keuhkoputkentulehduksen ja ysk\u00e4n hoitoon.\",\"breadcrumb\":{\"@id\":\"https:\/\/tervix.ee\/fi\/tuote\/hanhenrasvavoide-villy\/#breadcrumb\"},\"inLanguage\":\"fi\",\"potentialAction\":[{\"@type\":\"ReadAction\",\"target\":[\"https:\/\/tervix.ee\/fi\/tuote\/hanhenrasvavoide-villy\/\"]}]},{\"@type\":\"ImageObject\",\"inLanguage\":\"fi\",\"@id\":\"https:\/\/tervix.ee\/fi\/tuote\/hanhenrasvavoide-villy\/#primaryimage\",\"url\":\"https:\/\/tervix.ee\/wp-content\/uploads\/2021\/03\/Hanerasv-221.jpg\",\"contentUrl\":\"https:\/\/tervix.ee\/wp-content\/uploads\/2021\/03\/Hanerasv-221.jpg\",\"width\":2216,\"height\":1476},{\"@type\":\"BreadcrumbList\",\"@id\":\"https:\/\/tervix.ee\/fi\/tuote\/hanhenrasvavoide-villy\/#breadcrumb\",\"itemListElement\":[{\"@type\":\"ListItem\",\"position\":1,\"name\":\"Esileht\",\"item\":\"https:\/\/tervix.ee\/fi\/\"},{\"@type\":\"ListItem\",\"position\":2,\"name\":\"Verkkokauppa\",\"item\":\"https:\/\/tervix.ee\/pood\/\"},{\"@type\":\"ListItem\",\"position\":3,\"name\":\"Hanhenrasvavoide Villy\"}]},{\"@type\":\"WebSite\",\"@id\":\"https:\/\/tervix.ee\/fi\/#website\",\"url\":\"https:\/\/tervix.ee\/fi\/\",\"name\":\"Tervix O\u00dc\",\"description\":\"\",\"publisher\":{\"@id\":\"https:\/\/tervix.ee\/fi\/#organization\"},\"potentialAction\":[{\"@type\":\"SearchAction\",\"target\":{\"@type\":\"EntryPoint\",\"urlTemplate\":\"https:\/\/tervix.ee\/fi\/?s={search_term_string}\"},\"query-input\":{\"@type\":\"PropertyValueSpecification\",\"valueRequired\":true,\"valueName\":\"search_term_string\"}}],\"inLanguage\":\"fi\"},{\"@type\":\"Organization\",\"@id\":\"https:\/\/tervix.ee\/fi\/#organization\",\"name\":\"Tervix O\u00dc\",\"url\":\"https:\/\/tervix.ee\/fi\/\",\"logo\":{\"@type\":\"ImageObject\",\"inLanguage\":\"fi\",\"@id\":\"https:\/\/tervix.ee\/fi\/#\/schema\/logo\/image\/\",\"url\":\"https:\/\/tervix.ee\/wp-content\/uploads\/2021\/03\/header-logo.png\",\"contentUrl\":\"https:\/\/tervix.ee\/wp-content\/uploads\/2021\/03\/header-logo.png\",\"width\":300,\"height\":71,\"caption\":\"Tervix O\u00dc\"},\"image\":{\"@id\":\"https:\/\/tervix.ee\/fi\/#\/schema\/logo\/image\/\"},\"sameAs\":[\"https:\/\/www.facebook.com\/Tervix\/\",\"https:\/\/www.instagram.com\/tervix_natural\/\"]}]}<\/script>\n<!-- \/ Yoast SEO plugin. -->","yoast_head_json":{"title":"Hanhenrasvavoide Villy - Tervix O\u00dc","description":"Hanhenrasvavoide sis\u00e4lt\u00e4\u00e4 hanhenrasvan lis\u00e4ksi pihta\u00f6ljy\u00e4 ja mehil\u00e4isvahaa. Hanhenrasvaa k\u00e4ytet\u00e4\u00e4n kansanparannuksessa vilustumistautien, etenkin keuhkoputkentulehduksen ja ysk\u00e4n hoitoon.","robots":{"index":"index","follow":"follow","max-snippet":"max-snippet:-1","max-image-preview":"max-image-preview:large","max-video-preview":"max-video-preview:-1"},"canonical":"https:\/\/tervix.ee\/fi\/tuote\/hanhenrasvavoide-villy\/","og_locale":"fi_FI","og_type":"article","og_title":"Hanhenrasvavoide Villy - Tervix O\u00dc","og_description":"Hanhenrasvavoide sis\u00e4lt\u00e4\u00e4 hanhenrasvan lis\u00e4ksi pihta\u00f6ljy\u00e4 ja mehil\u00e4isvahaa. Hanhenrasvaa k\u00e4ytet\u00e4\u00e4n kansanparannuksessa vilustumistautien, etenkin keuhkoputkentulehduksen ja ysk\u00e4n hoitoon.","og_url":"https:\/\/tervix.ee\/fi\/tuote\/hanhenrasvavoide-villy\/","og_site_name":"Tervix O\u00dc","article_publisher":"https:\/\/www.facebook.com\/Tervix\/","article_modified_time":"2024-02-11T22:00:45+00:00","og_image":[{"width":1024,"height":682,"url":"https:\/\/tervix.ee\/wp-content\/uploads\/2021\/03\/Hanerasv-221-1024x682.jpg","type":"image\/jpeg"}],"twitter_card":"summary_large_image","schema":{"@context":"https:\/\/schema.org","@graph":[{"@type":"WebPage","@id":"https:\/\/tervix.ee\/fi\/tuote\/hanhenrasvavoide-villy\/","url":"https:\/\/tervix.ee\/fi\/tuote\/hanhenrasvavoide-villy\/","name":"Hanhenrasvavoide Villy - Tervix O\u00dc","isPartOf":{"@id":"https:\/\/tervix.ee\/fi\/#website"},"primaryImageOfPage":{"@id":"https:\/\/tervix.ee\/fi\/tuote\/hanhenrasvavoide-villy\/#primaryimage"},"image":{"@id":"https:\/\/tervix.ee\/fi\/tuote\/hanhenrasvavoide-villy\/#primaryimage"},"thumbnailUrl":"https:\/\/tervix.ee\/wp-content\/uploads\/2021\/03\/Hanerasv-221.jpg","datePublished":"2021-03-26T13:32:19+00:00","dateModified":"2024-02-11T22:00:45+00:00","description":"Hanhenrasvavoide sis\u00e4lt\u00e4\u00e4 hanhenrasvan lis\u00e4ksi pihta\u00f6ljy\u00e4 ja mehil\u00e4isvahaa. Hanhenrasvaa k\u00e4ytet\u00e4\u00e4n kansanparannuksessa vilustumistautien, etenkin keuhkoputkentulehduksen ja ysk\u00e4n hoitoon.","breadcrumb":{"@id":"https:\/\/tervix.ee\/fi\/tuote\/hanhenrasvavoide-villy\/#breadcrumb"},"inLanguage":"fi","potentialAction":[{"@type":"ReadAction","target":["https:\/\/tervix.ee\/fi\/tuote\/hanhenrasvavoide-villy\/"]}]},{"@type":"ImageObject","inLanguage":"fi","@id":"https:\/\/tervix.ee\/fi\/tuote\/hanhenrasvavoide-villy\/#primaryimage","url":"https:\/\/tervix.ee\/wp-content\/uploads\/2021\/03\/Hanerasv-221.jpg","contentUrl":"https:\/\/tervix.ee\/wp-content\/uploads\/2021\/03\/Hanerasv-221.jpg","width":2216,"height":1476},{"@type":"BreadcrumbList","@id":"https:\/\/tervix.ee\/fi\/tuote\/hanhenrasvavoide-villy\/#breadcrumb","itemListElement":[{"@type":"ListItem","position":1,"name":"Esileht","item":"https:\/\/tervix.ee\/fi\/"},{"@type":"ListItem","position":2,"name":"Verkkokauppa","item":"https:\/\/tervix.ee\/pood\/"},{"@type":"ListItem","position":3,"name":"Hanhenrasvavoide Villy"}]},{"@type":"WebSite","@id":"https:\/\/tervix.ee\/fi\/#website","url":"https:\/\/tervix.ee\/fi\/","name":"Tervix O\u00dc","description":"","publisher":{"@id":"https:\/\/tervix.ee\/fi\/#organization"},"potentialAction":[{"@type":"SearchAction","target":{"@type":"EntryPoint","urlTemplate":"https:\/\/tervix.ee\/fi\/?s={search_term_string}"},"query-input":{"@type":"PropertyValueSpecification","valueRequired":true,"valueName":"search_term_string"}}],"inLanguage":"fi"},{"@type":"Organization","@id":"https:\/\/tervix.ee\/fi\/#organization","name":"Tervix O\u00dc","url":"https:\/\/tervix.ee\/fi\/","logo":{"@type":"ImageObject","inLanguage":"fi","@id":"https:\/\/tervix.ee\/fi\/#\/schema\/logo\/image\/","url":"https:\/\/tervix.ee\/wp-content\/uploads\/2021\/03\/header-logo.png","contentUrl":"https:\/\/tervix.ee\/wp-content\/uploads\/2021\/03\/header-logo.png","width":300,"height":71,"caption":"Tervix O\u00dc"},"image":{"@id":"https:\/\/tervix.ee\/fi\/#\/schema\/logo\/image\/"},"sameAs":["https:\/\/www.facebook.com\/Tervix\/","https:\/\/www.instagram.com\/tervix_natural\/"]}]}},"_links":{"self":[{"href":"https:\/\/tervix.ee\/fi\/wp-json\/wp\/v2\/product\/4592","targetHints":{"allow":["GET"]}}],"collection":[{"href":"https:\/\/tervix.ee\/fi\/wp-json\/wp\/v2\/product"}],"about":[{"href":"https:\/\/tervix.ee\/fi\/wp-json\/wp\/v2\/types\/product"}],"replies":[{"embeddable":true,"href":"https:\/\/tervix.ee\/fi\/wp-json\/wp\/v2\/comments?post=4592"}],"version-history":[{"count":0,"href":"https:\/\/tervix.ee\/fi\/wp-json\/wp\/v2\/product\/4592\/revisions"}],"wp:featuredmedia":[{"embeddable":true,"href":"https:\/\/tervix.ee\/fi\/wp-json\/wp\/v2\/media\/6379"}],"wp:attachment":[{"href":"https:\/\/tervix.ee\/fi\/wp-json\/wp\/v2\/media?parent=4592"}],"wp:term":[{"taxonomy":"product_brand","embeddable":true,"href":"https:\/\/tervix.ee\/fi\/wp-json\/wp\/v2\/product_brand?post=4592"},{"taxonomy":"product_cat","embeddable":true,"href":"https:\/\/tervix.ee\/fi\/wp-json\/wp\/v2\/product_cat?post=4592"},{"taxonomy":"product_tag","embeddable":true,"href":"https:\/\/tervix.ee\/fi\/wp-json\/wp\/v2\/product_tag?post=4592"}],"curies":[{"name":"wp","href":"https:\/\/api.w.org\/{rel}","templated":true}]}}