{"id":4587,"date":"2021-03-26T15:32:19","date_gmt":"2021-03-26T13:32:19","guid":{"rendered":"https:\/\/tervix.ee\/toode\/huulivoide\/"},"modified":"2021-03-26T15:32:19","modified_gmt":"2021-03-26T13:32:19","slug":"huulivoide","status":"publish","type":"product","link":"https:\/\/tervix.ee\/fi\/tuote\/huulivoide\/","title":{"rendered":"Huulivoide"},"content":{"rendered":"<h3>K\u00e4ytt\u00f6ohjeet<\/h3>\n<ul>\n<li>Levit\u00e4 ohuena kerroksena huulille. Pit\u00e4\u00e4 huulet pehme\u00e4n\u00e4. Suojaa huulia halkeamiselta ja kylm\u00e4lt\u00e4.<\/li>\n<\/ul>\n<h3>Ainesosat<\/h3>\n<ul>\n<li>Rapsi\u00f6ljy, mehil\u00e4isvaha, etanoli, kuusenkerkk\u00e4uute, vesi.<\/li>\n<\/ul>\n<h3>Nettom\u00e4\u00e4ra<\/h3>\n<ul>\n<li>20 g<\/li>\n<\/ul>\n<h3>S\u00e4ylytys<\/h3>\n<ul>\n<li>Huoneenl\u00e4mm\u00f6ss\u00e4.<\/li>\n<\/ul>\n","protected":false},"excerpt":{"rendered":"<p><strong>100-prosenttisesti luonnollista, ei sis\u00e4ll\u00e4 synteettisi\u00e4 aineita!<\/strong><\/p>\n<p>Kuusenkerkk\u00e4\u00e4 sis\u00e4lt\u00e4v\u00e4 tuote, jota levitet\u00e4\u00e4n suoraan kuiville ja halkeileville huulille. Suojaa kylm\u00e4lt\u00e4 ja tuulelta. Kotimaista raaka-ainetta, aitoa kev\u00e4isen kuusenkerk\u00e4n makua, pehme\u00e4 samettinen kiilto.<\/p>\n","protected":false},"featured_media":6095,"comment_status":"open","ping_status":"closed","template":"","meta":[],"product_brand":[],"product_cat":[192],"product_tag":[279,285,287,303,297],"class_list":{"0":"post-4587","1":"product","2":"type-product","3":"status-publish","4":"has-post-thumbnail","6":"product_cat-voiteet","7":"product_tag-c-vitamiini","8":"product_tag-ennen-ja-jalkeen-parkituksen","9":"product_tag-erityisen-hyva-lapsille","10":"product_tag-kuusi","11":"product_tag-paivittainen-ihonhoito-ja-kosteus","13":"first","14":"instock","15":"taxable","16":"shipping-taxable","17":"purchasable","18":"product-type-simple"},"yoast_head":"<!-- This site is optimized with the Yoast SEO plugin v27.2 - https:\/\/yoast.com\/product\/yoast-seo-wordpress\/ -->\n<title>Huulivoide - Tervix O\u00dc<\/title>\n<meta name=\"description\" content=\"Kuusenkerkk\u00e4\u00e4 sis\u00e4lt\u00e4v\u00e4 tuote, jota levitet\u00e4\u00e4n suoraan kuiville ja halkeileville huulille. Suojaa kylm\u00e4lt\u00e4 ja tuulelta. Kotimaista raaka-ainetta, aitoa kev\u00e4isen kuusenkerk\u00e4n makua, pehme\u00e4 samettinen kiilto.\" \/>\n<meta name=\"robots\" content=\"index, follow, max-snippet:-1, max-image-preview:large, max-video-preview:-1\" \/>\n<link rel=\"canonical\" href=\"https:\/\/tervix.ee\/fi\/tuote\/huulivoide\/\" \/>\n<meta property=\"og:locale\" content=\"fi_FI\" \/>\n<meta property=\"og:type\" content=\"article\" \/>\n<meta property=\"og:title\" content=\"Huulivoide - Tervix O\u00dc\" \/>\n<meta property=\"og:description\" content=\"Kuusenkerkk\u00e4\u00e4 sis\u00e4lt\u00e4v\u00e4 tuote, jota levitet\u00e4\u00e4n suoraan kuiville ja halkeileville huulille. Suojaa kylm\u00e4lt\u00e4 ja tuulelta. Kotimaista raaka-ainetta, aitoa kev\u00e4isen kuusenkerk\u00e4n makua, pehme\u00e4 samettinen kiilto.\" \/>\n<meta property=\"og:url\" content=\"https:\/\/tervix.ee\/fi\/tuote\/huulivoide\/\" \/>\n<meta property=\"og:site_name\" content=\"Tervix O\u00dc\" \/>\n<meta property=\"article:publisher\" content=\"https:\/\/www.facebook.com\/Tervix\/\" \/>\n<meta property=\"og:image\" content=\"https:\/\/tervix.ee\/wp-content\/uploads\/2021\/03\/PXL_20220912_143604809.PORTRAIT-scaled.jpg\" \/>\n\t<meta property=\"og:image:width\" content=\"2560\" \/>\n\t<meta property=\"og:image:height\" content=\"1440\" \/>\n\t<meta property=\"og:image:type\" content=\"image\/jpeg\" \/>\n<meta name=\"twitter:card\" content=\"summary_large_image\" \/>\n<script type=\"application\/ld+json\" class=\"yoast-schema-graph\">{\"@context\":\"https:\/\/schema.org\",\"@graph\":[{\"@type\":\"WebPage\",\"@id\":\"https:\/\/tervix.ee\/fi\/tuote\/huulivoide\/\",\"url\":\"https:\/\/tervix.ee\/fi\/tuote\/huulivoide\/\",\"name\":\"Huulivoide - Tervix O\u00dc\",\"isPartOf\":{\"@id\":\"https:\/\/tervix.ee\/fi\/#website\"},\"primaryImageOfPage\":{\"@id\":\"https:\/\/tervix.ee\/fi\/tuote\/huulivoide\/#primaryimage\"},\"image\":{\"@id\":\"https:\/\/tervix.ee\/fi\/tuote\/huulivoide\/#primaryimage\"},\"thumbnailUrl\":\"https:\/\/tervix.ee\/wp-content\/uploads\/2021\/03\/PXL_20220912_143604809.PORTRAIT-scaled.jpg\",\"datePublished\":\"2021-03-26T13:32:19+00:00\",\"description\":\"Kuusenkerkk\u00e4\u00e4 sis\u00e4lt\u00e4v\u00e4 tuote, jota levitet\u00e4\u00e4n suoraan kuiville ja halkeileville huulille. Suojaa kylm\u00e4lt\u00e4 ja tuulelta. Kotimaista raaka-ainetta, aitoa kev\u00e4isen kuusenkerk\u00e4n makua, pehme\u00e4 samettinen kiilto.\",\"breadcrumb\":{\"@id\":\"https:\/\/tervix.ee\/fi\/tuote\/huulivoide\/#breadcrumb\"},\"inLanguage\":\"fi\",\"potentialAction\":[{\"@type\":\"ReadAction\",\"target\":[\"https:\/\/tervix.ee\/fi\/tuote\/huulivoide\/\"]}]},{\"@type\":\"ImageObject\",\"inLanguage\":\"fi\",\"@id\":\"https:\/\/tervix.ee\/fi\/tuote\/huulivoide\/#primaryimage\",\"url\":\"https:\/\/tervix.ee\/wp-content\/uploads\/2021\/03\/PXL_20220912_143604809.PORTRAIT-scaled.jpg\",\"contentUrl\":\"https:\/\/tervix.ee\/wp-content\/uploads\/2021\/03\/PXL_20220912_143604809.PORTRAIT-scaled.jpg\",\"width\":2560,\"height\":1440},{\"@type\":\"BreadcrumbList\",\"@id\":\"https:\/\/tervix.ee\/fi\/tuote\/huulivoide\/#breadcrumb\",\"itemListElement\":[{\"@type\":\"ListItem\",\"position\":1,\"name\":\"Esileht\",\"item\":\"https:\/\/tervix.ee\/fi\/\"},{\"@type\":\"ListItem\",\"position\":2,\"name\":\"Verkkokauppa\",\"item\":\"https:\/\/tervix.ee\/pood\/\"},{\"@type\":\"ListItem\",\"position\":3,\"name\":\"Huulivoide\"}]},{\"@type\":\"WebSite\",\"@id\":\"https:\/\/tervix.ee\/fi\/#website\",\"url\":\"https:\/\/tervix.ee\/fi\/\",\"name\":\"Tervix O\u00dc\",\"description\":\"\",\"publisher\":{\"@id\":\"https:\/\/tervix.ee\/fi\/#organization\"},\"potentialAction\":[{\"@type\":\"SearchAction\",\"target\":{\"@type\":\"EntryPoint\",\"urlTemplate\":\"https:\/\/tervix.ee\/fi\/?s={search_term_string}\"},\"query-input\":{\"@type\":\"PropertyValueSpecification\",\"valueRequired\":true,\"valueName\":\"search_term_string\"}}],\"inLanguage\":\"fi\"},{\"@type\":\"Organization\",\"@id\":\"https:\/\/tervix.ee\/fi\/#organization\",\"name\":\"Tervix O\u00dc\",\"url\":\"https:\/\/tervix.ee\/fi\/\",\"logo\":{\"@type\":\"ImageObject\",\"inLanguage\":\"fi\",\"@id\":\"https:\/\/tervix.ee\/fi\/#\/schema\/logo\/image\/\",\"url\":\"https:\/\/tervix.ee\/wp-content\/uploads\/2021\/03\/header-logo.png\",\"contentUrl\":\"https:\/\/tervix.ee\/wp-content\/uploads\/2021\/03\/header-logo.png\",\"width\":300,\"height\":71,\"caption\":\"Tervix O\u00dc\"},\"image\":{\"@id\":\"https:\/\/tervix.ee\/fi\/#\/schema\/logo\/image\/\"},\"sameAs\":[\"https:\/\/www.facebook.com\/Tervix\/\",\"https:\/\/www.instagram.com\/tervix_natural\/\"]}]}<\/script>\n<!-- \/ Yoast SEO plugin. -->","yoast_head_json":{"title":"Huulivoide - Tervix O\u00dc","description":"Kuusenkerkk\u00e4\u00e4 sis\u00e4lt\u00e4v\u00e4 tuote, jota levitet\u00e4\u00e4n suoraan kuiville ja halkeileville huulille. Suojaa kylm\u00e4lt\u00e4 ja tuulelta. Kotimaista raaka-ainetta, aitoa kev\u00e4isen kuusenkerk\u00e4n makua, pehme\u00e4 samettinen kiilto.","robots":{"index":"index","follow":"follow","max-snippet":"max-snippet:-1","max-image-preview":"max-image-preview:large","max-video-preview":"max-video-preview:-1"},"canonical":"https:\/\/tervix.ee\/fi\/tuote\/huulivoide\/","og_locale":"fi_FI","og_type":"article","og_title":"Huulivoide - Tervix O\u00dc","og_description":"Kuusenkerkk\u00e4\u00e4 sis\u00e4lt\u00e4v\u00e4 tuote, jota levitet\u00e4\u00e4n suoraan kuiville ja halkeileville huulille. Suojaa kylm\u00e4lt\u00e4 ja tuulelta. Kotimaista raaka-ainetta, aitoa kev\u00e4isen kuusenkerk\u00e4n makua, pehme\u00e4 samettinen kiilto.","og_url":"https:\/\/tervix.ee\/fi\/tuote\/huulivoide\/","og_site_name":"Tervix O\u00dc","article_publisher":"https:\/\/www.facebook.com\/Tervix\/","og_image":[{"width":2560,"height":1440,"url":"https:\/\/tervix.ee\/wp-content\/uploads\/2021\/03\/PXL_20220912_143604809.PORTRAIT-scaled.jpg","type":"image\/jpeg"}],"twitter_card":"summary_large_image","schema":{"@context":"https:\/\/schema.org","@graph":[{"@type":"WebPage","@id":"https:\/\/tervix.ee\/fi\/tuote\/huulivoide\/","url":"https:\/\/tervix.ee\/fi\/tuote\/huulivoide\/","name":"Huulivoide - Tervix O\u00dc","isPartOf":{"@id":"https:\/\/tervix.ee\/fi\/#website"},"primaryImageOfPage":{"@id":"https:\/\/tervix.ee\/fi\/tuote\/huulivoide\/#primaryimage"},"image":{"@id":"https:\/\/tervix.ee\/fi\/tuote\/huulivoide\/#primaryimage"},"thumbnailUrl":"https:\/\/tervix.ee\/wp-content\/uploads\/2021\/03\/PXL_20220912_143604809.PORTRAIT-scaled.jpg","datePublished":"2021-03-26T13:32:19+00:00","description":"Kuusenkerkk\u00e4\u00e4 sis\u00e4lt\u00e4v\u00e4 tuote, jota levitet\u00e4\u00e4n suoraan kuiville ja halkeileville huulille. Suojaa kylm\u00e4lt\u00e4 ja tuulelta. Kotimaista raaka-ainetta, aitoa kev\u00e4isen kuusenkerk\u00e4n makua, pehme\u00e4 samettinen kiilto.","breadcrumb":{"@id":"https:\/\/tervix.ee\/fi\/tuote\/huulivoide\/#breadcrumb"},"inLanguage":"fi","potentialAction":[{"@type":"ReadAction","target":["https:\/\/tervix.ee\/fi\/tuote\/huulivoide\/"]}]},{"@type":"ImageObject","inLanguage":"fi","@id":"https:\/\/tervix.ee\/fi\/tuote\/huulivoide\/#primaryimage","url":"https:\/\/tervix.ee\/wp-content\/uploads\/2021\/03\/PXL_20220912_143604809.PORTRAIT-scaled.jpg","contentUrl":"https:\/\/tervix.ee\/wp-content\/uploads\/2021\/03\/PXL_20220912_143604809.PORTRAIT-scaled.jpg","width":2560,"height":1440},{"@type":"BreadcrumbList","@id":"https:\/\/tervix.ee\/fi\/tuote\/huulivoide\/#breadcrumb","itemListElement":[{"@type":"ListItem","position":1,"name":"Esileht","item":"https:\/\/tervix.ee\/fi\/"},{"@type":"ListItem","position":2,"name":"Verkkokauppa","item":"https:\/\/tervix.ee\/pood\/"},{"@type":"ListItem","position":3,"name":"Huulivoide"}]},{"@type":"WebSite","@id":"https:\/\/tervix.ee\/fi\/#website","url":"https:\/\/tervix.ee\/fi\/","name":"Tervix O\u00dc","description":"","publisher":{"@id":"https:\/\/tervix.ee\/fi\/#organization"},"potentialAction":[{"@type":"SearchAction","target":{"@type":"EntryPoint","urlTemplate":"https:\/\/tervix.ee\/fi\/?s={search_term_string}"},"query-input":{"@type":"PropertyValueSpecification","valueRequired":true,"valueName":"search_term_string"}}],"inLanguage":"fi"},{"@type":"Organization","@id":"https:\/\/tervix.ee\/fi\/#organization","name":"Tervix O\u00dc","url":"https:\/\/tervix.ee\/fi\/","logo":{"@type":"ImageObject","inLanguage":"fi","@id":"https:\/\/tervix.ee\/fi\/#\/schema\/logo\/image\/","url":"https:\/\/tervix.ee\/wp-content\/uploads\/2021\/03\/header-logo.png","contentUrl":"https:\/\/tervix.ee\/wp-content\/uploads\/2021\/03\/header-logo.png","width":300,"height":71,"caption":"Tervix O\u00dc"},"image":{"@id":"https:\/\/tervix.ee\/fi\/#\/schema\/logo\/image\/"},"sameAs":["https:\/\/www.facebook.com\/Tervix\/","https:\/\/www.instagram.com\/tervix_natural\/"]}]}},"_links":{"self":[{"href":"https:\/\/tervix.ee\/fi\/wp-json\/wp\/v2\/product\/4587","targetHints":{"allow":["GET"]}}],"collection":[{"href":"https:\/\/tervix.ee\/fi\/wp-json\/wp\/v2\/product"}],"about":[{"href":"https:\/\/tervix.ee\/fi\/wp-json\/wp\/v2\/types\/product"}],"replies":[{"embeddable":true,"href":"https:\/\/tervix.ee\/fi\/wp-json\/wp\/v2\/comments?post=4587"}],"version-history":[{"count":0,"href":"https:\/\/tervix.ee\/fi\/wp-json\/wp\/v2\/product\/4587\/revisions"}],"wp:featuredmedia":[{"embeddable":true,"href":"https:\/\/tervix.ee\/fi\/wp-json\/wp\/v2\/media\/6095"}],"wp:attachment":[{"href":"https:\/\/tervix.ee\/fi\/wp-json\/wp\/v2\/media?parent=4587"}],"wp:term":[{"taxonomy":"product_brand","embeddable":true,"href":"https:\/\/tervix.ee\/fi\/wp-json\/wp\/v2\/product_brand?post=4587"},{"taxonomy":"product_cat","embeddable":true,"href":"https:\/\/tervix.ee\/fi\/wp-json\/wp\/v2\/product_cat?post=4587"},{"taxonomy":"product_tag","embeddable":true,"href":"https:\/\/tervix.ee\/fi\/wp-json\/wp\/v2\/product_tag?post=4587"}],"curies":[{"name":"wp","href":"https:\/\/api.w.org\/{rel}","templated":true}]}}