{"id":4584,"date":"2021-03-26T15:32:19","date_gmt":"2021-03-26T13:32:19","guid":{"rendered":"https:\/\/tervix.ee\/toode\/kantapaavoide\/"},"modified":"2023-03-24T14:27:16","modified_gmt":"2023-03-24T12:27:16","slug":"kantapaavoide","status":"publish","type":"product","link":"https:\/\/tervix.ee\/fi\/tuote\/kantapaavoide\/","title":{"rendered":"Kantap\u00e4\u00e4voide"},"content":{"rendered":"<h3>K\u00e4ytt\u00f6ohjeet<\/h3>\n<ul>\n<li>Levit\u00e4 kantap\u00e4\u00e4lle tarpeen mukaan.<\/li>\n<\/ul>\n<h3>Ainesosat<\/h3>\n<ul>\n<li>Hanhenrasva, mehil\u00e4isvaha, pihta\u00f6ljy.<\/li>\n<\/ul>\n<h3>Nettom\u00e4\u00e4ra<\/h3>\n<ul>\n<li>20 g<\/li>\n<\/ul>\n<h3>S\u00e4ylytys<\/h3>\n<ul>\n<li>Huoneenl\u00e4mm\u00f6ss\u00e4.<\/li>\n<\/ul>\n","protected":false},"excerpt":{"rendered":"<p><strong>100-prosenttisesti luonnollista, ei sis\u00e4ll\u00e4 synteettisi\u00e4 aineita!<\/strong><\/p>\n<p>Kantap\u00e4\u00e4voide sis\u00e4lt\u00e4\u00e4 hanhenrasvan lis\u00e4ksi pihta\u00f6ljy\u00e4 ja mehil\u00e4isvahaa. Kantap\u00e4\u00e4voide on tarkoitettu jalkojen v\u00e4syneen ja haljenneen ihon hoitoon joka vuodenaikana. Se pehmitt\u00e4\u00e4 ja s\u00e4ilytt\u00e4\u00e4 luonnollisen kosteuden ihon kudoksissa sek\u00e4 auttaa ehk\u00e4isem\u00e4\u00e4n kest\u00e4vyyslajien harrastajien jalkapohjaongelmia. <strong>Alaik\u00e4raja 3 vuotta.<\/strong><\/p>\n","protected":false},"featured_media":6364,"comment_status":"open","ping_status":"closed","template":"","meta":[],"product_brand":[],"product_cat":[178,192],"product_tag":[291,295,319,297,313],"class_list":{"0":"post-4584","1":"product","2":"type-product","3":"status-publish","4":"has-post-thumbnail","6":"product_cat-ihollesi","7":"product_cat-voiteet","8":"product_tag-hanhenrasva","9":"product_tag-kitkat-hankaumat","10":"product_tag-kutina-hyttysrakkulat","11":"product_tag-paivittainen-ihonhoito-ja-kosteus","12":"product_tag-punoitus-hilseily","14":"first","15":"instock","16":"taxable","17":"shipping-taxable","18":"purchasable","19":"product-type-simple"},"yoast_head":"<!-- This site is optimized with the Yoast SEO plugin v27.2 - https:\/\/yoast.com\/product\/yoast-seo-wordpress\/ -->\n<title>Kantap\u00e4\u00e4voide - Tervix O\u00dc<\/title>\n<meta name=\"description\" content=\"Kantap\u00e4\u00e4voide sis\u00e4lt\u00e4\u00e4 hanhenrasvan lis\u00e4ksi pihta\u00f6ljy\u00e4 ja mehil\u00e4isvahaa. Kantap\u00e4\u00e4voide on tarkoitettu jalkojen v\u00e4syneen ja haljenneen ihon hoitoon joka vuodenaikana. Se pehmitt\u00e4\u00e4 ja s\u00e4ilytt\u00e4\u00e4 luonnollisen kosteuden ihon kudoksissa sek\u00e4 auttaa ehk\u00e4isem\u00e4\u00e4n kest\u00e4vyyslajien harrastajien jalkapohjaongelmia\" \/>\n<meta name=\"robots\" content=\"index, follow, max-snippet:-1, max-image-preview:large, max-video-preview:-1\" \/>\n<link rel=\"canonical\" href=\"https:\/\/tervix.ee\/fi\/tuote\/kantapaavoide\/\" \/>\n<meta property=\"og:locale\" content=\"fi_FI\" \/>\n<meta property=\"og:type\" content=\"article\" \/>\n<meta property=\"og:title\" content=\"Kantap\u00e4\u00e4voide - Tervix O\u00dc\" \/>\n<meta property=\"og:description\" content=\"Kantap\u00e4\u00e4voide sis\u00e4lt\u00e4\u00e4 hanhenrasvan lis\u00e4ksi pihta\u00f6ljy\u00e4 ja mehil\u00e4isvahaa. Kantap\u00e4\u00e4voide on tarkoitettu jalkojen v\u00e4syneen ja haljenneen ihon hoitoon joka vuodenaikana. Se pehmitt\u00e4\u00e4 ja s\u00e4ilytt\u00e4\u00e4 luonnollisen kosteuden ihon kudoksissa sek\u00e4 auttaa ehk\u00e4isem\u00e4\u00e4n kest\u00e4vyyslajien harrastajien jalkapohjaongelmia\" \/>\n<meta property=\"og:url\" content=\"https:\/\/tervix.ee\/fi\/tuote\/kantapaavoide\/\" \/>\n<meta property=\"og:site_name\" content=\"Tervix O\u00dc\" \/>\n<meta property=\"article:publisher\" content=\"https:\/\/www.facebook.com\/Tervix\/\" \/>\n<meta property=\"article:modified_time\" content=\"2023-03-24T12:27:16+00:00\" \/>\n<meta property=\"og:image\" content=\"https:\/\/tervix.ee\/wp-content\/uploads\/2021\/03\/Kannalohe224-1024x691.jpg\" \/>\n\t<meta property=\"og:image:width\" content=\"1024\" \/>\n\t<meta property=\"og:image:height\" content=\"691\" \/>\n\t<meta property=\"og:image:type\" content=\"image\/jpeg\" \/>\n<meta name=\"twitter:card\" content=\"summary_large_image\" \/>\n<script type=\"application\/ld+json\" class=\"yoast-schema-graph\">{\"@context\":\"https:\/\/schema.org\",\"@graph\":[{\"@type\":\"WebPage\",\"@id\":\"https:\/\/tervix.ee\/fi\/tuote\/kantapaavoide\/\",\"url\":\"https:\/\/tervix.ee\/fi\/tuote\/kantapaavoide\/\",\"name\":\"Kantap\u00e4\u00e4voide - Tervix O\u00dc\",\"isPartOf\":{\"@id\":\"https:\/\/tervix.ee\/fi\/#website\"},\"primaryImageOfPage\":{\"@id\":\"https:\/\/tervix.ee\/fi\/tuote\/kantapaavoide\/#primaryimage\"},\"image\":{\"@id\":\"https:\/\/tervix.ee\/fi\/tuote\/kantapaavoide\/#primaryimage\"},\"thumbnailUrl\":\"https:\/\/tervix.ee\/wp-content\/uploads\/2021\/03\/Kannalohe224.jpg\",\"datePublished\":\"2021-03-26T13:32:19+00:00\",\"dateModified\":\"2023-03-24T12:27:16+00:00\",\"description\":\"Kantap\u00e4\u00e4voide sis\u00e4lt\u00e4\u00e4 hanhenrasvan lis\u00e4ksi pihta\u00f6ljy\u00e4 ja mehil\u00e4isvahaa. Kantap\u00e4\u00e4voide on tarkoitettu jalkojen v\u00e4syneen ja haljenneen ihon hoitoon joka vuodenaikana. Se pehmitt\u00e4\u00e4 ja s\u00e4ilytt\u00e4\u00e4 luonnollisen kosteuden ihon kudoksissa sek\u00e4 auttaa ehk\u00e4isem\u00e4\u00e4n kest\u00e4vyyslajien harrastajien jalkapohjaongelmia\",\"breadcrumb\":{\"@id\":\"https:\/\/tervix.ee\/fi\/tuote\/kantapaavoide\/#breadcrumb\"},\"inLanguage\":\"fi\",\"potentialAction\":[{\"@type\":\"ReadAction\",\"target\":[\"https:\/\/tervix.ee\/fi\/tuote\/kantapaavoide\/\"]}]},{\"@type\":\"ImageObject\",\"inLanguage\":\"fi\",\"@id\":\"https:\/\/tervix.ee\/fi\/tuote\/kantapaavoide\/#primaryimage\",\"url\":\"https:\/\/tervix.ee\/wp-content\/uploads\/2021\/03\/Kannalohe224.jpg\",\"contentUrl\":\"https:\/\/tervix.ee\/wp-content\/uploads\/2021\/03\/Kannalohe224.jpg\",\"width\":2268,\"height\":1530},{\"@type\":\"BreadcrumbList\",\"@id\":\"https:\/\/tervix.ee\/fi\/tuote\/kantapaavoide\/#breadcrumb\",\"itemListElement\":[{\"@type\":\"ListItem\",\"position\":1,\"name\":\"Esileht\",\"item\":\"https:\/\/tervix.ee\/fi\/\"},{\"@type\":\"ListItem\",\"position\":2,\"name\":\"Verkkokauppa\",\"item\":\"https:\/\/tervix.ee\/pood\/\"},{\"@type\":\"ListItem\",\"position\":3,\"name\":\"Kantap\u00e4\u00e4voide\"}]},{\"@type\":\"WebSite\",\"@id\":\"https:\/\/tervix.ee\/fi\/#website\",\"url\":\"https:\/\/tervix.ee\/fi\/\",\"name\":\"Tervix O\u00dc\",\"description\":\"\",\"publisher\":{\"@id\":\"https:\/\/tervix.ee\/fi\/#organization\"},\"potentialAction\":[{\"@type\":\"SearchAction\",\"target\":{\"@type\":\"EntryPoint\",\"urlTemplate\":\"https:\/\/tervix.ee\/fi\/?s={search_term_string}\"},\"query-input\":{\"@type\":\"PropertyValueSpecification\",\"valueRequired\":true,\"valueName\":\"search_term_string\"}}],\"inLanguage\":\"fi\"},{\"@type\":\"Organization\",\"@id\":\"https:\/\/tervix.ee\/fi\/#organization\",\"name\":\"Tervix O\u00dc\",\"url\":\"https:\/\/tervix.ee\/fi\/\",\"logo\":{\"@type\":\"ImageObject\",\"inLanguage\":\"fi\",\"@id\":\"https:\/\/tervix.ee\/fi\/#\/schema\/logo\/image\/\",\"url\":\"https:\/\/tervix.ee\/wp-content\/uploads\/2021\/03\/header-logo.png\",\"contentUrl\":\"https:\/\/tervix.ee\/wp-content\/uploads\/2021\/03\/header-logo.png\",\"width\":300,\"height\":71,\"caption\":\"Tervix O\u00dc\"},\"image\":{\"@id\":\"https:\/\/tervix.ee\/fi\/#\/schema\/logo\/image\/\"},\"sameAs\":[\"https:\/\/www.facebook.com\/Tervix\/\",\"https:\/\/www.instagram.com\/tervix_natural\/\"]}]}<\/script>\n<!-- \/ Yoast SEO plugin. -->","yoast_head_json":{"title":"Kantap\u00e4\u00e4voide - Tervix O\u00dc","description":"Kantap\u00e4\u00e4voide sis\u00e4lt\u00e4\u00e4 hanhenrasvan lis\u00e4ksi pihta\u00f6ljy\u00e4 ja mehil\u00e4isvahaa. Kantap\u00e4\u00e4voide on tarkoitettu jalkojen v\u00e4syneen ja haljenneen ihon hoitoon joka vuodenaikana. Se pehmitt\u00e4\u00e4 ja s\u00e4ilytt\u00e4\u00e4 luonnollisen kosteuden ihon kudoksissa sek\u00e4 auttaa ehk\u00e4isem\u00e4\u00e4n kest\u00e4vyyslajien harrastajien jalkapohjaongelmia","robots":{"index":"index","follow":"follow","max-snippet":"max-snippet:-1","max-image-preview":"max-image-preview:large","max-video-preview":"max-video-preview:-1"},"canonical":"https:\/\/tervix.ee\/fi\/tuote\/kantapaavoide\/","og_locale":"fi_FI","og_type":"article","og_title":"Kantap\u00e4\u00e4voide - Tervix O\u00dc","og_description":"Kantap\u00e4\u00e4voide sis\u00e4lt\u00e4\u00e4 hanhenrasvan lis\u00e4ksi pihta\u00f6ljy\u00e4 ja mehil\u00e4isvahaa. Kantap\u00e4\u00e4voide on tarkoitettu jalkojen v\u00e4syneen ja haljenneen ihon hoitoon joka vuodenaikana. Se pehmitt\u00e4\u00e4 ja s\u00e4ilytt\u00e4\u00e4 luonnollisen kosteuden ihon kudoksissa sek\u00e4 auttaa ehk\u00e4isem\u00e4\u00e4n kest\u00e4vyyslajien harrastajien jalkapohjaongelmia","og_url":"https:\/\/tervix.ee\/fi\/tuote\/kantapaavoide\/","og_site_name":"Tervix O\u00dc","article_publisher":"https:\/\/www.facebook.com\/Tervix\/","article_modified_time":"2023-03-24T12:27:16+00:00","og_image":[{"width":1024,"height":691,"url":"https:\/\/tervix.ee\/wp-content\/uploads\/2021\/03\/Kannalohe224-1024x691.jpg","type":"image\/jpeg"}],"twitter_card":"summary_large_image","schema":{"@context":"https:\/\/schema.org","@graph":[{"@type":"WebPage","@id":"https:\/\/tervix.ee\/fi\/tuote\/kantapaavoide\/","url":"https:\/\/tervix.ee\/fi\/tuote\/kantapaavoide\/","name":"Kantap\u00e4\u00e4voide - Tervix O\u00dc","isPartOf":{"@id":"https:\/\/tervix.ee\/fi\/#website"},"primaryImageOfPage":{"@id":"https:\/\/tervix.ee\/fi\/tuote\/kantapaavoide\/#primaryimage"},"image":{"@id":"https:\/\/tervix.ee\/fi\/tuote\/kantapaavoide\/#primaryimage"},"thumbnailUrl":"https:\/\/tervix.ee\/wp-content\/uploads\/2021\/03\/Kannalohe224.jpg","datePublished":"2021-03-26T13:32:19+00:00","dateModified":"2023-03-24T12:27:16+00:00","description":"Kantap\u00e4\u00e4voide sis\u00e4lt\u00e4\u00e4 hanhenrasvan lis\u00e4ksi pihta\u00f6ljy\u00e4 ja mehil\u00e4isvahaa. Kantap\u00e4\u00e4voide on tarkoitettu jalkojen v\u00e4syneen ja haljenneen ihon hoitoon joka vuodenaikana. Se pehmitt\u00e4\u00e4 ja s\u00e4ilytt\u00e4\u00e4 luonnollisen kosteuden ihon kudoksissa sek\u00e4 auttaa ehk\u00e4isem\u00e4\u00e4n kest\u00e4vyyslajien harrastajien jalkapohjaongelmia","breadcrumb":{"@id":"https:\/\/tervix.ee\/fi\/tuote\/kantapaavoide\/#breadcrumb"},"inLanguage":"fi","potentialAction":[{"@type":"ReadAction","target":["https:\/\/tervix.ee\/fi\/tuote\/kantapaavoide\/"]}]},{"@type":"ImageObject","inLanguage":"fi","@id":"https:\/\/tervix.ee\/fi\/tuote\/kantapaavoide\/#primaryimage","url":"https:\/\/tervix.ee\/wp-content\/uploads\/2021\/03\/Kannalohe224.jpg","contentUrl":"https:\/\/tervix.ee\/wp-content\/uploads\/2021\/03\/Kannalohe224.jpg","width":2268,"height":1530},{"@type":"BreadcrumbList","@id":"https:\/\/tervix.ee\/fi\/tuote\/kantapaavoide\/#breadcrumb","itemListElement":[{"@type":"ListItem","position":1,"name":"Esileht","item":"https:\/\/tervix.ee\/fi\/"},{"@type":"ListItem","position":2,"name":"Verkkokauppa","item":"https:\/\/tervix.ee\/pood\/"},{"@type":"ListItem","position":3,"name":"Kantap\u00e4\u00e4voide"}]},{"@type":"WebSite","@id":"https:\/\/tervix.ee\/fi\/#website","url":"https:\/\/tervix.ee\/fi\/","name":"Tervix O\u00dc","description":"","publisher":{"@id":"https:\/\/tervix.ee\/fi\/#organization"},"potentialAction":[{"@type":"SearchAction","target":{"@type":"EntryPoint","urlTemplate":"https:\/\/tervix.ee\/fi\/?s={search_term_string}"},"query-input":{"@type":"PropertyValueSpecification","valueRequired":true,"valueName":"search_term_string"}}],"inLanguage":"fi"},{"@type":"Organization","@id":"https:\/\/tervix.ee\/fi\/#organization","name":"Tervix O\u00dc","url":"https:\/\/tervix.ee\/fi\/","logo":{"@type":"ImageObject","inLanguage":"fi","@id":"https:\/\/tervix.ee\/fi\/#\/schema\/logo\/image\/","url":"https:\/\/tervix.ee\/wp-content\/uploads\/2021\/03\/header-logo.png","contentUrl":"https:\/\/tervix.ee\/wp-content\/uploads\/2021\/03\/header-logo.png","width":300,"height":71,"caption":"Tervix O\u00dc"},"image":{"@id":"https:\/\/tervix.ee\/fi\/#\/schema\/logo\/image\/"},"sameAs":["https:\/\/www.facebook.com\/Tervix\/","https:\/\/www.instagram.com\/tervix_natural\/"]}]}},"_links":{"self":[{"href":"https:\/\/tervix.ee\/fi\/wp-json\/wp\/v2\/product\/4584","targetHints":{"allow":["GET"]}}],"collection":[{"href":"https:\/\/tervix.ee\/fi\/wp-json\/wp\/v2\/product"}],"about":[{"href":"https:\/\/tervix.ee\/fi\/wp-json\/wp\/v2\/types\/product"}],"replies":[{"embeddable":true,"href":"https:\/\/tervix.ee\/fi\/wp-json\/wp\/v2\/comments?post=4584"}],"version-history":[{"count":0,"href":"https:\/\/tervix.ee\/fi\/wp-json\/wp\/v2\/product\/4584\/revisions"}],"wp:featuredmedia":[{"embeddable":true,"href":"https:\/\/tervix.ee\/fi\/wp-json\/wp\/v2\/media\/6364"}],"wp:attachment":[{"href":"https:\/\/tervix.ee\/fi\/wp-json\/wp\/v2\/media?parent=4584"}],"wp:term":[{"taxonomy":"product_brand","embeddable":true,"href":"https:\/\/tervix.ee\/fi\/wp-json\/wp\/v2\/product_brand?post=4584"},{"taxonomy":"product_cat","embeddable":true,"href":"https:\/\/tervix.ee\/fi\/wp-json\/wp\/v2\/product_cat?post=4584"},{"taxonomy":"product_tag","embeddable":true,"href":"https:\/\/tervix.ee\/fi\/wp-json\/wp\/v2\/product_tag?post=4584"}],"curies":[{"name":"wp","href":"https:\/\/api.w.org\/{rel}","templated":true}]}}