{"id":4582,"date":"2021-03-26T15:32:20","date_gmt":"2021-03-26T13:32:20","guid":{"rendered":"https:\/\/tervix.ee\/toode\/kamomillavoide\/"},"modified":"2023-04-20T11:45:41","modified_gmt":"2023-04-20T08:45:41","slug":"kamomillavoide","status":"publish","type":"product","link":"https:\/\/tervix.ee\/fi\/tuote\/kamomillavoide\/","title":{"rendered":"Kamomillavoide"},"content":{"rendered":"<h3>K\u00e4ytt\u00f6ohjeet<\/h3>\n<ul>\n<li>Vain ulkoisesti. Levit\u00e4 ohuena kerroksena ongelmakohtiin.<\/li>\n<\/ul>\n<h3>Ainesosat<\/h3>\n<ul>\n<li>Kamomilla\u00f6ljy, mehil\u00e4isvaha, propolistinktuura.<\/li>\n<\/ul>\n<h3>Nettom\u00e4\u00e4ra<\/h3>\n<ul>\n<li>20 g<\/li>\n<\/ul>\n<h3>S\u00e4ylytys<\/h3>\n<ul>\n<li>Huoneenl\u00e4mm\u00f6ss\u00e4. Avattuna viile\u00e4ss\u00e4.<\/li>\n<\/ul>\n","protected":false},"excerpt":{"rendered":"<p><strong>100-prosenttisesti luonnollista, ei sis\u00e4ll\u00e4 synteettisi\u00e4 aineita!<\/strong><\/p>\n<p>Kamomillavoide koostuu l\u00e4hinn\u00e4 kamomilla\u00f6ljyst\u00e4, johon on lis\u00e4tty mehil\u00e4isvahaa ja propolistinktuuraa. Rauhoittaa ongelmallisia ja hilseilevi\u00e4 kasvoja pehmitt\u00e4en ihoa. Sopii turvoksissa oleville silm\u00e4luomille. Voidaan k\u00e4ytt\u00e4\u00e4 my\u00f6s jalkojen hikoilun tapauksessa.<\/p>\n<p><strong>Sopii k\u00e4ytett\u00e4v\u00e4ksi pikkulapsilla ihoallergioiden, esimerkiksi vaippa-allergian tapauksessa.<\/strong><\/p>\n","protected":false},"featured_media":6245,"comment_status":"open","ping_status":"closed","template":"","meta":[],"product_brand":[],"product_cat":[175,178,192],"product_tag":[289,295,319,311,297,313,301],"class_list":{"0":"post-4582","1":"product","2":"type-product","3":"status-publish","4":"has-post-thumbnail","6":"product_cat-erityisen-hyva-lapsille","7":"product_cat-ihollesi","8":"product_cat-voiteet","9":"product_tag-haavanhoito","10":"product_tag-kitkat-hankaumat","11":"product_tag-kutina-hyttysrakkulat","12":"product_tag-omega-3-rasvahapot","13":"product_tag-paivittainen-ihonhoito-ja-kosteus","14":"product_tag-punoitus-hilseily","15":"product_tag-yrtti-kamomilla","17":"first","18":"instock","19":"taxable","20":"shipping-taxable","21":"purchasable","22":"product-type-variable","23":"has-default-attributes"},"yoast_head":"<!-- This site is optimized with the Yoast SEO plugin v27.2 - https:\/\/yoast.com\/product\/yoast-seo-wordpress\/ -->\n<title>Kamomillavoide - Tervix O\u00dc<\/title>\n<meta name=\"description\" content=\"Kamomillavoide koostuu l\u00e4hinn\u00e4 kamomilla\u00f6ljyst\u00e4, johon on lis\u00e4tty mehil\u00e4isvahaa ja propolistinktuuraa. Rauhoittaa ongelmallisia ja hilseilevi\u00e4 kasvoja pehmitt\u00e4en ihoa. Sopii turvoksissa oleville silm\u00e4luomille.\" \/>\n<meta name=\"robots\" content=\"index, follow, max-snippet:-1, max-image-preview:large, max-video-preview:-1\" \/>\n<link rel=\"canonical\" href=\"https:\/\/tervix.ee\/fi\/tuote\/kamomillavoide\/\" \/>\n<meta property=\"og:locale\" content=\"fi_FI\" \/>\n<meta property=\"og:type\" content=\"article\" \/>\n<meta property=\"og:title\" content=\"Kamomillavoide - Tervix O\u00dc\" \/>\n<meta property=\"og:description\" content=\"Kamomillavoide koostuu l\u00e4hinn\u00e4 kamomilla\u00f6ljyst\u00e4, johon on lis\u00e4tty mehil\u00e4isvahaa ja propolistinktuuraa. Rauhoittaa ongelmallisia ja hilseilevi\u00e4 kasvoja pehmitt\u00e4en ihoa. Sopii turvoksissa oleville silm\u00e4luomille.\" \/>\n<meta property=\"og:url\" content=\"https:\/\/tervix.ee\/fi\/tuote\/kamomillavoide\/\" \/>\n<meta property=\"og:site_name\" content=\"Tervix O\u00dc\" \/>\n<meta property=\"article:publisher\" content=\"https:\/\/www.facebook.com\/Tervix\/\" \/>\n<meta property=\"article:modified_time\" content=\"2023-04-20T08:45:41+00:00\" \/>\n<meta property=\"og:image\" content=\"https:\/\/tervix.ee\/wp-content\/uploads\/2021\/03\/Kummelisalv221-scaled.jpg\" \/>\n\t<meta property=\"og:image:width\" content=\"2179\" \/>\n\t<meta property=\"og:image:height\" content=\"2560\" \/>\n\t<meta property=\"og:image:type\" content=\"image\/jpeg\" \/>\n<meta name=\"twitter:card\" content=\"summary_large_image\" \/>\n<script type=\"application\/ld+json\" class=\"yoast-schema-graph\">{\"@context\":\"https:\/\/schema.org\",\"@graph\":[{\"@type\":\"WebPage\",\"@id\":\"https:\/\/tervix.ee\/fi\/tuote\/kamomillavoide\/\",\"url\":\"https:\/\/tervix.ee\/fi\/tuote\/kamomillavoide\/\",\"name\":\"Kamomillavoide - Tervix O\u00dc\",\"isPartOf\":{\"@id\":\"https:\/\/tervix.ee\/fi\/#website\"},\"primaryImageOfPage\":{\"@id\":\"https:\/\/tervix.ee\/fi\/tuote\/kamomillavoide\/#primaryimage\"},\"image\":{\"@id\":\"https:\/\/tervix.ee\/fi\/tuote\/kamomillavoide\/#primaryimage\"},\"thumbnailUrl\":\"https:\/\/tervix.ee\/wp-content\/uploads\/2021\/03\/Kummelisalv221-scaled.jpg\",\"datePublished\":\"2021-03-26T13:32:20+00:00\",\"dateModified\":\"2023-04-20T08:45:41+00:00\",\"description\":\"Kamomillavoide koostuu l\u00e4hinn\u00e4 kamomilla\u00f6ljyst\u00e4, johon on lis\u00e4tty mehil\u00e4isvahaa ja propolistinktuuraa. Rauhoittaa ongelmallisia ja hilseilevi\u00e4 kasvoja pehmitt\u00e4en ihoa. Sopii turvoksissa oleville silm\u00e4luomille.\",\"breadcrumb\":{\"@id\":\"https:\/\/tervix.ee\/fi\/tuote\/kamomillavoide\/#breadcrumb\"},\"inLanguage\":\"fi\",\"potentialAction\":[{\"@type\":\"ReadAction\",\"target\":[\"https:\/\/tervix.ee\/fi\/tuote\/kamomillavoide\/\"]}]},{\"@type\":\"ImageObject\",\"inLanguage\":\"fi\",\"@id\":\"https:\/\/tervix.ee\/fi\/tuote\/kamomillavoide\/#primaryimage\",\"url\":\"https:\/\/tervix.ee\/wp-content\/uploads\/2021\/03\/Kummelisalv221-scaled.jpg\",\"contentUrl\":\"https:\/\/tervix.ee\/wp-content\/uploads\/2021\/03\/Kummelisalv221-scaled.jpg\",\"width\":2179,\"height\":2560},{\"@type\":\"BreadcrumbList\",\"@id\":\"https:\/\/tervix.ee\/fi\/tuote\/kamomillavoide\/#breadcrumb\",\"itemListElement\":[{\"@type\":\"ListItem\",\"position\":1,\"name\":\"Esileht\",\"item\":\"https:\/\/tervix.ee\/fi\/\"},{\"@type\":\"ListItem\",\"position\":2,\"name\":\"Verkkokauppa\",\"item\":\"https:\/\/tervix.ee\/pood\/\"},{\"@type\":\"ListItem\",\"position\":3,\"name\":\"Kamomillavoide\"}]},{\"@type\":\"WebSite\",\"@id\":\"https:\/\/tervix.ee\/fi\/#website\",\"url\":\"https:\/\/tervix.ee\/fi\/\",\"name\":\"Tervix O\u00dc\",\"description\":\"\",\"publisher\":{\"@id\":\"https:\/\/tervix.ee\/fi\/#organization\"},\"potentialAction\":[{\"@type\":\"SearchAction\",\"target\":{\"@type\":\"EntryPoint\",\"urlTemplate\":\"https:\/\/tervix.ee\/fi\/?s={search_term_string}\"},\"query-input\":{\"@type\":\"PropertyValueSpecification\",\"valueRequired\":true,\"valueName\":\"search_term_string\"}}],\"inLanguage\":\"fi\"},{\"@type\":\"Organization\",\"@id\":\"https:\/\/tervix.ee\/fi\/#organization\",\"name\":\"Tervix O\u00dc\",\"url\":\"https:\/\/tervix.ee\/fi\/\",\"logo\":{\"@type\":\"ImageObject\",\"inLanguage\":\"fi\",\"@id\":\"https:\/\/tervix.ee\/fi\/#\/schema\/logo\/image\/\",\"url\":\"https:\/\/tervix.ee\/wp-content\/uploads\/2021\/03\/header-logo.png\",\"contentUrl\":\"https:\/\/tervix.ee\/wp-content\/uploads\/2021\/03\/header-logo.png\",\"width\":300,\"height\":71,\"caption\":\"Tervix O\u00dc\"},\"image\":{\"@id\":\"https:\/\/tervix.ee\/fi\/#\/schema\/logo\/image\/\"},\"sameAs\":[\"https:\/\/www.facebook.com\/Tervix\/\",\"https:\/\/www.instagram.com\/tervix_natural\/\"]}]}<\/script>\n<!-- \/ Yoast SEO plugin. -->","yoast_head_json":{"title":"Kamomillavoide - Tervix O\u00dc","description":"Kamomillavoide koostuu l\u00e4hinn\u00e4 kamomilla\u00f6ljyst\u00e4, johon on lis\u00e4tty mehil\u00e4isvahaa ja propolistinktuuraa. Rauhoittaa ongelmallisia ja hilseilevi\u00e4 kasvoja pehmitt\u00e4en ihoa. Sopii turvoksissa oleville silm\u00e4luomille.","robots":{"index":"index","follow":"follow","max-snippet":"max-snippet:-1","max-image-preview":"max-image-preview:large","max-video-preview":"max-video-preview:-1"},"canonical":"https:\/\/tervix.ee\/fi\/tuote\/kamomillavoide\/","og_locale":"fi_FI","og_type":"article","og_title":"Kamomillavoide - Tervix O\u00dc","og_description":"Kamomillavoide koostuu l\u00e4hinn\u00e4 kamomilla\u00f6ljyst\u00e4, johon on lis\u00e4tty mehil\u00e4isvahaa ja propolistinktuuraa. Rauhoittaa ongelmallisia ja hilseilevi\u00e4 kasvoja pehmitt\u00e4en ihoa. Sopii turvoksissa oleville silm\u00e4luomille.","og_url":"https:\/\/tervix.ee\/fi\/tuote\/kamomillavoide\/","og_site_name":"Tervix O\u00dc","article_publisher":"https:\/\/www.facebook.com\/Tervix\/","article_modified_time":"2023-04-20T08:45:41+00:00","og_image":[{"width":2179,"height":2560,"url":"https:\/\/tervix.ee\/wp-content\/uploads\/2021\/03\/Kummelisalv221-scaled.jpg","type":"image\/jpeg"}],"twitter_card":"summary_large_image","schema":{"@context":"https:\/\/schema.org","@graph":[{"@type":"WebPage","@id":"https:\/\/tervix.ee\/fi\/tuote\/kamomillavoide\/","url":"https:\/\/tervix.ee\/fi\/tuote\/kamomillavoide\/","name":"Kamomillavoide - Tervix O\u00dc","isPartOf":{"@id":"https:\/\/tervix.ee\/fi\/#website"},"primaryImageOfPage":{"@id":"https:\/\/tervix.ee\/fi\/tuote\/kamomillavoide\/#primaryimage"},"image":{"@id":"https:\/\/tervix.ee\/fi\/tuote\/kamomillavoide\/#primaryimage"},"thumbnailUrl":"https:\/\/tervix.ee\/wp-content\/uploads\/2021\/03\/Kummelisalv221-scaled.jpg","datePublished":"2021-03-26T13:32:20+00:00","dateModified":"2023-04-20T08:45:41+00:00","description":"Kamomillavoide koostuu l\u00e4hinn\u00e4 kamomilla\u00f6ljyst\u00e4, johon on lis\u00e4tty mehil\u00e4isvahaa ja propolistinktuuraa. Rauhoittaa ongelmallisia ja hilseilevi\u00e4 kasvoja pehmitt\u00e4en ihoa. Sopii turvoksissa oleville silm\u00e4luomille.","breadcrumb":{"@id":"https:\/\/tervix.ee\/fi\/tuote\/kamomillavoide\/#breadcrumb"},"inLanguage":"fi","potentialAction":[{"@type":"ReadAction","target":["https:\/\/tervix.ee\/fi\/tuote\/kamomillavoide\/"]}]},{"@type":"ImageObject","inLanguage":"fi","@id":"https:\/\/tervix.ee\/fi\/tuote\/kamomillavoide\/#primaryimage","url":"https:\/\/tervix.ee\/wp-content\/uploads\/2021\/03\/Kummelisalv221-scaled.jpg","contentUrl":"https:\/\/tervix.ee\/wp-content\/uploads\/2021\/03\/Kummelisalv221-scaled.jpg","width":2179,"height":2560},{"@type":"BreadcrumbList","@id":"https:\/\/tervix.ee\/fi\/tuote\/kamomillavoide\/#breadcrumb","itemListElement":[{"@type":"ListItem","position":1,"name":"Esileht","item":"https:\/\/tervix.ee\/fi\/"},{"@type":"ListItem","position":2,"name":"Verkkokauppa","item":"https:\/\/tervix.ee\/pood\/"},{"@type":"ListItem","position":3,"name":"Kamomillavoide"}]},{"@type":"WebSite","@id":"https:\/\/tervix.ee\/fi\/#website","url":"https:\/\/tervix.ee\/fi\/","name":"Tervix O\u00dc","description":"","publisher":{"@id":"https:\/\/tervix.ee\/fi\/#organization"},"potentialAction":[{"@type":"SearchAction","target":{"@type":"EntryPoint","urlTemplate":"https:\/\/tervix.ee\/fi\/?s={search_term_string}"},"query-input":{"@type":"PropertyValueSpecification","valueRequired":true,"valueName":"search_term_string"}}],"inLanguage":"fi"},{"@type":"Organization","@id":"https:\/\/tervix.ee\/fi\/#organization","name":"Tervix O\u00dc","url":"https:\/\/tervix.ee\/fi\/","logo":{"@type":"ImageObject","inLanguage":"fi","@id":"https:\/\/tervix.ee\/fi\/#\/schema\/logo\/image\/","url":"https:\/\/tervix.ee\/wp-content\/uploads\/2021\/03\/header-logo.png","contentUrl":"https:\/\/tervix.ee\/wp-content\/uploads\/2021\/03\/header-logo.png","width":300,"height":71,"caption":"Tervix O\u00dc"},"image":{"@id":"https:\/\/tervix.ee\/fi\/#\/schema\/logo\/image\/"},"sameAs":["https:\/\/www.facebook.com\/Tervix\/","https:\/\/www.instagram.com\/tervix_natural\/"]}]}},"_links":{"self":[{"href":"https:\/\/tervix.ee\/fi\/wp-json\/wp\/v2\/product\/4582","targetHints":{"allow":["GET"]}}],"collection":[{"href":"https:\/\/tervix.ee\/fi\/wp-json\/wp\/v2\/product"}],"about":[{"href":"https:\/\/tervix.ee\/fi\/wp-json\/wp\/v2\/types\/product"}],"replies":[{"embeddable":true,"href":"https:\/\/tervix.ee\/fi\/wp-json\/wp\/v2\/comments?post=4582"}],"version-history":[{"count":0,"href":"https:\/\/tervix.ee\/fi\/wp-json\/wp\/v2\/product\/4582\/revisions"}],"wp:featuredmedia":[{"embeddable":true,"href":"https:\/\/tervix.ee\/fi\/wp-json\/wp\/v2\/media\/6245"}],"wp:attachment":[{"href":"https:\/\/tervix.ee\/fi\/wp-json\/wp\/v2\/media?parent=4582"}],"wp:term":[{"taxonomy":"product_brand","embeddable":true,"href":"https:\/\/tervix.ee\/fi\/wp-json\/wp\/v2\/product_brand?post=4582"},{"taxonomy":"product_cat","embeddable":true,"href":"https:\/\/tervix.ee\/fi\/wp-json\/wp\/v2\/product_cat?post=4582"},{"taxonomy":"product_tag","embeddable":true,"href":"https:\/\/tervix.ee\/fi\/wp-json\/wp\/v2\/product_tag?post=4582"}],"curies":[{"name":"wp","href":"https:\/\/api.w.org\/{rel}","templated":true}]}}