{"id":4578,"date":"2021-03-26T15:32:20","date_gmt":"2021-03-26T13:32:20","guid":{"rendered":"https:\/\/tervix.ee\/toode\/nenavoide\/"},"modified":"2025-01-14T15:44:00","modified_gmt":"2025-01-14T13:44:00","slug":"nenavoide","status":"publish","type":"product","link":"https:\/\/tervix.ee\/fi\/tuote\/nenavoide\/","title":{"rendered":"Nen\u00e4voide"},"content":{"rendered":"<h3>K\u00e4ytt\u00f6ohjeet<\/h3>\n<ul>\n<li>Levit\u00e4 vanupuikolla nen\u00e4\u00e4n tarpeen mukaan. Muista levitt\u00e4\u00e4 tuotetta my\u00f6s y\u00f6ksi, jotta nen\u00e4n \u00e4rsytys ei h\u00e4iritse unta. Ei tuki nen\u00e4\u00e4.<\/li>\n<\/ul>\n<h3>Ainesosat<\/h3>\n<ul>\n<li>Tyrni\u00f6ljy, oliivi\u00f6ljy, mehil\u00e4isvaha, propolistinktuura, m\u00e4nnyn eteerinen \u00f6ljy, eukalyptuksen eteerinen \u00f6ljy, vesi.<\/li>\n<\/ul>\n<h3>Nettom\u00e4\u00e4ra<\/h3>\n<ul>\n<li>20 g<\/li>\n<\/ul>\n<h3>S\u00e4ylytys<\/h3>\n<ul>\n<li>Huoneenl\u00e4mm\u00f6ss\u00e4.<\/li>\n<\/ul>\n","protected":false},"excerpt":{"rendered":"<p><strong>100-prosenttisesti luonnollista, ei sis\u00e4ll\u00e4 synteettisi\u00e4 aineita!<\/strong><\/p>\n<p>Nen\u00e4voide koostuu p\u00e4\u00e4asiallisesti tyrni- ja oliivi\u00f6ljyst\u00e4, johon on lis\u00e4tty mehil\u00e4isvahaa, propolista ja eteerisi\u00e4 \u00f6ljyj\u00e4. Nen\u00e4voide kosteuttaa tehokkaasti limakalvoa, pehmitt\u00e4\u00e4 kuoria ja v\u00e4hent\u00e4\u00e4 ep\u00e4mukavuuden tunnetta nen\u00e4ss\u00e4. Nen\u00e4si voi paremmin heti voiteen levitt\u00e4misen j\u00e4lkeen! Olemme sit\u00e4 mielt\u00e4, ett\u00e4 se on parhaita tuotteitamme ?<\/p>\n<p><strong>Sopii k\u00e4ytett\u00e4v\u00e4ksi pikkulapsilla, mutta auttaa my\u00f6s aikuista!<\/strong><\/p>\n","protected":false},"featured_media":6241,"comment_status":"open","ping_status":"closed","template":"","meta":[],"product_brand":[],"product_cat":[175,192],"product_tag":[287,305,313],"class_list":{"0":"post-4578","1":"product","2":"type-product","3":"status-publish","4":"has-post-thumbnail","6":"product_cat-erityisen-hyva-lapsille","7":"product_cat-voiteet","8":"product_tag-erityisen-hyva-lapsille","9":"product_tag-kylma","10":"product_tag-punoitus-hilseily","12":"first","13":"instock","14":"taxable","15":"shipping-taxable","16":"purchasable","17":"product-type-simple"},"yoast_head":"<!-- This site is optimized with the Yoast SEO plugin v27.2 - https:\/\/yoast.com\/product\/yoast-seo-wordpress\/ -->\n<title>Nen\u00e4voide - Tervix O\u00dc<\/title>\n<meta name=\"description\" content=\"Nen\u00e4voide koostuu p\u00e4\u00e4asiallisesti tyrni- ja oliivi\u00f6ljyst\u00e4, johon on lis\u00e4tty mehil\u00e4isvahaa, propolista ja eteerisi\u00e4 \u00f6ljyj\u00e4. Nen\u00e4voide kosteuttaa tehokkaasti limakalvoa, pehmitt\u00e4\u00e4 kuoria ja v\u00e4hent\u00e4\u00e4 ep\u00e4mukavuuden tunnetta nen\u00e4ss\u00e4.\" \/>\n<meta name=\"robots\" content=\"index, follow, max-snippet:-1, max-image-preview:large, max-video-preview:-1\" \/>\n<link rel=\"canonical\" href=\"https:\/\/tervix.ee\/fi\/tuote\/nenavoide\/\" \/>\n<meta property=\"og:locale\" content=\"fi_FI\" \/>\n<meta property=\"og:type\" content=\"article\" \/>\n<meta property=\"og:title\" content=\"Nen\u00e4voide - Tervix O\u00dc\" \/>\n<meta property=\"og:description\" content=\"Nen\u00e4voide koostuu p\u00e4\u00e4asiallisesti tyrni- ja oliivi\u00f6ljyst\u00e4, johon on lis\u00e4tty mehil\u00e4isvahaa, propolista ja eteerisi\u00e4 \u00f6ljyj\u00e4. Nen\u00e4voide kosteuttaa tehokkaasti limakalvoa, pehmitt\u00e4\u00e4 kuoria ja v\u00e4hent\u00e4\u00e4 ep\u00e4mukavuuden tunnetta nen\u00e4ss\u00e4.\" \/>\n<meta property=\"og:url\" content=\"https:\/\/tervix.ee\/fi\/tuote\/nenavoide\/\" \/>\n<meta property=\"og:site_name\" content=\"Tervix O\u00dc\" \/>\n<meta property=\"article:publisher\" content=\"https:\/\/www.facebook.com\/Tervix\/\" \/>\n<meta property=\"article:modified_time\" content=\"2025-01-14T13:44:00+00:00\" \/>\n<meta property=\"og:image\" content=\"https:\/\/tervix.ee\/wp-content\/uploads\/2021\/03\/Ninasalv223-1-scaled.jpg\" \/>\n\t<meta property=\"og:image:width\" content=\"2560\" \/>\n\t<meta property=\"og:image:height\" content=\"1620\" \/>\n\t<meta property=\"og:image:type\" content=\"image\/jpeg\" \/>\n<meta name=\"twitter:card\" content=\"summary_large_image\" \/>\n<script type=\"application\/ld+json\" class=\"yoast-schema-graph\">{\"@context\":\"https:\/\/schema.org\",\"@graph\":[{\"@type\":\"WebPage\",\"@id\":\"https:\/\/tervix.ee\/fi\/tuote\/nenavoide\/\",\"url\":\"https:\/\/tervix.ee\/fi\/tuote\/nenavoide\/\",\"name\":\"Nen\u00e4voide - Tervix O\u00dc\",\"isPartOf\":{\"@id\":\"https:\/\/tervix.ee\/fi\/#website\"},\"primaryImageOfPage\":{\"@id\":\"https:\/\/tervix.ee\/fi\/tuote\/nenavoide\/#primaryimage\"},\"image\":{\"@id\":\"https:\/\/tervix.ee\/fi\/tuote\/nenavoide\/#primaryimage\"},\"thumbnailUrl\":\"https:\/\/tervix.ee\/wp-content\/uploads\/2021\/03\/Ninasalv223-1-scaled.jpg\",\"datePublished\":\"2021-03-26T13:32:20+00:00\",\"dateModified\":\"2025-01-14T13:44:00+00:00\",\"description\":\"Nen\u00e4voide koostuu p\u00e4\u00e4asiallisesti tyrni- ja oliivi\u00f6ljyst\u00e4, johon on lis\u00e4tty mehil\u00e4isvahaa, propolista ja eteerisi\u00e4 \u00f6ljyj\u00e4. Nen\u00e4voide kosteuttaa tehokkaasti limakalvoa, pehmitt\u00e4\u00e4 kuoria ja v\u00e4hent\u00e4\u00e4 ep\u00e4mukavuuden tunnetta nen\u00e4ss\u00e4.\",\"breadcrumb\":{\"@id\":\"https:\/\/tervix.ee\/fi\/tuote\/nenavoide\/#breadcrumb\"},\"inLanguage\":\"fi\",\"potentialAction\":[{\"@type\":\"ReadAction\",\"target\":[\"https:\/\/tervix.ee\/fi\/tuote\/nenavoide\/\"]}]},{\"@type\":\"ImageObject\",\"inLanguage\":\"fi\",\"@id\":\"https:\/\/tervix.ee\/fi\/tuote\/nenavoide\/#primaryimage\",\"url\":\"https:\/\/tervix.ee\/wp-content\/uploads\/2021\/03\/Ninasalv223-1-scaled.jpg\",\"contentUrl\":\"https:\/\/tervix.ee\/wp-content\/uploads\/2021\/03\/Ninasalv223-1-scaled.jpg\",\"width\":2560,\"height\":1620,\"caption\":\"allergiline nohu\"},{\"@type\":\"BreadcrumbList\",\"@id\":\"https:\/\/tervix.ee\/fi\/tuote\/nenavoide\/#breadcrumb\",\"itemListElement\":[{\"@type\":\"ListItem\",\"position\":1,\"name\":\"Esileht\",\"item\":\"https:\/\/tervix.ee\/fi\/\"},{\"@type\":\"ListItem\",\"position\":2,\"name\":\"Verkkokauppa\",\"item\":\"https:\/\/tervix.ee\/pood\/\"},{\"@type\":\"ListItem\",\"position\":3,\"name\":\"Nen\u00e4voide\"}]},{\"@type\":\"WebSite\",\"@id\":\"https:\/\/tervix.ee\/fi\/#website\",\"url\":\"https:\/\/tervix.ee\/fi\/\",\"name\":\"Tervix O\u00dc\",\"description\":\"\",\"publisher\":{\"@id\":\"https:\/\/tervix.ee\/fi\/#organization\"},\"potentialAction\":[{\"@type\":\"SearchAction\",\"target\":{\"@type\":\"EntryPoint\",\"urlTemplate\":\"https:\/\/tervix.ee\/fi\/?s={search_term_string}\"},\"query-input\":{\"@type\":\"PropertyValueSpecification\",\"valueRequired\":true,\"valueName\":\"search_term_string\"}}],\"inLanguage\":\"fi\"},{\"@type\":\"Organization\",\"@id\":\"https:\/\/tervix.ee\/fi\/#organization\",\"name\":\"Tervix O\u00dc\",\"url\":\"https:\/\/tervix.ee\/fi\/\",\"logo\":{\"@type\":\"ImageObject\",\"inLanguage\":\"fi\",\"@id\":\"https:\/\/tervix.ee\/fi\/#\/schema\/logo\/image\/\",\"url\":\"https:\/\/tervix.ee\/wp-content\/uploads\/2021\/03\/header-logo.png\",\"contentUrl\":\"https:\/\/tervix.ee\/wp-content\/uploads\/2021\/03\/header-logo.png\",\"width\":300,\"height\":71,\"caption\":\"Tervix O\u00dc\"},\"image\":{\"@id\":\"https:\/\/tervix.ee\/fi\/#\/schema\/logo\/image\/\"},\"sameAs\":[\"https:\/\/www.facebook.com\/Tervix\/\",\"https:\/\/www.instagram.com\/tervix_natural\/\"]}]}<\/script>\n<!-- \/ Yoast SEO plugin. -->","yoast_head_json":{"title":"Nen\u00e4voide - Tervix O\u00dc","description":"Nen\u00e4voide koostuu p\u00e4\u00e4asiallisesti tyrni- ja oliivi\u00f6ljyst\u00e4, johon on lis\u00e4tty mehil\u00e4isvahaa, propolista ja eteerisi\u00e4 \u00f6ljyj\u00e4. Nen\u00e4voide kosteuttaa tehokkaasti limakalvoa, pehmitt\u00e4\u00e4 kuoria ja v\u00e4hent\u00e4\u00e4 ep\u00e4mukavuuden tunnetta nen\u00e4ss\u00e4.","robots":{"index":"index","follow":"follow","max-snippet":"max-snippet:-1","max-image-preview":"max-image-preview:large","max-video-preview":"max-video-preview:-1"},"canonical":"https:\/\/tervix.ee\/fi\/tuote\/nenavoide\/","og_locale":"fi_FI","og_type":"article","og_title":"Nen\u00e4voide - Tervix O\u00dc","og_description":"Nen\u00e4voide koostuu p\u00e4\u00e4asiallisesti tyrni- ja oliivi\u00f6ljyst\u00e4, johon on lis\u00e4tty mehil\u00e4isvahaa, propolista ja eteerisi\u00e4 \u00f6ljyj\u00e4. Nen\u00e4voide kosteuttaa tehokkaasti limakalvoa, pehmitt\u00e4\u00e4 kuoria ja v\u00e4hent\u00e4\u00e4 ep\u00e4mukavuuden tunnetta nen\u00e4ss\u00e4.","og_url":"https:\/\/tervix.ee\/fi\/tuote\/nenavoide\/","og_site_name":"Tervix O\u00dc","article_publisher":"https:\/\/www.facebook.com\/Tervix\/","article_modified_time":"2025-01-14T13:44:00+00:00","og_image":[{"width":2560,"height":1620,"url":"https:\/\/tervix.ee\/wp-content\/uploads\/2021\/03\/Ninasalv223-1-scaled.jpg","type":"image\/jpeg"}],"twitter_card":"summary_large_image","schema":{"@context":"https:\/\/schema.org","@graph":[{"@type":"WebPage","@id":"https:\/\/tervix.ee\/fi\/tuote\/nenavoide\/","url":"https:\/\/tervix.ee\/fi\/tuote\/nenavoide\/","name":"Nen\u00e4voide - Tervix O\u00dc","isPartOf":{"@id":"https:\/\/tervix.ee\/fi\/#website"},"primaryImageOfPage":{"@id":"https:\/\/tervix.ee\/fi\/tuote\/nenavoide\/#primaryimage"},"image":{"@id":"https:\/\/tervix.ee\/fi\/tuote\/nenavoide\/#primaryimage"},"thumbnailUrl":"https:\/\/tervix.ee\/wp-content\/uploads\/2021\/03\/Ninasalv223-1-scaled.jpg","datePublished":"2021-03-26T13:32:20+00:00","dateModified":"2025-01-14T13:44:00+00:00","description":"Nen\u00e4voide koostuu p\u00e4\u00e4asiallisesti tyrni- ja oliivi\u00f6ljyst\u00e4, johon on lis\u00e4tty mehil\u00e4isvahaa, propolista ja eteerisi\u00e4 \u00f6ljyj\u00e4. Nen\u00e4voide kosteuttaa tehokkaasti limakalvoa, pehmitt\u00e4\u00e4 kuoria ja v\u00e4hent\u00e4\u00e4 ep\u00e4mukavuuden tunnetta nen\u00e4ss\u00e4.","breadcrumb":{"@id":"https:\/\/tervix.ee\/fi\/tuote\/nenavoide\/#breadcrumb"},"inLanguage":"fi","potentialAction":[{"@type":"ReadAction","target":["https:\/\/tervix.ee\/fi\/tuote\/nenavoide\/"]}]},{"@type":"ImageObject","inLanguage":"fi","@id":"https:\/\/tervix.ee\/fi\/tuote\/nenavoide\/#primaryimage","url":"https:\/\/tervix.ee\/wp-content\/uploads\/2021\/03\/Ninasalv223-1-scaled.jpg","contentUrl":"https:\/\/tervix.ee\/wp-content\/uploads\/2021\/03\/Ninasalv223-1-scaled.jpg","width":2560,"height":1620,"caption":"allergiline nohu"},{"@type":"BreadcrumbList","@id":"https:\/\/tervix.ee\/fi\/tuote\/nenavoide\/#breadcrumb","itemListElement":[{"@type":"ListItem","position":1,"name":"Esileht","item":"https:\/\/tervix.ee\/fi\/"},{"@type":"ListItem","position":2,"name":"Verkkokauppa","item":"https:\/\/tervix.ee\/pood\/"},{"@type":"ListItem","position":3,"name":"Nen\u00e4voide"}]},{"@type":"WebSite","@id":"https:\/\/tervix.ee\/fi\/#website","url":"https:\/\/tervix.ee\/fi\/","name":"Tervix O\u00dc","description":"","publisher":{"@id":"https:\/\/tervix.ee\/fi\/#organization"},"potentialAction":[{"@type":"SearchAction","target":{"@type":"EntryPoint","urlTemplate":"https:\/\/tervix.ee\/fi\/?s={search_term_string}"},"query-input":{"@type":"PropertyValueSpecification","valueRequired":true,"valueName":"search_term_string"}}],"inLanguage":"fi"},{"@type":"Organization","@id":"https:\/\/tervix.ee\/fi\/#organization","name":"Tervix O\u00dc","url":"https:\/\/tervix.ee\/fi\/","logo":{"@type":"ImageObject","inLanguage":"fi","@id":"https:\/\/tervix.ee\/fi\/#\/schema\/logo\/image\/","url":"https:\/\/tervix.ee\/wp-content\/uploads\/2021\/03\/header-logo.png","contentUrl":"https:\/\/tervix.ee\/wp-content\/uploads\/2021\/03\/header-logo.png","width":300,"height":71,"caption":"Tervix O\u00dc"},"image":{"@id":"https:\/\/tervix.ee\/fi\/#\/schema\/logo\/image\/"},"sameAs":["https:\/\/www.facebook.com\/Tervix\/","https:\/\/www.instagram.com\/tervix_natural\/"]}]}},"_links":{"self":[{"href":"https:\/\/tervix.ee\/fi\/wp-json\/wp\/v2\/product\/4578","targetHints":{"allow":["GET"]}}],"collection":[{"href":"https:\/\/tervix.ee\/fi\/wp-json\/wp\/v2\/product"}],"about":[{"href":"https:\/\/tervix.ee\/fi\/wp-json\/wp\/v2\/types\/product"}],"replies":[{"embeddable":true,"href":"https:\/\/tervix.ee\/fi\/wp-json\/wp\/v2\/comments?post=4578"}],"version-history":[{"count":0,"href":"https:\/\/tervix.ee\/fi\/wp-json\/wp\/v2\/product\/4578\/revisions"}],"wp:featuredmedia":[{"embeddable":true,"href":"https:\/\/tervix.ee\/fi\/wp-json\/wp\/v2\/media\/6241"}],"wp:attachment":[{"href":"https:\/\/tervix.ee\/fi\/wp-json\/wp\/v2\/media?parent=4578"}],"wp:term":[{"taxonomy":"product_brand","embeddable":true,"href":"https:\/\/tervix.ee\/fi\/wp-json\/wp\/v2\/product_brand?post=4578"},{"taxonomy":"product_cat","embeddable":true,"href":"https:\/\/tervix.ee\/fi\/wp-json\/wp\/v2\/product_cat?post=4578"},{"taxonomy":"product_tag","embeddable":true,"href":"https:\/\/tervix.ee\/fi\/wp-json\/wp\/v2\/product_tag?post=4578"}],"curies":[{"name":"wp","href":"https:\/\/api.w.org\/{rel}","templated":true}]}}