{"id":4577,"date":"2021-03-26T15:32:49","date_gmt":"2021-03-26T13:32:49","guid":{"rendered":"https:\/\/tervix.ee\/toode\/kehakukkavoide\/"},"modified":"2023-03-24T14:27:14","modified_gmt":"2023-03-24T12:27:14","slug":"kehakukkavoide","status":"publish","type":"product","link":"https:\/\/tervix.ee\/fi\/tuote\/kehakukkavoide\/","title":{"rendered":"Keh\u00e4kukkavoide"},"content":{"rendered":"<h3>K\u00e4ytt\u00f6ohjeet<\/h3>\n<ul>\n<li>Vain ulkoisesti. Levit\u00e4 ohuena kerroksena ongelmakohtiin.<\/li>\n<\/ul>\n<h3>Ainesosat<\/h3>\n<ul>\n<li>Keh\u00e4kukka\u00f6ljy, oliivi\u00f6ljy, mehil\u00e4isvaha, keh\u00e4kukkatinktuura, propolistinktuura.<\/li>\n<\/ul>\n<h3>Nettom\u00e4\u00e4ra<\/h3>\n<ul>\n<li>20 g<\/li>\n<\/ul>\n<h3>S\u00e4ylytys<\/h3>\n<ul>\n<li>Huoneenl\u00e4mm\u00f6ss\u00e4. Avattuna viile\u00e4ss\u00e4.<\/li>\n<\/ul>\n","protected":false},"excerpt":{"rendered":"<p><strong>100-prosenttisesti luonnollista, ei sis\u00e4ll\u00e4 synteettisi\u00e4 aineita!\u00a0<\/strong><\/p>\n<p>Keh\u00e4kukkavoide koostuu p\u00e4\u00e4asiallisesti keh\u00e4kukka- ja oliivi\u00f6ljyst\u00e4, johon on lis\u00e4tty mehil\u00e4isvahaa ja eri tinktuuroita. Keh\u00e4kukkavoiteella on kosteuttava ja rauhoittava vaikutus, ja se sopii herk\u00e4lle ja kuivalle iholle p\u00e4ivitt\u00e4iseen k\u00e4ytt\u00f6\u00f6n. Lis\u00e4\u00e4 ihon puolustuskyky\u00e4 ja auttaa pit\u00e4m\u00e4\u00e4n ihon hyv\u00e4ss\u00e4 kunnossa.\u00a0<a href=\"https:\/\/tervix.ee\/fi\/kehakukka\/\"><span style=\"text-decoration: underline;\"><strong>Tietoa keh\u00e4kukasta.<\/strong><\/span><\/a><\/p>\n<p><strong>Sopii p\u00e4ivitt\u00e4iseen k\u00e4ytt\u00f6\u00f6n pikkulapsilla kuivan ja karhean ihon kosteuttamiseksi ja pehmitt\u00e4miseksi. Lievent\u00e4\u00e4 ihon \u00e4rsytyst\u00e4.<\/strong><\/p>\n","protected":false},"featured_media":6279,"comment_status":"open","ping_status":"closed","template":"","meta":[],"product_brand":[],"product_cat":[175,178,192],"product_tag":[289,315,295,319,311,297,313],"class_list":{"0":"post-4577","1":"product","2":"type-product","3":"status-publish","4":"has-post-thumbnail","6":"product_cat-erityisen-hyva-lapsille","7":"product_cat-ihollesi","8":"product_cat-voiteet","9":"product_tag-haavanhoito","10":"product_tag-kehakukka","11":"product_tag-kitkat-hankaumat","12":"product_tag-kutina-hyttysrakkulat","13":"product_tag-omega-3-rasvahapot","14":"product_tag-paivittainen-ihonhoito-ja-kosteus","15":"product_tag-punoitus-hilseily","17":"first","18":"instock","19":"taxable","20":"shipping-taxable","21":"purchasable","22":"product-type-simple"},"yoast_head":"<!-- This site is optimized with the Yoast SEO plugin v27.2 - https:\/\/yoast.com\/product\/yoast-seo-wordpress\/ -->\n<title>Keh\u00e4kukkavoide - Tervix O\u00dc<\/title>\n<meta name=\"description\" content=\"Keh\u00e4kukkavoide koostuu p\u00e4\u00e4asiallisesti keh\u00e4kukka- ja oliivi\u00f6ljyst\u00e4, johon on lis\u00e4tty mehil\u00e4isvahaa ja eri tinktuuroita. Keh\u00e4kukkavoiteella on kosteuttava ja rauhoittava vaikutus, ja se sopii herk\u00e4lle ja kuivalle iholle p\u00e4ivitt\u00e4iseen k\u00e4ytt\u00f6\u00f6n.\" \/>\n<meta name=\"robots\" content=\"index, follow, max-snippet:-1, max-image-preview:large, max-video-preview:-1\" \/>\n<link rel=\"canonical\" href=\"https:\/\/tervix.ee\/fi\/tuote\/kehakukkavoide\/\" \/>\n<meta property=\"og:locale\" content=\"fi_FI\" \/>\n<meta property=\"og:type\" content=\"article\" \/>\n<meta property=\"og:title\" content=\"Keh\u00e4kukkavoide - Tervix O\u00dc\" \/>\n<meta property=\"og:description\" content=\"Keh\u00e4kukkavoide koostuu p\u00e4\u00e4asiallisesti keh\u00e4kukka- ja oliivi\u00f6ljyst\u00e4, johon on lis\u00e4tty mehil\u00e4isvahaa ja eri tinktuuroita. Keh\u00e4kukkavoiteella on kosteuttava ja rauhoittava vaikutus, ja se sopii herk\u00e4lle ja kuivalle iholle p\u00e4ivitt\u00e4iseen k\u00e4ytt\u00f6\u00f6n.\" \/>\n<meta property=\"og:url\" content=\"https:\/\/tervix.ee\/fi\/tuote\/kehakukkavoide\/\" \/>\n<meta property=\"og:site_name\" content=\"Tervix O\u00dc\" \/>\n<meta property=\"article:publisher\" content=\"https:\/\/www.facebook.com\/Tervix\/\" \/>\n<meta property=\"article:modified_time\" content=\"2023-03-24T12:27:14+00:00\" \/>\n<meta property=\"og:image\" content=\"https:\/\/tervix.ee\/wp-content\/uploads\/2021\/03\/Saialillesalv222-949x1024.jpg\" \/>\n\t<meta property=\"og:image:width\" content=\"949\" \/>\n\t<meta property=\"og:image:height\" content=\"1024\" \/>\n\t<meta property=\"og:image:type\" content=\"image\/jpeg\" \/>\n<meta name=\"twitter:card\" content=\"summary_large_image\" \/>\n<script type=\"application\/ld+json\" class=\"yoast-schema-graph\">{\"@context\":\"https:\/\/schema.org\",\"@graph\":[{\"@type\":\"WebPage\",\"@id\":\"https:\/\/tervix.ee\/fi\/tuote\/kehakukkavoide\/\",\"url\":\"https:\/\/tervix.ee\/fi\/tuote\/kehakukkavoide\/\",\"name\":\"Keh\u00e4kukkavoide - Tervix O\u00dc\",\"isPartOf\":{\"@id\":\"https:\/\/tervix.ee\/fi\/#website\"},\"primaryImageOfPage\":{\"@id\":\"https:\/\/tervix.ee\/fi\/tuote\/kehakukkavoide\/#primaryimage\"},\"image\":{\"@id\":\"https:\/\/tervix.ee\/fi\/tuote\/kehakukkavoide\/#primaryimage\"},\"thumbnailUrl\":\"https:\/\/tervix.ee\/wp-content\/uploads\/2021\/03\/Saialillesalv222.jpg\",\"datePublished\":\"2021-03-26T13:32:49+00:00\",\"dateModified\":\"2023-03-24T12:27:14+00:00\",\"description\":\"Keh\u00e4kukkavoide koostuu p\u00e4\u00e4asiallisesti keh\u00e4kukka- ja oliivi\u00f6ljyst\u00e4, johon on lis\u00e4tty mehil\u00e4isvahaa ja eri tinktuuroita. Keh\u00e4kukkavoiteella on kosteuttava ja rauhoittava vaikutus, ja se sopii herk\u00e4lle ja kuivalle iholle p\u00e4ivitt\u00e4iseen k\u00e4ytt\u00f6\u00f6n.\",\"breadcrumb\":{\"@id\":\"https:\/\/tervix.ee\/fi\/tuote\/kehakukkavoide\/#breadcrumb\"},\"inLanguage\":\"fi\",\"potentialAction\":[{\"@type\":\"ReadAction\",\"target\":[\"https:\/\/tervix.ee\/fi\/tuote\/kehakukkavoide\/\"]}]},{\"@type\":\"ImageObject\",\"inLanguage\":\"fi\",\"@id\":\"https:\/\/tervix.ee\/fi\/tuote\/kehakukkavoide\/#primaryimage\",\"url\":\"https:\/\/tervix.ee\/wp-content\/uploads\/2021\/03\/Saialillesalv222.jpg\",\"contentUrl\":\"https:\/\/tervix.ee\/wp-content\/uploads\/2021\/03\/Saialillesalv222.jpg\",\"width\":2268,\"height\":2448},{\"@type\":\"BreadcrumbList\",\"@id\":\"https:\/\/tervix.ee\/fi\/tuote\/kehakukkavoide\/#breadcrumb\",\"itemListElement\":[{\"@type\":\"ListItem\",\"position\":1,\"name\":\"Esileht\",\"item\":\"https:\/\/tervix.ee\/fi\/\"},{\"@type\":\"ListItem\",\"position\":2,\"name\":\"Verkkokauppa\",\"item\":\"https:\/\/tervix.ee\/pood\/\"},{\"@type\":\"ListItem\",\"position\":3,\"name\":\"Keh\u00e4kukkavoide\"}]},{\"@type\":\"WebSite\",\"@id\":\"https:\/\/tervix.ee\/fi\/#website\",\"url\":\"https:\/\/tervix.ee\/fi\/\",\"name\":\"Tervix O\u00dc\",\"description\":\"\",\"publisher\":{\"@id\":\"https:\/\/tervix.ee\/fi\/#organization\"},\"potentialAction\":[{\"@type\":\"SearchAction\",\"target\":{\"@type\":\"EntryPoint\",\"urlTemplate\":\"https:\/\/tervix.ee\/fi\/?s={search_term_string}\"},\"query-input\":{\"@type\":\"PropertyValueSpecification\",\"valueRequired\":true,\"valueName\":\"search_term_string\"}}],\"inLanguage\":\"fi\"},{\"@type\":\"Organization\",\"@id\":\"https:\/\/tervix.ee\/fi\/#organization\",\"name\":\"Tervix O\u00dc\",\"url\":\"https:\/\/tervix.ee\/fi\/\",\"logo\":{\"@type\":\"ImageObject\",\"inLanguage\":\"fi\",\"@id\":\"https:\/\/tervix.ee\/fi\/#\/schema\/logo\/image\/\",\"url\":\"https:\/\/tervix.ee\/wp-content\/uploads\/2021\/03\/header-logo.png\",\"contentUrl\":\"https:\/\/tervix.ee\/wp-content\/uploads\/2021\/03\/header-logo.png\",\"width\":300,\"height\":71,\"caption\":\"Tervix O\u00dc\"},\"image\":{\"@id\":\"https:\/\/tervix.ee\/fi\/#\/schema\/logo\/image\/\"},\"sameAs\":[\"https:\/\/www.facebook.com\/Tervix\/\",\"https:\/\/www.instagram.com\/tervix_natural\/\"]}]}<\/script>\n<!-- \/ Yoast SEO plugin. -->","yoast_head_json":{"title":"Keh\u00e4kukkavoide - Tervix O\u00dc","description":"Keh\u00e4kukkavoide koostuu p\u00e4\u00e4asiallisesti keh\u00e4kukka- ja oliivi\u00f6ljyst\u00e4, johon on lis\u00e4tty mehil\u00e4isvahaa ja eri tinktuuroita. Keh\u00e4kukkavoiteella on kosteuttava ja rauhoittava vaikutus, ja se sopii herk\u00e4lle ja kuivalle iholle p\u00e4ivitt\u00e4iseen k\u00e4ytt\u00f6\u00f6n.","robots":{"index":"index","follow":"follow","max-snippet":"max-snippet:-1","max-image-preview":"max-image-preview:large","max-video-preview":"max-video-preview:-1"},"canonical":"https:\/\/tervix.ee\/fi\/tuote\/kehakukkavoide\/","og_locale":"fi_FI","og_type":"article","og_title":"Keh\u00e4kukkavoide - Tervix O\u00dc","og_description":"Keh\u00e4kukkavoide koostuu p\u00e4\u00e4asiallisesti keh\u00e4kukka- ja oliivi\u00f6ljyst\u00e4, johon on lis\u00e4tty mehil\u00e4isvahaa ja eri tinktuuroita. Keh\u00e4kukkavoiteella on kosteuttava ja rauhoittava vaikutus, ja se sopii herk\u00e4lle ja kuivalle iholle p\u00e4ivitt\u00e4iseen k\u00e4ytt\u00f6\u00f6n.","og_url":"https:\/\/tervix.ee\/fi\/tuote\/kehakukkavoide\/","og_site_name":"Tervix O\u00dc","article_publisher":"https:\/\/www.facebook.com\/Tervix\/","article_modified_time":"2023-03-24T12:27:14+00:00","og_image":[{"width":949,"height":1024,"url":"https:\/\/tervix.ee\/wp-content\/uploads\/2021\/03\/Saialillesalv222-949x1024.jpg","type":"image\/jpeg"}],"twitter_card":"summary_large_image","schema":{"@context":"https:\/\/schema.org","@graph":[{"@type":"WebPage","@id":"https:\/\/tervix.ee\/fi\/tuote\/kehakukkavoide\/","url":"https:\/\/tervix.ee\/fi\/tuote\/kehakukkavoide\/","name":"Keh\u00e4kukkavoide - Tervix O\u00dc","isPartOf":{"@id":"https:\/\/tervix.ee\/fi\/#website"},"primaryImageOfPage":{"@id":"https:\/\/tervix.ee\/fi\/tuote\/kehakukkavoide\/#primaryimage"},"image":{"@id":"https:\/\/tervix.ee\/fi\/tuote\/kehakukkavoide\/#primaryimage"},"thumbnailUrl":"https:\/\/tervix.ee\/wp-content\/uploads\/2021\/03\/Saialillesalv222.jpg","datePublished":"2021-03-26T13:32:49+00:00","dateModified":"2023-03-24T12:27:14+00:00","description":"Keh\u00e4kukkavoide koostuu p\u00e4\u00e4asiallisesti keh\u00e4kukka- ja oliivi\u00f6ljyst\u00e4, johon on lis\u00e4tty mehil\u00e4isvahaa ja eri tinktuuroita. Keh\u00e4kukkavoiteella on kosteuttava ja rauhoittava vaikutus, ja se sopii herk\u00e4lle ja kuivalle iholle p\u00e4ivitt\u00e4iseen k\u00e4ytt\u00f6\u00f6n.","breadcrumb":{"@id":"https:\/\/tervix.ee\/fi\/tuote\/kehakukkavoide\/#breadcrumb"},"inLanguage":"fi","potentialAction":[{"@type":"ReadAction","target":["https:\/\/tervix.ee\/fi\/tuote\/kehakukkavoide\/"]}]},{"@type":"ImageObject","inLanguage":"fi","@id":"https:\/\/tervix.ee\/fi\/tuote\/kehakukkavoide\/#primaryimage","url":"https:\/\/tervix.ee\/wp-content\/uploads\/2021\/03\/Saialillesalv222.jpg","contentUrl":"https:\/\/tervix.ee\/wp-content\/uploads\/2021\/03\/Saialillesalv222.jpg","width":2268,"height":2448},{"@type":"BreadcrumbList","@id":"https:\/\/tervix.ee\/fi\/tuote\/kehakukkavoide\/#breadcrumb","itemListElement":[{"@type":"ListItem","position":1,"name":"Esileht","item":"https:\/\/tervix.ee\/fi\/"},{"@type":"ListItem","position":2,"name":"Verkkokauppa","item":"https:\/\/tervix.ee\/pood\/"},{"@type":"ListItem","position":3,"name":"Keh\u00e4kukkavoide"}]},{"@type":"WebSite","@id":"https:\/\/tervix.ee\/fi\/#website","url":"https:\/\/tervix.ee\/fi\/","name":"Tervix O\u00dc","description":"","publisher":{"@id":"https:\/\/tervix.ee\/fi\/#organization"},"potentialAction":[{"@type":"SearchAction","target":{"@type":"EntryPoint","urlTemplate":"https:\/\/tervix.ee\/fi\/?s={search_term_string}"},"query-input":{"@type":"PropertyValueSpecification","valueRequired":true,"valueName":"search_term_string"}}],"inLanguage":"fi"},{"@type":"Organization","@id":"https:\/\/tervix.ee\/fi\/#organization","name":"Tervix O\u00dc","url":"https:\/\/tervix.ee\/fi\/","logo":{"@type":"ImageObject","inLanguage":"fi","@id":"https:\/\/tervix.ee\/fi\/#\/schema\/logo\/image\/","url":"https:\/\/tervix.ee\/wp-content\/uploads\/2021\/03\/header-logo.png","contentUrl":"https:\/\/tervix.ee\/wp-content\/uploads\/2021\/03\/header-logo.png","width":300,"height":71,"caption":"Tervix O\u00dc"},"image":{"@id":"https:\/\/tervix.ee\/fi\/#\/schema\/logo\/image\/"},"sameAs":["https:\/\/www.facebook.com\/Tervix\/","https:\/\/www.instagram.com\/tervix_natural\/"]}]}},"_links":{"self":[{"href":"https:\/\/tervix.ee\/fi\/wp-json\/wp\/v2\/product\/4577","targetHints":{"allow":["GET"]}}],"collection":[{"href":"https:\/\/tervix.ee\/fi\/wp-json\/wp\/v2\/product"}],"about":[{"href":"https:\/\/tervix.ee\/fi\/wp-json\/wp\/v2\/types\/product"}],"replies":[{"embeddable":true,"href":"https:\/\/tervix.ee\/fi\/wp-json\/wp\/v2\/comments?post=4577"}],"version-history":[{"count":0,"href":"https:\/\/tervix.ee\/fi\/wp-json\/wp\/v2\/product\/4577\/revisions"}],"wp:featuredmedia":[{"embeddable":true,"href":"https:\/\/tervix.ee\/fi\/wp-json\/wp\/v2\/media\/6279"}],"wp:attachment":[{"href":"https:\/\/tervix.ee\/fi\/wp-json\/wp\/v2\/media?parent=4577"}],"wp:term":[{"taxonomy":"product_brand","embeddable":true,"href":"https:\/\/tervix.ee\/fi\/wp-json\/wp\/v2\/product_brand?post=4577"},{"taxonomy":"product_cat","embeddable":true,"href":"https:\/\/tervix.ee\/fi\/wp-json\/wp\/v2\/product_cat?post=4577"},{"taxonomy":"product_tag","embeddable":true,"href":"https:\/\/tervix.ee\/fi\/wp-json\/wp\/v2\/product_tag?post=4577"}],"curies":[{"name":"wp","href":"https:\/\/api.w.org\/{rel}","templated":true}]}}