{"id":4573,"date":"2021-03-26T15:33:18","date_gmt":"2021-03-26T13:33:18","guid":{"rendered":"https:\/\/tervix.ee\/toode\/teepuuoljyvoide\/"},"modified":"2023-03-19T11:05:19","modified_gmt":"2023-03-19T09:05:19","slug":"teepuuoljyvoide","status":"publish","type":"product","link":"https:\/\/tervix.ee\/fi\/tuote\/teepuuoljyvoide\/","title":{"rendered":"Teepuu\u00f6ljyvoide"},"content":{"rendered":"<h3>K\u00e4ytt\u00f6ohjeet<\/h3>\n<ul>\n<li>Ulkoiseen k\u00e4ytt\u00f6\u00f6n. Rasvoittuvan ja akneen taipuvan ihon hoitoon. Hiero iholle. Sopii p\u00e4ivitt\u00e4iseen k\u00e4ytt\u00f6\u00f6n.<\/li>\n<li>Teepuu\u00f6ljyll\u00e4 on tiettyj\u00e4 etuja teepuu\u00f6ljytahnoihin n\u00e4hden. Voide pysyy n\u00e4et kauemmin iholla, mik\u00e4 antaa teepuu\u00f6ljyn vaikuttaa iholla pysyv\u00e4mmin.<\/li>\n<\/ul>\n<h3>Ainesosat<\/h3>\n<ul>\n<li>Rapsi\u00f6ljy, mehil\u00e4isvaha, teepuu\u00f6ljy, allergeeni limoneeni.<\/li>\n<\/ul>\n<h3>Nettom\u00e4\u00e4ra<\/h3>\n<ul>\n<li>20 g<\/li>\n<\/ul>\n<h3>S\u00e4ylytys<\/h3>\n<ul>\n<li>Huoneenl\u00e4mm\u00f6ss\u00e4. Avattuna viile\u00e4ss\u00e4.<\/li>\n<\/ul>\n","protected":false},"excerpt":{"rendered":"<p><strong>100-prosenttisesti luonnollista, ei sis\u00e4ll\u00e4 synteettisi\u00e4 aineita! <\/strong><br \/>\nTeepuu\u00f6ljyvoiteen vaikuttava aine on teepuu\u00f6ljy, ja voiteen p\u00e4\u00e4aineita ovat mehil\u00e4isvaha ja rapsi\u00f6ljy. Teepuu\u00f6ljyvoide on hyv\u00e4 aine rasvoittuvan ja akneen taipuvan ihon hoitoon. <a href=\"https:\/\/tervix.ee\/fi\/teepuu\/\"><span style=\"text-decoration: underline;\"><strong>Tietoa teepuusta<\/strong><\/span><\/a>.<\/p>\n<p><strong>Sopii k\u00e4ytett\u00e4v\u00e4ksi aikuisille ja v\u00e4hint\u00e4\u00e4n 3-vuotiaille lapsille.<\/strong><\/p>\n","protected":false},"featured_media":6382,"comment_status":"open","ping_status":"closed","template":"","meta":[],"product_brand":[],"product_cat":[178,192],"product_tag":[289,295,319,297,313,323],"class_list":{"0":"post-4573","1":"product","2":"type-product","3":"status-publish","4":"has-post-thumbnail","6":"product_cat-ihollesi","7":"product_cat-voiteet","8":"product_tag-haavanhoito","9":"product_tag-kitkat-hankaumat","10":"product_tag-kutina-hyttysrakkulat","11":"product_tag-paivittainen-ihonhoito-ja-kosteus","12":"product_tag-punoitus-hilseily","13":"product_tag-teepuu-fi","15":"first","16":"instock","17":"taxable","18":"shipping-taxable","19":"purchasable","20":"product-type-simple"},"yoast_head":"<!-- This site is optimized with the Yoast SEO plugin v27.2 - https:\/\/yoast.com\/product\/yoast-seo-wordpress\/ -->\n<title>Teepuu\u00f6ljyvoide - Tervix O\u00dc<\/title>\n<meta name=\"description\" content=\"Teepuu\u00f6ljyvoiteen vaikuttava aine on teepuu\u00f6ljy, ja voiteen p\u00e4\u00e4aineita ovat mehil\u00e4isvaha ja rapsi\u00f6ljy.\" \/>\n<meta name=\"robots\" content=\"index, follow, max-snippet:-1, max-image-preview:large, max-video-preview:-1\" \/>\n<link rel=\"canonical\" href=\"https:\/\/tervix.ee\/fi\/tuote\/teepuuoljyvoide\/\" \/>\n<meta property=\"og:locale\" content=\"fi_FI\" \/>\n<meta property=\"og:type\" content=\"article\" \/>\n<meta property=\"og:title\" content=\"Teepuu\u00f6ljyvoide - Tervix O\u00dc\" \/>\n<meta property=\"og:description\" content=\"Teepuu\u00f6ljyvoiteen vaikuttava aine on teepuu\u00f6ljy, ja voiteen p\u00e4\u00e4aineita ovat mehil\u00e4isvaha ja rapsi\u00f6ljy.\" \/>\n<meta property=\"og:url\" content=\"https:\/\/tervix.ee\/fi\/tuote\/teepuuoljyvoide\/\" \/>\n<meta property=\"og:site_name\" content=\"Tervix O\u00dc\" \/>\n<meta property=\"article:publisher\" content=\"https:\/\/www.facebook.com\/Tervix\/\" \/>\n<meta property=\"article:modified_time\" content=\"2023-03-19T09:05:19+00:00\" \/>\n<meta property=\"og:image\" content=\"https:\/\/tervix.ee\/wp-content\/uploads\/2021\/03\/Teepuuolisalv-221-scaled.jpg\" \/>\n\t<meta property=\"og:image:width\" content=\"2560\" \/>\n\t<meta property=\"og:image:height\" content=\"1564\" \/>\n\t<meta property=\"og:image:type\" content=\"image\/jpeg\" \/>\n<meta name=\"twitter:card\" content=\"summary_large_image\" \/>\n<script type=\"application\/ld+json\" class=\"yoast-schema-graph\">{\"@context\":\"https:\/\/schema.org\",\"@graph\":[{\"@type\":\"WebPage\",\"@id\":\"https:\/\/tervix.ee\/fi\/tuote\/teepuuoljyvoide\/\",\"url\":\"https:\/\/tervix.ee\/fi\/tuote\/teepuuoljyvoide\/\",\"name\":\"Teepuu\u00f6ljyvoide - Tervix O\u00dc\",\"isPartOf\":{\"@id\":\"https:\/\/tervix.ee\/fi\/#website\"},\"primaryImageOfPage\":{\"@id\":\"https:\/\/tervix.ee\/fi\/tuote\/teepuuoljyvoide\/#primaryimage\"},\"image\":{\"@id\":\"https:\/\/tervix.ee\/fi\/tuote\/teepuuoljyvoide\/#primaryimage\"},\"thumbnailUrl\":\"https:\/\/tervix.ee\/wp-content\/uploads\/2021\/03\/Teepuuolisalv-221-scaled.jpg\",\"datePublished\":\"2021-03-26T13:33:18+00:00\",\"dateModified\":\"2023-03-19T09:05:19+00:00\",\"description\":\"Teepuu\u00f6ljyvoiteen vaikuttava aine on teepuu\u00f6ljy, ja voiteen p\u00e4\u00e4aineita ovat mehil\u00e4isvaha ja rapsi\u00f6ljy.\",\"breadcrumb\":{\"@id\":\"https:\/\/tervix.ee\/fi\/tuote\/teepuuoljyvoide\/#breadcrumb\"},\"inLanguage\":\"fi\",\"potentialAction\":[{\"@type\":\"ReadAction\",\"target\":[\"https:\/\/tervix.ee\/fi\/tuote\/teepuuoljyvoide\/\"]}]},{\"@type\":\"ImageObject\",\"inLanguage\":\"fi\",\"@id\":\"https:\/\/tervix.ee\/fi\/tuote\/teepuuoljyvoide\/#primaryimage\",\"url\":\"https:\/\/tervix.ee\/wp-content\/uploads\/2021\/03\/Teepuuolisalv-221-scaled.jpg\",\"contentUrl\":\"https:\/\/tervix.ee\/wp-content\/uploads\/2021\/03\/Teepuuolisalv-221-scaled.jpg\",\"width\":2560,\"height\":1564},{\"@type\":\"BreadcrumbList\",\"@id\":\"https:\/\/tervix.ee\/fi\/tuote\/teepuuoljyvoide\/#breadcrumb\",\"itemListElement\":[{\"@type\":\"ListItem\",\"position\":1,\"name\":\"Esileht\",\"item\":\"https:\/\/tervix.ee\/fi\/\"},{\"@type\":\"ListItem\",\"position\":2,\"name\":\"Verkkokauppa\",\"item\":\"https:\/\/tervix.ee\/pood\/\"},{\"@type\":\"ListItem\",\"position\":3,\"name\":\"Teepuu\u00f6ljyvoide\"}]},{\"@type\":\"WebSite\",\"@id\":\"https:\/\/tervix.ee\/fi\/#website\",\"url\":\"https:\/\/tervix.ee\/fi\/\",\"name\":\"Tervix O\u00dc\",\"description\":\"\",\"publisher\":{\"@id\":\"https:\/\/tervix.ee\/fi\/#organization\"},\"potentialAction\":[{\"@type\":\"SearchAction\",\"target\":{\"@type\":\"EntryPoint\",\"urlTemplate\":\"https:\/\/tervix.ee\/fi\/?s={search_term_string}\"},\"query-input\":{\"@type\":\"PropertyValueSpecification\",\"valueRequired\":true,\"valueName\":\"search_term_string\"}}],\"inLanguage\":\"fi\"},{\"@type\":\"Organization\",\"@id\":\"https:\/\/tervix.ee\/fi\/#organization\",\"name\":\"Tervix O\u00dc\",\"url\":\"https:\/\/tervix.ee\/fi\/\",\"logo\":{\"@type\":\"ImageObject\",\"inLanguage\":\"fi\",\"@id\":\"https:\/\/tervix.ee\/fi\/#\/schema\/logo\/image\/\",\"url\":\"https:\/\/tervix.ee\/wp-content\/uploads\/2021\/03\/header-logo.png\",\"contentUrl\":\"https:\/\/tervix.ee\/wp-content\/uploads\/2021\/03\/header-logo.png\",\"width\":300,\"height\":71,\"caption\":\"Tervix O\u00dc\"},\"image\":{\"@id\":\"https:\/\/tervix.ee\/fi\/#\/schema\/logo\/image\/\"},\"sameAs\":[\"https:\/\/www.facebook.com\/Tervix\/\",\"https:\/\/www.instagram.com\/tervix_natural\/\"]}]}<\/script>\n<!-- \/ Yoast SEO plugin. -->","yoast_head_json":{"title":"Teepuu\u00f6ljyvoide - Tervix O\u00dc","description":"Teepuu\u00f6ljyvoiteen vaikuttava aine on teepuu\u00f6ljy, ja voiteen p\u00e4\u00e4aineita ovat mehil\u00e4isvaha ja rapsi\u00f6ljy.","robots":{"index":"index","follow":"follow","max-snippet":"max-snippet:-1","max-image-preview":"max-image-preview:large","max-video-preview":"max-video-preview:-1"},"canonical":"https:\/\/tervix.ee\/fi\/tuote\/teepuuoljyvoide\/","og_locale":"fi_FI","og_type":"article","og_title":"Teepuu\u00f6ljyvoide - Tervix O\u00dc","og_description":"Teepuu\u00f6ljyvoiteen vaikuttava aine on teepuu\u00f6ljy, ja voiteen p\u00e4\u00e4aineita ovat mehil\u00e4isvaha ja rapsi\u00f6ljy.","og_url":"https:\/\/tervix.ee\/fi\/tuote\/teepuuoljyvoide\/","og_site_name":"Tervix O\u00dc","article_publisher":"https:\/\/www.facebook.com\/Tervix\/","article_modified_time":"2023-03-19T09:05:19+00:00","og_image":[{"width":2560,"height":1564,"url":"https:\/\/tervix.ee\/wp-content\/uploads\/2021\/03\/Teepuuolisalv-221-scaled.jpg","type":"image\/jpeg"}],"twitter_card":"summary_large_image","schema":{"@context":"https:\/\/schema.org","@graph":[{"@type":"WebPage","@id":"https:\/\/tervix.ee\/fi\/tuote\/teepuuoljyvoide\/","url":"https:\/\/tervix.ee\/fi\/tuote\/teepuuoljyvoide\/","name":"Teepuu\u00f6ljyvoide - Tervix O\u00dc","isPartOf":{"@id":"https:\/\/tervix.ee\/fi\/#website"},"primaryImageOfPage":{"@id":"https:\/\/tervix.ee\/fi\/tuote\/teepuuoljyvoide\/#primaryimage"},"image":{"@id":"https:\/\/tervix.ee\/fi\/tuote\/teepuuoljyvoide\/#primaryimage"},"thumbnailUrl":"https:\/\/tervix.ee\/wp-content\/uploads\/2021\/03\/Teepuuolisalv-221-scaled.jpg","datePublished":"2021-03-26T13:33:18+00:00","dateModified":"2023-03-19T09:05:19+00:00","description":"Teepuu\u00f6ljyvoiteen vaikuttava aine on teepuu\u00f6ljy, ja voiteen p\u00e4\u00e4aineita ovat mehil\u00e4isvaha ja rapsi\u00f6ljy.","breadcrumb":{"@id":"https:\/\/tervix.ee\/fi\/tuote\/teepuuoljyvoide\/#breadcrumb"},"inLanguage":"fi","potentialAction":[{"@type":"ReadAction","target":["https:\/\/tervix.ee\/fi\/tuote\/teepuuoljyvoide\/"]}]},{"@type":"ImageObject","inLanguage":"fi","@id":"https:\/\/tervix.ee\/fi\/tuote\/teepuuoljyvoide\/#primaryimage","url":"https:\/\/tervix.ee\/wp-content\/uploads\/2021\/03\/Teepuuolisalv-221-scaled.jpg","contentUrl":"https:\/\/tervix.ee\/wp-content\/uploads\/2021\/03\/Teepuuolisalv-221-scaled.jpg","width":2560,"height":1564},{"@type":"BreadcrumbList","@id":"https:\/\/tervix.ee\/fi\/tuote\/teepuuoljyvoide\/#breadcrumb","itemListElement":[{"@type":"ListItem","position":1,"name":"Esileht","item":"https:\/\/tervix.ee\/fi\/"},{"@type":"ListItem","position":2,"name":"Verkkokauppa","item":"https:\/\/tervix.ee\/pood\/"},{"@type":"ListItem","position":3,"name":"Teepuu\u00f6ljyvoide"}]},{"@type":"WebSite","@id":"https:\/\/tervix.ee\/fi\/#website","url":"https:\/\/tervix.ee\/fi\/","name":"Tervix O\u00dc","description":"","publisher":{"@id":"https:\/\/tervix.ee\/fi\/#organization"},"potentialAction":[{"@type":"SearchAction","target":{"@type":"EntryPoint","urlTemplate":"https:\/\/tervix.ee\/fi\/?s={search_term_string}"},"query-input":{"@type":"PropertyValueSpecification","valueRequired":true,"valueName":"search_term_string"}}],"inLanguage":"fi"},{"@type":"Organization","@id":"https:\/\/tervix.ee\/fi\/#organization","name":"Tervix O\u00dc","url":"https:\/\/tervix.ee\/fi\/","logo":{"@type":"ImageObject","inLanguage":"fi","@id":"https:\/\/tervix.ee\/fi\/#\/schema\/logo\/image\/","url":"https:\/\/tervix.ee\/wp-content\/uploads\/2021\/03\/header-logo.png","contentUrl":"https:\/\/tervix.ee\/wp-content\/uploads\/2021\/03\/header-logo.png","width":300,"height":71,"caption":"Tervix O\u00dc"},"image":{"@id":"https:\/\/tervix.ee\/fi\/#\/schema\/logo\/image\/"},"sameAs":["https:\/\/www.facebook.com\/Tervix\/","https:\/\/www.instagram.com\/tervix_natural\/"]}]}},"_links":{"self":[{"href":"https:\/\/tervix.ee\/fi\/wp-json\/wp\/v2\/product\/4573","targetHints":{"allow":["GET"]}}],"collection":[{"href":"https:\/\/tervix.ee\/fi\/wp-json\/wp\/v2\/product"}],"about":[{"href":"https:\/\/tervix.ee\/fi\/wp-json\/wp\/v2\/types\/product"}],"replies":[{"embeddable":true,"href":"https:\/\/tervix.ee\/fi\/wp-json\/wp\/v2\/comments?post=4573"}],"version-history":[{"count":0,"href":"https:\/\/tervix.ee\/fi\/wp-json\/wp\/v2\/product\/4573\/revisions"}],"wp:featuredmedia":[{"embeddable":true,"href":"https:\/\/tervix.ee\/fi\/wp-json\/wp\/v2\/media\/6382"}],"wp:attachment":[{"href":"https:\/\/tervix.ee\/fi\/wp-json\/wp\/v2\/media?parent=4573"}],"wp:term":[{"taxonomy":"product_brand","embeddable":true,"href":"https:\/\/tervix.ee\/fi\/wp-json\/wp\/v2\/product_brand?post=4573"},{"taxonomy":"product_cat","embeddable":true,"href":"https:\/\/tervix.ee\/fi\/wp-json\/wp\/v2\/product_cat?post=4573"},{"taxonomy":"product_tag","embeddable":true,"href":"https:\/\/tervix.ee\/fi\/wp-json\/wp\/v2\/product_tag?post=4573"}],"curies":[{"name":"wp","href":"https:\/\/api.w.org\/{rel}","templated":true}]}}