{"id":4568,"date":"2021-03-26T15:32:16","date_gmt":"2021-03-26T13:32:16","guid":{"rendered":"https:\/\/tervix.ee\/toode\/tyrnimarmeladi\/"},"modified":"2021-05-12T15:57:11","modified_gmt":"2021-05-12T12:57:11","slug":"tyrnimarmeladi","status":"publish","type":"product","link":"https:\/\/tervix.ee\/fi\/tuote\/tyrnimarmeladi\/","title":{"rendered":"Tyrnimarmeladi"},"content":{"rendered":"<h3>K\u00e4ytt\u00f6ohjeet<\/h3>\n<ul>\n<li>K\u00e4yt\u00e4 kuin mit\u00e4 tahansa muuta marmeladia: lis\u00e4\u00e4 sit\u00e4 leivoksiin, puuroon, jogurttiin jne.<\/li>\n<\/ul>\n<h3>Ainesosat<\/h3>\n<ul>\n<li>Tyrnimehu (51,7\u00a0%), sokeri, vesi, pektiini.<\/li>\n<\/ul>\n<h3>Nettom\u00e4\u00e4ra<\/h3>\n<ul>\n<li>145 g<\/li>\n<\/ul>\n<h3>S\u00e4ylytys<\/h3>\n<ul>\n<li>Huoneenl\u00e4mm\u00f6ss\u00e4. Avattuna viile\u00e4ss\u00e4.<\/li>\n<\/ul>\n","protected":false},"excerpt":{"rendered":"<p>Tyrnimarmeladi. Suuri <strong>C-vitamiinipitoisuus<\/strong>. Sis\u00e4lt\u00e4\u00e4 <strong>beetakaroteenia<\/strong>. Jotakin toisenlaista sunnuntaiaamuksi tai juhlap\u00f6yt\u00e4\u00e4n. <a href=\"https:\/\/tervix.ee\/fi\/tyrni\/\"><span style=\"text-decoration: underline;\"><strong>Tietoa tyrnist\u00e4<\/strong><\/span><\/a><\/p>\n","protected":false},"featured_media":6320,"comment_status":"open","ping_status":"closed","template":"","meta":[],"product_brand":[],"product_cat":[177,196],"product_tag":[276,279,282,287,309,311,273],"class_list":{"0":"post-4568","1":"product","2":"type-product","3":"status-publish","4":"has-post-thumbnail","6":"product_cat-hyvaa-ruokaa","7":"product_cat-siirapit-ja-marjatuotteet","8":"product_tag-beetakaroteeni-a-vitamiini","9":"product_tag-c-vitamiini","10":"product_tag-e-vitamiini","11":"product_tag-erityisen-hyva-lapsille","12":"product_tag-herkullinen-ja-terveellinen","13":"product_tag-omega-3-rasvahapot","14":"product_tag-tyrni","16":"first","17":"instock","18":"taxable","19":"shipping-taxable","20":"purchasable","21":"product-type-simple"},"yoast_head":"<!-- This site is optimized with the Yoast SEO plugin v27.2 - https:\/\/yoast.com\/product\/yoast-seo-wordpress\/ -->\n<title>Tyrnimarmeladi - Tervix O\u00dc<\/title>\n<meta name=\"description\" content=\"Tyrnimarmeladi. Suuri C-vitamiinipitoisuus. Sis\u00e4lt\u00e4\u00e4 beetakaroteenia. Jotakin toisenlaista sunnuntaiaamuksi tai juhlap\u00f6yt\u00e4\u00e4n.\" \/>\n<meta name=\"robots\" content=\"index, follow, max-snippet:-1, max-image-preview:large, max-video-preview:-1\" \/>\n<link rel=\"canonical\" href=\"https:\/\/tervix.ee\/fi\/tuote\/tyrnimarmeladi\/\" \/>\n<meta property=\"og:locale\" content=\"fi_FI\" \/>\n<meta property=\"og:type\" content=\"article\" \/>\n<meta property=\"og:title\" content=\"Tyrnimarmeladi - Tervix O\u00dc\" \/>\n<meta property=\"og:description\" content=\"Tyrnimarmeladi. Suuri C-vitamiinipitoisuus. Sis\u00e4lt\u00e4\u00e4 beetakaroteenia. Jotakin toisenlaista sunnuntaiaamuksi tai juhlap\u00f6yt\u00e4\u00e4n.\" \/>\n<meta property=\"og:url\" content=\"https:\/\/tervix.ee\/fi\/tuote\/tyrnimarmeladi\/\" \/>\n<meta property=\"og:site_name\" content=\"Tervix O\u00dc\" \/>\n<meta property=\"article:publisher\" content=\"https:\/\/www.facebook.com\/Tervix\/\" \/>\n<meta property=\"article:modified_time\" content=\"2021-05-12T12:57:11+00:00\" \/>\n<meta property=\"og:image\" content=\"https:\/\/tervix.ee\/wp-content\/uploads\/2021\/03\/A.marmelaad-22-1024x787.jpg\" \/>\n\t<meta property=\"og:image:width\" content=\"1024\" \/>\n\t<meta property=\"og:image:height\" content=\"787\" \/>\n\t<meta property=\"og:image:type\" content=\"image\/jpeg\" \/>\n<meta name=\"twitter:card\" content=\"summary_large_image\" \/>\n<script type=\"application\/ld+json\" class=\"yoast-schema-graph\">{\"@context\":\"https:\/\/schema.org\",\"@graph\":[{\"@type\":\"WebPage\",\"@id\":\"https:\/\/tervix.ee\/fi\/tuote\/tyrnimarmeladi\/\",\"url\":\"https:\/\/tervix.ee\/fi\/tuote\/tyrnimarmeladi\/\",\"name\":\"Tyrnimarmeladi - Tervix O\u00dc\",\"isPartOf\":{\"@id\":\"https:\/\/tervix.ee\/fi\/#website\"},\"primaryImageOfPage\":{\"@id\":\"https:\/\/tervix.ee\/fi\/tuote\/tyrnimarmeladi\/#primaryimage\"},\"image\":{\"@id\":\"https:\/\/tervix.ee\/fi\/tuote\/tyrnimarmeladi\/#primaryimage\"},\"thumbnailUrl\":\"https:\/\/tervix.ee\/wp-content\/uploads\/2021\/03\/A.marmelaad-22.jpg\",\"datePublished\":\"2021-03-26T13:32:16+00:00\",\"dateModified\":\"2021-05-12T12:57:11+00:00\",\"description\":\"Tyrnimarmeladi. Suuri C-vitamiinipitoisuus. Sis\u00e4lt\u00e4\u00e4 beetakaroteenia. Jotakin toisenlaista sunnuntaiaamuksi tai juhlap\u00f6yt\u00e4\u00e4n.\",\"breadcrumb\":{\"@id\":\"https:\/\/tervix.ee\/fi\/tuote\/tyrnimarmeladi\/#breadcrumb\"},\"inLanguage\":\"fi\",\"potentialAction\":[{\"@type\":\"ReadAction\",\"target\":[\"https:\/\/tervix.ee\/fi\/tuote\/tyrnimarmeladi\/\"]}]},{\"@type\":\"ImageObject\",\"inLanguage\":\"fi\",\"@id\":\"https:\/\/tervix.ee\/fi\/tuote\/tyrnimarmeladi\/#primaryimage\",\"url\":\"https:\/\/tervix.ee\/wp-content\/uploads\/2021\/03\/A.marmelaad-22.jpg\",\"contentUrl\":\"https:\/\/tervix.ee\/wp-content\/uploads\/2021\/03\/A.marmelaad-22.jpg\",\"width\":2268,\"height\":1743},{\"@type\":\"BreadcrumbList\",\"@id\":\"https:\/\/tervix.ee\/fi\/tuote\/tyrnimarmeladi\/#breadcrumb\",\"itemListElement\":[{\"@type\":\"ListItem\",\"position\":1,\"name\":\"Esileht\",\"item\":\"https:\/\/tervix.ee\/fi\/\"},{\"@type\":\"ListItem\",\"position\":2,\"name\":\"Verkkokauppa\",\"item\":\"https:\/\/tervix.ee\/pood\/\"},{\"@type\":\"ListItem\",\"position\":3,\"name\":\"Tyrnimarmeladi\"}]},{\"@type\":\"WebSite\",\"@id\":\"https:\/\/tervix.ee\/fi\/#website\",\"url\":\"https:\/\/tervix.ee\/fi\/\",\"name\":\"Tervix O\u00dc\",\"description\":\"\",\"publisher\":{\"@id\":\"https:\/\/tervix.ee\/fi\/#organization\"},\"potentialAction\":[{\"@type\":\"SearchAction\",\"target\":{\"@type\":\"EntryPoint\",\"urlTemplate\":\"https:\/\/tervix.ee\/fi\/?s={search_term_string}\"},\"query-input\":{\"@type\":\"PropertyValueSpecification\",\"valueRequired\":true,\"valueName\":\"search_term_string\"}}],\"inLanguage\":\"fi\"},{\"@type\":\"Organization\",\"@id\":\"https:\/\/tervix.ee\/fi\/#organization\",\"name\":\"Tervix O\u00dc\",\"url\":\"https:\/\/tervix.ee\/fi\/\",\"logo\":{\"@type\":\"ImageObject\",\"inLanguage\":\"fi\",\"@id\":\"https:\/\/tervix.ee\/fi\/#\/schema\/logo\/image\/\",\"url\":\"https:\/\/tervix.ee\/wp-content\/uploads\/2021\/03\/header-logo.png\",\"contentUrl\":\"https:\/\/tervix.ee\/wp-content\/uploads\/2021\/03\/header-logo.png\",\"width\":300,\"height\":71,\"caption\":\"Tervix O\u00dc\"},\"image\":{\"@id\":\"https:\/\/tervix.ee\/fi\/#\/schema\/logo\/image\/\"},\"sameAs\":[\"https:\/\/www.facebook.com\/Tervix\/\",\"https:\/\/www.instagram.com\/tervix_natural\/\"]}]}<\/script>\n<!-- \/ Yoast SEO plugin. -->","yoast_head_json":{"title":"Tyrnimarmeladi - Tervix O\u00dc","description":"Tyrnimarmeladi. Suuri C-vitamiinipitoisuus. Sis\u00e4lt\u00e4\u00e4 beetakaroteenia. Jotakin toisenlaista sunnuntaiaamuksi tai juhlap\u00f6yt\u00e4\u00e4n.","robots":{"index":"index","follow":"follow","max-snippet":"max-snippet:-1","max-image-preview":"max-image-preview:large","max-video-preview":"max-video-preview:-1"},"canonical":"https:\/\/tervix.ee\/fi\/tuote\/tyrnimarmeladi\/","og_locale":"fi_FI","og_type":"article","og_title":"Tyrnimarmeladi - Tervix O\u00dc","og_description":"Tyrnimarmeladi. Suuri C-vitamiinipitoisuus. Sis\u00e4lt\u00e4\u00e4 beetakaroteenia. Jotakin toisenlaista sunnuntaiaamuksi tai juhlap\u00f6yt\u00e4\u00e4n.","og_url":"https:\/\/tervix.ee\/fi\/tuote\/tyrnimarmeladi\/","og_site_name":"Tervix O\u00dc","article_publisher":"https:\/\/www.facebook.com\/Tervix\/","article_modified_time":"2021-05-12T12:57:11+00:00","og_image":[{"width":1024,"height":787,"url":"https:\/\/tervix.ee\/wp-content\/uploads\/2021\/03\/A.marmelaad-22-1024x787.jpg","type":"image\/jpeg"}],"twitter_card":"summary_large_image","schema":{"@context":"https:\/\/schema.org","@graph":[{"@type":"WebPage","@id":"https:\/\/tervix.ee\/fi\/tuote\/tyrnimarmeladi\/","url":"https:\/\/tervix.ee\/fi\/tuote\/tyrnimarmeladi\/","name":"Tyrnimarmeladi - Tervix O\u00dc","isPartOf":{"@id":"https:\/\/tervix.ee\/fi\/#website"},"primaryImageOfPage":{"@id":"https:\/\/tervix.ee\/fi\/tuote\/tyrnimarmeladi\/#primaryimage"},"image":{"@id":"https:\/\/tervix.ee\/fi\/tuote\/tyrnimarmeladi\/#primaryimage"},"thumbnailUrl":"https:\/\/tervix.ee\/wp-content\/uploads\/2021\/03\/A.marmelaad-22.jpg","datePublished":"2021-03-26T13:32:16+00:00","dateModified":"2021-05-12T12:57:11+00:00","description":"Tyrnimarmeladi. Suuri C-vitamiinipitoisuus. Sis\u00e4lt\u00e4\u00e4 beetakaroteenia. Jotakin toisenlaista sunnuntaiaamuksi tai juhlap\u00f6yt\u00e4\u00e4n.","breadcrumb":{"@id":"https:\/\/tervix.ee\/fi\/tuote\/tyrnimarmeladi\/#breadcrumb"},"inLanguage":"fi","potentialAction":[{"@type":"ReadAction","target":["https:\/\/tervix.ee\/fi\/tuote\/tyrnimarmeladi\/"]}]},{"@type":"ImageObject","inLanguage":"fi","@id":"https:\/\/tervix.ee\/fi\/tuote\/tyrnimarmeladi\/#primaryimage","url":"https:\/\/tervix.ee\/wp-content\/uploads\/2021\/03\/A.marmelaad-22.jpg","contentUrl":"https:\/\/tervix.ee\/wp-content\/uploads\/2021\/03\/A.marmelaad-22.jpg","width":2268,"height":1743},{"@type":"BreadcrumbList","@id":"https:\/\/tervix.ee\/fi\/tuote\/tyrnimarmeladi\/#breadcrumb","itemListElement":[{"@type":"ListItem","position":1,"name":"Esileht","item":"https:\/\/tervix.ee\/fi\/"},{"@type":"ListItem","position":2,"name":"Verkkokauppa","item":"https:\/\/tervix.ee\/pood\/"},{"@type":"ListItem","position":3,"name":"Tyrnimarmeladi"}]},{"@type":"WebSite","@id":"https:\/\/tervix.ee\/fi\/#website","url":"https:\/\/tervix.ee\/fi\/","name":"Tervix O\u00dc","description":"","publisher":{"@id":"https:\/\/tervix.ee\/fi\/#organization"},"potentialAction":[{"@type":"SearchAction","target":{"@type":"EntryPoint","urlTemplate":"https:\/\/tervix.ee\/fi\/?s={search_term_string}"},"query-input":{"@type":"PropertyValueSpecification","valueRequired":true,"valueName":"search_term_string"}}],"inLanguage":"fi"},{"@type":"Organization","@id":"https:\/\/tervix.ee\/fi\/#organization","name":"Tervix O\u00dc","url":"https:\/\/tervix.ee\/fi\/","logo":{"@type":"ImageObject","inLanguage":"fi","@id":"https:\/\/tervix.ee\/fi\/#\/schema\/logo\/image\/","url":"https:\/\/tervix.ee\/wp-content\/uploads\/2021\/03\/header-logo.png","contentUrl":"https:\/\/tervix.ee\/wp-content\/uploads\/2021\/03\/header-logo.png","width":300,"height":71,"caption":"Tervix O\u00dc"},"image":{"@id":"https:\/\/tervix.ee\/fi\/#\/schema\/logo\/image\/"},"sameAs":["https:\/\/www.facebook.com\/Tervix\/","https:\/\/www.instagram.com\/tervix_natural\/"]}]}},"_links":{"self":[{"href":"https:\/\/tervix.ee\/fi\/wp-json\/wp\/v2\/product\/4568","targetHints":{"allow":["GET"]}}],"collection":[{"href":"https:\/\/tervix.ee\/fi\/wp-json\/wp\/v2\/product"}],"about":[{"href":"https:\/\/tervix.ee\/fi\/wp-json\/wp\/v2\/types\/product"}],"replies":[{"embeddable":true,"href":"https:\/\/tervix.ee\/fi\/wp-json\/wp\/v2\/comments?post=4568"}],"version-history":[{"count":0,"href":"https:\/\/tervix.ee\/fi\/wp-json\/wp\/v2\/product\/4568\/revisions"}],"wp:featuredmedia":[{"embeddable":true,"href":"https:\/\/tervix.ee\/fi\/wp-json\/wp\/v2\/media\/6320"}],"wp:attachment":[{"href":"https:\/\/tervix.ee\/fi\/wp-json\/wp\/v2\/media?parent=4568"}],"wp:term":[{"taxonomy":"product_brand","embeddable":true,"href":"https:\/\/tervix.ee\/fi\/wp-json\/wp\/v2\/product_brand?post=4568"},{"taxonomy":"product_cat","embeddable":true,"href":"https:\/\/tervix.ee\/fi\/wp-json\/wp\/v2\/product_cat?post=4568"},{"taxonomy":"product_tag","embeddable":true,"href":"https:\/\/tervix.ee\/fi\/wp-json\/wp\/v2\/product_tag?post=4568"}],"curies":[{"name":"wp","href":"https:\/\/api.w.org\/{rel}","templated":true}]}}