{"id":4567,"date":"2021-03-26T15:32:16","date_gmt":"2021-03-26T13:32:16","guid":{"rendered":"https:\/\/tervix.ee\/toode\/tyrnijauhe\/"},"modified":"2021-03-26T15:32:16","modified_gmt":"2021-03-26T13:32:16","slug":"tyrnijauhe","status":"publish","type":"product","link":"https:\/\/tervix.ee\/fi\/tuote\/tyrnijauhe\/","title":{"rendered":"Tyrnijauhe"},"content":{"rendered":"<h3>K\u00e4ytt\u00f6ohjeet<\/h3>\n<ul>\n<li>K\u00e4ytet\u00e4\u00e4n vitamiinilis\u00e4kkeen\u00e4 salaateissa ja puuroissa.<\/li>\n<li>Voi lis\u00e4t\u00e4 my\u00f6s jogurttiin, mysliin, kiisseliin, leivonnaisiin.<\/li>\n<li>Katso my\u00f6s reseptej\u00e4 \u201d<span style=\"text-decoration: underline;\"><strong><a href=\"https:\/\/tervix.ee\/fi\/kokki-suosittelee\/\">Kokki suosittelee<\/a><\/strong><\/span>\u201d -kohdasta!<\/li>\n<\/ul>\n<h3>Ainesosat<\/h3>\n<ul>\n<li>jauhetut tyrnimarjakuoret (95\u00a0%), rapsi\u00f6ljy.<\/li>\n<\/ul>\n<h3>Nettom\u00e4\u00e4ra<\/h3>\n<ul>\n<li>120 g<\/li>\n<\/ul>\n<h3>S\u00e4ylytys<\/h3>\n<ul>\n<li>Huoneenl\u00e4mm\u00f6ss\u00e4.<\/li>\n<\/ul>\n<h3>Ravintosis\u00e4lto \/ 100 g:<\/h3>\n<div class=\"table-responsive\">\n<table>\n<tbody>\n<tr class=\"tableHeading\">\n<th scope=\"col\"><\/th>\n<th scope=\"col\">Sis\u00e4lt\u00f6<\/th>\n<\/tr>\n<tr>\n<td width=\"151\">Energiaa<\/td>\n<td>2332kJ\/559kcal<\/td>\n<\/tr>\n<tr>\n<td width=\"151\">Rasvaa, mm.:<\/td>\n<td>36g<\/td>\n<\/tr>\n<tr>\n<td width=\"151\">Tyydyttyneit\u00e4 rasvahappoja<\/td>\n<td>3g<\/td>\n<\/tr>\n<tr>\n<td width=\"151\">Hiilihydraatteja, mm.<\/td>\n<td>49g<\/td>\n<\/tr>\n<tr>\n<td width=\"151\">Sokereita<\/td>\n<td>4g<\/td>\n<\/tr>\n<tr>\n<td width=\"151\">Kuitua<\/td>\n<td>39g<\/td>\n<\/tr>\n<tr>\n<td width=\"151\">Proteiinia<\/td>\n<td>10g<\/td>\n<\/tr>\n<tr>\n<td width=\"151\">Suolaa<\/td>\n<td>0g<\/td>\n<\/tr>\n<tr>\n<td width=\"151\">C-vitamiinia<\/td>\n<td>93mg<\/td>\n<\/tr>\n<tr>\n<td width=\"151\">\u2014\u2014\u2014\u2014\u2014\u2014-<\/td>\n<td>\u2014\u2014\u2014<\/td>\n<\/tr>\n<tr>\n<td width=\"151\">Beetakaroteenia<\/td>\n<td>14mg<\/td>\n<\/tr>\n<\/tbody>\n<\/table>\n<\/div>\n","protected":false},"excerpt":{"rendered":"<p>Tyrnijauhe on runsaasti <strong>C-vitamiinia<\/strong>, <strong>kuitua<\/strong> ja <strong>beetakaroteenia<\/strong> sis\u00e4lt\u00e4v\u00e4 lis\u00e4ravinne, joka antaa ruoalle v\u00e4ri\u00e4 ja yty\u00e4. Punaruskeasta jauheesta 95 % muodostavat jauhetut tyrnimarjakuoret. <a href=\"https:\/\/tervix.ee\/fi\/tyrni\/\"><span style=\"text-decoration: underline;\"><strong>Tietoa tyrnist\u00e4<\/strong><\/span><\/a><\/p>\n","protected":false},"featured_media":6185,"comment_status":"open","ping_status":"closed","template":"","meta":[],"product_brand":[],"product_cat":[177,329,196],"product_tag":[276,282,287,293,299,311,317,273],"class_list":{"0":"post-4567","1":"product","2":"type-product","3":"status-publish","4":"has-post-thumbnail","6":"product_cat-hyvaa-ruokaa","7":"product_cat-jauheet","8":"product_cat-siirapit-ja-marjatuotteet","9":"product_tag-beetakaroteeni-a-vitamiini","10":"product_tag-e-vitamiini","11":"product_tag-erityisen-hyva-lapsille","12":"product_tag-hyva-sydamelle-ja-verisuonille","13":"product_tag-kuidut","14":"product_tag-omega-3-rasvahapot","15":"product_tag-ruoansulatus","16":"product_tag-tyrni","18":"first","19":"instock","20":"taxable","21":"shipping-taxable","22":"purchasable","23":"product-type-simple"},"yoast_head":"<!-- This site is optimized with the Yoast SEO plugin v27.2 - https:\/\/yoast.com\/product\/yoast-seo-wordpress\/ -->\n<title>Tyrnijauhe - Tervix O\u00dc<\/title>\n<meta name=\"description\" content=\"Tyrnijauhe on runsaasti C-vitamiinia, kuitua ja beetakaroteenia sis\u00e4lt\u00e4v\u00e4 lis\u00e4ravinne, joka antaa ruoalle v\u00e4ri\u00e4 ja yty\u00e4. Punaruskeasta jauheesta 95 % muodostavat jauhetut tyrnimarjakuoret.\" \/>\n<meta name=\"robots\" content=\"index, follow, max-snippet:-1, max-image-preview:large, max-video-preview:-1\" \/>\n<link rel=\"canonical\" href=\"https:\/\/tervix.ee\/fi\/tuote\/tyrnijauhe\/\" \/>\n<meta property=\"og:locale\" content=\"fi_FI\" \/>\n<meta property=\"og:type\" content=\"article\" \/>\n<meta property=\"og:title\" content=\"Tyrnijauhe - Tervix O\u00dc\" \/>\n<meta property=\"og:description\" content=\"Tyrnijauhe on runsaasti C-vitamiinia, kuitua ja beetakaroteenia sis\u00e4lt\u00e4v\u00e4 lis\u00e4ravinne, joka antaa ruoalle v\u00e4ri\u00e4 ja yty\u00e4. Punaruskeasta jauheesta 95 % muodostavat jauhetut tyrnimarjakuoret.\" \/>\n<meta property=\"og:url\" content=\"https:\/\/tervix.ee\/fi\/tuote\/tyrnijauhe\/\" \/>\n<meta property=\"og:site_name\" content=\"Tervix O\u00dc\" \/>\n<meta property=\"article:publisher\" content=\"https:\/\/www.facebook.com\/Tervix\/\" \/>\n<meta property=\"og:image\" content=\"https:\/\/tervix.ee\/wp-content\/uploads\/2021\/03\/PXL_20220912_121841019.PORTRAIT-scaled.jpg\" \/>\n\t<meta property=\"og:image:width\" content=\"1920\" \/>\n\t<meta property=\"og:image:height\" content=\"2560\" \/>\n\t<meta property=\"og:image:type\" content=\"image\/jpeg\" \/>\n<meta name=\"twitter:card\" content=\"summary_large_image\" \/>\n<script type=\"application\/ld+json\" class=\"yoast-schema-graph\">{\"@context\":\"https:\/\/schema.org\",\"@graph\":[{\"@type\":\"WebPage\",\"@id\":\"https:\/\/tervix.ee\/fi\/tuote\/tyrnijauhe\/\",\"url\":\"https:\/\/tervix.ee\/fi\/tuote\/tyrnijauhe\/\",\"name\":\"Tyrnijauhe - Tervix O\u00dc\",\"isPartOf\":{\"@id\":\"https:\/\/tervix.ee\/fi\/#website\"},\"primaryImageOfPage\":{\"@id\":\"https:\/\/tervix.ee\/fi\/tuote\/tyrnijauhe\/#primaryimage\"},\"image\":{\"@id\":\"https:\/\/tervix.ee\/fi\/tuote\/tyrnijauhe\/#primaryimage\"},\"thumbnailUrl\":\"https:\/\/tervix.ee\/wp-content\/uploads\/2021\/03\/PXL_20220912_121841019.PORTRAIT-scaled.jpg\",\"datePublished\":\"2021-03-26T13:32:16+00:00\",\"description\":\"Tyrnijauhe on runsaasti C-vitamiinia, kuitua ja beetakaroteenia sis\u00e4lt\u00e4v\u00e4 lis\u00e4ravinne, joka antaa ruoalle v\u00e4ri\u00e4 ja yty\u00e4. Punaruskeasta jauheesta 95 % muodostavat jauhetut tyrnimarjakuoret.\",\"breadcrumb\":{\"@id\":\"https:\/\/tervix.ee\/fi\/tuote\/tyrnijauhe\/#breadcrumb\"},\"inLanguage\":\"fi\",\"potentialAction\":[{\"@type\":\"ReadAction\",\"target\":[\"https:\/\/tervix.ee\/fi\/tuote\/tyrnijauhe\/\"]}]},{\"@type\":\"ImageObject\",\"inLanguage\":\"fi\",\"@id\":\"https:\/\/tervix.ee\/fi\/tuote\/tyrnijauhe\/#primaryimage\",\"url\":\"https:\/\/tervix.ee\/wp-content\/uploads\/2021\/03\/PXL_20220912_121841019.PORTRAIT-scaled.jpg\",\"contentUrl\":\"https:\/\/tervix.ee\/wp-content\/uploads\/2021\/03\/PXL_20220912_121841019.PORTRAIT-scaled.jpg\",\"width\":1920,\"height\":2560},{\"@type\":\"BreadcrumbList\",\"@id\":\"https:\/\/tervix.ee\/fi\/tuote\/tyrnijauhe\/#breadcrumb\",\"itemListElement\":[{\"@type\":\"ListItem\",\"position\":1,\"name\":\"Esileht\",\"item\":\"https:\/\/tervix.ee\/fi\/\"},{\"@type\":\"ListItem\",\"position\":2,\"name\":\"Verkkokauppa\",\"item\":\"https:\/\/tervix.ee\/pood\/\"},{\"@type\":\"ListItem\",\"position\":3,\"name\":\"Tyrnijauhe\"}]},{\"@type\":\"WebSite\",\"@id\":\"https:\/\/tervix.ee\/fi\/#website\",\"url\":\"https:\/\/tervix.ee\/fi\/\",\"name\":\"Tervix O\u00dc\",\"description\":\"\",\"publisher\":{\"@id\":\"https:\/\/tervix.ee\/fi\/#organization\"},\"potentialAction\":[{\"@type\":\"SearchAction\",\"target\":{\"@type\":\"EntryPoint\",\"urlTemplate\":\"https:\/\/tervix.ee\/fi\/?s={search_term_string}\"},\"query-input\":{\"@type\":\"PropertyValueSpecification\",\"valueRequired\":true,\"valueName\":\"search_term_string\"}}],\"inLanguage\":\"fi\"},{\"@type\":\"Organization\",\"@id\":\"https:\/\/tervix.ee\/fi\/#organization\",\"name\":\"Tervix O\u00dc\",\"url\":\"https:\/\/tervix.ee\/fi\/\",\"logo\":{\"@type\":\"ImageObject\",\"inLanguage\":\"fi\",\"@id\":\"https:\/\/tervix.ee\/fi\/#\/schema\/logo\/image\/\",\"url\":\"https:\/\/tervix.ee\/wp-content\/uploads\/2021\/03\/header-logo.png\",\"contentUrl\":\"https:\/\/tervix.ee\/wp-content\/uploads\/2021\/03\/header-logo.png\",\"width\":300,\"height\":71,\"caption\":\"Tervix O\u00dc\"},\"image\":{\"@id\":\"https:\/\/tervix.ee\/fi\/#\/schema\/logo\/image\/\"},\"sameAs\":[\"https:\/\/www.facebook.com\/Tervix\/\",\"https:\/\/www.instagram.com\/tervix_natural\/\"]}]}<\/script>\n<!-- \/ Yoast SEO plugin. -->","yoast_head_json":{"title":"Tyrnijauhe - Tervix O\u00dc","description":"Tyrnijauhe on runsaasti C-vitamiinia, kuitua ja beetakaroteenia sis\u00e4lt\u00e4v\u00e4 lis\u00e4ravinne, joka antaa ruoalle v\u00e4ri\u00e4 ja yty\u00e4. Punaruskeasta jauheesta 95 % muodostavat jauhetut tyrnimarjakuoret.","robots":{"index":"index","follow":"follow","max-snippet":"max-snippet:-1","max-image-preview":"max-image-preview:large","max-video-preview":"max-video-preview:-1"},"canonical":"https:\/\/tervix.ee\/fi\/tuote\/tyrnijauhe\/","og_locale":"fi_FI","og_type":"article","og_title":"Tyrnijauhe - Tervix O\u00dc","og_description":"Tyrnijauhe on runsaasti C-vitamiinia, kuitua ja beetakaroteenia sis\u00e4lt\u00e4v\u00e4 lis\u00e4ravinne, joka antaa ruoalle v\u00e4ri\u00e4 ja yty\u00e4. Punaruskeasta jauheesta 95 % muodostavat jauhetut tyrnimarjakuoret.","og_url":"https:\/\/tervix.ee\/fi\/tuote\/tyrnijauhe\/","og_site_name":"Tervix O\u00dc","article_publisher":"https:\/\/www.facebook.com\/Tervix\/","og_image":[{"width":1920,"height":2560,"url":"https:\/\/tervix.ee\/wp-content\/uploads\/2021\/03\/PXL_20220912_121841019.PORTRAIT-scaled.jpg","type":"image\/jpeg"}],"twitter_card":"summary_large_image","schema":{"@context":"https:\/\/schema.org","@graph":[{"@type":"WebPage","@id":"https:\/\/tervix.ee\/fi\/tuote\/tyrnijauhe\/","url":"https:\/\/tervix.ee\/fi\/tuote\/tyrnijauhe\/","name":"Tyrnijauhe - Tervix O\u00dc","isPartOf":{"@id":"https:\/\/tervix.ee\/fi\/#website"},"primaryImageOfPage":{"@id":"https:\/\/tervix.ee\/fi\/tuote\/tyrnijauhe\/#primaryimage"},"image":{"@id":"https:\/\/tervix.ee\/fi\/tuote\/tyrnijauhe\/#primaryimage"},"thumbnailUrl":"https:\/\/tervix.ee\/wp-content\/uploads\/2021\/03\/PXL_20220912_121841019.PORTRAIT-scaled.jpg","datePublished":"2021-03-26T13:32:16+00:00","description":"Tyrnijauhe on runsaasti C-vitamiinia, kuitua ja beetakaroteenia sis\u00e4lt\u00e4v\u00e4 lis\u00e4ravinne, joka antaa ruoalle v\u00e4ri\u00e4 ja yty\u00e4. Punaruskeasta jauheesta 95 % muodostavat jauhetut tyrnimarjakuoret.","breadcrumb":{"@id":"https:\/\/tervix.ee\/fi\/tuote\/tyrnijauhe\/#breadcrumb"},"inLanguage":"fi","potentialAction":[{"@type":"ReadAction","target":["https:\/\/tervix.ee\/fi\/tuote\/tyrnijauhe\/"]}]},{"@type":"ImageObject","inLanguage":"fi","@id":"https:\/\/tervix.ee\/fi\/tuote\/tyrnijauhe\/#primaryimage","url":"https:\/\/tervix.ee\/wp-content\/uploads\/2021\/03\/PXL_20220912_121841019.PORTRAIT-scaled.jpg","contentUrl":"https:\/\/tervix.ee\/wp-content\/uploads\/2021\/03\/PXL_20220912_121841019.PORTRAIT-scaled.jpg","width":1920,"height":2560},{"@type":"BreadcrumbList","@id":"https:\/\/tervix.ee\/fi\/tuote\/tyrnijauhe\/#breadcrumb","itemListElement":[{"@type":"ListItem","position":1,"name":"Esileht","item":"https:\/\/tervix.ee\/fi\/"},{"@type":"ListItem","position":2,"name":"Verkkokauppa","item":"https:\/\/tervix.ee\/pood\/"},{"@type":"ListItem","position":3,"name":"Tyrnijauhe"}]},{"@type":"WebSite","@id":"https:\/\/tervix.ee\/fi\/#website","url":"https:\/\/tervix.ee\/fi\/","name":"Tervix O\u00dc","description":"","publisher":{"@id":"https:\/\/tervix.ee\/fi\/#organization"},"potentialAction":[{"@type":"SearchAction","target":{"@type":"EntryPoint","urlTemplate":"https:\/\/tervix.ee\/fi\/?s={search_term_string}"},"query-input":{"@type":"PropertyValueSpecification","valueRequired":true,"valueName":"search_term_string"}}],"inLanguage":"fi"},{"@type":"Organization","@id":"https:\/\/tervix.ee\/fi\/#organization","name":"Tervix O\u00dc","url":"https:\/\/tervix.ee\/fi\/","logo":{"@type":"ImageObject","inLanguage":"fi","@id":"https:\/\/tervix.ee\/fi\/#\/schema\/logo\/image\/","url":"https:\/\/tervix.ee\/wp-content\/uploads\/2021\/03\/header-logo.png","contentUrl":"https:\/\/tervix.ee\/wp-content\/uploads\/2021\/03\/header-logo.png","width":300,"height":71,"caption":"Tervix O\u00dc"},"image":{"@id":"https:\/\/tervix.ee\/fi\/#\/schema\/logo\/image\/"},"sameAs":["https:\/\/www.facebook.com\/Tervix\/","https:\/\/www.instagram.com\/tervix_natural\/"]}]}},"_links":{"self":[{"href":"https:\/\/tervix.ee\/fi\/wp-json\/wp\/v2\/product\/4567","targetHints":{"allow":["GET"]}}],"collection":[{"href":"https:\/\/tervix.ee\/fi\/wp-json\/wp\/v2\/product"}],"about":[{"href":"https:\/\/tervix.ee\/fi\/wp-json\/wp\/v2\/types\/product"}],"replies":[{"embeddable":true,"href":"https:\/\/tervix.ee\/fi\/wp-json\/wp\/v2\/comments?post=4567"}],"version-history":[{"count":0,"href":"https:\/\/tervix.ee\/fi\/wp-json\/wp\/v2\/product\/4567\/revisions"}],"wp:featuredmedia":[{"embeddable":true,"href":"https:\/\/tervix.ee\/fi\/wp-json\/wp\/v2\/media\/6185"}],"wp:attachment":[{"href":"https:\/\/tervix.ee\/fi\/wp-json\/wp\/v2\/media?parent=4567"}],"wp:term":[{"taxonomy":"product_brand","embeddable":true,"href":"https:\/\/tervix.ee\/fi\/wp-json\/wp\/v2\/product_brand?post=4567"},{"taxonomy":"product_cat","embeddable":true,"href":"https:\/\/tervix.ee\/fi\/wp-json\/wp\/v2\/product_cat?post=4567"},{"taxonomy":"product_tag","embeddable":true,"href":"https:\/\/tervix.ee\/fi\/wp-json\/wp\/v2\/product_tag?post=4567"}],"curies":[{"name":"wp","href":"https:\/\/api.w.org\/{rel}","templated":true}]}}