{"id":4560,"date":"2021-03-26T15:32:17","date_gmt":"2021-03-26T13:32:17","guid":{"rendered":"https:\/\/tervix.ee\/toode\/tyrnisiirappi\/"},"modified":"2021-03-26T15:32:17","modified_gmt":"2021-03-26T13:32:17","slug":"tyrnisiirappi","status":"publish","type":"product","link":"https:\/\/tervix.ee\/fi\/tuote\/tyrnisiirappi\/","title":{"rendered":"Tyrnisiirappi"},"content":{"rendered":"<h3>K\u00e4ytt\u00f6ohjeet<\/h3>\n<ul>\n<li>Sekoita 1\u20133 rkl siirappia lasilliseen l\u00e4mpim\u00e4\u00e4n tai kylm\u00e4\u00e4n veteen. Juo 1\u20133 lasillista p\u00e4iv\u00e4ss\u00e4.<\/li>\n<li>Esimerkiksi Tervixin saslikki: purkillinen sinappia, purkillinen siirappia, 3\u20134 kg lihaa, etikkaa, sipulia. S\u00e4ilyt\u00e4 marinadissa.<\/li>\n<li>Katso my\u00f6s reseptej\u00e4 \u201d<span style=\"text-decoration: underline;\"><strong><a href=\"https:\/\/tervix.ee\/fi\/kokki-suosittelee\/\">Kokki suosittelee<\/a><\/strong><\/span>\u201d -kohdasta!<\/li>\n<\/ul>\n<h3>Ainesosat<\/h3>\n<ul>\n<li>Tyrnimehu (64\u00a0%), sokeri.<\/li>\n<li>300 ml tuotteeseen sis\u00e4ltyy 237 g tyrnimarjoja.<\/li>\n<\/ul>\n<h3>Nettom\u00e4\u00e4ra<\/h3>\n<ul>\n<li>300 ml<\/li>\n<\/ul>\n<h3>S\u00e4ylytys<\/h3>\n<ul>\n<li>Huoneenl\u00e4mm\u00f6ss\u00e4, avattuna viile\u00e4ss\u00e4.<\/li>\n<\/ul>\n<h3>Ravintosis\u00e4lt\u00f6 \/ 100 ml:<\/h3>\n<div class=\"table-responsive\">\n<table>\n<tbody>\n<tr>\n<td width=\"215\">Energiaa<\/td>\n<td width=\"189\">1314 kJ \/ 311 kcal (16\u00a0% viitteellisest\u00e4 p\u00e4iv\u00e4saannista)<\/td>\n<\/tr>\n<tr>\n<td width=\"215\">Rasvaa, mm.:&nbsp;<\/p>\n<p>Tyydyttyneit\u00e4 rasvahappoja<\/td>\n<td width=\"189\">3g (4%)&nbsp;<\/p>\n<p>1,7g (9%)<\/td>\n<\/tr>\n<tr>\n<td width=\"215\">Hiilihydraatteja, mm.:&nbsp;<\/p>\n<p>Sokereita<\/td>\n<td width=\"189\">70g (26%)&nbsp;<\/p>\n<p>69g (77%)<\/td>\n<\/tr>\n<tr>\n<td width=\"215\">Proteiinia<\/td>\n<td width=\"189\">1,11g (3%)<\/td>\n<\/tr>\n<tr>\n<td width=\"215\">Suolaa<\/td>\n<td width=\"189\">0g<\/td>\n<\/tr>\n<tr>\n<td width=\"215\">C-vitamiinia<\/td>\n<td width=\"189\">44mg (56%)<\/td>\n<\/tr>\n<\/tbody>\n<\/table>\n<\/div>\n<p>Beetakaroteenipitoisuus 5 mg \/ 100 ml.<\/p>\n","protected":false},"excerpt":{"rendered":"<p>Tyrnisiirappi on tyrnimarjamehusta ja yht\u00e4 suuresta sokerim\u00e4\u00e4r\u00e4st\u00e4 valmistettu\u00a0<a href=\"https:\/\/tervix.ee\/fi\/laakari-suosittelee\/\">runsaasti C-vitamiinia ja karotenoideja<\/a>\u00a0sis\u00e4lt\u00e4v\u00e4 siirappi p\u00e4ivitt\u00e4iseen k\u00e4ytt\u00f6\u00f6n. Hyv\u00e4 p\u00e4iv\u00e4n aloitus.\u00a0<a href=\"https:\/\/tervix.ee\/fi\/tyrni\/\"><span style=\"text-decoration: underline;\"><strong>Tietoa tyrnist\u00e4<\/strong><\/span><\/a><\/p>\n","protected":false},"featured_media":6315,"comment_status":"open","ping_status":"closed","template":"","meta":[],"product_brand":[],"product_cat":[177,196],"product_tag":[276,279,282,287,309,293,311,273],"class_list":{"0":"post-4560","1":"product","2":"type-product","3":"status-publish","4":"has-post-thumbnail","6":"product_cat-hyvaa-ruokaa","7":"product_cat-siirapit-ja-marjatuotteet","8":"product_tag-beetakaroteeni-a-vitamiini","9":"product_tag-c-vitamiini","10":"product_tag-e-vitamiini","11":"product_tag-erityisen-hyva-lapsille","12":"product_tag-herkullinen-ja-terveellinen","13":"product_tag-hyva-sydamelle-ja-verisuonille","14":"product_tag-omega-3-rasvahapot","15":"product_tag-tyrni","17":"first","18":"instock","19":"taxable","20":"shipping-taxable","21":"purchasable","22":"product-type-variable"},"yoast_head":"<!-- This site is optimized with the Yoast SEO plugin v27.2 - https:\/\/yoast.com\/product\/yoast-seo-wordpress\/ -->\n<title>Tyrnisiirappi - Tervix O\u00dc<\/title>\n<meta name=\"description\" content=\"Tyrnisiirappi on tyrnimarjamehusta ja yht\u00e4 suuresta sokerim\u00e4\u00e4r\u00e4st\u00e4 valmistettu runsaasti C-vitamiinia ja karotenoideja sis\u00e4lt\u00e4v\u00e4 siirappi p\u00e4ivitt\u00e4iseen k\u00e4ytt\u00f6\u00f6n. Hyv\u00e4 p\u00e4iv\u00e4n aloitus.\" \/>\n<meta name=\"robots\" content=\"index, follow, max-snippet:-1, max-image-preview:large, max-video-preview:-1\" \/>\n<link rel=\"canonical\" href=\"https:\/\/tervix.ee\/fi\/tuote\/tyrnisiirappi\/\" \/>\n<meta property=\"og:locale\" content=\"fi_FI\" \/>\n<meta property=\"og:type\" content=\"article\" \/>\n<meta property=\"og:title\" content=\"Tyrnisiirappi - Tervix O\u00dc\" \/>\n<meta property=\"og:description\" content=\"Tyrnisiirappi on tyrnimarjamehusta ja yht\u00e4 suuresta sokerim\u00e4\u00e4r\u00e4st\u00e4 valmistettu runsaasti C-vitamiinia ja karotenoideja sis\u00e4lt\u00e4v\u00e4 siirappi p\u00e4ivitt\u00e4iseen k\u00e4ytt\u00f6\u00f6n. Hyv\u00e4 p\u00e4iv\u00e4n aloitus.\" \/>\n<meta property=\"og:url\" content=\"https:\/\/tervix.ee\/fi\/tuote\/tyrnisiirappi\/\" \/>\n<meta property=\"og:site_name\" content=\"Tervix O\u00dc\" \/>\n<meta property=\"article:publisher\" content=\"https:\/\/www.facebook.com\/Tervix\/\" \/>\n<meta property=\"og:image\" content=\"https:\/\/tervix.ee\/wp-content\/uploads\/2021\/03\/A.siirup-22-scaled.jpg\" \/>\n\t<meta property=\"og:image:width\" content=\"2217\" \/>\n\t<meta property=\"og:image:height\" content=\"2560\" \/>\n\t<meta property=\"og:image:type\" content=\"image\/jpeg\" \/>\n<meta name=\"twitter:card\" content=\"summary_large_image\" \/>\n<script type=\"application\/ld+json\" class=\"yoast-schema-graph\">{\"@context\":\"https:\/\/schema.org\",\"@graph\":[{\"@type\":\"WebPage\",\"@id\":\"https:\/\/tervix.ee\/fi\/tuote\/tyrnisiirappi\/\",\"url\":\"https:\/\/tervix.ee\/fi\/tuote\/tyrnisiirappi\/\",\"name\":\"Tyrnisiirappi - Tervix O\u00dc\",\"isPartOf\":{\"@id\":\"https:\/\/tervix.ee\/fi\/#website\"},\"primaryImageOfPage\":{\"@id\":\"https:\/\/tervix.ee\/fi\/tuote\/tyrnisiirappi\/#primaryimage\"},\"image\":{\"@id\":\"https:\/\/tervix.ee\/fi\/tuote\/tyrnisiirappi\/#primaryimage\"},\"thumbnailUrl\":\"https:\/\/tervix.ee\/wp-content\/uploads\/2021\/03\/A.siirup-22-scaled.jpg\",\"datePublished\":\"2021-03-26T13:32:17+00:00\",\"description\":\"Tyrnisiirappi on tyrnimarjamehusta ja yht\u00e4 suuresta sokerim\u00e4\u00e4r\u00e4st\u00e4 valmistettu runsaasti C-vitamiinia ja karotenoideja sis\u00e4lt\u00e4v\u00e4 siirappi p\u00e4ivitt\u00e4iseen k\u00e4ytt\u00f6\u00f6n. Hyv\u00e4 p\u00e4iv\u00e4n aloitus.\",\"breadcrumb\":{\"@id\":\"https:\/\/tervix.ee\/fi\/tuote\/tyrnisiirappi\/#breadcrumb\"},\"inLanguage\":\"fi\",\"potentialAction\":[{\"@type\":\"ReadAction\",\"target\":[\"https:\/\/tervix.ee\/fi\/tuote\/tyrnisiirappi\/\"]}]},{\"@type\":\"ImageObject\",\"inLanguage\":\"fi\",\"@id\":\"https:\/\/tervix.ee\/fi\/tuote\/tyrnisiirappi\/#primaryimage\",\"url\":\"https:\/\/tervix.ee\/wp-content\/uploads\/2021\/03\/A.siirup-22-scaled.jpg\",\"contentUrl\":\"https:\/\/tervix.ee\/wp-content\/uploads\/2021\/03\/A.siirup-22-scaled.jpg\",\"width\":2217,\"height\":2560},{\"@type\":\"BreadcrumbList\",\"@id\":\"https:\/\/tervix.ee\/fi\/tuote\/tyrnisiirappi\/#breadcrumb\",\"itemListElement\":[{\"@type\":\"ListItem\",\"position\":1,\"name\":\"Esileht\",\"item\":\"https:\/\/tervix.ee\/fi\/\"},{\"@type\":\"ListItem\",\"position\":2,\"name\":\"Verkkokauppa\",\"item\":\"https:\/\/tervix.ee\/pood\/\"},{\"@type\":\"ListItem\",\"position\":3,\"name\":\"Tyrnisiirappi\"}]},{\"@type\":\"WebSite\",\"@id\":\"https:\/\/tervix.ee\/fi\/#website\",\"url\":\"https:\/\/tervix.ee\/fi\/\",\"name\":\"Tervix O\u00dc\",\"description\":\"\",\"publisher\":{\"@id\":\"https:\/\/tervix.ee\/fi\/#organization\"},\"potentialAction\":[{\"@type\":\"SearchAction\",\"target\":{\"@type\":\"EntryPoint\",\"urlTemplate\":\"https:\/\/tervix.ee\/fi\/?s={search_term_string}\"},\"query-input\":{\"@type\":\"PropertyValueSpecification\",\"valueRequired\":true,\"valueName\":\"search_term_string\"}}],\"inLanguage\":\"fi\"},{\"@type\":\"Organization\",\"@id\":\"https:\/\/tervix.ee\/fi\/#organization\",\"name\":\"Tervix O\u00dc\",\"url\":\"https:\/\/tervix.ee\/fi\/\",\"logo\":{\"@type\":\"ImageObject\",\"inLanguage\":\"fi\",\"@id\":\"https:\/\/tervix.ee\/fi\/#\/schema\/logo\/image\/\",\"url\":\"https:\/\/tervix.ee\/wp-content\/uploads\/2021\/03\/header-logo.png\",\"contentUrl\":\"https:\/\/tervix.ee\/wp-content\/uploads\/2021\/03\/header-logo.png\",\"width\":300,\"height\":71,\"caption\":\"Tervix O\u00dc\"},\"image\":{\"@id\":\"https:\/\/tervix.ee\/fi\/#\/schema\/logo\/image\/\"},\"sameAs\":[\"https:\/\/www.facebook.com\/Tervix\/\",\"https:\/\/www.instagram.com\/tervix_natural\/\"]}]}<\/script>\n<!-- \/ Yoast SEO plugin. -->","yoast_head_json":{"title":"Tyrnisiirappi - Tervix O\u00dc","description":"Tyrnisiirappi on tyrnimarjamehusta ja yht\u00e4 suuresta sokerim\u00e4\u00e4r\u00e4st\u00e4 valmistettu runsaasti C-vitamiinia ja karotenoideja sis\u00e4lt\u00e4v\u00e4 siirappi p\u00e4ivitt\u00e4iseen k\u00e4ytt\u00f6\u00f6n. Hyv\u00e4 p\u00e4iv\u00e4n aloitus.","robots":{"index":"index","follow":"follow","max-snippet":"max-snippet:-1","max-image-preview":"max-image-preview:large","max-video-preview":"max-video-preview:-1"},"canonical":"https:\/\/tervix.ee\/fi\/tuote\/tyrnisiirappi\/","og_locale":"fi_FI","og_type":"article","og_title":"Tyrnisiirappi - Tervix O\u00dc","og_description":"Tyrnisiirappi on tyrnimarjamehusta ja yht\u00e4 suuresta sokerim\u00e4\u00e4r\u00e4st\u00e4 valmistettu runsaasti C-vitamiinia ja karotenoideja sis\u00e4lt\u00e4v\u00e4 siirappi p\u00e4ivitt\u00e4iseen k\u00e4ytt\u00f6\u00f6n. Hyv\u00e4 p\u00e4iv\u00e4n aloitus.","og_url":"https:\/\/tervix.ee\/fi\/tuote\/tyrnisiirappi\/","og_site_name":"Tervix O\u00dc","article_publisher":"https:\/\/www.facebook.com\/Tervix\/","og_image":[{"width":2217,"height":2560,"url":"https:\/\/tervix.ee\/wp-content\/uploads\/2021\/03\/A.siirup-22-scaled.jpg","type":"image\/jpeg"}],"twitter_card":"summary_large_image","schema":{"@context":"https:\/\/schema.org","@graph":[{"@type":"WebPage","@id":"https:\/\/tervix.ee\/fi\/tuote\/tyrnisiirappi\/","url":"https:\/\/tervix.ee\/fi\/tuote\/tyrnisiirappi\/","name":"Tyrnisiirappi - Tervix O\u00dc","isPartOf":{"@id":"https:\/\/tervix.ee\/fi\/#website"},"primaryImageOfPage":{"@id":"https:\/\/tervix.ee\/fi\/tuote\/tyrnisiirappi\/#primaryimage"},"image":{"@id":"https:\/\/tervix.ee\/fi\/tuote\/tyrnisiirappi\/#primaryimage"},"thumbnailUrl":"https:\/\/tervix.ee\/wp-content\/uploads\/2021\/03\/A.siirup-22-scaled.jpg","datePublished":"2021-03-26T13:32:17+00:00","description":"Tyrnisiirappi on tyrnimarjamehusta ja yht\u00e4 suuresta sokerim\u00e4\u00e4r\u00e4st\u00e4 valmistettu runsaasti C-vitamiinia ja karotenoideja sis\u00e4lt\u00e4v\u00e4 siirappi p\u00e4ivitt\u00e4iseen k\u00e4ytt\u00f6\u00f6n. Hyv\u00e4 p\u00e4iv\u00e4n aloitus.","breadcrumb":{"@id":"https:\/\/tervix.ee\/fi\/tuote\/tyrnisiirappi\/#breadcrumb"},"inLanguage":"fi","potentialAction":[{"@type":"ReadAction","target":["https:\/\/tervix.ee\/fi\/tuote\/tyrnisiirappi\/"]}]},{"@type":"ImageObject","inLanguage":"fi","@id":"https:\/\/tervix.ee\/fi\/tuote\/tyrnisiirappi\/#primaryimage","url":"https:\/\/tervix.ee\/wp-content\/uploads\/2021\/03\/A.siirup-22-scaled.jpg","contentUrl":"https:\/\/tervix.ee\/wp-content\/uploads\/2021\/03\/A.siirup-22-scaled.jpg","width":2217,"height":2560},{"@type":"BreadcrumbList","@id":"https:\/\/tervix.ee\/fi\/tuote\/tyrnisiirappi\/#breadcrumb","itemListElement":[{"@type":"ListItem","position":1,"name":"Esileht","item":"https:\/\/tervix.ee\/fi\/"},{"@type":"ListItem","position":2,"name":"Verkkokauppa","item":"https:\/\/tervix.ee\/pood\/"},{"@type":"ListItem","position":3,"name":"Tyrnisiirappi"}]},{"@type":"WebSite","@id":"https:\/\/tervix.ee\/fi\/#website","url":"https:\/\/tervix.ee\/fi\/","name":"Tervix O\u00dc","description":"","publisher":{"@id":"https:\/\/tervix.ee\/fi\/#organization"},"potentialAction":[{"@type":"SearchAction","target":{"@type":"EntryPoint","urlTemplate":"https:\/\/tervix.ee\/fi\/?s={search_term_string}"},"query-input":{"@type":"PropertyValueSpecification","valueRequired":true,"valueName":"search_term_string"}}],"inLanguage":"fi"},{"@type":"Organization","@id":"https:\/\/tervix.ee\/fi\/#organization","name":"Tervix O\u00dc","url":"https:\/\/tervix.ee\/fi\/","logo":{"@type":"ImageObject","inLanguage":"fi","@id":"https:\/\/tervix.ee\/fi\/#\/schema\/logo\/image\/","url":"https:\/\/tervix.ee\/wp-content\/uploads\/2021\/03\/header-logo.png","contentUrl":"https:\/\/tervix.ee\/wp-content\/uploads\/2021\/03\/header-logo.png","width":300,"height":71,"caption":"Tervix O\u00dc"},"image":{"@id":"https:\/\/tervix.ee\/fi\/#\/schema\/logo\/image\/"},"sameAs":["https:\/\/www.facebook.com\/Tervix\/","https:\/\/www.instagram.com\/tervix_natural\/"]}]}},"_links":{"self":[{"href":"https:\/\/tervix.ee\/fi\/wp-json\/wp\/v2\/product\/4560","targetHints":{"allow":["GET"]}}],"collection":[{"href":"https:\/\/tervix.ee\/fi\/wp-json\/wp\/v2\/product"}],"about":[{"href":"https:\/\/tervix.ee\/fi\/wp-json\/wp\/v2\/types\/product"}],"replies":[{"embeddable":true,"href":"https:\/\/tervix.ee\/fi\/wp-json\/wp\/v2\/comments?post=4560"}],"version-history":[{"count":0,"href":"https:\/\/tervix.ee\/fi\/wp-json\/wp\/v2\/product\/4560\/revisions"}],"wp:featuredmedia":[{"embeddable":true,"href":"https:\/\/tervix.ee\/fi\/wp-json\/wp\/v2\/media\/6315"}],"wp:attachment":[{"href":"https:\/\/tervix.ee\/fi\/wp-json\/wp\/v2\/media?parent=4560"}],"wp:term":[{"taxonomy":"product_brand","embeddable":true,"href":"https:\/\/tervix.ee\/fi\/wp-json\/wp\/v2\/product_brand?post=4560"},{"taxonomy":"product_cat","embeddable":true,"href":"https:\/\/tervix.ee\/fi\/wp-json\/wp\/v2\/product_cat?post=4560"},{"taxonomy":"product_tag","embeddable":true,"href":"https:\/\/tervix.ee\/fi\/wp-json\/wp\/v2\/product_tag?post=4560"}],"curies":[{"name":"wp","href":"https:\/\/api.w.org\/{rel}","templated":true}]}}