{"id":4558,"date":"2021-03-26T15:32:17","date_gmt":"2021-03-26T13:32:17","guid":{"rendered":"https:\/\/tervix.ee\/toode\/tyrnisinappi\/"},"modified":"2025-12-22T10:35:50","modified_gmt":"2025-12-22T08:35:50","slug":"tyrnisinappi","status":"publish","type":"product","link":"https:\/\/tervix.ee\/fi\/tuote\/tyrnisinappi\/","title":{"rendered":"Tyrnisinappi"},"content":{"rendered":"<h3>K\u00e4ytt\u00f6ohjeet<\/h3>\n<ul>\n<li>Sopii hyvin j\u00e4lkiruokien maustamiseen \u2013 ohukaisiin, vohveleihin, vanukkaisiin, j\u00e4\u00e4tel\u00f6\u00f6n, kakkutaikinaan tai tahnoihin.<\/li>\n<li>Mielenkiintoisen yhdistelm\u00e4n luo sen lis\u00e4\u00e4minen kahviin tai jopa olueen.<\/li>\n<li>Voikukkasiirappi korvaa resepteiss\u00e4 hyvin hunajaa.<\/li>\n<li>Katso my\u00f6s reseptej\u00e4 \u201d<span style=\"text-decoration: underline;\"><strong><a href=\"https:\/\/tervix.ee\/fi\/kokki-suosittelee\/\">Kokki suosittelee<\/a><\/strong><\/span>\u201d -kohdasta!<\/li>\n<\/ul>\n<h3>Ainesosat<\/h3>\n<ul>\n<li>Sokeri, vesi, voikukan kukka 1,5 %, antioksidantti sitruunahappo.<\/li>\n<\/ul>\n<h3>Nettom\u00e4\u00e4ra<\/h3>\n<ul>\n<li>147 g<\/li>\n<\/ul>\n<h3>S\u00e4ylytys<\/h3>\n<ul>\n<li>Huoneenl\u00e4mm\u00f6ss\u00e4. Avattuna viile\u00e4ss\u00e4.<\/li>\n<\/ul>\n<p><strong>Ravintosis\u00e4lt\u00f6 \/ 100 g:<\/strong><\/p>\n<table style=\"width: 410px;\">\n<tbody>\n<tr>\n<td style=\"width: 219px;\" width=\"215\">Energiaa<\/td>\n<td style=\"width: 191px;\" width=\"189\">585 kJ \/ 139 kcal (7 % viitteellisest\u00e4 p\u00e4iv\u00e4saannista)<\/td>\n<\/tr>\n<tr>\n<td style=\"width: 219px;\" width=\"215\">Rasvaa, mm.:<\/p>\n<p>Tyydyttyneit\u00e4 rasvahappoja<\/td>\n<td style=\"width: 191px;\" width=\"189\">3,8g (5%)<\/p>\n<p>0,8g (4%)<\/td>\n<\/tr>\n<tr>\n<td style=\"width: 219px;\" width=\"215\">Hiilihydraatteja, mm.<\/p>\n<p>Sokereita<\/td>\n<td style=\"width: 191px;\" width=\"189\">19,9g (8%)<\/p>\n<p>14,5g (16%)<\/td>\n<\/tr>\n<tr>\n<td style=\"width: 219px;\" width=\"215\">Proteiinia<\/td>\n<td style=\"width: 191px;\" width=\"189\">6,3g (13%)<\/td>\n<\/tr>\n<tr>\n<td style=\"width: 219px;\" width=\"215\">Suolaa<\/td>\n<td style=\"width: 191px;\" width=\"189\">1,1g<\/td>\n","protected":false},"excerpt":{"rendered":"<p>Tyrnisinappi on tyrnimarjakuorilla maustettua voimakasmakuista sinappia.<\/p>\n","protected":false},"featured_media":6158,"comment_status":"open","ping_status":"closed","template":"","meta":[],"product_brand":[],"product_cat":[177,196],"product_tag":[276,279,282,309,311,273],"class_list":{"0":"post-4558","1":"product","2":"type-product","3":"status-publish","4":"has-post-thumbnail","6":"product_cat-hyvaa-ruokaa","7":"product_cat-siirapit-ja-marjatuotteet","8":"product_tag-beetakaroteeni-a-vitamiini","9":"product_tag-c-vitamiini","10":"product_tag-e-vitamiini","11":"product_tag-herkullinen-ja-terveellinen","12":"product_tag-omega-3-rasvahapot","13":"product_tag-tyrni","15":"first","16":"outofstock","17":"taxable","18":"shipping-taxable","19":"purchasable","20":"product-type-simple"},"yoast_head":"<!-- This site is optimized with the Yoast SEO plugin v27.2 - https:\/\/yoast.com\/product\/yoast-seo-wordpress\/ -->\n<title>Tyrnisinappi - Tervix O\u00dc<\/title>\n<meta name=\"description\" content=\"Tyrnisinappi on tyrnimarjakuorilla maustettua voimakasmakuista sinappia.\" \/>\n<meta name=\"robots\" content=\"index, follow, max-snippet:-1, max-image-preview:large, max-video-preview:-1\" \/>\n<link rel=\"canonical\" href=\"https:\/\/tervix.ee\/fi\/tuote\/tyrnisinappi\/\" \/>\n<meta property=\"og:locale\" content=\"fi_FI\" \/>\n<meta property=\"og:type\" content=\"article\" \/>\n<meta property=\"og:title\" content=\"Tyrnisinappi - Tervix O\u00dc\" \/>\n<meta property=\"og:description\" content=\"Tyrnisinappi on tyrnimarjakuorilla maustettua voimakasmakuista sinappia.\" \/>\n<meta property=\"og:url\" content=\"https:\/\/tervix.ee\/fi\/tuote\/tyrnisinappi\/\" \/>\n<meta property=\"og:site_name\" content=\"Tervix O\u00dc\" \/>\n<meta property=\"article:publisher\" content=\"https:\/\/www.facebook.com\/Tervix\/\" \/>\n<meta property=\"article:modified_time\" content=\"2025-12-22T08:35:50+00:00\" \/>\n<meta property=\"og:image\" content=\"https:\/\/tervix.ee\/wp-content\/uploads\/2021\/03\/PXL_20220912_125356791.MP_-scaled.jpg\" \/>\n\t<meta property=\"og:image:width\" content=\"2560\" \/>\n\t<meta property=\"og:image:height\" content=\"2228\" \/>\n\t<meta property=\"og:image:type\" content=\"image\/jpeg\" \/>\n<meta name=\"twitter:card\" content=\"summary_large_image\" \/>\n<script type=\"application\/ld+json\" class=\"yoast-schema-graph\">{\"@context\":\"https:\/\/schema.org\",\"@graph\":[{\"@type\":\"WebPage\",\"@id\":\"https:\/\/tervix.ee\/fi\/tuote\/tyrnisinappi\/\",\"url\":\"https:\/\/tervix.ee\/fi\/tuote\/tyrnisinappi\/\",\"name\":\"Tyrnisinappi - Tervix O\u00dc\",\"isPartOf\":{\"@id\":\"https:\/\/tervix.ee\/fi\/#website\"},\"primaryImageOfPage\":{\"@id\":\"https:\/\/tervix.ee\/fi\/tuote\/tyrnisinappi\/#primaryimage\"},\"image\":{\"@id\":\"https:\/\/tervix.ee\/fi\/tuote\/tyrnisinappi\/#primaryimage\"},\"thumbnailUrl\":\"https:\/\/tervix.ee\/wp-content\/uploads\/2021\/03\/PXL_20220912_125356791.MP_-scaled.jpg\",\"datePublished\":\"2021-03-26T13:32:17+00:00\",\"dateModified\":\"2025-12-22T08:35:50+00:00\",\"description\":\"Tyrnisinappi on tyrnimarjakuorilla maustettua voimakasmakuista sinappia.\",\"breadcrumb\":{\"@id\":\"https:\/\/tervix.ee\/fi\/tuote\/tyrnisinappi\/#breadcrumb\"},\"inLanguage\":\"fi\",\"potentialAction\":[{\"@type\":\"ReadAction\",\"target\":[\"https:\/\/tervix.ee\/fi\/tuote\/tyrnisinappi\/\"]}]},{\"@type\":\"ImageObject\",\"inLanguage\":\"fi\",\"@id\":\"https:\/\/tervix.ee\/fi\/tuote\/tyrnisinappi\/#primaryimage\",\"url\":\"https:\/\/tervix.ee\/wp-content\/uploads\/2021\/03\/PXL_20220912_125356791.MP_-scaled.jpg\",\"contentUrl\":\"https:\/\/tervix.ee\/wp-content\/uploads\/2021\/03\/PXL_20220912_125356791.MP_-scaled.jpg\",\"width\":2560,\"height\":2228},{\"@type\":\"BreadcrumbList\",\"@id\":\"https:\/\/tervix.ee\/fi\/tuote\/tyrnisinappi\/#breadcrumb\",\"itemListElement\":[{\"@type\":\"ListItem\",\"position\":1,\"name\":\"Esileht\",\"item\":\"https:\/\/tervix.ee\/fi\/\"},{\"@type\":\"ListItem\",\"position\":2,\"name\":\"Verkkokauppa\",\"item\":\"https:\/\/tervix.ee\/pood\/\"},{\"@type\":\"ListItem\",\"position\":3,\"name\":\"Tyrnisinappi\"}]},{\"@type\":\"WebSite\",\"@id\":\"https:\/\/tervix.ee\/fi\/#website\",\"url\":\"https:\/\/tervix.ee\/fi\/\",\"name\":\"Tervix O\u00dc\",\"description\":\"\",\"publisher\":{\"@id\":\"https:\/\/tervix.ee\/fi\/#organization\"},\"potentialAction\":[{\"@type\":\"SearchAction\",\"target\":{\"@type\":\"EntryPoint\",\"urlTemplate\":\"https:\/\/tervix.ee\/fi\/?s={search_term_string}\"},\"query-input\":{\"@type\":\"PropertyValueSpecification\",\"valueRequired\":true,\"valueName\":\"search_term_string\"}}],\"inLanguage\":\"fi\"},{\"@type\":\"Organization\",\"@id\":\"https:\/\/tervix.ee\/fi\/#organization\",\"name\":\"Tervix O\u00dc\",\"url\":\"https:\/\/tervix.ee\/fi\/\",\"logo\":{\"@type\":\"ImageObject\",\"inLanguage\":\"fi\",\"@id\":\"https:\/\/tervix.ee\/fi\/#\/schema\/logo\/image\/\",\"url\":\"https:\/\/tervix.ee\/wp-content\/uploads\/2021\/03\/header-logo.png\",\"contentUrl\":\"https:\/\/tervix.ee\/wp-content\/uploads\/2021\/03\/header-logo.png\",\"width\":300,\"height\":71,\"caption\":\"Tervix O\u00dc\"},\"image\":{\"@id\":\"https:\/\/tervix.ee\/fi\/#\/schema\/logo\/image\/\"},\"sameAs\":[\"https:\/\/www.facebook.com\/Tervix\/\",\"https:\/\/www.instagram.com\/tervix_natural\/\"]}]}<\/script>\n<!-- \/ Yoast SEO plugin. -->","yoast_head_json":{"title":"Tyrnisinappi - Tervix O\u00dc","description":"Tyrnisinappi on tyrnimarjakuorilla maustettua voimakasmakuista sinappia.","robots":{"index":"index","follow":"follow","max-snippet":"max-snippet:-1","max-image-preview":"max-image-preview:large","max-video-preview":"max-video-preview:-1"},"canonical":"https:\/\/tervix.ee\/fi\/tuote\/tyrnisinappi\/","og_locale":"fi_FI","og_type":"article","og_title":"Tyrnisinappi - Tervix O\u00dc","og_description":"Tyrnisinappi on tyrnimarjakuorilla maustettua voimakasmakuista sinappia.","og_url":"https:\/\/tervix.ee\/fi\/tuote\/tyrnisinappi\/","og_site_name":"Tervix O\u00dc","article_publisher":"https:\/\/www.facebook.com\/Tervix\/","article_modified_time":"2025-12-22T08:35:50+00:00","og_image":[{"width":2560,"height":2228,"url":"https:\/\/tervix.ee\/wp-content\/uploads\/2021\/03\/PXL_20220912_125356791.MP_-scaled.jpg","type":"image\/jpeg"}],"twitter_card":"summary_large_image","schema":{"@context":"https:\/\/schema.org","@graph":[{"@type":"WebPage","@id":"https:\/\/tervix.ee\/fi\/tuote\/tyrnisinappi\/","url":"https:\/\/tervix.ee\/fi\/tuote\/tyrnisinappi\/","name":"Tyrnisinappi - Tervix O\u00dc","isPartOf":{"@id":"https:\/\/tervix.ee\/fi\/#website"},"primaryImageOfPage":{"@id":"https:\/\/tervix.ee\/fi\/tuote\/tyrnisinappi\/#primaryimage"},"image":{"@id":"https:\/\/tervix.ee\/fi\/tuote\/tyrnisinappi\/#primaryimage"},"thumbnailUrl":"https:\/\/tervix.ee\/wp-content\/uploads\/2021\/03\/PXL_20220912_125356791.MP_-scaled.jpg","datePublished":"2021-03-26T13:32:17+00:00","dateModified":"2025-12-22T08:35:50+00:00","description":"Tyrnisinappi on tyrnimarjakuorilla maustettua voimakasmakuista sinappia.","breadcrumb":{"@id":"https:\/\/tervix.ee\/fi\/tuote\/tyrnisinappi\/#breadcrumb"},"inLanguage":"fi","potentialAction":[{"@type":"ReadAction","target":["https:\/\/tervix.ee\/fi\/tuote\/tyrnisinappi\/"]}]},{"@type":"ImageObject","inLanguage":"fi","@id":"https:\/\/tervix.ee\/fi\/tuote\/tyrnisinappi\/#primaryimage","url":"https:\/\/tervix.ee\/wp-content\/uploads\/2021\/03\/PXL_20220912_125356791.MP_-scaled.jpg","contentUrl":"https:\/\/tervix.ee\/wp-content\/uploads\/2021\/03\/PXL_20220912_125356791.MP_-scaled.jpg","width":2560,"height":2228},{"@type":"BreadcrumbList","@id":"https:\/\/tervix.ee\/fi\/tuote\/tyrnisinappi\/#breadcrumb","itemListElement":[{"@type":"ListItem","position":1,"name":"Esileht","item":"https:\/\/tervix.ee\/fi\/"},{"@type":"ListItem","position":2,"name":"Verkkokauppa","item":"https:\/\/tervix.ee\/pood\/"},{"@type":"ListItem","position":3,"name":"Tyrnisinappi"}]},{"@type":"WebSite","@id":"https:\/\/tervix.ee\/fi\/#website","url":"https:\/\/tervix.ee\/fi\/","name":"Tervix O\u00dc","description":"","publisher":{"@id":"https:\/\/tervix.ee\/fi\/#organization"},"potentialAction":[{"@type":"SearchAction","target":{"@type":"EntryPoint","urlTemplate":"https:\/\/tervix.ee\/fi\/?s={search_term_string}"},"query-input":{"@type":"PropertyValueSpecification","valueRequired":true,"valueName":"search_term_string"}}],"inLanguage":"fi"},{"@type":"Organization","@id":"https:\/\/tervix.ee\/fi\/#organization","name":"Tervix O\u00dc","url":"https:\/\/tervix.ee\/fi\/","logo":{"@type":"ImageObject","inLanguage":"fi","@id":"https:\/\/tervix.ee\/fi\/#\/schema\/logo\/image\/","url":"https:\/\/tervix.ee\/wp-content\/uploads\/2021\/03\/header-logo.png","contentUrl":"https:\/\/tervix.ee\/wp-content\/uploads\/2021\/03\/header-logo.png","width":300,"height":71,"caption":"Tervix O\u00dc"},"image":{"@id":"https:\/\/tervix.ee\/fi\/#\/schema\/logo\/image\/"},"sameAs":["https:\/\/www.facebook.com\/Tervix\/","https:\/\/www.instagram.com\/tervix_natural\/"]}]}},"_links":{"self":[{"href":"https:\/\/tervix.ee\/fi\/wp-json\/wp\/v2\/product\/4558","targetHints":{"allow":["GET"]}}],"collection":[{"href":"https:\/\/tervix.ee\/fi\/wp-json\/wp\/v2\/product"}],"about":[{"href":"https:\/\/tervix.ee\/fi\/wp-json\/wp\/v2\/types\/product"}],"replies":[{"embeddable":true,"href":"https:\/\/tervix.ee\/fi\/wp-json\/wp\/v2\/comments?post=4558"}],"version-history":[{"count":0,"href":"https:\/\/tervix.ee\/fi\/wp-json\/wp\/v2\/product\/4558\/revisions"}],"wp:featuredmedia":[{"embeddable":true,"href":"https:\/\/tervix.ee\/fi\/wp-json\/wp\/v2\/media\/6158"}],"wp:attachment":[{"href":"https:\/\/tervix.ee\/fi\/wp-json\/wp\/v2\/media?parent=4558"}],"wp:term":[{"taxonomy":"product_brand","embeddable":true,"href":"https:\/\/tervix.ee\/fi\/wp-json\/wp\/v2\/product_brand?post=4558"},{"taxonomy":"product_cat","embeddable":true,"href":"https:\/\/tervix.ee\/fi\/wp-json\/wp\/v2\/product_cat?post=4558"},{"taxonomy":"product_tag","embeddable":true,"href":"https:\/\/tervix.ee\/fi\/wp-json\/wp\/v2\/product_tag?post=4558"}],"curies":[{"name":"wp","href":"https:\/\/api.w.org\/{rel}","templated":true}]}}