{"id":4553,"date":"2021-03-26T15:32:18","date_gmt":"2021-03-26T13:32:18","guid":{"rendered":"https:\/\/tervix.ee\/toode\/kuusenkerkkasiirappi\/"},"modified":"2021-03-26T15:32:18","modified_gmt":"2021-03-26T13:32:18","slug":"kuusenkerkkasiirappi","status":"publish","type":"product","link":"https:\/\/tervix.ee\/fi\/tuote\/kuusenkerkkasiirappi\/","title":{"rendered":"Kuusenkerkk\u00e4siirappi"},"content":{"rendered":"<h3>K\u00e4ytt\u00f6ohjeet<\/h3>\n<ul>\n<li>V\u00e4h\u00e4isen kirpe\u00e4n maun ansiosta se sopii eritt\u00e4in hyvin liha- ja kalaruokien maustamiseen ja marinadiksi sek\u00e4 kastikkeiden valmistamiseen.<\/li>\n<li>Mielenkiintoisia illuusioita saa sekoittamalla kuusenkerkk\u00e4siirappia drinkkeihin (gini\u00e4 sis\u00e4lt\u00e4viin tms.).<\/li>\n<li>Kansanparannuksessa sit\u00e4 lis\u00e4t\u00e4\u00e4n kahviin tai teehen.<\/li>\n<li>Katso my\u00f6s reseptej\u00e4 \u201d<span style=\"text-decoration: underline;\"><strong><a href=\"https:\/\/tervix.ee\/fi\/kokki-suosittelee\/\">Kokki suosittelee<\/a><\/strong><\/span>\u201d -kohdasta!<\/li>\n<\/ul>\n<h3>Ainesosat<\/h3>\n<ul>\n<li>Sokeri, vesi, kuusenkerkk\u00e4 1,85\u00a0%, antioksidantti sitruunahappo.<\/li>\n<li>Yhden tuotteen valmistukseen on k\u00e4ytetty 20 g kuusenkerkk\u00e4\u00e4.<\/li>\n<\/ul>\n<h3>Nettom\u00e4\u00e4ra<\/h3>\n<ul>\n<li>153 g<\/li>\n<\/ul>\n<h3>S\u00e4ylytys<\/h3>\n<ul>\n<li>Huoneenl\u00e4mm\u00f6ss\u00e4. Avattuna viile\u00e4ss\u00e4.<\/li>\n<\/ul>\n","protected":false},"excerpt":{"rendered":"<p>Kuusenkerkk\u00e4siirappi on Etel\u00e4-Viron metsist\u00e4 ker\u00e4\u00e4mist\u00e4mme kuusenkerkist\u00e4 ja vain luontaisista ainesosista valmistettua miellytt\u00e4v\u00e4\u00e4 siirappia.\u00a0<span style=\"text-decoration: underline;\"><strong><a href=\"https:\/\/tervix.ee\/fi\/kuusi\/\">Tietoa kuusesta<\/a><\/strong><\/span><\/p>\n","protected":false},"featured_media":6080,"comment_status":"open","ping_status":"closed","template":"","meta":[],"product_brand":[],"product_cat":[177,196],"product_tag":[279,287,309,303],"class_list":{"0":"post-4553","1":"product","2":"type-product","3":"status-publish","4":"has-post-thumbnail","6":"product_cat-hyvaa-ruokaa","7":"product_cat-siirapit-ja-marjatuotteet","8":"product_tag-c-vitamiini","9":"product_tag-erityisen-hyva-lapsille","10":"product_tag-herkullinen-ja-terveellinen","11":"product_tag-kuusi","13":"first","14":"instock","15":"taxable","16":"shipping-taxable","17":"purchasable","18":"product-type-simple"},"yoast_head":"<!-- This site is optimized with the Yoast SEO plugin v27.2 - https:\/\/yoast.com\/product\/yoast-seo-wordpress\/ -->\n<title>Kuusenkerkk\u00e4siirappi - Tervix O\u00dc<\/title>\n<meta name=\"description\" content=\"Kuusenkerkk\u00e4siirappi on Etel\u00e4-Viron metsist\u00e4 ker\u00e4\u00e4mist\u00e4mme kuusenkerkist\u00e4 ja vain luontaisista ainesosista valmistettua miellytt\u00e4v\u00e4\u00e4 siirappia.\" \/>\n<meta name=\"robots\" content=\"index, follow, max-snippet:-1, max-image-preview:large, max-video-preview:-1\" \/>\n<link rel=\"canonical\" href=\"https:\/\/tervix.ee\/fi\/tuote\/kuusenkerkkasiirappi\/\" \/>\n<meta property=\"og:locale\" content=\"fi_FI\" \/>\n<meta property=\"og:type\" content=\"article\" \/>\n<meta property=\"og:title\" content=\"Kuusenkerkk\u00e4siirappi - Tervix O\u00dc\" \/>\n<meta property=\"og:description\" content=\"Kuusenkerkk\u00e4siirappi on Etel\u00e4-Viron metsist\u00e4 ker\u00e4\u00e4mist\u00e4mme kuusenkerkist\u00e4 ja vain luontaisista ainesosista valmistettua miellytt\u00e4v\u00e4\u00e4 siirappia.\" \/>\n<meta property=\"og:url\" content=\"https:\/\/tervix.ee\/fi\/tuote\/kuusenkerkkasiirappi\/\" \/>\n<meta property=\"og:site_name\" content=\"Tervix O\u00dc\" \/>\n<meta property=\"article:publisher\" content=\"https:\/\/www.facebook.com\/Tervix\/\" \/>\n<meta property=\"og:image\" content=\"https:\/\/tervix.ee\/wp-content\/uploads\/2021\/03\/PXL_20220912_150128805.PORTRAIT-scaled.jpg\" \/>\n\t<meta property=\"og:image:width\" content=\"2560\" \/>\n\t<meta property=\"og:image:height\" content=\"1440\" \/>\n\t<meta property=\"og:image:type\" content=\"image\/jpeg\" \/>\n<meta name=\"twitter:card\" content=\"summary_large_image\" \/>\n<script type=\"application\/ld+json\" class=\"yoast-schema-graph\">{\"@context\":\"https:\/\/schema.org\",\"@graph\":[{\"@type\":\"WebPage\",\"@id\":\"https:\/\/tervix.ee\/fi\/tuote\/kuusenkerkkasiirappi\/\",\"url\":\"https:\/\/tervix.ee\/fi\/tuote\/kuusenkerkkasiirappi\/\",\"name\":\"Kuusenkerkk\u00e4siirappi - Tervix O\u00dc\",\"isPartOf\":{\"@id\":\"https:\/\/tervix.ee\/fi\/#website\"},\"primaryImageOfPage\":{\"@id\":\"https:\/\/tervix.ee\/fi\/tuote\/kuusenkerkkasiirappi\/#primaryimage\"},\"image\":{\"@id\":\"https:\/\/tervix.ee\/fi\/tuote\/kuusenkerkkasiirappi\/#primaryimage\"},\"thumbnailUrl\":\"https:\/\/tervix.ee\/wp-content\/uploads\/2021\/03\/PXL_20220912_150128805.PORTRAIT-scaled.jpg\",\"datePublished\":\"2021-03-26T13:32:18+00:00\",\"description\":\"Kuusenkerkk\u00e4siirappi on Etel\u00e4-Viron metsist\u00e4 ker\u00e4\u00e4mist\u00e4mme kuusenkerkist\u00e4 ja vain luontaisista ainesosista valmistettua miellytt\u00e4v\u00e4\u00e4 siirappia.\",\"breadcrumb\":{\"@id\":\"https:\/\/tervix.ee\/fi\/tuote\/kuusenkerkkasiirappi\/#breadcrumb\"},\"inLanguage\":\"fi\",\"potentialAction\":[{\"@type\":\"ReadAction\",\"target\":[\"https:\/\/tervix.ee\/fi\/tuote\/kuusenkerkkasiirappi\/\"]}]},{\"@type\":\"ImageObject\",\"inLanguage\":\"fi\",\"@id\":\"https:\/\/tervix.ee\/fi\/tuote\/kuusenkerkkasiirappi\/#primaryimage\",\"url\":\"https:\/\/tervix.ee\/wp-content\/uploads\/2021\/03\/PXL_20220912_150128805.PORTRAIT-scaled.jpg\",\"contentUrl\":\"https:\/\/tervix.ee\/wp-content\/uploads\/2021\/03\/PXL_20220912_150128805.PORTRAIT-scaled.jpg\",\"width\":2560,\"height\":1440},{\"@type\":\"BreadcrumbList\",\"@id\":\"https:\/\/tervix.ee\/fi\/tuote\/kuusenkerkkasiirappi\/#breadcrumb\",\"itemListElement\":[{\"@type\":\"ListItem\",\"position\":1,\"name\":\"Esileht\",\"item\":\"https:\/\/tervix.ee\/fi\/\"},{\"@type\":\"ListItem\",\"position\":2,\"name\":\"Verkkokauppa\",\"item\":\"https:\/\/tervix.ee\/pood\/\"},{\"@type\":\"ListItem\",\"position\":3,\"name\":\"Kuusenkerkk\u00e4siirappi\"}]},{\"@type\":\"WebSite\",\"@id\":\"https:\/\/tervix.ee\/fi\/#website\",\"url\":\"https:\/\/tervix.ee\/fi\/\",\"name\":\"Tervix O\u00dc\",\"description\":\"\",\"publisher\":{\"@id\":\"https:\/\/tervix.ee\/fi\/#organization\"},\"potentialAction\":[{\"@type\":\"SearchAction\",\"target\":{\"@type\":\"EntryPoint\",\"urlTemplate\":\"https:\/\/tervix.ee\/fi\/?s={search_term_string}\"},\"query-input\":{\"@type\":\"PropertyValueSpecification\",\"valueRequired\":true,\"valueName\":\"search_term_string\"}}],\"inLanguage\":\"fi\"},{\"@type\":\"Organization\",\"@id\":\"https:\/\/tervix.ee\/fi\/#organization\",\"name\":\"Tervix O\u00dc\",\"url\":\"https:\/\/tervix.ee\/fi\/\",\"logo\":{\"@type\":\"ImageObject\",\"inLanguage\":\"fi\",\"@id\":\"https:\/\/tervix.ee\/fi\/#\/schema\/logo\/image\/\",\"url\":\"https:\/\/tervix.ee\/wp-content\/uploads\/2021\/03\/header-logo.png\",\"contentUrl\":\"https:\/\/tervix.ee\/wp-content\/uploads\/2021\/03\/header-logo.png\",\"width\":300,\"height\":71,\"caption\":\"Tervix O\u00dc\"},\"image\":{\"@id\":\"https:\/\/tervix.ee\/fi\/#\/schema\/logo\/image\/\"},\"sameAs\":[\"https:\/\/www.facebook.com\/Tervix\/\",\"https:\/\/www.instagram.com\/tervix_natural\/\"]}]}<\/script>\n<!-- \/ Yoast SEO plugin. -->","yoast_head_json":{"title":"Kuusenkerkk\u00e4siirappi - Tervix O\u00dc","description":"Kuusenkerkk\u00e4siirappi on Etel\u00e4-Viron metsist\u00e4 ker\u00e4\u00e4mist\u00e4mme kuusenkerkist\u00e4 ja vain luontaisista ainesosista valmistettua miellytt\u00e4v\u00e4\u00e4 siirappia.","robots":{"index":"index","follow":"follow","max-snippet":"max-snippet:-1","max-image-preview":"max-image-preview:large","max-video-preview":"max-video-preview:-1"},"canonical":"https:\/\/tervix.ee\/fi\/tuote\/kuusenkerkkasiirappi\/","og_locale":"fi_FI","og_type":"article","og_title":"Kuusenkerkk\u00e4siirappi - Tervix O\u00dc","og_description":"Kuusenkerkk\u00e4siirappi on Etel\u00e4-Viron metsist\u00e4 ker\u00e4\u00e4mist\u00e4mme kuusenkerkist\u00e4 ja vain luontaisista ainesosista valmistettua miellytt\u00e4v\u00e4\u00e4 siirappia.","og_url":"https:\/\/tervix.ee\/fi\/tuote\/kuusenkerkkasiirappi\/","og_site_name":"Tervix O\u00dc","article_publisher":"https:\/\/www.facebook.com\/Tervix\/","og_image":[{"width":2560,"height":1440,"url":"https:\/\/tervix.ee\/wp-content\/uploads\/2021\/03\/PXL_20220912_150128805.PORTRAIT-scaled.jpg","type":"image\/jpeg"}],"twitter_card":"summary_large_image","schema":{"@context":"https:\/\/schema.org","@graph":[{"@type":"WebPage","@id":"https:\/\/tervix.ee\/fi\/tuote\/kuusenkerkkasiirappi\/","url":"https:\/\/tervix.ee\/fi\/tuote\/kuusenkerkkasiirappi\/","name":"Kuusenkerkk\u00e4siirappi - Tervix O\u00dc","isPartOf":{"@id":"https:\/\/tervix.ee\/fi\/#website"},"primaryImageOfPage":{"@id":"https:\/\/tervix.ee\/fi\/tuote\/kuusenkerkkasiirappi\/#primaryimage"},"image":{"@id":"https:\/\/tervix.ee\/fi\/tuote\/kuusenkerkkasiirappi\/#primaryimage"},"thumbnailUrl":"https:\/\/tervix.ee\/wp-content\/uploads\/2021\/03\/PXL_20220912_150128805.PORTRAIT-scaled.jpg","datePublished":"2021-03-26T13:32:18+00:00","description":"Kuusenkerkk\u00e4siirappi on Etel\u00e4-Viron metsist\u00e4 ker\u00e4\u00e4mist\u00e4mme kuusenkerkist\u00e4 ja vain luontaisista ainesosista valmistettua miellytt\u00e4v\u00e4\u00e4 siirappia.","breadcrumb":{"@id":"https:\/\/tervix.ee\/fi\/tuote\/kuusenkerkkasiirappi\/#breadcrumb"},"inLanguage":"fi","potentialAction":[{"@type":"ReadAction","target":["https:\/\/tervix.ee\/fi\/tuote\/kuusenkerkkasiirappi\/"]}]},{"@type":"ImageObject","inLanguage":"fi","@id":"https:\/\/tervix.ee\/fi\/tuote\/kuusenkerkkasiirappi\/#primaryimage","url":"https:\/\/tervix.ee\/wp-content\/uploads\/2021\/03\/PXL_20220912_150128805.PORTRAIT-scaled.jpg","contentUrl":"https:\/\/tervix.ee\/wp-content\/uploads\/2021\/03\/PXL_20220912_150128805.PORTRAIT-scaled.jpg","width":2560,"height":1440},{"@type":"BreadcrumbList","@id":"https:\/\/tervix.ee\/fi\/tuote\/kuusenkerkkasiirappi\/#breadcrumb","itemListElement":[{"@type":"ListItem","position":1,"name":"Esileht","item":"https:\/\/tervix.ee\/fi\/"},{"@type":"ListItem","position":2,"name":"Verkkokauppa","item":"https:\/\/tervix.ee\/pood\/"},{"@type":"ListItem","position":3,"name":"Kuusenkerkk\u00e4siirappi"}]},{"@type":"WebSite","@id":"https:\/\/tervix.ee\/fi\/#website","url":"https:\/\/tervix.ee\/fi\/","name":"Tervix O\u00dc","description":"","publisher":{"@id":"https:\/\/tervix.ee\/fi\/#organization"},"potentialAction":[{"@type":"SearchAction","target":{"@type":"EntryPoint","urlTemplate":"https:\/\/tervix.ee\/fi\/?s={search_term_string}"},"query-input":{"@type":"PropertyValueSpecification","valueRequired":true,"valueName":"search_term_string"}}],"inLanguage":"fi"},{"@type":"Organization","@id":"https:\/\/tervix.ee\/fi\/#organization","name":"Tervix O\u00dc","url":"https:\/\/tervix.ee\/fi\/","logo":{"@type":"ImageObject","inLanguage":"fi","@id":"https:\/\/tervix.ee\/fi\/#\/schema\/logo\/image\/","url":"https:\/\/tervix.ee\/wp-content\/uploads\/2021\/03\/header-logo.png","contentUrl":"https:\/\/tervix.ee\/wp-content\/uploads\/2021\/03\/header-logo.png","width":300,"height":71,"caption":"Tervix O\u00dc"},"image":{"@id":"https:\/\/tervix.ee\/fi\/#\/schema\/logo\/image\/"},"sameAs":["https:\/\/www.facebook.com\/Tervix\/","https:\/\/www.instagram.com\/tervix_natural\/"]}]}},"_links":{"self":[{"href":"https:\/\/tervix.ee\/fi\/wp-json\/wp\/v2\/product\/4553","targetHints":{"allow":["GET"]}}],"collection":[{"href":"https:\/\/tervix.ee\/fi\/wp-json\/wp\/v2\/product"}],"about":[{"href":"https:\/\/tervix.ee\/fi\/wp-json\/wp\/v2\/types\/product"}],"replies":[{"embeddable":true,"href":"https:\/\/tervix.ee\/fi\/wp-json\/wp\/v2\/comments?post=4553"}],"version-history":[{"count":0,"href":"https:\/\/tervix.ee\/fi\/wp-json\/wp\/v2\/product\/4553\/revisions"}],"wp:featuredmedia":[{"embeddable":true,"href":"https:\/\/tervix.ee\/fi\/wp-json\/wp\/v2\/media\/6080"}],"wp:attachment":[{"href":"https:\/\/tervix.ee\/fi\/wp-json\/wp\/v2\/media?parent=4553"}],"wp:term":[{"taxonomy":"product_brand","embeddable":true,"href":"https:\/\/tervix.ee\/fi\/wp-json\/wp\/v2\/product_brand?post=4553"},{"taxonomy":"product_cat","embeddable":true,"href":"https:\/\/tervix.ee\/fi\/wp-json\/wp\/v2\/product_cat?post=4553"},{"taxonomy":"product_tag","embeddable":true,"href":"https:\/\/tervix.ee\/fi\/wp-json\/wp\/v2\/product_tag?post=4553"}],"curies":[{"name":"wp","href":"https:\/\/api.w.org\/{rel}","templated":true}]}}