{"id":4551,"date":"2021-03-26T15:32:18","date_gmt":"2021-03-26T13:32:18","guid":{"rendered":"https:\/\/tervix.ee\/toode\/kurkkusiirappi-simmu\/"},"modified":"2023-07-03T21:42:47","modified_gmt":"2023-07-03T18:42:47","slug":"kurkkusiirappi-simmu","status":"publish","type":"product","link":"https:\/\/tervix.ee\/fi\/tuote\/kurkkusiirappi-simmu\/","title":{"rendered":"Kurkkusiirappi Simmu"},"content":{"rendered":"<h3>K\u00e4ytt\u00f6ohjeet<\/h3>\n<p>Ravista ennen k\u00e4ytt\u00f6\u00e4! Ennen nielemist\u00e4 pid\u00e4 suussa enint\u00e4\u00e4n 30 sekuntia, niin kontakti kurkun limakalvoon paranee, mik\u00e4 puolestaan parantaa tuotteen tehokkuutta!<\/p>\n<ul>\n<li>Lapset: 1 teelusikallinen 3 kertaa p\u00e4iv\u00e4ss\u00e4.<\/li>\n<li>Aikuiset: 1 teelusikallinen 3\u20135 kertaa p\u00e4iv\u00e4ss\u00e4.<\/li>\n<\/ul>\n<h3>Ainesosat<\/h3>\n<ul>\n<li>Sokeri, vesi, kuusenkerkk\u00e4 1,85 %, etanoli 0,6 %, propolis 0,1 %, antioksidantti sitruunahappo.<\/li>\n<\/ul>\n<h3>Nettom\u00e4\u00e4ra<\/h3>\n<ul>\n<li>150 g<\/li>\n<\/ul>\n<p><strong>Ravintosis\u00e4lt\u00f6 \/ 100 g:<\/strong><\/p>\n<div class=\"table-responsive\">\n<table>\n<tbody>\n<tr>\n<td>Energiaa<\/td>\n<td>1190 kJ \/ 280 kcal (14\u00a0% viitteellisest\u00e4 p\u00e4iv\u00e4saannista)<\/td>\n<\/tr>\n<tr>\n<td>Rasvaa, mm.:<\/td>\n<td>0,1g (0%)<\/td>\n<\/tr>\n<tr>\n<td>Tyydyttyneit\u00e4 rasvahappoja<\/td>\n<td>0,1g (0%)<\/td>\n<\/tr>\n<tr>\n<td>Hiilihydraatteja, mm.<\/td>\n<td>70g (27%)<\/td>\n<\/tr>\n<tr>\n<td>Sokereita<\/td>\n<td>68g (75%)<\/td>\n<\/tr>\n<tr>\n<td>Proteiinia<\/td>\n<td>&lt;0,1g (0%)<\/td>\n<\/tr>\n<tr>\n<td>Suolaa<\/td>\n<td>0g (0%)<\/td>\n<\/tr>\n<\/tbody>\n<\/table>\n<\/div>\n","protected":false},"excerpt":{"rendered":"<p>Kurkkusiirappi Simmu on kuusenkerk\u00e4st\u00e4 ja propoliksesta valmistettua siirappia. Tietoa <span style=\"text-decoration: underline;\"><strong><a href=\"https:\/\/tervix.ee\/fi\/kuusi\/\">kuusesta<\/a><\/strong><\/span> ja <strong><a href=\"https:\/\/tervix.ee\/fi\/propolis\/\"><span style=\"text-decoration: underline;\">propoliksesta.<\/span><\/a><\/strong><\/p>\n<p><strong>Sopii pikkulapsille, koska maistuu hyvin!<\/strong><\/p>\n","protected":false},"featured_media":6333,"comment_status":"open","ping_status":"closed","template":"","meta":[],"product_brand":[],"product_cat":[175,196],"product_tag":[279,287,309,303,305,321],"class_list":{"0":"post-4551","1":"product","2":"type-product","3":"status-publish","4":"has-post-thumbnail","6":"product_cat-erityisen-hyva-lapsille","7":"product_cat-siirapit-ja-marjatuotteet","8":"product_tag-c-vitamiini","9":"product_tag-erityisen-hyva-lapsille","10":"product_tag-herkullinen-ja-terveellinen","11":"product_tag-kuusi","12":"product_tag-kylma","13":"product_tag-propolis-fi","15":"first","16":"instock","17":"taxable","18":"shipping-taxable","19":"purchasable","20":"product-type-simple"},"yoast_head":"<!-- This site is optimized with the Yoast SEO plugin v27.2 - https:\/\/yoast.com\/product\/yoast-seo-wordpress\/ -->\n<title>Kurkkusiirappi Simmu - Tervix O\u00dc<\/title>\n<meta name=\"description\" content=\"Tervix asutati 2003. aastal Eesti astelpajukasvatajate poolt. Eesm\u00e4rk oli astelpajul olevad arvukad kasulikud omadused tuua tarbijateni ja pakkuda loodusteadlikule m\u00f5tlemisele p\u00f5hinevaid tooteid.\" \/>\n<meta name=\"robots\" content=\"index, follow, max-snippet:-1, max-image-preview:large, max-video-preview:-1\" \/>\n<link rel=\"canonical\" href=\"https:\/\/tervix.ee\/fi\/tuote\/kurkkusiirappi-simmu\/\" \/>\n<meta property=\"og:locale\" content=\"fi_FI\" \/>\n<meta property=\"og:type\" content=\"article\" \/>\n<meta property=\"og:title\" content=\"Kurkkusiirappi Simmu - Tervix O\u00dc\" \/>\n<meta property=\"og:description\" content=\"Tervix asutati 2003. aastal Eesti astelpajukasvatajate poolt. Eesm\u00e4rk oli astelpajul olevad arvukad kasulikud omadused tuua tarbijateni ja pakkuda loodusteadlikule m\u00f5tlemisele p\u00f5hinevaid tooteid.\" \/>\n<meta property=\"og:url\" content=\"https:\/\/tervix.ee\/fi\/tuote\/kurkkusiirappi-simmu\/\" \/>\n<meta property=\"og:site_name\" content=\"Tervix O\u00dc\" \/>\n<meta property=\"article:publisher\" content=\"https:\/\/www.facebook.com\/Tervix\/\" \/>\n<meta property=\"article:modified_time\" content=\"2023-07-03T18:42:47+00:00\" \/>\n<meta property=\"og:image\" content=\"https:\/\/tervix.ee\/wp-content\/uploads\/2021\/03\/Simmu-22-scaled.jpg\" \/>\n\t<meta property=\"og:image:width\" content=\"2024\" \/>\n\t<meta property=\"og:image:height\" content=\"2560\" \/>\n\t<meta property=\"og:image:type\" content=\"image\/jpeg\" \/>\n<meta name=\"twitter:card\" content=\"summary_large_image\" \/>\n<script type=\"application\/ld+json\" class=\"yoast-schema-graph\">{\"@context\":\"https:\/\/schema.org\",\"@graph\":[{\"@type\":\"WebPage\",\"@id\":\"https:\/\/tervix.ee\/fi\/tuote\/kurkkusiirappi-simmu\/\",\"url\":\"https:\/\/tervix.ee\/fi\/tuote\/kurkkusiirappi-simmu\/\",\"name\":\"Kurkkusiirappi Simmu - Tervix O\u00dc\",\"isPartOf\":{\"@id\":\"https:\/\/tervix.ee\/fi\/#website\"},\"primaryImageOfPage\":{\"@id\":\"https:\/\/tervix.ee\/fi\/tuote\/kurkkusiirappi-simmu\/#primaryimage\"},\"image\":{\"@id\":\"https:\/\/tervix.ee\/fi\/tuote\/kurkkusiirappi-simmu\/#primaryimage\"},\"thumbnailUrl\":\"https:\/\/tervix.ee\/wp-content\/uploads\/2021\/03\/Simmu-22-scaled.jpg\",\"datePublished\":\"2021-03-26T13:32:18+00:00\",\"dateModified\":\"2023-07-03T18:42:47+00:00\",\"description\":\"Tervix asutati 2003. aastal Eesti astelpajukasvatajate poolt. Eesm\u00e4rk oli astelpajul olevad arvukad kasulikud omadused tuua tarbijateni ja pakkuda loodusteadlikule m\u00f5tlemisele p\u00f5hinevaid tooteid.\",\"breadcrumb\":{\"@id\":\"https:\/\/tervix.ee\/fi\/tuote\/kurkkusiirappi-simmu\/#breadcrumb\"},\"inLanguage\":\"fi\",\"potentialAction\":[{\"@type\":\"ReadAction\",\"target\":[\"https:\/\/tervix.ee\/fi\/tuote\/kurkkusiirappi-simmu\/\"]}]},{\"@type\":\"ImageObject\",\"inLanguage\":\"fi\",\"@id\":\"https:\/\/tervix.ee\/fi\/tuote\/kurkkusiirappi-simmu\/#primaryimage\",\"url\":\"https:\/\/tervix.ee\/wp-content\/uploads\/2021\/03\/Simmu-22-scaled.jpg\",\"contentUrl\":\"https:\/\/tervix.ee\/wp-content\/uploads\/2021\/03\/Simmu-22-scaled.jpg\",\"width\":2024,\"height\":2560},{\"@type\":\"BreadcrumbList\",\"@id\":\"https:\/\/tervix.ee\/fi\/tuote\/kurkkusiirappi-simmu\/#breadcrumb\",\"itemListElement\":[{\"@type\":\"ListItem\",\"position\":1,\"name\":\"Esileht\",\"item\":\"https:\/\/tervix.ee\/fi\/\"},{\"@type\":\"ListItem\",\"position\":2,\"name\":\"Verkkokauppa\",\"item\":\"https:\/\/tervix.ee\/pood\/\"},{\"@type\":\"ListItem\",\"position\":3,\"name\":\"Kurkkusiirappi Simmu\"}]},{\"@type\":\"WebSite\",\"@id\":\"https:\/\/tervix.ee\/fi\/#website\",\"url\":\"https:\/\/tervix.ee\/fi\/\",\"name\":\"Tervix O\u00dc\",\"description\":\"\",\"publisher\":{\"@id\":\"https:\/\/tervix.ee\/fi\/#organization\"},\"potentialAction\":[{\"@type\":\"SearchAction\",\"target\":{\"@type\":\"EntryPoint\",\"urlTemplate\":\"https:\/\/tervix.ee\/fi\/?s={search_term_string}\"},\"query-input\":{\"@type\":\"PropertyValueSpecification\",\"valueRequired\":true,\"valueName\":\"search_term_string\"}}],\"inLanguage\":\"fi\"},{\"@type\":\"Organization\",\"@id\":\"https:\/\/tervix.ee\/fi\/#organization\",\"name\":\"Tervix O\u00dc\",\"url\":\"https:\/\/tervix.ee\/fi\/\",\"logo\":{\"@type\":\"ImageObject\",\"inLanguage\":\"fi\",\"@id\":\"https:\/\/tervix.ee\/fi\/#\/schema\/logo\/image\/\",\"url\":\"https:\/\/tervix.ee\/wp-content\/uploads\/2021\/03\/header-logo.png\",\"contentUrl\":\"https:\/\/tervix.ee\/wp-content\/uploads\/2021\/03\/header-logo.png\",\"width\":300,\"height\":71,\"caption\":\"Tervix O\u00dc\"},\"image\":{\"@id\":\"https:\/\/tervix.ee\/fi\/#\/schema\/logo\/image\/\"},\"sameAs\":[\"https:\/\/www.facebook.com\/Tervix\/\",\"https:\/\/www.instagram.com\/tervix_natural\/\"]}]}<\/script>\n<!-- \/ Yoast SEO plugin. -->","yoast_head_json":{"title":"Kurkkusiirappi Simmu - Tervix O\u00dc","description":"Tervix asutati 2003. aastal Eesti astelpajukasvatajate poolt. Eesm\u00e4rk oli astelpajul olevad arvukad kasulikud omadused tuua tarbijateni ja pakkuda loodusteadlikule m\u00f5tlemisele p\u00f5hinevaid tooteid.","robots":{"index":"index","follow":"follow","max-snippet":"max-snippet:-1","max-image-preview":"max-image-preview:large","max-video-preview":"max-video-preview:-1"},"canonical":"https:\/\/tervix.ee\/fi\/tuote\/kurkkusiirappi-simmu\/","og_locale":"fi_FI","og_type":"article","og_title":"Kurkkusiirappi Simmu - Tervix O\u00dc","og_description":"Tervix asutati 2003. aastal Eesti astelpajukasvatajate poolt. Eesm\u00e4rk oli astelpajul olevad arvukad kasulikud omadused tuua tarbijateni ja pakkuda loodusteadlikule m\u00f5tlemisele p\u00f5hinevaid tooteid.","og_url":"https:\/\/tervix.ee\/fi\/tuote\/kurkkusiirappi-simmu\/","og_site_name":"Tervix O\u00dc","article_publisher":"https:\/\/www.facebook.com\/Tervix\/","article_modified_time":"2023-07-03T18:42:47+00:00","og_image":[{"width":2024,"height":2560,"url":"https:\/\/tervix.ee\/wp-content\/uploads\/2021\/03\/Simmu-22-scaled.jpg","type":"image\/jpeg"}],"twitter_card":"summary_large_image","schema":{"@context":"https:\/\/schema.org","@graph":[{"@type":"WebPage","@id":"https:\/\/tervix.ee\/fi\/tuote\/kurkkusiirappi-simmu\/","url":"https:\/\/tervix.ee\/fi\/tuote\/kurkkusiirappi-simmu\/","name":"Kurkkusiirappi Simmu - Tervix O\u00dc","isPartOf":{"@id":"https:\/\/tervix.ee\/fi\/#website"},"primaryImageOfPage":{"@id":"https:\/\/tervix.ee\/fi\/tuote\/kurkkusiirappi-simmu\/#primaryimage"},"image":{"@id":"https:\/\/tervix.ee\/fi\/tuote\/kurkkusiirappi-simmu\/#primaryimage"},"thumbnailUrl":"https:\/\/tervix.ee\/wp-content\/uploads\/2021\/03\/Simmu-22-scaled.jpg","datePublished":"2021-03-26T13:32:18+00:00","dateModified":"2023-07-03T18:42:47+00:00","description":"Tervix asutati 2003. aastal Eesti astelpajukasvatajate poolt. Eesm\u00e4rk oli astelpajul olevad arvukad kasulikud omadused tuua tarbijateni ja pakkuda loodusteadlikule m\u00f5tlemisele p\u00f5hinevaid tooteid.","breadcrumb":{"@id":"https:\/\/tervix.ee\/fi\/tuote\/kurkkusiirappi-simmu\/#breadcrumb"},"inLanguage":"fi","potentialAction":[{"@type":"ReadAction","target":["https:\/\/tervix.ee\/fi\/tuote\/kurkkusiirappi-simmu\/"]}]},{"@type":"ImageObject","inLanguage":"fi","@id":"https:\/\/tervix.ee\/fi\/tuote\/kurkkusiirappi-simmu\/#primaryimage","url":"https:\/\/tervix.ee\/wp-content\/uploads\/2021\/03\/Simmu-22-scaled.jpg","contentUrl":"https:\/\/tervix.ee\/wp-content\/uploads\/2021\/03\/Simmu-22-scaled.jpg","width":2024,"height":2560},{"@type":"BreadcrumbList","@id":"https:\/\/tervix.ee\/fi\/tuote\/kurkkusiirappi-simmu\/#breadcrumb","itemListElement":[{"@type":"ListItem","position":1,"name":"Esileht","item":"https:\/\/tervix.ee\/fi\/"},{"@type":"ListItem","position":2,"name":"Verkkokauppa","item":"https:\/\/tervix.ee\/pood\/"},{"@type":"ListItem","position":3,"name":"Kurkkusiirappi Simmu"}]},{"@type":"WebSite","@id":"https:\/\/tervix.ee\/fi\/#website","url":"https:\/\/tervix.ee\/fi\/","name":"Tervix O\u00dc","description":"","publisher":{"@id":"https:\/\/tervix.ee\/fi\/#organization"},"potentialAction":[{"@type":"SearchAction","target":{"@type":"EntryPoint","urlTemplate":"https:\/\/tervix.ee\/fi\/?s={search_term_string}"},"query-input":{"@type":"PropertyValueSpecification","valueRequired":true,"valueName":"search_term_string"}}],"inLanguage":"fi"},{"@type":"Organization","@id":"https:\/\/tervix.ee\/fi\/#organization","name":"Tervix O\u00dc","url":"https:\/\/tervix.ee\/fi\/","logo":{"@type":"ImageObject","inLanguage":"fi","@id":"https:\/\/tervix.ee\/fi\/#\/schema\/logo\/image\/","url":"https:\/\/tervix.ee\/wp-content\/uploads\/2021\/03\/header-logo.png","contentUrl":"https:\/\/tervix.ee\/wp-content\/uploads\/2021\/03\/header-logo.png","width":300,"height":71,"caption":"Tervix O\u00dc"},"image":{"@id":"https:\/\/tervix.ee\/fi\/#\/schema\/logo\/image\/"},"sameAs":["https:\/\/www.facebook.com\/Tervix\/","https:\/\/www.instagram.com\/tervix_natural\/"]}]}},"_links":{"self":[{"href":"https:\/\/tervix.ee\/fi\/wp-json\/wp\/v2\/product\/4551","targetHints":{"allow":["GET"]}}],"collection":[{"href":"https:\/\/tervix.ee\/fi\/wp-json\/wp\/v2\/product"}],"about":[{"href":"https:\/\/tervix.ee\/fi\/wp-json\/wp\/v2\/types\/product"}],"replies":[{"embeddable":true,"href":"https:\/\/tervix.ee\/fi\/wp-json\/wp\/v2\/comments?post=4551"}],"version-history":[{"count":0,"href":"https:\/\/tervix.ee\/fi\/wp-json\/wp\/v2\/product\/4551\/revisions"}],"wp:featuredmedia":[{"embeddable":true,"href":"https:\/\/tervix.ee\/fi\/wp-json\/wp\/v2\/media\/6333"}],"wp:attachment":[{"href":"https:\/\/tervix.ee\/fi\/wp-json\/wp\/v2\/media?parent=4551"}],"wp:term":[{"taxonomy":"product_brand","embeddable":true,"href":"https:\/\/tervix.ee\/fi\/wp-json\/wp\/v2\/product_brand?post=4551"},{"taxonomy":"product_cat","embeddable":true,"href":"https:\/\/tervix.ee\/fi\/wp-json\/wp\/v2\/product_cat?post=4551"},{"taxonomy":"product_tag","embeddable":true,"href":"https:\/\/tervix.ee\/fi\/wp-json\/wp\/v2\/product_tag?post=4551"}],"curies":[{"name":"wp","href":"https:\/\/api.w.org\/{rel}","templated":true}]}}