{"id":4550,"date":"2021-03-26T15:32:18","date_gmt":"2021-03-26T13:32:18","guid":{"rendered":"https:\/\/tervix.ee\/toode\/pellavansiemenjauhe\/"},"modified":"2021-03-26T15:32:18","modified_gmt":"2021-03-26T13:32:18","slug":"pellavansiemenjauhe","status":"publish","type":"product","link":"https:\/\/tervix.ee\/fi\/tuote\/pellavansiemenjauhe\/","title":{"rendered":"Pellavansiemenjauhe"},"content":{"rendered":"<h3>K\u00e4ytt\u00f6ohjeet<\/h3>\n<ul>\n<li>Ruokalusikallisen pellavansiemenjauhetta voi lis\u00e4t\u00e4 aamujogurttiin tai mysliin.<\/li>\n<li>Sit\u00e4 voi lis\u00e4t\u00e4 my\u00f6s puuroihin, patoihin, salaatteihin, pulla- tai pihvitaikinaan.<\/li>\n<li>Teen valmistukseen ota 1 rkl pellavansiemenjauhetta 1:t\u00e4 lasillista vett\u00e4 kohden.<\/li>\n<\/ul>\n<h3>Ainesosat<\/h3>\n<ul>\n<li>Murskattu pellavansiemen 100 %<\/li>\n<\/ul>\n<h3>Nettom\u00e4\u00e4ra<\/h3>\n<ul>\n<li>140 g<\/li>\n<\/ul>\n<h3>S\u00e4ylytys<\/h3>\n<ul>\n<li>Huoneenl\u00e4mm\u00f6ss\u00e4. Avattuna viile\u00e4ss\u00e4.<\/li>\n<\/ul>\n<h3>RAVINTOSIS\u00c4LT\u00d6 \/ 100 g:<\/h3>\n<div class=\"table-responsive\">\n<table>\n<tbody>\n<tr class=\"tableHeading\">\n<th scope=\"col\"><\/th>\n<th scope=\"col\">Sisaldus<\/th>\n<\/tr>\n<tr>\n<td width=\"180\">Energiaa<\/td>\n<td>1738kJ\/413kcal<\/td>\n<\/tr>\n<tr>\n<td width=\"180\">Rasvaa, mm.:<\/td>\n<td>14g<\/td>\n<\/tr>\n<tr>\n<td width=\"180\">Tyydyttyneit\u00e4 rasvahappoja<\/td>\n<td>2g<\/td>\n<\/tr>\n<tr>\n<td width=\"180\">Hiilihydraatteja, mm.<\/td>\n<td>39g<\/td>\n<\/tr>\n<tr>\n<td width=\"180\">Sokereita<\/td>\n<td>2g<\/td>\n<\/tr>\n<tr>\n<td width=\"180\">Kuitua<\/td>\n<td>31g<\/td>\n<\/tr>\n<tr>\n<td width=\"180\">Proteiinia<\/td>\n<td>32g<\/td>\n<\/tr>\n<tr>\n<td width=\"180\">Suolaa<\/td>\n<td>0g<\/td>\n<\/tr>\n<tr>\n<td width=\"180\">E-vitamiinia<\/td>\n<td>3,6mg<\/td>\n<\/tr>\n<tr>\n<td width=\"180\">\u2014\u2014\u2014\u2014\u2014\u2014\u2014<\/td>\n<td>\u2014\u2014\u2014-<\/td>\n<\/tr>\n<tr>\n<td width=\"180\">Omega-3-rasvahappoja (ALA)<\/td>\n<td>7g<\/td>\n<\/tr>\n<\/tbody>\n<\/table>\n<\/div>\n","protected":false},"excerpt":{"rendered":"<p>Pellavansiemenjauhe koostuu jauhetuista pellavansiemenist\u00e4 sek\u00e4 sis\u00e4lt\u00e4\u00e4 runsaasti E-vitamiinia, kuitua ja omega-3-rasvahappoja. Siemeniin sis\u00e4ltyvien ravintoaineiden saannin kannalta kannattaa kuluttaa pellavansiemeni\u00e4 jauhetussa muodossa, koska silloin ainesosien imeytymisen todenn\u00e4k\u00f6isyys on huomattavasti suurempi kuin ehji\u00e4 siemeni\u00e4 sy\u00f6t\u00e4ess\u00e4. Muita ainesosia ei ole lis\u00e4tty. <a href=\"https:\/\/tervix.ee\/fi\/pellava\/\"><span style=\"text-decoration: underline;\"><strong>Tietoa pellavasta<\/strong><\/span><\/a><\/p>\n","protected":false},"featured_media":6324,"comment_status":"open","ping_status":"closed","template":"","meta":[],"product_brand":[],"product_cat":[177,329,196],"product_tag":[282,293,299,307,317],"class_list":{"0":"post-4550","1":"product","2":"type-product","3":"status-publish","4":"has-post-thumbnail","6":"product_cat-hyvaa-ruokaa","7":"product_cat-jauheet","8":"product_cat-siirapit-ja-marjatuotteet","9":"product_tag-e-vitamiini","10":"product_tag-hyva-sydamelle-ja-verisuonille","11":"product_tag-kuidut","12":"product_tag-pellavansiemenia","13":"product_tag-ruoansulatus","15":"first","16":"instock","17":"taxable","18":"shipping-taxable","19":"purchasable","20":"product-type-simple"},"yoast_head":"<!-- This site is optimized with the Yoast SEO plugin v27.2 - https:\/\/yoast.com\/product\/yoast-seo-wordpress\/ -->\n<title>Pellavansiemenjauhe - Tervix O\u00dc<\/title>\n<meta name=\"description\" content=\"Pellavansiemenjauhe koostuu jauhetuista pellavansiemenist\u00e4 sek\u00e4 sis\u00e4lt\u00e4\u00e4 runsaasti E-vitamiinia, kuitua ja omega-3-rasvahappoja. Siemeniin sis\u00e4ltyvien ravintoaineiden saannin kannalta kannattaa kuluttaa pellavansiemeni\u00e4 jauhetussa muodossa, koska silloin ainesosien imeytymisen todenn\u00e4k\u00f6isyys on huomattavasti suurempi kuin ehji\u00e4 siemeni\u00e4 sy\u00f6t\u00e4ess\u00e4. Muita ainesosia ei ole lis\u00e4tty.\" \/>\n<meta name=\"robots\" content=\"index, follow, max-snippet:-1, max-image-preview:large, max-video-preview:-1\" \/>\n<link rel=\"canonical\" href=\"https:\/\/tervix.ee\/fi\/tuote\/pellavansiemenjauhe\/\" \/>\n<meta property=\"og:locale\" content=\"fi_FI\" \/>\n<meta property=\"og:type\" content=\"article\" \/>\n<meta property=\"og:title\" content=\"Pellavansiemenjauhe - Tervix O\u00dc\" \/>\n<meta property=\"og:description\" content=\"Pellavansiemenjauhe koostuu jauhetuista pellavansiemenist\u00e4 sek\u00e4 sis\u00e4lt\u00e4\u00e4 runsaasti E-vitamiinia, kuitua ja omega-3-rasvahappoja. Siemeniin sis\u00e4ltyvien ravintoaineiden saannin kannalta kannattaa kuluttaa pellavansiemeni\u00e4 jauhetussa muodossa, koska silloin ainesosien imeytymisen todenn\u00e4k\u00f6isyys on huomattavasti suurempi kuin ehji\u00e4 siemeni\u00e4 sy\u00f6t\u00e4ess\u00e4. Muita ainesosia ei ole lis\u00e4tty.\" \/>\n<meta property=\"og:url\" content=\"https:\/\/tervix.ee\/fi\/tuote\/pellavansiemenjauhe\/\" \/>\n<meta property=\"og:site_name\" content=\"Tervix O\u00dc\" \/>\n<meta property=\"article:publisher\" content=\"https:\/\/www.facebook.com\/Tervix\/\" \/>\n<meta property=\"og:image\" content=\"https:\/\/tervix.ee\/wp-content\/uploads\/2021\/03\/Linapulber-22-scaled.jpg\" \/>\n\t<meta property=\"og:image:width\" content=\"1747\" \/>\n\t<meta property=\"og:image:height\" content=\"2560\" \/>\n\t<meta property=\"og:image:type\" content=\"image\/jpeg\" \/>\n<meta name=\"twitter:card\" content=\"summary_large_image\" \/>\n<script type=\"application\/ld+json\" class=\"yoast-schema-graph\">{\"@context\":\"https:\/\/schema.org\",\"@graph\":[{\"@type\":\"WebPage\",\"@id\":\"https:\/\/tervix.ee\/fi\/tuote\/pellavansiemenjauhe\/\",\"url\":\"https:\/\/tervix.ee\/fi\/tuote\/pellavansiemenjauhe\/\",\"name\":\"Pellavansiemenjauhe - Tervix O\u00dc\",\"isPartOf\":{\"@id\":\"https:\/\/tervix.ee\/fi\/#website\"},\"primaryImageOfPage\":{\"@id\":\"https:\/\/tervix.ee\/fi\/tuote\/pellavansiemenjauhe\/#primaryimage\"},\"image\":{\"@id\":\"https:\/\/tervix.ee\/fi\/tuote\/pellavansiemenjauhe\/#primaryimage\"},\"thumbnailUrl\":\"https:\/\/tervix.ee\/wp-content\/uploads\/2021\/03\/Linapulber-22-scaled.jpg\",\"datePublished\":\"2021-03-26T13:32:18+00:00\",\"description\":\"Pellavansiemenjauhe koostuu jauhetuista pellavansiemenist\u00e4 sek\u00e4 sis\u00e4lt\u00e4\u00e4 runsaasti E-vitamiinia, kuitua ja omega-3-rasvahappoja. Siemeniin sis\u00e4ltyvien ravintoaineiden saannin kannalta kannattaa kuluttaa pellavansiemeni\u00e4 jauhetussa muodossa, koska silloin ainesosien imeytymisen todenn\u00e4k\u00f6isyys on huomattavasti suurempi kuin ehji\u00e4 siemeni\u00e4 sy\u00f6t\u00e4ess\u00e4. Muita ainesosia ei ole lis\u00e4tty.\",\"breadcrumb\":{\"@id\":\"https:\/\/tervix.ee\/fi\/tuote\/pellavansiemenjauhe\/#breadcrumb\"},\"inLanguage\":\"fi\",\"potentialAction\":[{\"@type\":\"ReadAction\",\"target\":[\"https:\/\/tervix.ee\/fi\/tuote\/pellavansiemenjauhe\/\"]}]},{\"@type\":\"ImageObject\",\"inLanguage\":\"fi\",\"@id\":\"https:\/\/tervix.ee\/fi\/tuote\/pellavansiemenjauhe\/#primaryimage\",\"url\":\"https:\/\/tervix.ee\/wp-content\/uploads\/2021\/03\/Linapulber-22-scaled.jpg\",\"contentUrl\":\"https:\/\/tervix.ee\/wp-content\/uploads\/2021\/03\/Linapulber-22-scaled.jpg\",\"width\":1747,\"height\":2560},{\"@type\":\"BreadcrumbList\",\"@id\":\"https:\/\/tervix.ee\/fi\/tuote\/pellavansiemenjauhe\/#breadcrumb\",\"itemListElement\":[{\"@type\":\"ListItem\",\"position\":1,\"name\":\"Esileht\",\"item\":\"https:\/\/tervix.ee\/fi\/\"},{\"@type\":\"ListItem\",\"position\":2,\"name\":\"Verkkokauppa\",\"item\":\"https:\/\/tervix.ee\/pood\/\"},{\"@type\":\"ListItem\",\"position\":3,\"name\":\"Pellavansiemenjauhe\"}]},{\"@type\":\"WebSite\",\"@id\":\"https:\/\/tervix.ee\/fi\/#website\",\"url\":\"https:\/\/tervix.ee\/fi\/\",\"name\":\"Tervix O\u00dc\",\"description\":\"\",\"publisher\":{\"@id\":\"https:\/\/tervix.ee\/fi\/#organization\"},\"potentialAction\":[{\"@type\":\"SearchAction\",\"target\":{\"@type\":\"EntryPoint\",\"urlTemplate\":\"https:\/\/tervix.ee\/fi\/?s={search_term_string}\"},\"query-input\":{\"@type\":\"PropertyValueSpecification\",\"valueRequired\":true,\"valueName\":\"search_term_string\"}}],\"inLanguage\":\"fi\"},{\"@type\":\"Organization\",\"@id\":\"https:\/\/tervix.ee\/fi\/#organization\",\"name\":\"Tervix O\u00dc\",\"url\":\"https:\/\/tervix.ee\/fi\/\",\"logo\":{\"@type\":\"ImageObject\",\"inLanguage\":\"fi\",\"@id\":\"https:\/\/tervix.ee\/fi\/#\/schema\/logo\/image\/\",\"url\":\"https:\/\/tervix.ee\/wp-content\/uploads\/2021\/03\/header-logo.png\",\"contentUrl\":\"https:\/\/tervix.ee\/wp-content\/uploads\/2021\/03\/header-logo.png\",\"width\":300,\"height\":71,\"caption\":\"Tervix O\u00dc\"},\"image\":{\"@id\":\"https:\/\/tervix.ee\/fi\/#\/schema\/logo\/image\/\"},\"sameAs\":[\"https:\/\/www.facebook.com\/Tervix\/\",\"https:\/\/www.instagram.com\/tervix_natural\/\"]}]}<\/script>\n<!-- \/ Yoast SEO plugin. -->","yoast_head_json":{"title":"Pellavansiemenjauhe - Tervix O\u00dc","description":"Pellavansiemenjauhe koostuu jauhetuista pellavansiemenist\u00e4 sek\u00e4 sis\u00e4lt\u00e4\u00e4 runsaasti E-vitamiinia, kuitua ja omega-3-rasvahappoja. Siemeniin sis\u00e4ltyvien ravintoaineiden saannin kannalta kannattaa kuluttaa pellavansiemeni\u00e4 jauhetussa muodossa, koska silloin ainesosien imeytymisen todenn\u00e4k\u00f6isyys on huomattavasti suurempi kuin ehji\u00e4 siemeni\u00e4 sy\u00f6t\u00e4ess\u00e4. Muita ainesosia ei ole lis\u00e4tty.","robots":{"index":"index","follow":"follow","max-snippet":"max-snippet:-1","max-image-preview":"max-image-preview:large","max-video-preview":"max-video-preview:-1"},"canonical":"https:\/\/tervix.ee\/fi\/tuote\/pellavansiemenjauhe\/","og_locale":"fi_FI","og_type":"article","og_title":"Pellavansiemenjauhe - Tervix O\u00dc","og_description":"Pellavansiemenjauhe koostuu jauhetuista pellavansiemenist\u00e4 sek\u00e4 sis\u00e4lt\u00e4\u00e4 runsaasti E-vitamiinia, kuitua ja omega-3-rasvahappoja. Siemeniin sis\u00e4ltyvien ravintoaineiden saannin kannalta kannattaa kuluttaa pellavansiemeni\u00e4 jauhetussa muodossa, koska silloin ainesosien imeytymisen todenn\u00e4k\u00f6isyys on huomattavasti suurempi kuin ehji\u00e4 siemeni\u00e4 sy\u00f6t\u00e4ess\u00e4. Muita ainesosia ei ole lis\u00e4tty.","og_url":"https:\/\/tervix.ee\/fi\/tuote\/pellavansiemenjauhe\/","og_site_name":"Tervix O\u00dc","article_publisher":"https:\/\/www.facebook.com\/Tervix\/","og_image":[{"width":1747,"height":2560,"url":"https:\/\/tervix.ee\/wp-content\/uploads\/2021\/03\/Linapulber-22-scaled.jpg","type":"image\/jpeg"}],"twitter_card":"summary_large_image","schema":{"@context":"https:\/\/schema.org","@graph":[{"@type":"WebPage","@id":"https:\/\/tervix.ee\/fi\/tuote\/pellavansiemenjauhe\/","url":"https:\/\/tervix.ee\/fi\/tuote\/pellavansiemenjauhe\/","name":"Pellavansiemenjauhe - Tervix O\u00dc","isPartOf":{"@id":"https:\/\/tervix.ee\/fi\/#website"},"primaryImageOfPage":{"@id":"https:\/\/tervix.ee\/fi\/tuote\/pellavansiemenjauhe\/#primaryimage"},"image":{"@id":"https:\/\/tervix.ee\/fi\/tuote\/pellavansiemenjauhe\/#primaryimage"},"thumbnailUrl":"https:\/\/tervix.ee\/wp-content\/uploads\/2021\/03\/Linapulber-22-scaled.jpg","datePublished":"2021-03-26T13:32:18+00:00","description":"Pellavansiemenjauhe koostuu jauhetuista pellavansiemenist\u00e4 sek\u00e4 sis\u00e4lt\u00e4\u00e4 runsaasti E-vitamiinia, kuitua ja omega-3-rasvahappoja. Siemeniin sis\u00e4ltyvien ravintoaineiden saannin kannalta kannattaa kuluttaa pellavansiemeni\u00e4 jauhetussa muodossa, koska silloin ainesosien imeytymisen todenn\u00e4k\u00f6isyys on huomattavasti suurempi kuin ehji\u00e4 siemeni\u00e4 sy\u00f6t\u00e4ess\u00e4. Muita ainesosia ei ole lis\u00e4tty.","breadcrumb":{"@id":"https:\/\/tervix.ee\/fi\/tuote\/pellavansiemenjauhe\/#breadcrumb"},"inLanguage":"fi","potentialAction":[{"@type":"ReadAction","target":["https:\/\/tervix.ee\/fi\/tuote\/pellavansiemenjauhe\/"]}]},{"@type":"ImageObject","inLanguage":"fi","@id":"https:\/\/tervix.ee\/fi\/tuote\/pellavansiemenjauhe\/#primaryimage","url":"https:\/\/tervix.ee\/wp-content\/uploads\/2021\/03\/Linapulber-22-scaled.jpg","contentUrl":"https:\/\/tervix.ee\/wp-content\/uploads\/2021\/03\/Linapulber-22-scaled.jpg","width":1747,"height":2560},{"@type":"BreadcrumbList","@id":"https:\/\/tervix.ee\/fi\/tuote\/pellavansiemenjauhe\/#breadcrumb","itemListElement":[{"@type":"ListItem","position":1,"name":"Esileht","item":"https:\/\/tervix.ee\/fi\/"},{"@type":"ListItem","position":2,"name":"Verkkokauppa","item":"https:\/\/tervix.ee\/pood\/"},{"@type":"ListItem","position":3,"name":"Pellavansiemenjauhe"}]},{"@type":"WebSite","@id":"https:\/\/tervix.ee\/fi\/#website","url":"https:\/\/tervix.ee\/fi\/","name":"Tervix O\u00dc","description":"","publisher":{"@id":"https:\/\/tervix.ee\/fi\/#organization"},"potentialAction":[{"@type":"SearchAction","target":{"@type":"EntryPoint","urlTemplate":"https:\/\/tervix.ee\/fi\/?s={search_term_string}"},"query-input":{"@type":"PropertyValueSpecification","valueRequired":true,"valueName":"search_term_string"}}],"inLanguage":"fi"},{"@type":"Organization","@id":"https:\/\/tervix.ee\/fi\/#organization","name":"Tervix O\u00dc","url":"https:\/\/tervix.ee\/fi\/","logo":{"@type":"ImageObject","inLanguage":"fi","@id":"https:\/\/tervix.ee\/fi\/#\/schema\/logo\/image\/","url":"https:\/\/tervix.ee\/wp-content\/uploads\/2021\/03\/header-logo.png","contentUrl":"https:\/\/tervix.ee\/wp-content\/uploads\/2021\/03\/header-logo.png","width":300,"height":71,"caption":"Tervix O\u00dc"},"image":{"@id":"https:\/\/tervix.ee\/fi\/#\/schema\/logo\/image\/"},"sameAs":["https:\/\/www.facebook.com\/Tervix\/","https:\/\/www.instagram.com\/tervix_natural\/"]}]}},"_links":{"self":[{"href":"https:\/\/tervix.ee\/fi\/wp-json\/wp\/v2\/product\/4550","targetHints":{"allow":["GET"]}}],"collection":[{"href":"https:\/\/tervix.ee\/fi\/wp-json\/wp\/v2\/product"}],"about":[{"href":"https:\/\/tervix.ee\/fi\/wp-json\/wp\/v2\/types\/product"}],"replies":[{"embeddable":true,"href":"https:\/\/tervix.ee\/fi\/wp-json\/wp\/v2\/comments?post=4550"}],"version-history":[{"count":0,"href":"https:\/\/tervix.ee\/fi\/wp-json\/wp\/v2\/product\/4550\/revisions"}],"wp:featuredmedia":[{"embeddable":true,"href":"https:\/\/tervix.ee\/fi\/wp-json\/wp\/v2\/media\/6324"}],"wp:attachment":[{"href":"https:\/\/tervix.ee\/fi\/wp-json\/wp\/v2\/media?parent=4550"}],"wp:term":[{"taxonomy":"product_brand","embeddable":true,"href":"https:\/\/tervix.ee\/fi\/wp-json\/wp\/v2\/product_brand?post=4550"},{"taxonomy":"product_cat","embeddable":true,"href":"https:\/\/tervix.ee\/fi\/wp-json\/wp\/v2\/product_cat?post=4550"},{"taxonomy":"product_tag","embeddable":true,"href":"https:\/\/tervix.ee\/fi\/wp-json\/wp\/v2\/product_tag?post=4550"}],"curies":[{"name":"wp","href":"https:\/\/api.w.org\/{rel}","templated":true}]}}