{"id":6479,"date":"2022-09-26T10:45:27","date_gmt":"2022-09-26T07:45:27","guid":{"rendered":"https:\/\/tervix.ee\/keita-olemme-2\/"},"modified":"2022-09-28T10:39:04","modified_gmt":"2022-09-28T07:39:04","slug":"keita-olemme-2","status":"publish","type":"page","link":"https:\/\/tervix.ee\/fi\/keita-olemme-2\/","title":{"rendered":"Keit\u00e4 olemme"},"content":{"rendered":"\t\t<div data-elementor-type=\"wp-page\" data-elementor-id=\"6479\" class=\"elementor elementor-6479 elementor-6398\">\n\t\t\t\t\t\t<section class=\"elementor-section elementor-top-section elementor-element elementor-element-a99ac12 elementor-section-boxed elementor-section-height-default elementor-section-height-default\" data-id=\"a99ac12\" data-element_type=\"section\" data-e-type=\"section\">\n\t\t\t\t\t\t<div class=\"elementor-container elementor-column-gap-default\">\n\t\t\t\t\t<div class=\"elementor-column elementor-col-100 elementor-top-column elementor-element elementor-element-6d2a9d0\" data-id=\"6d2a9d0\" data-element_type=\"column\" data-e-type=\"column\">\n\t\t\t<div class=\"elementor-widget-wrap\">\n\t\t\t\t\t\t\t<\/div>\n\t\t<\/div>\n\t\t\t\t\t<\/div>\n\t\t<\/section>\n\t\t\t\t<section class=\"elementor-section elementor-top-section elementor-element elementor-element-6c3458e elementor-section-stretched elementor-section-boxed elementor-section-height-default elementor-section-height-default\" data-id=\"6c3458e\" data-element_type=\"section\" data-e-type=\"section\" data-settings=\"{&quot;stretch_section&quot;:&quot;section-stretched&quot;,&quot;background_background&quot;:&quot;classic&quot;}\">\n\t\t\t\t\t\t<div class=\"elementor-container elementor-column-gap-default\">\n\t\t\t\t\t<div class=\"elementor-column elementor-col-100 elementor-top-column elementor-element elementor-element-17b8220\" data-id=\"17b8220\" data-element_type=\"column\" data-e-type=\"column\">\n\t\t\t<div class=\"elementor-widget-wrap elementor-element-populated\">\n\t\t\t\t\t\t<div class=\"elementor-element elementor-element-151b6758 elementor-widget elementor-widget-heading\" data-id=\"151b6758\" data-element_type=\"widget\" data-e-type=\"widget\" data-widget_type=\"heading.default\">\n\t\t\t\t\t<h2 class=\"elementor-heading-title elementor-size-default\">Keit\u00e4 olemme<\/h2>\t\t\t\t<\/div>\n\t\t\t\t<div class=\"elementor-element elementor-element-694731d7 elementor-widget elementor-widget-text-editor\" data-id=\"694731d7\" data-element_type=\"widget\" data-e-type=\"widget\" data-widget_type=\"text-editor.default\">\n\t\t\t\t\t\t\t\t\t<p><strong>Tervixin ovat perustaneet vuonna 2003 virolaiset tyrninviljelij\u00e4t saattaakseen tyrnin lukuiset hy\u00f6dylliset ominaisuudet kuluttajien ulottuville ja tarjotakseen luontotietoiseen ajatteluun perustuvia tuotteita.<\/strong><\/p>\n<p>Vuosien mittaan on laajennettu tuotevalikoimaa tyrnin ulkopuolelle kansanviisaudesta ja luonnonl\u00e4heisyydest\u00e4 l\u00e4htien.<\/p>\n<p>Tyrnituotteiden lis\u00e4ksi kuluttajien suurimmiksi suosikeiksi ovat tulleet <a href=\"https:\/\/tervix.ee\/fi\/tuote\/hanhenrasvavoide-villy\/\" target=\"_blank\" rel=\"noopener\">Tervixin Hanhenrasvavoide Villy<\/a> ja <a href=\"https:\/\/tervix.ee\/fi\/tuote\/nenavoide\/\" target=\"_blank\" rel=\"noopener\">Tervixin Nen\u00e4voide<\/a>. Virolaiset kuluttajat ovat ottaneet Tervixin luonnonl\u00e4heiset, synteettisi\u00e4 ainesosia sis\u00e4lt\u00e4m\u00e4tt\u00f6m\u00e4t tuotteet hyvin vastaan.<\/p>\n<p>Tervix-merkkisiin tuotteisiin ei lis\u00e4t\u00e4 keinotekoisia s\u00e4il\u00f6nt\u00e4- tai muita aineita, mink\u00e4 vuoksi n\u00e4it\u00e4 tuotteita suosivat my\u00f6s pikkulasten \u00e4idit.<\/p>\n\t\t\t\t\t\t\t\t<\/div>\n\t\t\t\t\t<\/div>\n\t\t<\/div>\n\t\t\t\t\t<\/div>\n\t\t<\/section>\n\t\t\t\t<section class=\"elementor-section elementor-top-section elementor-element elementor-element-0ed14ab elementor-section-full_width elementor-section-stretched elementor-section-height-default elementor-section-height-default\" data-id=\"0ed14ab\" data-element_type=\"section\" data-e-type=\"section\" data-settings=\"{&quot;stretch_section&quot;:&quot;section-stretched&quot;,&quot;background_background&quot;:&quot;classic&quot;}\">\n\t\t\t\t\t\t<div class=\"elementor-container elementor-column-gap-no\">\n\t\t\t\t\t<div class=\"elementor-column elementor-col-100 elementor-top-column elementor-element elementor-element-8be4777\" data-id=\"8be4777\" data-element_type=\"column\" data-e-type=\"column\">\n\t\t\t<div class=\"elementor-widget-wrap elementor-element-populated\">\n\t\t\t\t\t\t<div class=\"elementor-element elementor-element-c9568e0 elementor-widget elementor-widget-image\" data-id=\"c9568e0\" data-element_type=\"widget\" data-e-type=\"widget\" data-widget_type=\"image.default\">\n\t\t\t\t\t\t\t\t\t\t\t\t\t\t\t<img fetchpriority=\"high\" decoding=\"async\" width=\"2276\" height=\"888\" src=\"https:\/\/tervix.ee\/wp-content\/uploads\/2022\/09\/beautiful-mother-with-little-son-summer-field-scaled3.jpg\" class=\"attachment-full size-full wp-image-6459\" alt=\"\" srcset=\"https:\/\/tervix.ee\/wp-content\/uploads\/2022\/09\/beautiful-mother-with-little-son-summer-field-scaled3.jpg 2276w, https:\/\/tervix.ee\/wp-content\/uploads\/2022\/09\/beautiful-mother-with-little-son-summer-field-scaled3-300x117.jpg 300w, https:\/\/tervix.ee\/wp-content\/uploads\/2022\/09\/beautiful-mother-with-little-son-summer-field-scaled3-1024x400.jpg 1024w, https:\/\/tervix.ee\/wp-content\/uploads\/2022\/09\/beautiful-mother-with-little-son-summer-field-scaled3-768x300.jpg 768w, https:\/\/tervix.ee\/wp-content\/uploads\/2022\/09\/beautiful-mother-with-little-son-summer-field-scaled3-1536x599.jpg 1536w, https:\/\/tervix.ee\/wp-content\/uploads\/2022\/09\/beautiful-mother-with-little-son-summer-field-scaled3-2048x799.jpg 2048w, https:\/\/tervix.ee\/wp-content\/uploads\/2022\/09\/beautiful-mother-with-little-son-summer-field-scaled3-660x258.jpg 660w, https:\/\/tervix.ee\/wp-content\/uploads\/2022\/09\/beautiful-mother-with-little-son-summer-field-scaled3-460x179.jpg 460w\" sizes=\"(max-width: 2276px) 100vw, 2276px\" \/>\t\t\t\t\t\t\t\t\t\t\t\t\t\t\t<\/div>\n\t\t\t\t\t<\/div>\n\t\t<\/div>\n\t\t\t\t\t<\/div>\n\t\t<\/section>\n\t\t\t\t<\/div>\n\t\t","protected":false},"excerpt":{"rendered":"<p>Keit\u00e4 olemme Tervixin ovat perustaneet vuonna 2003 virolaiset tyrninviljelij\u00e4t saattaakseen tyrnin lukuiset hy\u00f6dylliset ominaisuudet kuluttajien ulottuville ja tarjotakseen luontotietoiseen ajatteluun perustuvia tuotteita. Vuosien mittaan on laajennettu tuotevalikoimaa tyrnin ulkopuolelle kansanviisaudesta ja luonnonl\u00e4heisyydest\u00e4 l\u00e4htien. Tyrnituotteiden lis\u00e4ksi kuluttajien suurimmiksi suosikeiksi ovat tulleet Tervixin Hanhenrasvavoide Villy ja Tervixin Nen\u00e4voide. Virolaiset kuluttajat ovat ottaneet Tervixin luonnonl\u00e4heiset, synteettisi\u00e4 ainesosia sis\u00e4lt\u00e4m\u00e4tt\u00f6m\u00e4t tuotteet hyvin vastaan. Tervix-merkkisiin tuotteisiin ei lis\u00e4t\u00e4 keinotekoisia s\u00e4il\u00f6nt\u00e4- tai muita aineita, mink\u00e4 vuoksi n\u00e4it\u00e4 tuotteita suosivat my\u00f6s pikkulasten \u00e4idit.<\/p>\n","protected":false},"author":1,"featured_media":0,"parent":0,"menu_order":0,"comment_status":"closed","ping_status":"closed","template":"","meta":{"footnotes":""},"class_list":["post-6479","page","type-page","status-publish","hentry"],"yoast_head":"<!-- This site is optimized with the Yoast SEO plugin v27.2 - https:\/\/yoast.com\/product\/yoast-seo-wordpress\/ -->\n<title>Keit\u00e4 olemme - Tervix O\u00dc<\/title>\n<meta name=\"description\" content=\"Tervix asutati 2003. aastal Eesti astelpajukasvatajate poolt. Eesm\u00e4rk oli astelpajul olevad arvukad kasulikud omadused tuua tarbijateni ja pakkuda loodusteadlikule m\u00f5tlemisele p\u00f5hinevaid tooteid.\" \/>\n<meta name=\"robots\" content=\"index, follow, max-snippet:-1, max-image-preview:large, max-video-preview:-1\" \/>\n<link rel=\"canonical\" href=\"https:\/\/tervix.ee\/fi\/keita-olemme-2\/\" \/>\n<meta property=\"og:locale\" content=\"fi_FI\" \/>\n<meta property=\"og:type\" content=\"article\" \/>\n<meta property=\"og:title\" content=\"Keit\u00e4 olemme - Tervix O\u00dc\" \/>\n<meta property=\"og:description\" content=\"Tervix asutati 2003. aastal Eesti astelpajukasvatajate poolt. Eesm\u00e4rk oli astelpajul olevad arvukad kasulikud omadused tuua tarbijateni ja pakkuda loodusteadlikule m\u00f5tlemisele p\u00f5hinevaid tooteid.\" \/>\n<meta property=\"og:url\" content=\"https:\/\/tervix.ee\/fi\/keita-olemme-2\/\" \/>\n<meta property=\"og:site_name\" content=\"Tervix O\u00dc\" \/>\n<meta property=\"article:publisher\" content=\"https:\/\/www.facebook.com\/Tervix\/\" \/>\n<meta property=\"article:modified_time\" content=\"2022-09-28T07:39:04+00:00\" \/>\n<meta property=\"og:image\" content=\"https:\/\/tervix.ee\/wp-content\/uploads\/2022\/09\/beautiful-mother-with-little-son-summer-field-scaled3.jpg\" \/>\n<meta name=\"twitter:card\" content=\"summary_large_image\" \/>\n<script type=\"application\/ld+json\" class=\"yoast-schema-graph\">{\"@context\":\"https:\/\/schema.org\",\"@graph\":[{\"@type\":\"WebPage\",\"@id\":\"https:\/\/tervix.ee\/fi\/keita-olemme-2\/\",\"url\":\"https:\/\/tervix.ee\/fi\/keita-olemme-2\/\",\"name\":\"Keit\u00e4 olemme - Tervix O\u00dc\",\"isPartOf\":{\"@id\":\"https:\/\/tervix.ee\/fi\/#website\"},\"primaryImageOfPage\":{\"@id\":\"https:\/\/tervix.ee\/fi\/keita-olemme-2\/#primaryimage\"},\"image\":{\"@id\":\"https:\/\/tervix.ee\/fi\/keita-olemme-2\/#primaryimage\"},\"thumbnailUrl\":\"https:\/\/tervix.ee\/wp-content\/uploads\/2022\/09\/beautiful-mother-with-little-son-summer-field-scaled3.jpg\",\"datePublished\":\"2022-09-26T07:45:27+00:00\",\"dateModified\":\"2022-09-28T07:39:04+00:00\",\"description\":\"Tervix asutati 2003. aastal Eesti astelpajukasvatajate poolt. Eesm\u00e4rk oli astelpajul olevad arvukad kasulikud omadused tuua tarbijateni ja pakkuda loodusteadlikule m\u00f5tlemisele p\u00f5hinevaid tooteid.\",\"breadcrumb\":{\"@id\":\"https:\/\/tervix.ee\/fi\/keita-olemme-2\/#breadcrumb\"},\"inLanguage\":\"fi\",\"potentialAction\":[{\"@type\":\"ReadAction\",\"target\":[\"https:\/\/tervix.ee\/fi\/keita-olemme-2\/\"]}]},{\"@type\":\"ImageObject\",\"inLanguage\":\"fi\",\"@id\":\"https:\/\/tervix.ee\/fi\/keita-olemme-2\/#primaryimage\",\"url\":\"https:\/\/tervix.ee\/wp-content\/uploads\/2022\/09\/beautiful-mother-with-little-son-summer-field-scaled3.jpg\",\"contentUrl\":\"https:\/\/tervix.ee\/wp-content\/uploads\/2022\/09\/beautiful-mother-with-little-son-summer-field-scaled3.jpg\"},{\"@type\":\"BreadcrumbList\",\"@id\":\"https:\/\/tervix.ee\/fi\/keita-olemme-2\/#breadcrumb\",\"itemListElement\":[{\"@type\":\"ListItem\",\"position\":1,\"name\":\"Esileht\",\"item\":\"https:\/\/tervix.ee\/fi\/\"},{\"@type\":\"ListItem\",\"position\":2,\"name\":\"Keit\u00e4 olemme\"}]},{\"@type\":\"WebSite\",\"@id\":\"https:\/\/tervix.ee\/fi\/#website\",\"url\":\"https:\/\/tervix.ee\/fi\/\",\"name\":\"Tervix O\u00dc\",\"description\":\"\",\"publisher\":{\"@id\":\"https:\/\/tervix.ee\/fi\/#organization\"},\"potentialAction\":[{\"@type\":\"SearchAction\",\"target\":{\"@type\":\"EntryPoint\",\"urlTemplate\":\"https:\/\/tervix.ee\/fi\/?s={search_term_string}\"},\"query-input\":{\"@type\":\"PropertyValueSpecification\",\"valueRequired\":true,\"valueName\":\"search_term_string\"}}],\"inLanguage\":\"fi\"},{\"@type\":\"Organization\",\"@id\":\"https:\/\/tervix.ee\/fi\/#organization\",\"name\":\"Tervix O\u00dc\",\"url\":\"https:\/\/tervix.ee\/fi\/\",\"logo\":{\"@type\":\"ImageObject\",\"inLanguage\":\"fi\",\"@id\":\"https:\/\/tervix.ee\/fi\/#\/schema\/logo\/image\/\",\"url\":\"https:\/\/tervix.ee\/wp-content\/uploads\/2021\/03\/header-logo.png\",\"contentUrl\":\"https:\/\/tervix.ee\/wp-content\/uploads\/2021\/03\/header-logo.png\",\"width\":300,\"height\":71,\"caption\":\"Tervix O\u00dc\"},\"image\":{\"@id\":\"https:\/\/tervix.ee\/fi\/#\/schema\/logo\/image\/\"},\"sameAs\":[\"https:\/\/www.facebook.com\/Tervix\/\",\"https:\/\/www.instagram.com\/tervix_natural\/\"]}]}<\/script>\n<!-- \/ Yoast SEO plugin. -->","yoast_head_json":{"title":"Keit\u00e4 olemme - Tervix O\u00dc","description":"Tervix asutati 2003. aastal Eesti astelpajukasvatajate poolt. Eesm\u00e4rk oli astelpajul olevad arvukad kasulikud omadused tuua tarbijateni ja pakkuda loodusteadlikule m\u00f5tlemisele p\u00f5hinevaid tooteid.","robots":{"index":"index","follow":"follow","max-snippet":"max-snippet:-1","max-image-preview":"max-image-preview:large","max-video-preview":"max-video-preview:-1"},"canonical":"https:\/\/tervix.ee\/fi\/keita-olemme-2\/","og_locale":"fi_FI","og_type":"article","og_title":"Keit\u00e4 olemme - Tervix O\u00dc","og_description":"Tervix asutati 2003. aastal Eesti astelpajukasvatajate poolt. Eesm\u00e4rk oli astelpajul olevad arvukad kasulikud omadused tuua tarbijateni ja pakkuda loodusteadlikule m\u00f5tlemisele p\u00f5hinevaid tooteid.","og_url":"https:\/\/tervix.ee\/fi\/keita-olemme-2\/","og_site_name":"Tervix O\u00dc","article_publisher":"https:\/\/www.facebook.com\/Tervix\/","article_modified_time":"2022-09-28T07:39:04+00:00","og_image":[{"url":"https:\/\/tervix.ee\/wp-content\/uploads\/2022\/09\/beautiful-mother-with-little-son-summer-field-scaled3.jpg","type":"","width":"","height":""}],"twitter_card":"summary_large_image","schema":{"@context":"https:\/\/schema.org","@graph":[{"@type":"WebPage","@id":"https:\/\/tervix.ee\/fi\/keita-olemme-2\/","url":"https:\/\/tervix.ee\/fi\/keita-olemme-2\/","name":"Keit\u00e4 olemme - Tervix O\u00dc","isPartOf":{"@id":"https:\/\/tervix.ee\/fi\/#website"},"primaryImageOfPage":{"@id":"https:\/\/tervix.ee\/fi\/keita-olemme-2\/#primaryimage"},"image":{"@id":"https:\/\/tervix.ee\/fi\/keita-olemme-2\/#primaryimage"},"thumbnailUrl":"https:\/\/tervix.ee\/wp-content\/uploads\/2022\/09\/beautiful-mother-with-little-son-summer-field-scaled3.jpg","datePublished":"2022-09-26T07:45:27+00:00","dateModified":"2022-09-28T07:39:04+00:00","description":"Tervix asutati 2003. aastal Eesti astelpajukasvatajate poolt. Eesm\u00e4rk oli astelpajul olevad arvukad kasulikud omadused tuua tarbijateni ja pakkuda loodusteadlikule m\u00f5tlemisele p\u00f5hinevaid tooteid.","breadcrumb":{"@id":"https:\/\/tervix.ee\/fi\/keita-olemme-2\/#breadcrumb"},"inLanguage":"fi","potentialAction":[{"@type":"ReadAction","target":["https:\/\/tervix.ee\/fi\/keita-olemme-2\/"]}]},{"@type":"ImageObject","inLanguage":"fi","@id":"https:\/\/tervix.ee\/fi\/keita-olemme-2\/#primaryimage","url":"https:\/\/tervix.ee\/wp-content\/uploads\/2022\/09\/beautiful-mother-with-little-son-summer-field-scaled3.jpg","contentUrl":"https:\/\/tervix.ee\/wp-content\/uploads\/2022\/09\/beautiful-mother-with-little-son-summer-field-scaled3.jpg"},{"@type":"BreadcrumbList","@id":"https:\/\/tervix.ee\/fi\/keita-olemme-2\/#breadcrumb","itemListElement":[{"@type":"ListItem","position":1,"name":"Esileht","item":"https:\/\/tervix.ee\/fi\/"},{"@type":"ListItem","position":2,"name":"Keit\u00e4 olemme"}]},{"@type":"WebSite","@id":"https:\/\/tervix.ee\/fi\/#website","url":"https:\/\/tervix.ee\/fi\/","name":"Tervix O\u00dc","description":"","publisher":{"@id":"https:\/\/tervix.ee\/fi\/#organization"},"potentialAction":[{"@type":"SearchAction","target":{"@type":"EntryPoint","urlTemplate":"https:\/\/tervix.ee\/fi\/?s={search_term_string}"},"query-input":{"@type":"PropertyValueSpecification","valueRequired":true,"valueName":"search_term_string"}}],"inLanguage":"fi"},{"@type":"Organization","@id":"https:\/\/tervix.ee\/fi\/#organization","name":"Tervix O\u00dc","url":"https:\/\/tervix.ee\/fi\/","logo":{"@type":"ImageObject","inLanguage":"fi","@id":"https:\/\/tervix.ee\/fi\/#\/schema\/logo\/image\/","url":"https:\/\/tervix.ee\/wp-content\/uploads\/2021\/03\/header-logo.png","contentUrl":"https:\/\/tervix.ee\/wp-content\/uploads\/2021\/03\/header-logo.png","width":300,"height":71,"caption":"Tervix O\u00dc"},"image":{"@id":"https:\/\/tervix.ee\/fi\/#\/schema\/logo\/image\/"},"sameAs":["https:\/\/www.facebook.com\/Tervix\/","https:\/\/www.instagram.com\/tervix_natural\/"]}]}},"_links":{"self":[{"href":"https:\/\/tervix.ee\/fi\/wp-json\/wp\/v2\/pages\/6479","targetHints":{"allow":["GET"]}}],"collection":[{"href":"https:\/\/tervix.ee\/fi\/wp-json\/wp\/v2\/pages"}],"about":[{"href":"https:\/\/tervix.ee\/fi\/wp-json\/wp\/v2\/types\/page"}],"author":[{"embeddable":true,"href":"https:\/\/tervix.ee\/fi\/wp-json\/wp\/v2\/users\/1"}],"replies":[{"embeddable":true,"href":"https:\/\/tervix.ee\/fi\/wp-json\/wp\/v2\/comments?post=6479"}],"version-history":[{"count":0,"href":"https:\/\/tervix.ee\/fi\/wp-json\/wp\/v2\/pages\/6479\/revisions"}],"wp:attachment":[{"href":"https:\/\/tervix.ee\/fi\/wp-json\/wp\/v2\/media?parent=6479"}],"curies":[{"name":"wp","href":"https:\/\/api.w.org\/{rel}","templated":true}]}}