{"id":4965,"date":"2018-08-30T08:35:53","date_gmt":"2018-08-30T05:35:53","guid":{"rendered":"https:\/\/tervix.ee\/ottaa-yhteytta\/"},"modified":"2024-04-22T16:04:20","modified_gmt":"2024-04-22T13:04:20","slug":"ottaa-yhteytta","status":"publish","type":"page","link":"https:\/\/tervix.ee\/fi\/ottaa-yhteytta\/","title":{"rendered":"Ottaa yhteytt\u00e4"},"content":{"rendered":"\t\t<div data-elementor-type=\"wp-page\" data-elementor-id=\"4965\" class=\"elementor elementor-4965 elementor-191\">\n\t\t\t\t\t\t<section class=\"elementor-section elementor-top-section elementor-element elementor-element-0555dcb elementor-section-boxed elementor-section-height-default elementor-section-height-default\" data-id=\"0555dcb\" data-element_type=\"section\" data-e-type=\"section\">\n\t\t\t\t\t\t<div class=\"elementor-container elementor-column-gap-default\">\n\t\t\t\t\t<div class=\"elementor-column elementor-col-100 elementor-top-column elementor-element elementor-element-4ee8648\" data-id=\"4ee8648\" data-element_type=\"column\" data-e-type=\"column\">\n\t\t\t<div class=\"elementor-widget-wrap elementor-element-populated\">\n\t\t\t\t\t\t<div class=\"elementor-element elementor-element-545008e elementor-widget elementor-widget-konte-heading\" data-id=\"545008e\" data-element_type=\"widget\" data-e-type=\"widget\" data-widget_type=\"konte-heading.default\">\n\t\t\t\t<div class=\"elementor-widget-container\">\n\t\t\t\t\t<h1 class=\"konte-heading-title konte-heading-title--default\">Ottaa yhteytt\u00e4<\/h1>\t\t\t\t<\/div>\n\t\t\t\t<\/div>\n\t\t\t\t\t<\/div>\n\t\t<\/div>\n\t\t\t\t\t<\/div>\n\t\t<\/section>\n\t\t\t\t<section class=\"elementor-section elementor-top-section elementor-element elementor-element-acbb40 elementor-section-boxed elementor-section-height-default elementor-section-height-default\" data-id=\"acbb40\" data-element_type=\"section\" data-e-type=\"section\">\n\t\t\t\t\t\t<div class=\"elementor-container elementor-column-gap-default\">\n\t\t\t\t\t<div class=\"elementor-column elementor-col-100 elementor-top-column elementor-element elementor-element-36ffcb6f\" data-id=\"36ffcb6f\" data-element_type=\"column\" data-e-type=\"column\">\n\t\t\t<div class=\"elementor-widget-wrap elementor-element-populated\">\n\t\t\t\t\t\t<div class=\"elementor-element elementor-element-38aae48 elementor-widget elementor-widget-heading\" data-id=\"38aae48\" data-element_type=\"widget\" data-e-type=\"widget\" data-widget_type=\"heading.default\">\n\t\t\t\t\t<h2 class=\"elementor-heading-title elementor-size-default\">O\u00dc Tervix<\/h2>\t\t\t\t<\/div>\n\t\t\t\t<div class=\"elementor-element elementor-element-7bab3c33 elementor-widget elementor-widget-text-editor\" data-id=\"7bab3c33\" data-element_type=\"widget\" data-e-type=\"widget\" data-widget_type=\"text-editor.default\">\n\t\t\t\t\t\t\t\t\t<p><strong>OSOITE:<\/strong> <span style=\"text-decoration: underline;\"><a href=\"https:\/\/www.google.com\/maps\/place\/V%C3%A4rvi+5,+10621+Tallinn\/@59.4218031,24.6780797,17z\/data=!3m1!4b1!4m5!3m4!1s0x4692945da91c7047:0xd25191d4f5e6d7ed!8m2!3d59.4218031!4d24.6802684?hl=en\" target=\"_blank\" rel=\"noopener noreferrer nofollow\">V\u00e4rvi 5, Tallinn, 10621<\/a><\/span><\/p>\n<p><strong>PUHELIN: <\/strong><span style=\"text-decoration: underline;\"><span class=\"info-value\"><a href=\"tel:+372 5011736\">+372 5011736<\/a><\/span><\/span><\/p>\n<p><strong>S\u00c4HK\u00d6POSTI:<\/strong> <span style=\"text-decoration: underline;\"><span class=\"info-value\"><a class=\"konte-info-list__email-link\" href=\"mailto:info@tervix.ee\">info@tervix.ee<\/a><\/span><\/span><\/p>\n\t\t\t\t\t\t\t\t<\/div>\n\t\t\t\t<div class=\"elementor-element elementor-element-1c80997 e-grid-align-left elementor-shape-rounded elementor-grid-0 elementor-widget elementor-widget-social-icons\" data-id=\"1c80997\" data-element_type=\"widget\" data-e-type=\"widget\" data-widget_type=\"social-icons.default\">\n\t\t\t\t\t\t\t<div class=\"elementor-social-icons-wrapper elementor-grid\" role=\"list\">\n\t\t\t\t\t\t\t<span class=\"elementor-grid-item\" role=\"listitem\">\n\t\t\t\t\t<a class=\"elementor-icon elementor-social-icon elementor-social-icon-facebook elementor-repeater-item-3e90a5d\" href=\"https:\/\/www.facebook.com\/Tervix\/\" target=\"_blank\" rel=\"noopener noreferrer nofollow\">\n\t\t\t\t\t\t<span class=\"elementor-screen-only\">Facebook<\/span>\n\t\t\t\t\t\t<svg aria-hidden=\"true\" class=\"e-font-icon-svg e-fab-facebook\" viewBox=\"0 0 512 512\" xmlns=\"http:\/\/www.w3.org\/2000\/svg\"><path d=\"M504 256C504 119 393 8 256 8S8 119 8 256c0 123.78 90.69 226.38 209.25 245V327.69h-63V256h63v-54.64c0-62.15 37-96.48 93.67-96.48 27.14 0 55.52 4.84 55.52 4.84v61h-31.28c-30.8 0-40.41 19.12-40.41 38.73V256h68.78l-11 71.69h-57.78V501C413.31 482.38 504 379.78 504 256z\"><\/path><\/svg>\t\t\t\t\t<\/a>\n\t\t\t\t<\/span>\n\t\t\t\t\t\t\t<span class=\"elementor-grid-item\" role=\"listitem\">\n\t\t\t\t\t<a class=\"elementor-icon elementor-social-icon elementor-social-icon-instagram elementor-repeater-item-2f3c20d\" href=\"https:\/\/www.instagram.com\/tervix_natural\/\" target=\"_blank\" rel=\"noopener noreferrer nofollow\">\n\t\t\t\t\t\t<span class=\"elementor-screen-only\">Instagram<\/span>\n\t\t\t\t\t\t<svg aria-hidden=\"true\" class=\"e-font-icon-svg e-fab-instagram\" viewBox=\"0 0 448 512\" xmlns=\"http:\/\/www.w3.org\/2000\/svg\"><path d=\"M224.1 141c-63.6 0-114.9 51.3-114.9 114.9s51.3 114.9 114.9 114.9S339 319.5 339 255.9 287.7 141 224.1 141zm0 189.6c-41.1 0-74.7-33.5-74.7-74.7s33.5-74.7 74.7-74.7 74.7 33.5 74.7 74.7-33.6 74.7-74.7 74.7zm146.4-194.3c0 14.9-12 26.8-26.8 26.8-14.9 0-26.8-12-26.8-26.8s12-26.8 26.8-26.8 26.8 12 26.8 26.8zm76.1 27.2c-1.7-35.9-9.9-67.7-36.2-93.9-26.2-26.2-58-34.4-93.9-36.2-37-2.1-147.9-2.1-184.9 0-35.8 1.7-67.6 9.9-93.9 36.1s-34.4 58-36.2 93.9c-2.1 37-2.1 147.9 0 184.9 1.7 35.9 9.9 67.7 36.2 93.9s58 34.4 93.9 36.2c37 2.1 147.9 2.1 184.9 0 35.9-1.7 67.7-9.9 93.9-36.2 26.2-26.2 34.4-58 36.2-93.9 2.1-37 2.1-147.8 0-184.8zM398.8 388c-7.8 19.6-22.9 34.7-42.6 42.6-29.5 11.7-99.5 9-132.1 9s-102.7 2.6-132.1-9c-19.6-7.8-34.7-22.9-42.6-42.6-11.7-29.5-9-99.5-9-132.1s-2.6-102.7 9-132.1c7.8-19.6 22.9-34.7 42.6-42.6 29.5-11.7 99.5-9 132.1-9s102.7-2.6 132.1 9c19.6 7.8 34.7 22.9 42.6 42.6 11.7 29.5 9 99.5 9 132.1s2.7 102.7-9 132.1z\"><\/path><\/svg>\t\t\t\t\t<\/a>\n\t\t\t\t<\/span>\n\t\t\t\t\t<\/div>\n\t\t\t\t\t\t<\/div>\n\t\t\t\t\t<\/div>\n\t\t<\/div>\n\t\t\t\t\t<\/div>\n\t\t<\/section>\n\t\t\t\t<section class=\"elementor-section elementor-top-section elementor-element elementor-element-c49b340 elementor-section-boxed elementor-section-height-default elementor-section-height-default\" data-id=\"c49b340\" data-element_type=\"section\" data-e-type=\"section\">\n\t\t\t\t\t\t<div class=\"elementor-container elementor-column-gap-default\">\n\t\t\t\t\t<div class=\"elementor-column elementor-col-100 elementor-top-column elementor-element elementor-element-8904b7a\" data-id=\"8904b7a\" data-element_type=\"column\" data-e-type=\"column\">\n\t\t\t<div class=\"elementor-widget-wrap elementor-element-populated\">\n\t\t\t\t\t\t<div class=\"elementor-element elementor-element-a1c1c52 elementor-widget elementor-widget-konte-heading\" data-id=\"a1c1c52\" data-element_type=\"widget\" data-e-type=\"widget\" data-widget_type=\"konte-heading.default\">\n\t\t\t\t<div class=\"elementor-widget-container\">\n\t\t\t\t\t<h2 class=\"konte-heading-title konte-heading-title--default\">Ottaa yhteytt\u00e4<\/h2>\t\t\t\t<\/div>\n\t\t\t\t<\/div>\n\t\t\t\t<div class=\"elementor-element elementor-element-4f14cc3 elementor-widget elementor-widget-text-editor\" data-id=\"4f14cc3\" data-element_type=\"widget\" data-e-type=\"widget\" data-widget_type=\"text-editor.default\">\n\t\t\t\t\t\t\t\t\t\n<div class=\"wpcf7 no-js\" id=\"wpcf7-f6795-o1\" lang=\"fi\" dir=\"ltr\" data-wpcf7-id=\"6795\">\n<div class=\"screen-reader-response\"><p role=\"status\" aria-live=\"polite\" aria-atomic=\"true\"><\/p> <ul><\/ul><\/div>\n<form action=\"\/fi\/wp-json\/wp\/v2\/pages\/4965#wpcf7-f6795-o1\" method=\"post\" class=\"wpcf7-form init\" aria-label=\"Yhteydenottolomake\" novalidate=\"novalidate\" data-status=\"init\">\n<fieldset class=\"hidden-fields-container\"><input type=\"hidden\" name=\"_wpcf7\" value=\"6795\" \/><input type=\"hidden\" name=\"_wpcf7_version\" value=\"6.1.5\" \/><input type=\"hidden\" name=\"_wpcf7_locale\" value=\"fi\" \/><input type=\"hidden\" name=\"_wpcf7_unit_tag\" value=\"wpcf7-f6795-o1\" \/><input type=\"hidden\" name=\"_wpcf7_container_post\" value=\"0\" \/><input type=\"hidden\" name=\"_wpcf7_posted_data_hash\" value=\"\" \/><input type=\"hidden\" name=\"_wpcf7_recaptcha_response\" value=\"\" \/>\n<\/fieldset>\n<div class=\"row gap-70\">\n\t<div class=\"col-sm-6 col\">\n\t\t<p><label><span class=\"label\">Nimi<\/span><span class=\"wpcf7-form-control-wrap\" data-name=\"your-name\"><input size=\"40\" maxlength=\"400\" class=\"wpcf7-form-control wpcf7-text wpcf7-validates-as-required\" aria-required=\"true\" aria-invalid=\"false\" value=\"\" type=\"text\" name=\"your-name\" \/><\/span><\/label>\n\t\t<\/p>\n\t<\/div>\n\t<div class=\"col-sm-6 col\">\n\t\t<p><label><span class=\"label\">S\u00e4hkoposti<\/span><span class=\"wpcf7-form-control-wrap\" data-name=\"your-email\"><input size=\"40\" maxlength=\"400\" class=\"wpcf7-form-control wpcf7-email wpcf7-validates-as-required wpcf7-text wpcf7-validates-as-email\" aria-required=\"true\" aria-invalid=\"false\" value=\"\" type=\"email\" name=\"your-email\" \/><\/span><\/label>\n\t\t<\/p>\n\t<\/div>\n<\/div>\n<div class=\"row\">\n\t<div class=\"col-sm-12 col\">\n\t\t<p><label><span class=\"label\">Aihe<\/span><span class=\"wpcf7-form-control-wrap\" data-name=\"your-subject\"><input size=\"40\" maxlength=\"400\" class=\"wpcf7-form-control wpcf7-text\" aria-invalid=\"false\" value=\"\" type=\"text\" name=\"your-subject\" \/><\/span><\/label>\n\t\t<\/p>\n\t<\/div>\n<\/div>\n<div class=\"row\">\n\t<div class=\"col-sm-12 col\">\n\t\t<p><label><span class=\"label\">Viesti<\/span><span class=\"wpcf7-form-control-wrap\" data-name=\"your-message\"><textarea cols=\"40\" rows=\"10\" maxlength=\"2000\" class=\"wpcf7-form-control wpcf7-textarea\" aria-invalid=\"false\" name=\"your-message\"><\/textarea><\/span><\/label>\n\t\t<\/p>\n\t<\/div>\n<\/div>\n<p><input class=\"wpcf7-form-control wpcf7-submit has-spinner\" type=\"submit\" value=\"L\u00e4het\u00e4 viesti\" \/>\n<\/p><div class=\"wpcf7-response-output\" aria-hidden=\"true\"><\/div>\n<\/form>\n<\/div>\n\n\t\t\t\t\t\t\t\t<\/div>\n\t\t\t\t\t<\/div>\n\t\t<\/div>\n\t\t\t\t\t<\/div>\n\t\t<\/section>\n\t\t\t\t<section class=\"elementor-section elementor-top-section elementor-element elementor-element-65f74ef elementor-section-full_width elementor-section-stretched elementor-section-height-default elementor-section-height-default\" data-id=\"65f74ef\" data-element_type=\"section\" data-e-type=\"section\" data-settings=\"{&quot;stretch_section&quot;:&quot;section-stretched&quot;}\">\n\t\t\t\t\t\t<div class=\"elementor-container elementor-column-gap-default\">\n\t\t\t\t\t<div class=\"elementor-column elementor-col-100 elementor-top-column elementor-element elementor-element-201c042\" data-id=\"201c042\" data-element_type=\"column\" data-e-type=\"column\">\n\t\t\t<div class=\"elementor-widget-wrap elementor-element-populated\">\n\t\t\t\t\t\t<div class=\"elementor-element elementor-element-59c6aaf elementor-widget elementor-widget-google_maps\" data-id=\"59c6aaf\" data-element_type=\"widget\" data-e-type=\"widget\" data-widget_type=\"google_maps.default\">\n\t\t\t\t\t\t\t<div class=\"elementor-custom-embed\">\n\t\t\t<iframe loading=\"lazy\"\n\t\t\t\t\tsrc=\"https:\/\/maps.google.com\/maps?q=v%C3%A4rvi%205%2C%20tallinn&#038;t=m&#038;z=15&#038;output=embed&#038;iwloc=near\"\n\t\t\t\t\ttitle=\"v\u00e4rvi 5, tallinn\"\n\t\t\t\t\taria-label=\"v\u00e4rvi 5, tallinn\"\n\t\t\t><\/iframe>\n\t\t<\/div>\n\t\t\t\t\t\t<\/div>\n\t\t\t\t\t<\/div>\n\t\t<\/div>\n\t\t\t\t\t<\/div>\n\t\t<\/section>\n\t\t\t\t<\/div>\n\t\t","protected":false},"excerpt":{"rendered":"<p>Ottaa yhteytt\u00e4 O\u00dc Tervix OSOITE: V\u00e4rvi 5, Tallinn, 10621 PUHELIN: +372 5011736 S\u00c4HK\u00d6POSTI: info@tervix.ee Facebook Instagram Ottaa yhteytt\u00e4<\/p>\n","protected":false},"author":1,"featured_media":3445,"parent":0,"menu_order":0,"comment_status":"closed","ping_status":"closed","template":"","meta":{"footnotes":""},"class_list":["post-4965","page","type-page","status-publish","has-post-thumbnail","hentry"],"yoast_head":"<!-- This site is optimized with the Yoast SEO plugin v27.2 - https:\/\/yoast.com\/product\/yoast-seo-wordpress\/ -->\n<title>Ottaa yhteytt\u00e4 - Tervix O\u00dc<\/title>\n<meta name=\"description\" content=\"Tervix asutati 2003. aastal Eesti astelpajukasvatajate poolt. Eesm\u00e4rk oli astelpajul olevad arvukad kasulikud omadused tuua tarbijateni ja pakkuda loodusteadlikule m\u00f5tlemisele p\u00f5hinevaid tooteid.\" \/>\n<meta name=\"robots\" content=\"index, follow, max-snippet:-1, max-image-preview:large, max-video-preview:-1\" \/>\n<link rel=\"canonical\" href=\"https:\/\/tervix.ee\/fi\/ottaa-yhteytta\/\" \/>\n<meta property=\"og:locale\" content=\"fi_FI\" \/>\n<meta property=\"og:type\" content=\"article\" \/>\n<meta property=\"og:title\" content=\"Ottaa yhteytt\u00e4 - Tervix O\u00dc\" \/>\n<meta property=\"og:description\" content=\"Tervix asutati 2003. aastal Eesti astelpajukasvatajate poolt. Eesm\u00e4rk oli astelpajul olevad arvukad kasulikud omadused tuua tarbijateni ja pakkuda loodusteadlikule m\u00f5tlemisele p\u00f5hinevaid tooteid.\" \/>\n<meta property=\"og:url\" content=\"https:\/\/tervix.ee\/fi\/ottaa-yhteytta\/\" \/>\n<meta property=\"og:site_name\" content=\"Tervix O\u00dc\" \/>\n<meta property=\"article:publisher\" content=\"https:\/\/www.facebook.com\/Tervix\/\" \/>\n<meta property=\"article:modified_time\" content=\"2024-04-22T13:04:20+00:00\" \/>\n<meta property=\"og:image\" content=\"https:\/\/tervix.ee\/wp-content\/uploads\/2021\/03\/mother-with-little-daughter-lavender-field-beautiful-woman-cute-baby-playing-meadow-field-family-holiday-summer-day.jpg\" \/>\n\t<meta property=\"og:image:width\" content=\"1800\" \/>\n\t<meta property=\"og:image:height\" content=\"1200\" \/>\n\t<meta property=\"og:image:type\" content=\"image\/jpeg\" \/>\n<meta name=\"twitter:card\" content=\"summary_large_image\" \/>\n<meta name=\"twitter:label1\" content=\"Arvioitu lukuaika\" \/>\n\t<meta name=\"twitter:data1\" content=\"1 minuutti\" \/>\n<script type=\"application\/ld+json\" class=\"yoast-schema-graph\">{\"@context\":\"https:\/\/schema.org\",\"@graph\":[{\"@type\":\"WebPage\",\"@id\":\"https:\/\/tervix.ee\/fi\/ottaa-yhteytta\/\",\"url\":\"https:\/\/tervix.ee\/fi\/ottaa-yhteytta\/\",\"name\":\"Ottaa yhteytt\u00e4 - Tervix O\u00dc\",\"isPartOf\":{\"@id\":\"https:\/\/tervix.ee\/fi\/#website\"},\"primaryImageOfPage\":{\"@id\":\"https:\/\/tervix.ee\/fi\/ottaa-yhteytta\/#primaryimage\"},\"image\":{\"@id\":\"https:\/\/tervix.ee\/fi\/ottaa-yhteytta\/#primaryimage\"},\"thumbnailUrl\":\"https:\/\/tervix.ee\/wp-content\/uploads\/2021\/03\/mother-with-little-daughter-lavender-field-beautiful-woman-cute-baby-playing-meadow-field-family-holiday-summer-day.jpg\",\"datePublished\":\"2018-08-30T05:35:53+00:00\",\"dateModified\":\"2024-04-22T13:04:20+00:00\",\"description\":\"Tervix asutati 2003. aastal Eesti astelpajukasvatajate poolt. Eesm\u00e4rk oli astelpajul olevad arvukad kasulikud omadused tuua tarbijateni ja pakkuda loodusteadlikule m\u00f5tlemisele p\u00f5hinevaid tooteid.\",\"breadcrumb\":{\"@id\":\"https:\/\/tervix.ee\/fi\/ottaa-yhteytta\/#breadcrumb\"},\"inLanguage\":\"fi\",\"potentialAction\":[{\"@type\":\"ReadAction\",\"target\":[\"https:\/\/tervix.ee\/fi\/ottaa-yhteytta\/\"]}]},{\"@type\":\"ImageObject\",\"inLanguage\":\"fi\",\"@id\":\"https:\/\/tervix.ee\/fi\/ottaa-yhteytta\/#primaryimage\",\"url\":\"https:\/\/tervix.ee\/wp-content\/uploads\/2021\/03\/mother-with-little-daughter-lavender-field-beautiful-woman-cute-baby-playing-meadow-field-family-holiday-summer-day.jpg\",\"contentUrl\":\"https:\/\/tervix.ee\/wp-content\/uploads\/2021\/03\/mother-with-little-daughter-lavender-field-beautiful-woman-cute-baby-playing-meadow-field-family-holiday-summer-day.jpg\",\"width\":1800,\"height\":1200,\"caption\":\"tervix o\u00fc\"},{\"@type\":\"BreadcrumbList\",\"@id\":\"https:\/\/tervix.ee\/fi\/ottaa-yhteytta\/#breadcrumb\",\"itemListElement\":[{\"@type\":\"ListItem\",\"position\":1,\"name\":\"Esileht\",\"item\":\"https:\/\/tervix.ee\/fi\/\"},{\"@type\":\"ListItem\",\"position\":2,\"name\":\"Ottaa yhteytt\u00e4\"}]},{\"@type\":\"WebSite\",\"@id\":\"https:\/\/tervix.ee\/fi\/#website\",\"url\":\"https:\/\/tervix.ee\/fi\/\",\"name\":\"Tervix O\u00dc\",\"description\":\"\",\"publisher\":{\"@id\":\"https:\/\/tervix.ee\/fi\/#organization\"},\"potentialAction\":[{\"@type\":\"SearchAction\",\"target\":{\"@type\":\"EntryPoint\",\"urlTemplate\":\"https:\/\/tervix.ee\/fi\/?s={search_term_string}\"},\"query-input\":{\"@type\":\"PropertyValueSpecification\",\"valueRequired\":true,\"valueName\":\"search_term_string\"}}],\"inLanguage\":\"fi\"},{\"@type\":\"Organization\",\"@id\":\"https:\/\/tervix.ee\/fi\/#organization\",\"name\":\"Tervix O\u00dc\",\"url\":\"https:\/\/tervix.ee\/fi\/\",\"logo\":{\"@type\":\"ImageObject\",\"inLanguage\":\"fi\",\"@id\":\"https:\/\/tervix.ee\/fi\/#\/schema\/logo\/image\/\",\"url\":\"https:\/\/tervix.ee\/wp-content\/uploads\/2021\/03\/header-logo.png\",\"contentUrl\":\"https:\/\/tervix.ee\/wp-content\/uploads\/2021\/03\/header-logo.png\",\"width\":300,\"height\":71,\"caption\":\"Tervix O\u00dc\"},\"image\":{\"@id\":\"https:\/\/tervix.ee\/fi\/#\/schema\/logo\/image\/\"},\"sameAs\":[\"https:\/\/www.facebook.com\/Tervix\/\",\"https:\/\/www.instagram.com\/tervix_natural\/\"]}]}<\/script>\n<!-- \/ Yoast SEO plugin. -->","yoast_head_json":{"title":"Ottaa yhteytt\u00e4 - Tervix O\u00dc","description":"Tervix asutati 2003. aastal Eesti astelpajukasvatajate poolt. Eesm\u00e4rk oli astelpajul olevad arvukad kasulikud omadused tuua tarbijateni ja pakkuda loodusteadlikule m\u00f5tlemisele p\u00f5hinevaid tooteid.","robots":{"index":"index","follow":"follow","max-snippet":"max-snippet:-1","max-image-preview":"max-image-preview:large","max-video-preview":"max-video-preview:-1"},"canonical":"https:\/\/tervix.ee\/fi\/ottaa-yhteytta\/","og_locale":"fi_FI","og_type":"article","og_title":"Ottaa yhteytt\u00e4 - Tervix O\u00dc","og_description":"Tervix asutati 2003. aastal Eesti astelpajukasvatajate poolt. Eesm\u00e4rk oli astelpajul olevad arvukad kasulikud omadused tuua tarbijateni ja pakkuda loodusteadlikule m\u00f5tlemisele p\u00f5hinevaid tooteid.","og_url":"https:\/\/tervix.ee\/fi\/ottaa-yhteytta\/","og_site_name":"Tervix O\u00dc","article_publisher":"https:\/\/www.facebook.com\/Tervix\/","article_modified_time":"2024-04-22T13:04:20+00:00","og_image":[{"width":1800,"height":1200,"url":"https:\/\/tervix.ee\/wp-content\/uploads\/2021\/03\/mother-with-little-daughter-lavender-field-beautiful-woman-cute-baby-playing-meadow-field-family-holiday-summer-day.jpg","type":"image\/jpeg"}],"twitter_card":"summary_large_image","twitter_misc":{"Arvioitu lukuaika":"1 minuutti"},"schema":{"@context":"https:\/\/schema.org","@graph":[{"@type":"WebPage","@id":"https:\/\/tervix.ee\/fi\/ottaa-yhteytta\/","url":"https:\/\/tervix.ee\/fi\/ottaa-yhteytta\/","name":"Ottaa yhteytt\u00e4 - Tervix O\u00dc","isPartOf":{"@id":"https:\/\/tervix.ee\/fi\/#website"},"primaryImageOfPage":{"@id":"https:\/\/tervix.ee\/fi\/ottaa-yhteytta\/#primaryimage"},"image":{"@id":"https:\/\/tervix.ee\/fi\/ottaa-yhteytta\/#primaryimage"},"thumbnailUrl":"https:\/\/tervix.ee\/wp-content\/uploads\/2021\/03\/mother-with-little-daughter-lavender-field-beautiful-woman-cute-baby-playing-meadow-field-family-holiday-summer-day.jpg","datePublished":"2018-08-30T05:35:53+00:00","dateModified":"2024-04-22T13:04:20+00:00","description":"Tervix asutati 2003. aastal Eesti astelpajukasvatajate poolt. Eesm\u00e4rk oli astelpajul olevad arvukad kasulikud omadused tuua tarbijateni ja pakkuda loodusteadlikule m\u00f5tlemisele p\u00f5hinevaid tooteid.","breadcrumb":{"@id":"https:\/\/tervix.ee\/fi\/ottaa-yhteytta\/#breadcrumb"},"inLanguage":"fi","potentialAction":[{"@type":"ReadAction","target":["https:\/\/tervix.ee\/fi\/ottaa-yhteytta\/"]}]},{"@type":"ImageObject","inLanguage":"fi","@id":"https:\/\/tervix.ee\/fi\/ottaa-yhteytta\/#primaryimage","url":"https:\/\/tervix.ee\/wp-content\/uploads\/2021\/03\/mother-with-little-daughter-lavender-field-beautiful-woman-cute-baby-playing-meadow-field-family-holiday-summer-day.jpg","contentUrl":"https:\/\/tervix.ee\/wp-content\/uploads\/2021\/03\/mother-with-little-daughter-lavender-field-beautiful-woman-cute-baby-playing-meadow-field-family-holiday-summer-day.jpg","width":1800,"height":1200,"caption":"tervix o\u00fc"},{"@type":"BreadcrumbList","@id":"https:\/\/tervix.ee\/fi\/ottaa-yhteytta\/#breadcrumb","itemListElement":[{"@type":"ListItem","position":1,"name":"Esileht","item":"https:\/\/tervix.ee\/fi\/"},{"@type":"ListItem","position":2,"name":"Ottaa yhteytt\u00e4"}]},{"@type":"WebSite","@id":"https:\/\/tervix.ee\/fi\/#website","url":"https:\/\/tervix.ee\/fi\/","name":"Tervix O\u00dc","description":"","publisher":{"@id":"https:\/\/tervix.ee\/fi\/#organization"},"potentialAction":[{"@type":"SearchAction","target":{"@type":"EntryPoint","urlTemplate":"https:\/\/tervix.ee\/fi\/?s={search_term_string}"},"query-input":{"@type":"PropertyValueSpecification","valueRequired":true,"valueName":"search_term_string"}}],"inLanguage":"fi"},{"@type":"Organization","@id":"https:\/\/tervix.ee\/fi\/#organization","name":"Tervix O\u00dc","url":"https:\/\/tervix.ee\/fi\/","logo":{"@type":"ImageObject","inLanguage":"fi","@id":"https:\/\/tervix.ee\/fi\/#\/schema\/logo\/image\/","url":"https:\/\/tervix.ee\/wp-content\/uploads\/2021\/03\/header-logo.png","contentUrl":"https:\/\/tervix.ee\/wp-content\/uploads\/2021\/03\/header-logo.png","width":300,"height":71,"caption":"Tervix O\u00dc"},"image":{"@id":"https:\/\/tervix.ee\/fi\/#\/schema\/logo\/image\/"},"sameAs":["https:\/\/www.facebook.com\/Tervix\/","https:\/\/www.instagram.com\/tervix_natural\/"]}]}},"_links":{"self":[{"href":"https:\/\/tervix.ee\/fi\/wp-json\/wp\/v2\/pages\/4965","targetHints":{"allow":["GET"]}}],"collection":[{"href":"https:\/\/tervix.ee\/fi\/wp-json\/wp\/v2\/pages"}],"about":[{"href":"https:\/\/tervix.ee\/fi\/wp-json\/wp\/v2\/types\/page"}],"author":[{"embeddable":true,"href":"https:\/\/tervix.ee\/fi\/wp-json\/wp\/v2\/users\/1"}],"replies":[{"embeddable":true,"href":"https:\/\/tervix.ee\/fi\/wp-json\/wp\/v2\/comments?post=4965"}],"version-history":[{"count":0,"href":"https:\/\/tervix.ee\/fi\/wp-json\/wp\/v2\/pages\/4965\/revisions"}],"wp:featuredmedia":[{"embeddable":true,"href":"https:\/\/tervix.ee\/fi\/wp-json\/wp\/v2\/media\/3445"}],"wp:attachment":[{"href":"https:\/\/tervix.ee\/fi\/wp-json\/wp\/v2\/media?parent=4965"}],"curies":[{"name":"wp","href":"https:\/\/api.w.org\/{rel}","templated":true}]}}