{"id":4960,"date":"2021-03-26T14:15:38","date_gmt":"2021-03-26T12:15:38","guid":{"rendered":"https:\/\/tervix.ee\/tilaustiedot\/"},"modified":"2021-05-12T19:02:26","modified_gmt":"2021-05-12T16:02:26","slug":"tilaustiedot","status":"publish","type":"page","link":"https:\/\/tervix.ee\/fi\/tilaustiedot\/","title":{"rendered":"Tilaustiedot"},"content":{"rendered":"&#13;\n<h2 class=\"wp-block-heading\">Helppo ostaa. Edulliset hinnat. Laajahko valikoima. Helppo palauttaa. Mahdollisuus noutaa itse.<\/h2>&#13;\n&#13;\n<h3 class=\"wp-block-heading\">N\u00e4in ostat tuotteitamme<\/h3>&#13;\n&#13;\n<ol class=\"wp-block-list\">&#13;\n<li>Valitse tuote ja lis\u00e4\u00e4 se ostoskoriin.<\/li>&#13;\n<li>Ostoskori-sivulla p\u00e4ivit\u00e4 halutessasi tuotteen kappalem\u00e4\u00e4r\u00e4 n\u00e4hd\u00e4ksesi ostoskorin lopullisen arvon.<\/li>&#13;\n<li>Valitse seuraava tuote ja toimi samalla tavalla.<\/li>&#13;\n<li>Kun kaikki haluamasi tuotteet on lis\u00e4tty ostoskoriin, t\u00e4yt\u00e4 Tilaajan tiedot -kohdassa v\u00e4hint\u00e4\u00e4n t\u00e4hdell\u00e4 (*) merkityt kent\u00e4t.<\/li>&#13;\n<li>Napsauttamalla Tee tilaus -painiketta n\u00e4et uudelleen suorittamasi oston yksityiskohdat, ja l\u00e4het\u00e4mme sinulle s\u00e4hk\u00f6postitse tilausvahvistuksen\/laskun.<\/li>&#13;\n<li>Rahojen saavuttua Tervixin tilille postitamme tuotteet.<\/li>&#13;\n<\/ol>&#13;\n&#13;\n<h2 class=\"wp-block-heading\">N\u00e4in teet tilauksen<\/h2>&#13;\n&#13;\n<ol class=\"wp-block-list\">&#13;\n<li>Lis\u00e4\u00e4 valitsemasi tuotteet ostoskoriin.<\/li>&#13;\n<li>Ostoskori-n\u00e4kym\u00e4ss\u00e4 napsauta linkki\u00e4 \u201dSiirry maksamaan\u201d.<\/li>&#13;\n<li>Kassa-n\u00e4kym\u00e4ss\u00e4 sy\u00f6t\u00e4 tilauksen t\u00e4ytt\u00e4miseen vaadittavat henkil\u00f6tiedot ja hyv\u00e4ksy verkkokaupan myyntiehdot rastittamalla asianmukainen ruutu. Napsauta Tee tilaus -painiketta.<\/li>&#13;\n<li>Asiakkaan valitsemalla maksutavalla suoritetun maksun onnistuttua n\u00e4yt\u00f6lle ilmestyy tilausvahvistus, ja se l\u00e4hetet\u00e4\u00e4n my\u00f6s asiakkaan antamaan s\u00e4hk\u00f6postiosoitteeseen. Jos maksu ep\u00e4onnistuu, tilauksen k\u00e4sittely keskeytet\u00e4\u00e4n.<\/li>&#13;\n<li>Jos tilauksen t\u00e4ytt\u00e4minen vie liian paljon aikaa tai tilausta t\u00e4ytett\u00e4ess\u00e4 ilmenee ongelmia, otetaan heti yhteytt\u00e4 asiakkaaseen ja sovitaan h\u00e4nen kanssaan tilauksen t\u00e4ytt\u00e4misehdoista.<\/li>&#13;\n<\/ol>&#13;\n&#13;\n<h3 class=\"wp-block-heading\">Verkkokaupan ostoehdot<\/h3>&#13;\n&#13;\n<ul class=\"wp-block-list\">&#13;\n<li>N\u00e4m\u00e4 verkkokaupasta ostamisen ehdot koskevat jokaista henkil\u00f6\u00e4 (j\u00e4ljemp\u00e4n\u00e4 \u201dasiakas\u201d), joka tilaa tuotteita www.tervix.ee-verkkokaupasta.<\/li>&#13;\n<li>Kaikki verkkokaupan hinnat ovat euroina ja sis\u00e4lt\u00e4v\u00e4t arvonlis\u00e4veron.<\/li>&#13;\n<li>Ostoksista maksaminen tapahtuu tilauksen\/laskun perusteella, joka l\u00e4hetet\u00e4\u00e4n asiakkaalle heti tilauksen tekemisen j\u00e4lkeen.<\/li>&#13;\n<li>Kauppasopimus (j\u00e4ljemp\u00e4n\u00e4 \u201dsopimus\u201d) katsotaan tehdyksi silloin, kun asiakas on tehnyt tilauksen ja tilausvahvistus\/lasku on l\u00e4hetetty asiakkaan s\u00e4hk\u00f6postiosoitteeseen.<\/li>&#13;\n<li>Tavarat postitetaan asiakkaan maksettua laskun ja maksun saavuttua tilillemme 5 arkip\u00e4iv\u00e4n kuluessa.<\/li>&#13;\n<li>Kaikki tuotteet toimitetaan asiakkaalle h\u00e4nen osoittamaansa paikkaan Itella SmartPOST -automaattiverkoston kautta. Postikulut Itella SmartPOSTia k\u00e4ytett\u00e4ess\u00e4 lis\u00e4t\u00e4\u00e4n yleens\u00e4 tavaran hintaan, ja ne n\u00e4kyv\u00e4t ostoskorin hinnan yhteydess\u00e4.<\/li>&#13;\n<li>V\u00e4hint\u00e4\u00e4n 20 euron arvoiset tilaukset toimitetaan maksutta, jos toimitustavaksi on valittu Itella SmartPOST.<\/li>&#13;\n<li>Asiakkaalla on 14 p\u00e4iv\u00e4n kaupan peruutusoikeus tavaran toimitusp\u00e4iv\u00e4st\u00e4 alkaen. Peruutusoikeuden k\u00e4yt\u00f6n edellytyksen\u00e4 on, ett\u00e4 tuotepakkaus tulee avata varovaisesti sit\u00e4 vahingoittamatta, ja palautettavan tuotteen tulee olla alkuper\u00e4ispakkauksessa. Palautettu tavara ei saa olla k\u00e4ytetty.<\/li>&#13;\n<li>Palautetusta tavarasta maksetut rahat siirret\u00e4\u00e4n asiakkaan pankkitilille mahdollisimman pian, kuitenkin viimeist\u00e4\u00e4n 30 arkip\u00e4iv\u00e4n kuluttua tavaran saapumisesta myyj\u00e4lle. Palautuskulut maksaa asiakas.<\/li>&#13;\n<li>Jos asiakas haluaa peruuttaa kaupan, h\u00e4nen tulee l\u00e4hett\u00e4\u00e4 asianmukainen ilmoitus s\u00e4hk\u00f6postiosoitteeseen info@tervix.ee. Ilmoitukseen tulee merkit\u00e4 palautettava tavara, tilausnumero ja pankkitilin numero rahojen palautusta varten.<\/li>&#13;\n<li>Kaikkia tuotteita koskee lakis\u00e4\u00e4teinen takuu. Takuutodistuksena on itse tilaus\/lasku.<\/li>&#13;\n<li>Ostajan henkil\u00f6tiedot ovat luottamuksellisia, eik\u00e4 niit\u00e4 luovuteta kolmansille osapuolille muissa kuin lakis\u00e4\u00e4teisiss\u00e4 tapauksissa.<\/li>&#13;\n<\/ul>&#13;\n","protected":false},"excerpt":{"rendered":"<p>&#13; Helppo ostaa. Edulliset hinnat. Laajahko valikoima. Helppo palauttaa. Mahdollisuus noutaa itse. &#13; &#13; N\u00e4in ostat tuotteitamme &#13; &#13; &#13; Valitse tuote ja lis\u00e4\u00e4 se ostoskoriin. &#13; Ostoskori-sivulla p\u00e4ivit\u00e4 halutessasi tuotteen kappalem\u00e4\u00e4r\u00e4 n\u00e4hd\u00e4ksesi ostoskorin lopullisen arvon. &#13; Valitse seuraava tuote ja toimi samalla tavalla. &#13; Kun kaikki haluamasi tuotteet on lis\u00e4tty ostoskoriin, t\u00e4yt\u00e4 Tilaajan tiedot -kohdassa v\u00e4hint\u00e4\u00e4n t\u00e4hdell\u00e4 (*) merkityt kent\u00e4t. &#13; Napsauttamalla Tee tilaus -painiketta n\u00e4et uudelleen suorittamasi oston yksityiskohdat, ja l\u00e4het\u00e4mme sinulle s\u00e4hk\u00f6postitse tilausvahvistuksen\/laskun. &#13; Rahojen saavuttua Tervixin tilille postitamme tuotteet. &#13; &#13; &#13; N\u00e4in teet tilauksen &#13; &#13; &#13; Lis\u00e4\u00e4 valitsemasi tuotteet ostoskoriin. &#13; Ostoskori-n\u00e4kym\u00e4ss\u00e4 napsauta linkki\u00e4 \u201dSiirry maksamaan\u201d. &#13; Kassa-n\u00e4kym\u00e4ss\u00e4 sy\u00f6t\u00e4 tilauksen t\u00e4ytt\u00e4miseen vaadittavat henkil\u00f6tiedot ja hyv\u00e4ksy verkkokaupan myyntiehdot rastittamalla asianmukainen ruutu. Napsauta Tee tilaus -painiketta. &#13; Asiakkaan valitsemalla maksutavalla suoritetun maksun onnistuttua n\u00e4yt\u00f6lle ilmestyy tilausvahvistus, ja se l\u00e4hetet\u00e4\u00e4n my\u00f6s asiakkaan antamaan s\u00e4hk\u00f6postiosoitteeseen. Jos maksu ep\u00e4onnistuu, tilauksen k\u00e4sittely keskeytet\u00e4\u00e4n. &#13; Jos tilauksen t\u00e4ytt\u00e4minen vie liian paljon aikaa tai tilausta t\u00e4ytett\u00e4ess\u00e4 ilmenee ongelmia, otetaan heti yhteytt\u00e4 asiakkaaseen ja sovitaan h\u00e4nen kanssaan tilauksen t\u00e4ytt\u00e4misehdoista. &#13; &#13; &#13; Verkkokaupan ostoehdot &#13; &#13; &#13; N\u00e4m\u00e4 verkkokaupasta ostamisen ehdot koskevat jokaista henkil\u00f6\u00e4 (j\u00e4ljemp\u00e4n\u00e4 \u201dasiakas\u201d), joka tilaa tuotteita www.tervix.ee-verkkokaupasta. &#13; Kaikki verkkokaupan hinnat ovat euroina ja sis\u00e4lt\u00e4v\u00e4t arvonlis\u00e4veron. &#13; Ostoksista maksaminen tapahtuu tilauksen\/laskun perusteella, joka l\u00e4hetet\u00e4\u00e4n asiakkaalle heti tilauksen tekemisen j\u00e4lkeen. &#13; Kauppasopimus (j\u00e4ljemp\u00e4n\u00e4 \u201dsopimus\u201d) katsotaan tehdyksi silloin, kun asiakas on tehnyt tilauksen ja tilausvahvistus\/lasku on l\u00e4hetetty asiakkaan s\u00e4hk\u00f6postiosoitteeseen. &#13; Tavarat postitetaan asiakkaan maksettua laskun ja maksun saavuttua tilillemme 5 arkip\u00e4iv\u00e4n kuluessa. &#13; Kaikki tuotteet toimitetaan asiakkaalle h\u00e4nen osoittamaansa paikkaan Itella SmartPOST -automaattiverkoston kautta. Postikulut Itella SmartPOSTia k\u00e4ytett\u00e4ess\u00e4 lis\u00e4t\u00e4\u00e4n yleens\u00e4 tavaran hintaan, ja ne n\u00e4kyv\u00e4t ostoskorin hinnan yhteydess\u00e4. &#13; V\u00e4hint\u00e4\u00e4n 20 euron arvoiset tilaukset toimitetaan maksutta, jos toimitustavaksi on valittu Itella SmartPOST. &#13; Asiakkaalla on 14 p\u00e4iv\u00e4n kaupan peruutusoikeus tavaran toimitusp\u00e4iv\u00e4st\u00e4 alkaen. Peruutusoikeuden k\u00e4yt\u00f6n edellytyksen\u00e4 on, ett\u00e4 tuotepakkaus tulee avata varovaisesti sit\u00e4 vahingoittamatta, ja palautettavan tuotteen tulee olla alkuper\u00e4ispakkauksessa. Palautettu tavara ei saa olla k\u00e4ytetty. &#13; Palautetusta tavarasta maksetut rahat siirret\u00e4\u00e4n asiakkaan pankkitilille mahdollisimman pian, kuitenkin viimeist\u00e4\u00e4n 30 arkip\u00e4iv\u00e4n kuluttua tavaran saapumisesta myyj\u00e4lle. Palautuskulut maksaa asiakas. &#13; Jos asiakas haluaa peruuttaa kaupan, h\u00e4nen tulee l\u00e4hett\u00e4\u00e4 asianmukainen ilmoitus s\u00e4hk\u00f6postiosoitteeseen info@tervix.ee. Ilmoitukseen tulee merkit\u00e4 palautettava tavara, tilausnumero ja pankkitilin numero rahojen palautusta varten. &#13; Kaikkia tuotteita koskee lakis\u00e4\u00e4teinen takuu. Takuutodistuksena on itse tilaus\/lasku. &#13; Ostajan henkil\u00f6tiedot ovat luottamuksellisia, eik\u00e4 niit\u00e4 luovuteta kolmansille osapuolille muissa kuin lakis\u00e4\u00e4teisiss\u00e4 tapauksissa. &#13; &#13;<\/p>\n","protected":false},"author":1,"featured_media":0,"parent":0,"menu_order":0,"comment_status":"closed","ping_status":"closed","template":"","meta":{"footnotes":""},"class_list":["post-4960","page","type-page","status-publish","hentry"],"yoast_head":"<!-- This site is optimized with the Yoast SEO plugin v27.2 - https:\/\/yoast.com\/product\/yoast-seo-wordpress\/ -->\n<title>Tilaustiedot - Tervix O\u00dc<\/title>\n<meta name=\"description\" content=\"Tervix asutati 2003. aastal Eesti astelpajukasvatajate poolt. Eesm\u00e4rk oli astelpajul olevad arvukad kasulikud omadused tuua tarbijateni ja pakkuda loodusteadlikule m\u00f5tlemisele p\u00f5hinevaid tooteid.\" \/>\n<meta name=\"robots\" content=\"index, follow, max-snippet:-1, max-image-preview:large, max-video-preview:-1\" \/>\n<link rel=\"canonical\" href=\"https:\/\/tervix.ee\/fi\/tilaustiedot\/\" \/>\n<meta property=\"og:locale\" content=\"fi_FI\" \/>\n<meta property=\"og:type\" content=\"article\" \/>\n<meta property=\"og:title\" content=\"Tilaustiedot - Tervix O\u00dc\" \/>\n<meta property=\"og:description\" content=\"Tervix asutati 2003. aastal Eesti astelpajukasvatajate poolt. Eesm\u00e4rk oli astelpajul olevad arvukad kasulikud omadused tuua tarbijateni ja pakkuda loodusteadlikule m\u00f5tlemisele p\u00f5hinevaid tooteid.\" \/>\n<meta property=\"og:url\" content=\"https:\/\/tervix.ee\/fi\/tilaustiedot\/\" \/>\n<meta property=\"og:site_name\" content=\"Tervix O\u00dc\" \/>\n<meta property=\"article:publisher\" content=\"https:\/\/www.facebook.com\/Tervix\/\" \/>\n<meta property=\"article:modified_time\" content=\"2021-05-12T16:02:26+00:00\" \/>\n<meta name=\"twitter:card\" content=\"summary_large_image\" \/>\n<meta name=\"twitter:label1\" content=\"Arvioitu lukuaika\" \/>\n\t<meta name=\"twitter:data1\" content=\"2 minuuttia\" \/>\n<script type=\"application\/ld+json\" class=\"yoast-schema-graph\">{\"@context\":\"https:\/\/schema.org\",\"@graph\":[{\"@type\":\"WebPage\",\"@id\":\"https:\/\/tervix.ee\/fi\/tilaustiedot\/\",\"url\":\"https:\/\/tervix.ee\/fi\/tilaustiedot\/\",\"name\":\"Tilaustiedot - Tervix O\u00dc\",\"isPartOf\":{\"@id\":\"https:\/\/tervix.ee\/fi\/#website\"},\"datePublished\":\"2021-03-26T12:15:38+00:00\",\"dateModified\":\"2021-05-12T16:02:26+00:00\",\"description\":\"Tervix asutati 2003. aastal Eesti astelpajukasvatajate poolt. Eesm\u00e4rk oli astelpajul olevad arvukad kasulikud omadused tuua tarbijateni ja pakkuda loodusteadlikule m\u00f5tlemisele p\u00f5hinevaid tooteid.\",\"breadcrumb\":{\"@id\":\"https:\/\/tervix.ee\/fi\/tilaustiedot\/#breadcrumb\"},\"inLanguage\":\"fi\",\"potentialAction\":[{\"@type\":\"ReadAction\",\"target\":[\"https:\/\/tervix.ee\/fi\/tilaustiedot\/\"]}]},{\"@type\":\"BreadcrumbList\",\"@id\":\"https:\/\/tervix.ee\/fi\/tilaustiedot\/#breadcrumb\",\"itemListElement\":[{\"@type\":\"ListItem\",\"position\":1,\"name\":\"Esileht\",\"item\":\"https:\/\/tervix.ee\/fi\/\"},{\"@type\":\"ListItem\",\"position\":2,\"name\":\"Tilaustiedot\"}]},{\"@type\":\"WebSite\",\"@id\":\"https:\/\/tervix.ee\/fi\/#website\",\"url\":\"https:\/\/tervix.ee\/fi\/\",\"name\":\"Tervix O\u00dc\",\"description\":\"\",\"publisher\":{\"@id\":\"https:\/\/tervix.ee\/fi\/#organization\"},\"potentialAction\":[{\"@type\":\"SearchAction\",\"target\":{\"@type\":\"EntryPoint\",\"urlTemplate\":\"https:\/\/tervix.ee\/fi\/?s={search_term_string}\"},\"query-input\":{\"@type\":\"PropertyValueSpecification\",\"valueRequired\":true,\"valueName\":\"search_term_string\"}}],\"inLanguage\":\"fi\"},{\"@type\":\"Organization\",\"@id\":\"https:\/\/tervix.ee\/fi\/#organization\",\"name\":\"Tervix O\u00dc\",\"url\":\"https:\/\/tervix.ee\/fi\/\",\"logo\":{\"@type\":\"ImageObject\",\"inLanguage\":\"fi\",\"@id\":\"https:\/\/tervix.ee\/fi\/#\/schema\/logo\/image\/\",\"url\":\"https:\/\/tervix.ee\/wp-content\/uploads\/2021\/03\/header-logo.png\",\"contentUrl\":\"https:\/\/tervix.ee\/wp-content\/uploads\/2021\/03\/header-logo.png\",\"width\":300,\"height\":71,\"caption\":\"Tervix O\u00dc\"},\"image\":{\"@id\":\"https:\/\/tervix.ee\/fi\/#\/schema\/logo\/image\/\"},\"sameAs\":[\"https:\/\/www.facebook.com\/Tervix\/\",\"https:\/\/www.instagram.com\/tervix_natural\/\"]}]}<\/script>\n<!-- \/ Yoast SEO plugin. -->","yoast_head_json":{"title":"Tilaustiedot - Tervix O\u00dc","description":"Tervix asutati 2003. aastal Eesti astelpajukasvatajate poolt. Eesm\u00e4rk oli astelpajul olevad arvukad kasulikud omadused tuua tarbijateni ja pakkuda loodusteadlikule m\u00f5tlemisele p\u00f5hinevaid tooteid.","robots":{"index":"index","follow":"follow","max-snippet":"max-snippet:-1","max-image-preview":"max-image-preview:large","max-video-preview":"max-video-preview:-1"},"canonical":"https:\/\/tervix.ee\/fi\/tilaustiedot\/","og_locale":"fi_FI","og_type":"article","og_title":"Tilaustiedot - Tervix O\u00dc","og_description":"Tervix asutati 2003. aastal Eesti astelpajukasvatajate poolt. Eesm\u00e4rk oli astelpajul olevad arvukad kasulikud omadused tuua tarbijateni ja pakkuda loodusteadlikule m\u00f5tlemisele p\u00f5hinevaid tooteid.","og_url":"https:\/\/tervix.ee\/fi\/tilaustiedot\/","og_site_name":"Tervix O\u00dc","article_publisher":"https:\/\/www.facebook.com\/Tervix\/","article_modified_time":"2021-05-12T16:02:26+00:00","twitter_card":"summary_large_image","twitter_misc":{"Arvioitu lukuaika":"2 minuuttia"},"schema":{"@context":"https:\/\/schema.org","@graph":[{"@type":"WebPage","@id":"https:\/\/tervix.ee\/fi\/tilaustiedot\/","url":"https:\/\/tervix.ee\/fi\/tilaustiedot\/","name":"Tilaustiedot - Tervix O\u00dc","isPartOf":{"@id":"https:\/\/tervix.ee\/fi\/#website"},"datePublished":"2021-03-26T12:15:38+00:00","dateModified":"2021-05-12T16:02:26+00:00","description":"Tervix asutati 2003. aastal Eesti astelpajukasvatajate poolt. Eesm\u00e4rk oli astelpajul olevad arvukad kasulikud omadused tuua tarbijateni ja pakkuda loodusteadlikule m\u00f5tlemisele p\u00f5hinevaid tooteid.","breadcrumb":{"@id":"https:\/\/tervix.ee\/fi\/tilaustiedot\/#breadcrumb"},"inLanguage":"fi","potentialAction":[{"@type":"ReadAction","target":["https:\/\/tervix.ee\/fi\/tilaustiedot\/"]}]},{"@type":"BreadcrumbList","@id":"https:\/\/tervix.ee\/fi\/tilaustiedot\/#breadcrumb","itemListElement":[{"@type":"ListItem","position":1,"name":"Esileht","item":"https:\/\/tervix.ee\/fi\/"},{"@type":"ListItem","position":2,"name":"Tilaustiedot"}]},{"@type":"WebSite","@id":"https:\/\/tervix.ee\/fi\/#website","url":"https:\/\/tervix.ee\/fi\/","name":"Tervix O\u00dc","description":"","publisher":{"@id":"https:\/\/tervix.ee\/fi\/#organization"},"potentialAction":[{"@type":"SearchAction","target":{"@type":"EntryPoint","urlTemplate":"https:\/\/tervix.ee\/fi\/?s={search_term_string}"},"query-input":{"@type":"PropertyValueSpecification","valueRequired":true,"valueName":"search_term_string"}}],"inLanguage":"fi"},{"@type":"Organization","@id":"https:\/\/tervix.ee\/fi\/#organization","name":"Tervix O\u00dc","url":"https:\/\/tervix.ee\/fi\/","logo":{"@type":"ImageObject","inLanguage":"fi","@id":"https:\/\/tervix.ee\/fi\/#\/schema\/logo\/image\/","url":"https:\/\/tervix.ee\/wp-content\/uploads\/2021\/03\/header-logo.png","contentUrl":"https:\/\/tervix.ee\/wp-content\/uploads\/2021\/03\/header-logo.png","width":300,"height":71,"caption":"Tervix O\u00dc"},"image":{"@id":"https:\/\/tervix.ee\/fi\/#\/schema\/logo\/image\/"},"sameAs":["https:\/\/www.facebook.com\/Tervix\/","https:\/\/www.instagram.com\/tervix_natural\/"]}]}},"_links":{"self":[{"href":"https:\/\/tervix.ee\/fi\/wp-json\/wp\/v2\/pages\/4960","targetHints":{"allow":["GET"]}}],"collection":[{"href":"https:\/\/tervix.ee\/fi\/wp-json\/wp\/v2\/pages"}],"about":[{"href":"https:\/\/tervix.ee\/fi\/wp-json\/wp\/v2\/types\/page"}],"author":[{"embeddable":true,"href":"https:\/\/tervix.ee\/fi\/wp-json\/wp\/v2\/users\/1"}],"replies":[{"embeddable":true,"href":"https:\/\/tervix.ee\/fi\/wp-json\/wp\/v2\/comments?post=4960"}],"version-history":[{"count":0,"href":"https:\/\/tervix.ee\/fi\/wp-json\/wp\/v2\/pages\/4960\/revisions"}],"wp:attachment":[{"href":"https:\/\/tervix.ee\/fi\/wp-json\/wp\/v2\/media?parent=4960"}],"curies":[{"name":"wp","href":"https:\/\/api.w.org\/{rel}","templated":true}]}}