{"id":4956,"date":"2021-03-26T08:48:17","date_gmt":"2021-03-26T06:48:17","guid":{"rendered":"https:\/\/tervix.ee\/toivelista\/"},"modified":"2022-09-28T10:13:31","modified_gmt":"2022-09-28T07:13:31","slug":"toivelista","status":"publish","type":"page","link":"https:\/\/tervix.ee\/fi\/toivelista\/","title":{"rendered":"Toivelista"},"content":{"rendered":"<div class=\"woocommerce soo-wishlist\">\r\n\r\n<table class=\"shop_table shop_table_responsive wishlist_table\" cellspacing=\"0\">\r\n\t<thead>\r\n\t<tr>\r\n\t\t\t\t\t<th class=\"product-remove\">\u00a0<\/th>\r\n\t\t\t\t<th class=\"product-thumbnail\">\u00a0<\/th>\r\n\t\t<th class=\"product-name\">Tuote<\/th>\r\n\t\t\t\t\t<th class=\"product-price\">Hinta<\/th>\r\n\t\t\t\t\t\t\t\t\t<th class=\"product-add-to-cart\">\u00a0<\/th>\r\n\t\t\t<\/tr>\r\n\t<\/thead>\r\n\r\n\t\t\t\r\n\t\t<tr class=\"product-item\">\r\n\t\t\t\t\t\t\t<td class=\"product-remove\">\r\n\t\t\t\t\t<a href=\"https:\/\/tervix.ee\/fi\/toivelista\/?remove_from_wishlist=6562c5c1f33db6e05a082a88cddab5ea&_wpnonce=2280ca781c\" class=\"remove\" title=\"Poista tuote\" data-product_id=\"4567\"><span class=\"svg-icon icon-close size-normal close-icon\"><svg role=\"img\"> <use href=\"#close\" xlink:href=\"#close\"><\/use> <\/svg><\/span><\/a>\t\t\t\t<\/td>\r\n\t\t\t\t\t\t<td class=\"product-thumbnail\">\r\n\t\t\t\t<a href=\"https:\/\/tervix.ee\/fi\/tuote\/tyrnijauhe\/\"><img fetchpriority=\"high\" decoding=\"async\" width=\"600\" height=\"600\" src=\"https:\/\/tervix.ee\/wp-content\/uploads\/2021\/03\/PXL_20220912_121841019.PORTRAIT-600x600.jpg\" class=\"attachment-woocommerce_thumbnail size-woocommerce_thumbnail\" alt=\"Tyrnijauhe\" srcset=\"https:\/\/tervix.ee\/wp-content\/uploads\/2021\/03\/PXL_20220912_121841019.PORTRAIT-600x600.jpg 600w, https:\/\/tervix.ee\/wp-content\/uploads\/2021\/03\/PXL_20220912_121841019.PORTRAIT-150x150.jpg 150w, https:\/\/tervix.ee\/wp-content\/uploads\/2021\/03\/PXL_20220912_121841019.PORTRAIT-660x660.jpg 660w\" sizes=\"(max-width: 600px) 100vw, 600px\" \/><\/a>\r\n\t\t\t<\/td>\r\n\t\t\t<td class=\"product-name\">\r\n\t\t\t\t<a href=\"https:\/\/tervix.ee\/fi\/tuote\/tyrnijauhe\/\">Tyrnijauhe<\/a>\r\n\t\t\t<\/td>\r\n\r\n\t\t\t\t\t\t\t<td class=\"product-price\">\r\n\t\t\t\t\t<span class=\"woocommerce-Price-amount amount\"><bdi>4.90<span class=\"woocommerce-Price-currencySymbol\">\u20ac<\/span><\/bdi><\/span>\t\t\t\t<\/td>\r\n\t\t\t\r\n\t\t\t\r\n\t\t\t\t\t\t\t<td class=\"product-add-to-cart\">\r\n\t\t\t\t\t<a href=\"\/fi\/wp-json\/wp\/v2\/pages\/4956?add-to-cart=4567\" aria-describedby=\"woocommerce_loop_add_to_cart_link_describedby_4567\" data-quantity=\"1\" class=\"button product_type_simple add_to_cart_button ajax_add_to_cart woocommerce-loop-product__button\" data-product_id=\"4567\" data-product_sku=\"4020\" aria-label=\"Lis\u00e4\u00e4 ostoskoriin: \u201cTyrnijauhe\u201d\" rel=\"nofollow\" data-success_message=\"\u201cTyrnijauhe\u201d on lis\u00e4tty ostoskoriin\" role=\"button\">Lis\u00e4\u00e4 ostoskoriin<\/a>\t<span id=\"woocommerce_loop_add_to_cart_link_describedby_4567\" class=\"screen-reader-text\">\n\t\t\t<\/span>\n\t\t\t\t<\/td>\r\n\t\t\t\t\t<\/tr>\r\n\t\t\t\r\n\t\t<tr class=\"product-item\">\r\n\t\t\t\t\t\t\t<td class=\"product-remove\">\r\n\t\t\t\t\t<a href=\"https:\/\/tervix.ee\/fi\/toivelista\/?remove_from_wishlist=501627aa14e37bd1d4143159e0e9620f&_wpnonce=3c1620fb13\" class=\"remove\" title=\"Poista tuote\" data-product_id=\"4592\"><span class=\"svg-icon icon-close size-normal close-icon\"><svg role=\"img\"> <use href=\"#close\" xlink:href=\"#close\"><\/use> <\/svg><\/span><\/a>\t\t\t\t<\/td>\r\n\t\t\t\t\t\t<td class=\"product-thumbnail\">\r\n\t\t\t\t<a href=\"https:\/\/tervix.ee\/fi\/tuote\/hanhenrasvavoide-villy\/\"><img decoding=\"async\" width=\"600\" height=\"600\" src=\"https:\/\/tervix.ee\/wp-content\/uploads\/2021\/03\/Hanerasv-221-600x600.jpg\" class=\"attachment-woocommerce_thumbnail size-woocommerce_thumbnail\" alt=\"Hanhenrasvavoide Villy\" srcset=\"https:\/\/tervix.ee\/wp-content\/uploads\/2021\/03\/Hanerasv-221-600x600.jpg 600w, https:\/\/tervix.ee\/wp-content\/uploads\/2021\/03\/Hanerasv-221-150x150.jpg 150w, https:\/\/tervix.ee\/wp-content\/uploads\/2021\/03\/Hanerasv-221-660x660.jpg 660w\" sizes=\"(max-width: 600px) 100vw, 600px\" \/><\/a>\r\n\t\t\t<\/td>\r\n\t\t\t<td class=\"product-name\">\r\n\t\t\t\t<a href=\"https:\/\/tervix.ee\/fi\/tuote\/hanhenrasvavoide-villy\/\">Hanhenrasvavoide Villy<\/a>\r\n\t\t\t<\/td>\r\n\r\n\t\t\t\t\t\t\t<td class=\"product-price\">\r\n\t\t\t\t\t<span class=\"woocommerce-Price-amount amount\" aria-hidden=\"true\"><bdi>5.60<span class=\"woocommerce-Price-currencySymbol\">\u20ac<\/span><\/bdi><\/span> <span aria-hidden=\"true\">\u2013<\/span> <span class=\"woocommerce-Price-amount amount\" aria-hidden=\"true\"><bdi>12.60<span class=\"woocommerce-Price-currencySymbol\">\u20ac<\/span><\/bdi><\/span><span class=\"screen-reader-text\">Hintaluokka: 5.60\u20ac - 12.60\u20ac<\/span>\t\t\t\t<\/td>\r\n\t\t\t\r\n\t\t\t\r\n\t\t\t\t\t\t\t<td class=\"product-add-to-cart\">\r\n\t\t\t\t\t<a href=\"https:\/\/tervix.ee\/fi\/tuote\/hanhenrasvavoide-villy\/\" aria-describedby=\"woocommerce_loop_add_to_cart_link_describedby_4592\" data-quantity=\"1\" class=\"button product_type_variable add_to_cart_button woocommerce-loop-product__button\" data-product_id=\"4592\" data-product_sku=\"Hanerasvasalv Villy\" aria-label=\"Valitse valinnat \u201cHanhenrasvavoide Villy\u201d\" rel=\"nofollow\">Valitse koko<\/a>\t<span id=\"woocommerce_loop_add_to_cart_link_describedby_4592\" class=\"screen-reader-text\">\n\t\tT\u00e4ll\u00e4 tuotteella on useampi muunnelma. Voit tehd\u00e4 valinnat tuotteen sivulla.\t<\/span>\n\t\t\t\t<\/td>\r\n\t\t\t\t\t<\/tr>\r\n\t\t\t\r\n\t\t<tr class=\"product-item\">\r\n\t\t\t\t\t\t\t<td class=\"product-remove\">\r\n\t\t\t\t\t<a href=\"https:\/\/tervix.ee\/fi\/toivelista\/?remove_from_wishlist=85ef8e895264ae2dcab7bcd0f04d9bea&_wpnonce=612048251b\" class=\"remove\" title=\"Poista tuote\" data-product_id=\"8312\"><span class=\"svg-icon icon-close size-normal close-icon\"><svg role=\"img\"> <use href=\"#close\" xlink:href=\"#close\"><\/use> <\/svg><\/span><\/a>\t\t\t\t<\/td>\r\n\t\t\t\t\t\t<td class=\"product-thumbnail\">\r\n\t\t\t\t<a href=\"https:\/\/tervix.ee\/fi\/tuote\/hoitava-huulivoide\/\"><img decoding=\"async\" width=\"600\" height=\"600\" src=\"https:\/\/tervix.ee\/wp-content\/uploads\/2023\/11\/Huulepulk-600x600.jpg\" class=\"attachment-woocommerce_thumbnail size-woocommerce_thumbnail\" alt=\"Hoitava huulivoide\" srcset=\"https:\/\/tervix.ee\/wp-content\/uploads\/2023\/11\/Huulepulk-600x600.jpg 600w, https:\/\/tervix.ee\/wp-content\/uploads\/2023\/11\/Huulepulk-150x150.jpg 150w, https:\/\/tervix.ee\/wp-content\/uploads\/2023\/11\/Huulepulk-660x660.jpg 660w\" sizes=\"(max-width: 600px) 100vw, 600px\" \/><\/a>\r\n\t\t\t<\/td>\r\n\t\t\t<td class=\"product-name\">\r\n\t\t\t\t<a href=\"https:\/\/tervix.ee\/fi\/tuote\/hoitava-huulivoide\/\">Hoitava huulivoide<\/a>\r\n\t\t\t<\/td>\r\n\r\n\t\t\t\t\t\t\t<td class=\"product-price\">\r\n\t\t\t\t\t<span class=\"woocommerce-Price-amount amount\"><bdi>4.90<span class=\"woocommerce-Price-currencySymbol\">\u20ac<\/span><\/bdi><\/span>\t\t\t\t<\/td>\r\n\t\t\t\r\n\t\t\t\r\n\t\t\t\t\t\t\t<td class=\"product-add-to-cart\">\r\n\t\t\t\t\t<a href=\"\/fi\/wp-json\/wp\/v2\/pages\/4956?add-to-cart=8312\" aria-describedby=\"woocommerce_loop_add_to_cart_link_describedby_8312\" data-quantity=\"1\" class=\"button product_type_simple add_to_cart_button ajax_add_to_cart woocommerce-loop-product__button\" data-product_id=\"8312\" data-product_sku=\"2031\" aria-label=\"Lis\u00e4\u00e4 ostoskoriin: \u201cHoitava huulivoide\u201d\" rel=\"nofollow\" data-success_message=\"\u201cHoitava huulivoide\u201d on lis\u00e4tty ostoskoriin\" role=\"button\">Lis\u00e4\u00e4 ostoskoriin<\/a>\t<span id=\"woocommerce_loop_add_to_cart_link_describedby_8312\" class=\"screen-reader-text\">\n\t\t\t<\/span>\n\t\t\t\t<\/td>\r\n\t\t\t\t\t<\/tr>\r\n\t\t\t\t\t\r\n\t\t<tr class=\"product-item\">\r\n\t\t\t\t\t\t\t<td class=\"product-remove\">\r\n\t\t\t\t\t<a href=\"https:\/\/tervix.ee\/fi\/toivelista\/?remove_from_wishlist=7f01c939761597f9b832694d4c381512&_wpnonce=1cb840c3f2\" class=\"remove\" title=\"Poista tuote\" data-product_id=\"4573\"><span class=\"svg-icon icon-close size-normal close-icon\"><svg role=\"img\"> <use href=\"#close\" xlink:href=\"#close\"><\/use> <\/svg><\/span><\/a>\t\t\t\t<\/td>\r\n\t\t\t\t\t\t<td class=\"product-thumbnail\">\r\n\t\t\t\t<a href=\"https:\/\/tervix.ee\/fi\/tuote\/teepuuoljyvoide\/\"><img loading=\"lazy\" decoding=\"async\" width=\"600\" height=\"600\" src=\"https:\/\/tervix.ee\/wp-content\/uploads\/2021\/03\/Teepuuolisalv-221-600x600.jpg\" class=\"attachment-woocommerce_thumbnail size-woocommerce_thumbnail\" alt=\"Teepuu\u00f6ljyvoide\" srcset=\"https:\/\/tervix.ee\/wp-content\/uploads\/2021\/03\/Teepuuolisalv-221-600x600.jpg 600w, https:\/\/tervix.ee\/wp-content\/uploads\/2021\/03\/Teepuuolisalv-221-150x150.jpg 150w, https:\/\/tervix.ee\/wp-content\/uploads\/2021\/03\/Teepuuolisalv-221-660x660.jpg 660w\" sizes=\"(max-width: 600px) 100vw, 600px\" \/><\/a>\r\n\t\t\t<\/td>\r\n\t\t\t<td class=\"product-name\">\r\n\t\t\t\t<a href=\"https:\/\/tervix.ee\/fi\/tuote\/teepuuoljyvoide\/\">Teepuu\u00f6ljyvoide<\/a>\r\n\t\t\t<\/td>\r\n\r\n\t\t\t\t\t\t\t<td class=\"product-price\">\r\n\t\t\t\t\t<span class=\"woocommerce-Price-amount amount\"><bdi>5.00<span class=\"woocommerce-Price-currencySymbol\">\u20ac<\/span><\/bdi><\/span>\t\t\t\t<\/td>\r\n\t\t\t\r\n\t\t\t\r\n\t\t\t\t\t\t\t<td class=\"product-add-to-cart\">\r\n\t\t\t\t\t<a href=\"\/fi\/wp-json\/wp\/v2\/pages\/4956?add-to-cart=4573\" aria-describedby=\"woocommerce_loop_add_to_cart_link_describedby_4573\" data-quantity=\"1\" class=\"button product_type_simple add_to_cart_button ajax_add_to_cart woocommerce-loop-product__button\" data-product_id=\"4573\" data-product_sku=\"2100\" aria-label=\"Lis\u00e4\u00e4 ostoskoriin: \u201cTeepuu\u00f6ljyvoide\u201d\" rel=\"nofollow\" data-success_message=\"\u201cTeepuu\u00f6ljyvoide\u201d on lis\u00e4tty ostoskoriin\" role=\"button\">Lis\u00e4\u00e4 ostoskoriin<\/a>\t<span id=\"woocommerce_loop_add_to_cart_link_describedby_4573\" class=\"screen-reader-text\">\n\t\t\t<\/span>\n\t\t\t\t<\/td>\r\n\t\t\t\t\t<\/tr>\r\n\t\t\t\t\t\r\n\t\t<tr class=\"product-item\">\r\n\t\t\t\t\t\t\t<td class=\"product-remove\">\r\n\t\t\t\t\t<a href=\"https:\/\/tervix.ee\/fi\/toivelista\/?remove_from_wishlist=20c86a628232a67e7bd46f76fba7ce12&_wpnonce=1b5a0d1396\" class=\"remove\" title=\"Poista tuote\" data-product_id=\"4597\"><span class=\"svg-icon icon-close size-normal close-icon\"><svg role=\"img\"> <use href=\"#close\" xlink:href=\"#close\"><\/use> <\/svg><\/span><\/a>\t\t\t\t<\/td>\r\n\t\t\t\t\t\t<td class=\"product-thumbnail\">\r\n\t\t\t\t<a href=\"https:\/\/tervix.ee\/fi\/tuote\/tyrnivoide\/\"><img loading=\"lazy\" decoding=\"async\" width=\"600\" height=\"600\" src=\"https:\/\/tervix.ee\/wp-content\/uploads\/2021\/03\/Astelpajusalv-222-600x600.jpg\" class=\"attachment-woocommerce_thumbnail size-woocommerce_thumbnail\" alt=\"Tyrnivoide\" srcset=\"https:\/\/tervix.ee\/wp-content\/uploads\/2021\/03\/Astelpajusalv-222-600x600.jpg 600w, https:\/\/tervix.ee\/wp-content\/uploads\/2021\/03\/Astelpajusalv-222-150x150.jpg 150w, https:\/\/tervix.ee\/wp-content\/uploads\/2021\/03\/Astelpajusalv-222-660x660.jpg 660w\" sizes=\"(max-width: 600px) 100vw, 600px\" \/><\/a>\r\n\t\t\t<\/td>\r\n\t\t\t<td class=\"product-name\">\r\n\t\t\t\t<a href=\"https:\/\/tervix.ee\/fi\/tuote\/tyrnivoide\/\">Tyrnivoide<\/a>\r\n\t\t\t<\/td>\r\n\r\n\t\t\t\t\t\t\t<td class=\"product-price\">\r\n\t\t\t\t\t<span class=\"woocommerce-Price-amount amount\"><bdi>5.00<span class=\"woocommerce-Price-currencySymbol\">\u20ac<\/span><\/bdi><\/span>\t\t\t\t<\/td>\r\n\t\t\t\r\n\t\t\t\r\n\t\t\t\t\t\t\t<td class=\"product-add-to-cart\">\r\n\t\t\t\t\t<a href=\"\/fi\/wp-json\/wp\/v2\/pages\/4956?add-to-cart=4597\" aria-describedby=\"woocommerce_loop_add_to_cart_link_describedby_4597\" data-quantity=\"1\" class=\"button product_type_simple add_to_cart_button ajax_add_to_cart woocommerce-loop-product__button\" data-product_id=\"4597\" data-product_sku=\"2010\" aria-label=\"Lis\u00e4\u00e4 ostoskoriin: \u201cTyrnivoide\u201d\" rel=\"nofollow\" data-success_message=\"\u201cTyrnivoide\u201d on lis\u00e4tty ostoskoriin\" role=\"button\">Lis\u00e4\u00e4 ostoskoriin<\/a>\t<span id=\"woocommerce_loop_add_to_cart_link_describedby_4597\" class=\"screen-reader-text\">\n\t\t\t<\/span>\n\t\t\t\t<\/td>\r\n\t\t\t\t\t<\/tr>\r\n\t\t\t\r\n\t\t<tr class=\"product-item\">\r\n\t\t\t\t\t\t\t<td class=\"product-remove\">\r\n\t\t\t\t\t<a href=\"https:\/\/tervix.ee\/fi\/toivelista\/?remove_from_wishlist=e7532dbeff7ef901f2e70daacb3f452d&_wpnonce=a7c298c276\" class=\"remove\" title=\"Poista tuote\" data-product_id=\"8395\"><span class=\"svg-icon icon-close size-normal close-icon\"><svg role=\"img\"> <use href=\"#close\" xlink:href=\"#close\"><\/use> <\/svg><\/span><\/a>\t\t\t\t<\/td>\r\n\t\t\t\t\t\t<td class=\"product-thumbnail\">\r\n\t\t\t\t<a href=\"https:\/\/tervix.ee\/fi\/tuote\/lemmikin-naarmuvoide\/\"><img loading=\"lazy\" decoding=\"async\" width=\"600\" height=\"600\" src=\"https:\/\/tervix.ee\/wp-content\/uploads\/2023\/11\/Kriimusalv1-600x600.jpg\" class=\"attachment-woocommerce_thumbnail size-woocommerce_thumbnail\" alt=\"Lemmikin Naarmuvoide\" srcset=\"https:\/\/tervix.ee\/wp-content\/uploads\/2023\/11\/Kriimusalv1-600x600.jpg 600w, https:\/\/tervix.ee\/wp-content\/uploads\/2023\/11\/Kriimusalv1-150x150.jpg 150w, https:\/\/tervix.ee\/wp-content\/uploads\/2023\/11\/Kriimusalv1-660x660.jpg 660w\" sizes=\"(max-width: 600px) 100vw, 600px\" \/><\/a>\r\n\t\t\t<\/td>\r\n\t\t\t<td class=\"product-name\">\r\n\t\t\t\t<a href=\"https:\/\/tervix.ee\/fi\/tuote\/lemmikin-naarmuvoide\/\">Lemmikin Naarmuvoide<\/a>\r\n\t\t\t<\/td>\r\n\r\n\t\t\t\t\t\t\t<td class=\"product-price\">\r\n\t\t\t\t\t<span class=\"woocommerce-Price-amount amount\"><bdi>4.90<span class=\"woocommerce-Price-currencySymbol\">\u20ac<\/span><\/bdi><\/span>\t\t\t\t<\/td>\r\n\t\t\t\r\n\t\t\t\r\n\t\t\t\t\t\t\t<td class=\"product-add-to-cart\">\r\n\t\t\t\t\t<a href=\"\/fi\/wp-json\/wp\/v2\/pages\/4956?add-to-cart=8395\" aria-describedby=\"woocommerce_loop_add_to_cart_link_describedby_8395\" data-quantity=\"1\" class=\"button product_type_simple add_to_cart_button ajax_add_to_cart woocommerce-loop-product__button\" data-product_id=\"8395\" data-product_sku=\"9002\" aria-label=\"Lis\u00e4\u00e4 ostoskoriin: \u201cLemmikin Naarmuvoide\u201d\" rel=\"nofollow\" data-success_message=\"\u201cLemmikin Naarmuvoide\u201d on lis\u00e4tty ostoskoriin\" role=\"button\">Lis\u00e4\u00e4 ostoskoriin<\/a>\t<span id=\"woocommerce_loop_add_to_cart_link_describedby_8395\" class=\"screen-reader-text\">\n\t\t\t<\/span>\n\t\t\t\t<\/td>\r\n\t\t\t\t\t<\/tr>\r\n\t\t\t\r\n\t\t<tr class=\"product-item\">\r\n\t\t\t\t\t\t\t<td class=\"product-remove\">\r\n\t\t\t\t\t<a href=\"https:\/\/tervix.ee\/fi\/toivelista\/?remove_from_wishlist=59dfa2df42d9e3d41f5b02bfc32229dd&_wpnonce=9620af99ca\" class=\"remove\" title=\"Poista tuote\" data-product_id=\"4582\"><span class=\"svg-icon icon-close size-normal close-icon\"><svg role=\"img\"> <use href=\"#close\" xlink:href=\"#close\"><\/use> <\/svg><\/span><\/a>\t\t\t\t<\/td>\r\n\t\t\t\t\t\t<td class=\"product-thumbnail\">\r\n\t\t\t\t<a href=\"https:\/\/tervix.ee\/fi\/tuote\/kamomillavoide\/\"><img loading=\"lazy\" decoding=\"async\" width=\"600\" height=\"600\" src=\"https:\/\/tervix.ee\/wp-content\/uploads\/2021\/03\/Kummelisalv221-600x600.jpg\" class=\"attachment-woocommerce_thumbnail size-woocommerce_thumbnail\" alt=\"Kamomillavoide\" srcset=\"https:\/\/tervix.ee\/wp-content\/uploads\/2021\/03\/Kummelisalv221-600x600.jpg 600w, https:\/\/tervix.ee\/wp-content\/uploads\/2021\/03\/Kummelisalv221-150x150.jpg 150w, https:\/\/tervix.ee\/wp-content\/uploads\/2021\/03\/Kummelisalv221-660x660.jpg 660w\" sizes=\"(max-width: 600px) 100vw, 600px\" \/><\/a>\r\n\t\t\t<\/td>\r\n\t\t\t<td class=\"product-name\">\r\n\t\t\t\t<a href=\"https:\/\/tervix.ee\/fi\/tuote\/kamomillavoide\/\">Kamomillavoide<\/a>\r\n\t\t\t<\/td>\r\n\r\n\t\t\t\t\t\t\t<td class=\"product-price\">\r\n\t\t\t\t\t<span class=\"woocommerce-Price-amount amount\" aria-hidden=\"true\"><bdi>5.00<span class=\"woocommerce-Price-currencySymbol\">\u20ac<\/span><\/bdi><\/span> <span aria-hidden=\"true\">\u2013<\/span> <span class=\"woocommerce-Price-amount amount\" aria-hidden=\"true\"><bdi>15.00<span class=\"woocommerce-Price-currencySymbol\">\u20ac<\/span><\/bdi><\/span><span class=\"screen-reader-text\">Hintaluokka: 5.00\u20ac - 15.00\u20ac<\/span>\t\t\t\t<\/td>\r\n\t\t\t\r\n\t\t\t\r\n\t\t\t\t\t\t\t<td class=\"product-add-to-cart\">\r\n\t\t\t\t\t<a href=\"https:\/\/tervix.ee\/fi\/tuote\/kamomillavoide\/\" aria-describedby=\"woocommerce_loop_add_to_cart_link_describedby_4582\" data-quantity=\"1\" class=\"button product_type_variable add_to_cart_button woocommerce-loop-product__button\" data-product_id=\"4582\" data-product_sku=\"2050\" aria-label=\"Valitse valinnat \u201cKamomillavoide\u201d\" rel=\"nofollow\">Valitse koko<\/a>\t<span id=\"woocommerce_loop_add_to_cart_link_describedby_4582\" class=\"screen-reader-text\">\n\t\tT\u00e4ll\u00e4 tuotteella on useampi muunnelma. Voit tehd\u00e4 valinnat tuotteen sivulla.\t<\/span>\n\t\t\t\t<\/td>\r\n\t\t\t\t\t<\/tr>\r\n\t<\/table>\r\n\r\n\r\n<\/div>\n","protected":false},"excerpt":{"rendered":"","protected":false},"author":1,"featured_media":0,"parent":0,"menu_order":0,"comment_status":"closed","ping_status":"closed","template":"","meta":{"footnotes":""},"class_list":["post-4956","page","type-page","status-publish","hentry"],"yoast_head":"<!-- This site is optimized with the Yoast SEO plugin v27.5 - https:\/\/yoast.com\/product\/yoast-seo-wordpress\/ -->\n<title>Toivelista - Tervix O\u00dc<\/title>\n<meta name=\"description\" content=\"Tervix asutati 2003. aastal Eesti astelpajukasvatajate poolt. Eesm\u00e4rk oli astelpajul olevad arvukad kasulikud omadused tuua tarbijateni ja pakkuda loodusteadlikule m\u00f5tlemisele p\u00f5hinevaid tooteid.\" \/>\n<meta name=\"robots\" content=\"index, follow, max-snippet:-1, max-image-preview:large, max-video-preview:-1\" \/>\n<link rel=\"canonical\" href=\"https:\/\/tervix.ee\/fi\/toivelista\/\" \/>\n<meta property=\"og:locale\" content=\"fi_FI\" \/>\n<meta property=\"og:type\" content=\"article\" \/>\n<meta property=\"og:title\" content=\"Toivelista - Tervix O\u00dc\" \/>\n<meta property=\"og:description\" content=\"Tervix asutati 2003. aastal Eesti astelpajukasvatajate poolt. Eesm\u00e4rk oli astelpajul olevad arvukad kasulikud omadused tuua tarbijateni ja pakkuda loodusteadlikule m\u00f5tlemisele p\u00f5hinevaid tooteid.\" \/>\n<meta property=\"og:url\" content=\"https:\/\/tervix.ee\/fi\/toivelista\/\" \/>\n<meta property=\"og:site_name\" content=\"Tervix O\u00dc\" \/>\n<meta property=\"article:publisher\" content=\"https:\/\/www.facebook.com\/Tervix\/\" \/>\n<meta property=\"article:modified_time\" content=\"2022-09-28T07:13:31+00:00\" \/>\n<meta name=\"twitter:card\" content=\"summary_large_image\" \/>\n<script type=\"application\/ld+json\" class=\"yoast-schema-graph\">{\"@context\":\"https:\\\/\\\/schema.org\",\"@graph\":[{\"@type\":\"WebPage\",\"@id\":\"https:\\\/\\\/tervix.ee\\\/fi\\\/toivelista\\\/\",\"url\":\"https:\\\/\\\/tervix.ee\\\/fi\\\/toivelista\\\/\",\"name\":\"Toivelista - Tervix O\u00dc\",\"isPartOf\":{\"@id\":\"https:\\\/\\\/tervix.ee\\\/fi\\\/#website\"},\"datePublished\":\"2021-03-26T06:48:17+00:00\",\"dateModified\":\"2022-09-28T07:13:31+00:00\",\"description\":\"Tervix asutati 2003. aastal Eesti astelpajukasvatajate poolt. Eesm\u00e4rk oli astelpajul olevad arvukad kasulikud omadused tuua tarbijateni ja pakkuda loodusteadlikule m\u00f5tlemisele p\u00f5hinevaid tooteid.\",\"breadcrumb\":{\"@id\":\"https:\\\/\\\/tervix.ee\\\/fi\\\/toivelista\\\/#breadcrumb\"},\"inLanguage\":\"fi\",\"potentialAction\":[{\"@type\":\"ReadAction\",\"target\":[\"https:\\\/\\\/tervix.ee\\\/fi\\\/toivelista\\\/\"]}]},{\"@type\":\"BreadcrumbList\",\"@id\":\"https:\\\/\\\/tervix.ee\\\/fi\\\/toivelista\\\/#breadcrumb\",\"itemListElement\":[{\"@type\":\"ListItem\",\"position\":1,\"name\":\"Esileht\",\"item\":\"https:\\\/\\\/tervix.ee\\\/fi\\\/\"},{\"@type\":\"ListItem\",\"position\":2,\"name\":\"Toivelista\"}]},{\"@type\":\"WebSite\",\"@id\":\"https:\\\/\\\/tervix.ee\\\/fi\\\/#website\",\"url\":\"https:\\\/\\\/tervix.ee\\\/fi\\\/\",\"name\":\"Tervix O\u00dc\",\"description\":\"\",\"publisher\":{\"@id\":\"https:\\\/\\\/tervix.ee\\\/fi\\\/#organization\"},\"potentialAction\":[{\"@type\":\"SearchAction\",\"target\":{\"@type\":\"EntryPoint\",\"urlTemplate\":\"https:\\\/\\\/tervix.ee\\\/fi\\\/?s={search_term_string}\"},\"query-input\":{\"@type\":\"PropertyValueSpecification\",\"valueRequired\":true,\"valueName\":\"search_term_string\"}}],\"inLanguage\":\"fi\"},{\"@type\":\"Organization\",\"@id\":\"https:\\\/\\\/tervix.ee\\\/fi\\\/#organization\",\"name\":\"Tervix O\u00dc\",\"url\":\"https:\\\/\\\/tervix.ee\\\/fi\\\/\",\"logo\":{\"@type\":\"ImageObject\",\"inLanguage\":\"fi\",\"@id\":\"https:\\\/\\\/tervix.ee\\\/fi\\\/#\\\/schema\\\/logo\\\/image\\\/\",\"url\":\"https:\\\/\\\/tervix.ee\\\/wp-content\\\/uploads\\\/2021\\\/03\\\/header-logo.png\",\"contentUrl\":\"https:\\\/\\\/tervix.ee\\\/wp-content\\\/uploads\\\/2021\\\/03\\\/header-logo.png\",\"width\":300,\"height\":71,\"caption\":\"Tervix O\u00dc\"},\"image\":{\"@id\":\"https:\\\/\\\/tervix.ee\\\/fi\\\/#\\\/schema\\\/logo\\\/image\\\/\"},\"sameAs\":[\"https:\\\/\\\/www.facebook.com\\\/Tervix\\\/\",\"https:\\\/\\\/www.instagram.com\\\/tervix_natural\\\/\"]}]}<\/script>\n<!-- \/ Yoast SEO plugin. -->","yoast_head_json":{"title":"Toivelista - Tervix O\u00dc","description":"Tervix asutati 2003. aastal Eesti astelpajukasvatajate poolt. Eesm\u00e4rk oli astelpajul olevad arvukad kasulikud omadused tuua tarbijateni ja pakkuda loodusteadlikule m\u00f5tlemisele p\u00f5hinevaid tooteid.","robots":{"index":"index","follow":"follow","max-snippet":"max-snippet:-1","max-image-preview":"max-image-preview:large","max-video-preview":"max-video-preview:-1"},"canonical":"https:\/\/tervix.ee\/fi\/toivelista\/","og_locale":"fi_FI","og_type":"article","og_title":"Toivelista - Tervix O\u00dc","og_description":"Tervix asutati 2003. aastal Eesti astelpajukasvatajate poolt. Eesm\u00e4rk oli astelpajul olevad arvukad kasulikud omadused tuua tarbijateni ja pakkuda loodusteadlikule m\u00f5tlemisele p\u00f5hinevaid tooteid.","og_url":"https:\/\/tervix.ee\/fi\/toivelista\/","og_site_name":"Tervix O\u00dc","article_publisher":"https:\/\/www.facebook.com\/Tervix\/","article_modified_time":"2022-09-28T07:13:31+00:00","twitter_card":"summary_large_image","schema":{"@context":"https:\/\/schema.org","@graph":[{"@type":"WebPage","@id":"https:\/\/tervix.ee\/fi\/toivelista\/","url":"https:\/\/tervix.ee\/fi\/toivelista\/","name":"Toivelista - Tervix O\u00dc","isPartOf":{"@id":"https:\/\/tervix.ee\/fi\/#website"},"datePublished":"2021-03-26T06:48:17+00:00","dateModified":"2022-09-28T07:13:31+00:00","description":"Tervix asutati 2003. aastal Eesti astelpajukasvatajate poolt. Eesm\u00e4rk oli astelpajul olevad arvukad kasulikud omadused tuua tarbijateni ja pakkuda loodusteadlikule m\u00f5tlemisele p\u00f5hinevaid tooteid.","breadcrumb":{"@id":"https:\/\/tervix.ee\/fi\/toivelista\/#breadcrumb"},"inLanguage":"fi","potentialAction":[{"@type":"ReadAction","target":["https:\/\/tervix.ee\/fi\/toivelista\/"]}]},{"@type":"BreadcrumbList","@id":"https:\/\/tervix.ee\/fi\/toivelista\/#breadcrumb","itemListElement":[{"@type":"ListItem","position":1,"name":"Esileht","item":"https:\/\/tervix.ee\/fi\/"},{"@type":"ListItem","position":2,"name":"Toivelista"}]},{"@type":"WebSite","@id":"https:\/\/tervix.ee\/fi\/#website","url":"https:\/\/tervix.ee\/fi\/","name":"Tervix O\u00dc","description":"","publisher":{"@id":"https:\/\/tervix.ee\/fi\/#organization"},"potentialAction":[{"@type":"SearchAction","target":{"@type":"EntryPoint","urlTemplate":"https:\/\/tervix.ee\/fi\/?s={search_term_string}"},"query-input":{"@type":"PropertyValueSpecification","valueRequired":true,"valueName":"search_term_string"}}],"inLanguage":"fi"},{"@type":"Organization","@id":"https:\/\/tervix.ee\/fi\/#organization","name":"Tervix O\u00dc","url":"https:\/\/tervix.ee\/fi\/","logo":{"@type":"ImageObject","inLanguage":"fi","@id":"https:\/\/tervix.ee\/fi\/#\/schema\/logo\/image\/","url":"https:\/\/tervix.ee\/wp-content\/uploads\/2021\/03\/header-logo.png","contentUrl":"https:\/\/tervix.ee\/wp-content\/uploads\/2021\/03\/header-logo.png","width":300,"height":71,"caption":"Tervix O\u00dc"},"image":{"@id":"https:\/\/tervix.ee\/fi\/#\/schema\/logo\/image\/"},"sameAs":["https:\/\/www.facebook.com\/Tervix\/","https:\/\/www.instagram.com\/tervix_natural\/"]}]}},"_links":{"self":[{"href":"https:\/\/tervix.ee\/fi\/wp-json\/wp\/v2\/pages\/4956","targetHints":{"allow":["GET"]}}],"collection":[{"href":"https:\/\/tervix.ee\/fi\/wp-json\/wp\/v2\/pages"}],"about":[{"href":"https:\/\/tervix.ee\/fi\/wp-json\/wp\/v2\/types\/page"}],"author":[{"embeddable":true,"href":"https:\/\/tervix.ee\/fi\/wp-json\/wp\/v2\/users\/1"}],"replies":[{"embeddable":true,"href":"https:\/\/tervix.ee\/fi\/wp-json\/wp\/v2\/comments?post=4956"}],"version-history":[{"count":0,"href":"https:\/\/tervix.ee\/fi\/wp-json\/wp\/v2\/pages\/4956\/revisions"}],"wp:attachment":[{"href":"https:\/\/tervix.ee\/fi\/wp-json\/wp\/v2\/media?parent=4956"}],"curies":[{"name":"wp","href":"https:\/\/api.w.org\/{rel}","templated":true}]}}