{"id":4947,"date":"2021-03-26T08:44:55","date_gmt":"2021-03-26T06:44:55","guid":{"rendered":"https:\/\/tervix.ee\/kayttoehdot-ja-tietosuojaseloste\/"},"modified":"2024-02-29T05:24:18","modified_gmt":"2024-02-29T03:24:18","slug":"kayttoehdot-ja-tietosuojaseloste","status":"publish","type":"page","link":"https:\/\/tervix.ee\/fi\/kayttoehdot-ja-tietosuojaseloste\/","title":{"rendered":"K\u00e4ytt\u00f6ehdot ja tietosuojaseloste"},"content":{"rendered":"<ul>\n<li>N\u00e4m\u00e4 verkkokaupasta ostamisen ehdot koskevat jokaista henkil\u00f6\u00e4 (j\u00e4ljemp\u00e4n\u00e4 \u201dasiakas\u201d), joka tilaa tuotteita <a href=\"https:\/\/tervix.ee\/fi\">www.tervix.ee<\/a>-verkkokaupasta.<\/li>\n<li>Kaikki verkkokaupan hinnat ovat euroina ja sis\u00e4lt\u00e4v\u00e4t arvonlis\u00e4veron.<\/li>\n<li>Ostokset maksetaan verkkopankkilinkin kautta.<\/li>\n<li>Kauppasopimus (j\u00e4ljemp\u00e4n\u00e4 \u201dsopimus\u201d) katsotaan tehdyksi silloin, kun asiakas on tehnyt tilauksen ja saanut viestin tilauskohtaisen maksun onnistumisesta.<\/li>\n<li>N\u00e4in teet tilauksen:\n<ol>\n<li>Lis\u00e4\u00e4 valitsemasi tuotteet ostoskoriin.<\/li>\n<li>Ostoskori-n\u00e4kym\u00e4ss\u00e4 napsauta linkki\u00e4 \u201dSiirry maksamaan\u201d.<\/li>\n<li>Kassa-n\u00e4kym\u00e4ss\u00e4 sy\u00f6t\u00e4 tilauksen t\u00e4ytt\u00e4miseen vaadittavat henkil\u00f6tiedot ja hyv\u00e4ksy verkkokaupan myyntiehdot rastittamalla asianmukainen ruutu. Napsauta Tee tilaus -painiketta.<\/li>\n<li>Asiakas ohjataan maksusivulle.<\/li>\n<li>Asiakkaan valitsemalla maksutavalla suoritetun maksun onnistuttua n\u00e4yt\u00f6lle ilmestyy tilausvahvistus, ja se l\u00e4hetet\u00e4\u00e4n my\u00f6s asiakkaan antamaan s\u00e4hk\u00f6postiosoitteeseen. Jos maksu ep\u00e4onnistuu, tilauksen k\u00e4sittely keskeytet\u00e4\u00e4n.<\/li>\n<li>Jos tilauksen t\u00e4ytt\u00e4minen vie liian paljon aikaa tai tilausta t\u00e4ytett\u00e4ess\u00e4 ilmenee ongelmia, otetaan heti yhteytt\u00e4 asiakkaaseen ja sovitaan h\u00e4nen kanssaan tilauksen t\u00e4ytt\u00e4misehdoista.<\/li>\n<\/ol>\n<\/li>\n<li>Toimitusaika Virossa on 5 arkip\u00e4iv\u00e4\u00e4, muihin EU-maihin 10 arkip\u00e4iv\u00e4\u00e4 ja EU:n ulkopuolelle 15 arkip\u00e4iv\u00e4\u00e4.<\/li>\n<li>Asiakkaalla on\u00a0<strong>14 p\u00e4iv\u00e4n\u00a0<\/strong>kaupan peruutusoikeus tavaran toimitusp\u00e4iv\u00e4st\u00e4 alkaen. Peruutusoikeuden k\u00e4yt\u00f6n edellytyksen\u00e4 on, ett\u00e4 tuotepakkaus tulee avata varovaisesti sit\u00e4 vahingoittamatta, ja palautettavan tuotteen tulee olla alkuper\u00e4ispakkauksessa. Palautettu tavara ei saa olla k\u00e4ytetty.<\/li>\n<li>Palautetusta tavarasta maksetut rahat siirret\u00e4\u00e4n asiakkaan pankkitilille mahdollisimman pian, kuitenkin\u00a0<strong>viimeist\u00e4\u00e4n 30 arkip\u00e4iv\u00e4n kuluttua\u00a0<\/strong>tavaran saapumisesta myyj\u00e4lle. Palautuskulut maksaa asiakas.<\/li>\n<li>Jos asiakas haluaa peruuttaa kaupan, h\u00e4nen tulee l\u00e4hett\u00e4\u00e4 asianmukainen ilmoitus s\u00e4hk\u00f6postiosoitteeseen <a href=\"mailto:info@tervix.ee\">info@tervix.ee<\/a>. Ilmoitukseen tulee merkit\u00e4\u00a0<strong>palautettava tavara, tilausnumero ja pankkitilin numero rahojen palautusta varten.<\/strong><\/li>\n<li>Kaikkia tuotteita koskee lakis\u00e4\u00e4teinen takuu. Takuutodistuksena on itse tilaus.<\/li>\n<li>Ostajan henkil\u00f6tiedot ovat luottamuksellisia, eik\u00e4 niit\u00e4 luovuteta kolmansille osapuolille muissa kuin lakis\u00e4\u00e4teisiss\u00e4 tapauksissa.<\/li>\n<li>Kauppias on rekisterinpit\u00e4j\u00e4, joka toimittaa maksujen suorittamiseen tarvittavat henkil\u00f6tiedot Montonio Finance O\u00dc-nimiselle tietojen k\u00e4sittelij\u00e4lle.<\/li>\n<\/ul>\n<h2>Tietosuojaseloste<\/h2>\n<ul>\n<li>Tietojasi k\u00e4sittelee Tervix O\u00dc, virolainen yritystunnus 12931086, V\u00e4rvi t\u00e4nav 5, Tallinna, Viro,\u00a0<a href=\"mailto:info@tervix.ee\">info@tervix.ee<\/a>. Ker\u00e4\u00e4mme vain sellaisia tietoja, joita tarvitaan tilaamasi tavaran toimittamiseen tai tarjousten l\u00e4hett\u00e4miseen (jos olet suostunut siihen). Tietojen keruu voi tapahtua verkkosivuillamme, s\u00e4hk\u00f6postitse, tapaamisessa, tapahtumassa tai puhelimitse. Harjoittaessamme toimintaa internetiss\u00e4 noudatamme kaikkia asianmukaisia toimintaperiaatteita, Euroopan unionin s\u00e4\u00e4d\u00f6ksi\u00e4 ja Viron lakia.<\/li>\n<li>Tervix O\u00dc ei ker\u00e4\u00e4 kolmansien henkil\u00f6iden verkkosivujen selaushistoriaasi eik\u00e4 s\u00e4ilyt\u00e4 sit\u00e4.<\/li>\n<li>Tervix O\u00dc ei luovuta sellaisia tietojasi verkkosivujemme selaamisesta, joiden perusteella sinut voidaan tunnistaa.<\/li>\n<li>Tervix O\u00dc:n verkkokaupassa k\u00e4ymisen ja ostosten tekemisen yhteydess\u00e4 tietoomme tulleita asiakkaan henkil\u00f6tietoja k\u00e4sitell\u00e4\u00e4n luottamuksellisina.<\/li>\n<li>Tervix O\u00dc voi kysy\u00e4 sinulta seuraavia henkil\u00f6tietoja: etunimi, sukunimi, s\u00e4hk\u00f6postiosoite, puhelinnumero, postiosoite, mahdollinen yritystunnus. Tietojasi ei luovuteta kolmansille osapuolille (lukuun ottamatta niiden luovutusta viranomaisille lain sallimissa tapauksissa). Sinulla on oikeus pyyt\u00e4\u00e4 milloin tahansa v\u00e4\u00e4rien henkil\u00f6tietojesi korjausta tai poistoa l\u00e4hett\u00e4m\u00e4ll\u00e4 s\u00e4hk\u00f6postia osoitteeseen <a href=\"mailto:info@tervix.ee\">info@tervix.ee<\/a>. Vakuutamme, ett\u00e4 k\u00e4sittelemme ja s\u00e4ilyt\u00e4mme tietojasi lakis\u00e4\u00e4teisill\u00e4 tavoilla. Ker\u00e4ttyj\u00e4 henkil\u00f6tietoja k\u00e4yt\u00e4mme my\u00f6s tavaran toimittamiseen ja asiakasta kohtaan ottamiemme velvollisuuksien t\u00e4ytt\u00e4miseen. Voimme ker\u00e4t\u00e4 ja k\u00e4sitell\u00e4 viestint\u00e4mme ja tilausten historiaa.<\/li>\n<li>Tervix O\u00dc voi ker\u00e4t\u00e4 muita kuin henkil\u00f6tietoja eli tietoja, joita ei voida liitt\u00e4\u00e4 suoraan tiettyyn henkil\u00f6\u00f6n (sukupuoli, ik\u00e4, kieli, maantieteellinen sijainti). Tervix O\u00dc voi ker\u00e4t\u00e4 my\u00f6s tietoja asiakkaan toiminnasta yrityksen verkkosivuilla. N\u00e4m\u00e4 tiedot keskitet\u00e4\u00e4n ja niit\u00e4 k\u00e4ytet\u00e4\u00e4n, jotta voisimme esitt\u00e4\u00e4 asiakkaille hy\u00f6dyllisint\u00e4 tietoa ja saisimme tiet\u00e4\u00e4, mitk\u00e4 sivuston osat, tuotteet ja palvelut heit\u00e4 eniten kiinnostavat. Kokoomatiedot k\u00e4sitet\u00e4\u00e4n t\u00e4ss\u00e4 tietosuojaselosteessa muina kuin henkil\u00f6tietoina.<\/li>\n<li>Tervix O\u00dc on lakis\u00e4\u00e4teisesti velvollinen s\u00e4ilytt\u00e4m\u00e4\u00e4n osa tiedoista (esim. kirjanpitotiedot) ja s\u00e4ilytt\u00e4m\u00e4\u00e4n niit\u00e4 lakis\u00e4\u00e4teisi\u00e4 vaatimuksia noudattaen.<\/li>\n<li>Tervix O\u00dc:lle on oikeus j\u00e4tt\u00e4\u00e4 hakemus siit\u00e4, ett\u00e4 emme k\u00e4sittelisi henkil\u00f6tietojasi, ja h\u00e4vitt\u00e4isimme ne. Tervix O\u00dc ei kuitenkaan h\u00e4vit\u00e4 tietoja, jos ne tarvitaan ker\u00e4yksen ja k\u00e4sittelyn tavoitteiden saavuttamiseksi ja Viron tai Euroopan unionin laki velvoittaa k\u00e4sittelem\u00e4\u00e4n niit\u00e4, tai jos meid\u00e4n tulee k\u00e4sitell\u00e4 tietojasi laatiaksemme, esitt\u00e4\u00e4ksemme tai puolustaaksemme oikeudellisia vaatimuksia.<\/li>\n<li>Tervix O\u00dc k\u00e4sittelee henkil\u00f6tietoja sellaisella tavalla, jolla varmistetaan henkil\u00f6tietojen asianmukainen turvallisuus, mukaan lukien suojaaminen luvattomalta ja lainvastaiselta k\u00e4sittelylt\u00e4 sek\u00e4 vahingossa tapahtuvalta h\u00e4vi\u00e4miselt\u00e4, tuhoutumiselta tai vahingoittumiselta, k\u00e4ytt\u00e4en asianmukaisia teknisi\u00e4 tai organisatorisia toimia (eheyden ja luottamuksellisuuden periaate).<\/li>\n<li>Voidakseen palvella asiakasta Tervix O\u00dc voi luovuttaa tietoa yksitt\u00e4isist\u00e4 k\u00e4ytt\u00e4jist\u00e4 kolmannelle osapuolelle, joka tuottaa palveluja Tervix O\u00dc:lle ja on sopimuksessaan sitoutunut pit\u00e4m\u00e4\u00e4n jaetut tiedot salassa. Kolmas osapuoli on esimerkiksi yhteisty\u00f6yritys, jonka teht\u00e4v\u00e4n\u00e4 on verkkokaupassa myyt\u00e4vien tuotteiden kuljetus.<\/li>\n<li>Kun alat k\u00e4ytt\u00e4\u00e4 Tervix O\u00dc:n verkkosivuja, olet tutustunut n\u00e4ihin periaatteisiin ja ehtoihin sek\u00e4 hyv\u00e4ksynyt ne. Pid\u00e4t\u00e4mme oikeuden muuttaa tarvittaessa tietosuojan yleisi\u00e4 ehtoja.<\/li>\n<\/ul>\n<h2>Ev\u00e4steet<\/h2>\n<p>K\u00e4yt\u00e4mme ev\u00e4seit\u00e4 auttamaan sinua navigoimaan tehokkaasti ja suorittaaksemme tiettyj\u00e4 toimintoja. L\u00f6yd\u00e4t tarkempaa tietoa kaikista ev\u00e4steist\u00e4 alla olevien kategorioiden alta. \u201dV\u00e4ltt\u00e4m\u00e4tt\u00f6miksi\u201d kategorioituja ev\u00e4steit\u00e4 s\u00e4ilytet\u00e4\u00e4n selaimessasi, sill\u00e4 ne ovat v\u00e4ltt\u00e4m\u00e4tt\u00f6mi\u00e4 sivuston perustoimintojen k\u00e4ytt\u00e4miseksi.<\/p>\n<p>K\u00e4yt\u00e4mme my\u00f6s kolmansien osapuolien ev\u00e4steit\u00e4, jotka auttavat meit\u00e4 analysoimaan sivustomme k\u00e4ytt\u00f6\u00e4si, tallentamaan asetuksesi ja tarjoamaan sinulle relevanttia sis\u00e4lt\u00f6\u00e4 ja mainoksia. N\u00e4m\u00e4 ev\u00e4steet tallennetaan selaimeesi vain etuk\u00e4teen antamallasi suostumuksella.<\/p>\n<p>Voit halutessasi ottaa k\u00e4ytt\u00f6\u00f6n tai poistaa k\u00e4yt\u00f6st\u00e4 joitain ev\u00e4steit\u00e4 tai kaikki niist\u00e4, mutta osan poisto k\u00e4yt\u00f6st\u00e4 voi vaikuttaa selauskokemukseesi.<\/p>\n<ul>\n<li><strong>Tarvittavat<\/strong>Tarvittavat ev\u00e4steet ovat ratkaisevan t\u00e4rkeit\u00e4 verkkosivuston perustoiminnoille, eik\u00e4 verkkosivusto toimi tarkoitetulla tavalla ilman niit\u00e4. N\u00e4m\u00e4 ev\u00e4steet eiv\u00e4t tallenna henkil\u00f6kohtaisia tietoja.<\/li>\n<li><strong>Toiminnalliset<\/strong>Toiminnalliset ev\u00e4steet auttavat suorittamaan tiettyj\u00e4 toimintoja, kuten verkkosivuston sis\u00e4ll\u00f6n jakamista sosiaalisen median alustoilla, palautteiden ker\u00e4\u00e4mist\u00e4 ja muita kolmannen osapuolen ominaisuuksia.<\/li>\n<li><strong>Analytics<\/strong>Analyyttisi\u00e4 ev\u00e4steit\u00e4 k\u00e4ytet\u00e4\u00e4n ymm\u00e4rt\u00e4m\u00e4\u00e4n, miten k\u00e4vij\u00e4t ovat vuorovaikutuksessa verkkosivuston kanssa. N\u00e4m\u00e4 ev\u00e4steet auttavat tarjoamaan tietoa k\u00e4vij\u00f6iden lukum\u00e4\u00e4r\u00e4st\u00e4, poistumisprosentista, liikenteen l\u00e4hteest\u00e4 jne.<\/li>\n<li><strong>Suorituskyky\u00e4<\/strong>Suorituskykyev\u00e4steit\u00e4 k\u00e4ytet\u00e4\u00e4n verkkosivuston t\u00e4rkeimpien suorituskykyindeksien ymm\u00e4rt\u00e4miseen ja analysointiin, mik\u00e4 auttaa tarjoamaan vierailijoille paremman k\u00e4ytt\u00f6kokemuksen.<\/li>\n<li><strong>Mainos<\/strong>K\u00e4yt\u00e4mme kohdistettuja tai markkinointiev\u00e4steit\u00e4 selauskokemuksesi personoimiseen selaushistoriasi perusteella, tervix.ee:n sis\u00e4ll\u00f6n ja markkinointitarjousten personoimiseen tervix.ee-verkkosivustolla vierailun perusteella. Jotkut kohdistettuja tai markkinointiev\u00e4steit\u00e4 tallentavat ulkoiset mainoskumppanit (kolmannen osapuolen ev\u00e4steet), esim. Google, Adform jne. Kohdennettuja tai markkinointiev\u00e4steit\u00e4 tallennetaan vain sinun suostumuksellasi.Voit hyv\u00e4ksy\u00e4 tai hyl\u00e4t\u00e4 kohdistettuja tai markkinointiev\u00e4steit\u00e4 milloin tahansa muuttamalla yll\u00e4 olevaa n\u00e4iden ev\u00e4steiden valikoimaa vastaavasti.<br \/>\nJotkut kohdistettuja tai markkinointiev\u00e4steit\u00e4 tallentavat ulkoiset mainoskumppanit (kolmannen osapuolen ev\u00e4steet), esim. Google, Adform jne. Mainoskumppanit k\u00e4ytt\u00e4v\u00e4t ev\u00e4steit\u00e4 ker\u00e4t\u00e4kseen tietoja Internet-selailustasi tarjotakseen sinulle relevanttia verkkomainontaa tervix.ee:ss\u00e4, muilla verkkosivustoilla ja\/tai muilla verkkomainontakanavilla (sosiaaliset verkostot, mobiilisovellukset, Internet-hakuj\u00e4rjestelm\u00e4t jne.).<\/li>\n<\/ul>\n<p>&nbsp;<\/p>\n<p>&nbsp;<\/p>\n<p>&nbsp;<\/p>\n","protected":false},"excerpt":{"rendered":"<p>N\u00e4m\u00e4 verkkokaupasta ostamisen ehdot koskevat jokaista henkil\u00f6\u00e4 (j\u00e4ljemp\u00e4n\u00e4 \u201dasiakas\u201d), joka tilaa tuotteita www.tervix.ee-verkkokaupasta. Kaikki verkkokaupan hinnat ovat euroina ja sis\u00e4lt\u00e4v\u00e4t arvonlis\u00e4veron. Ostokset maksetaan verkkopankkilinkin kautta. Kauppasopimus (j\u00e4ljemp\u00e4n\u00e4 \u201dsopimus\u201d) katsotaan tehdyksi silloin, kun asiakas on tehnyt tilauksen ja saanut viestin tilauskohtaisen maksun onnistumisesta. N\u00e4in teet tilauksen: Lis\u00e4\u00e4 valitsemasi tuotteet ostoskoriin. Ostoskori-n\u00e4kym\u00e4ss\u00e4 napsauta linkki\u00e4 \u201dSiirry maksamaan\u201d. Kassa-n\u00e4kym\u00e4ss\u00e4 sy\u00f6t\u00e4 tilauksen t\u00e4ytt\u00e4miseen vaadittavat henkil\u00f6tiedot ja hyv\u00e4ksy verkkokaupan myyntiehdot rastittamalla asianmukainen ruutu. Napsauta Tee tilaus -painiketta. Asiakas ohjataan maksusivulle. Asiakkaan valitsemalla maksutavalla suoritetun maksun onnistuttua n\u00e4yt\u00f6lle ilmestyy tilausvahvistus, ja se l\u00e4hetet\u00e4\u00e4n my\u00f6s asiakkaan antamaan s\u00e4hk\u00f6postiosoitteeseen. Jos maksu ep\u00e4onnistuu, tilauksen k\u00e4sittely keskeytet\u00e4\u00e4n. Jos tilauksen t\u00e4ytt\u00e4minen vie liian paljon aikaa tai tilausta t\u00e4ytett\u00e4ess\u00e4 ilmenee ongelmia, otetaan heti yhteytt\u00e4 asiakkaaseen ja sovitaan h\u00e4nen kanssaan tilauksen t\u00e4ytt\u00e4misehdoista. Toimitusaika Virossa on 5 arkip\u00e4iv\u00e4\u00e4, muihin EU-maihin 10 arkip\u00e4iv\u00e4\u00e4 ja EU:n ulkopuolelle 15 arkip\u00e4iv\u00e4\u00e4. Asiakkaalla on\u00a014 p\u00e4iv\u00e4n\u00a0kaupan peruutusoikeus tavaran toimitusp\u00e4iv\u00e4st\u00e4 alkaen. Peruutusoikeuden k\u00e4yt\u00f6n edellytyksen\u00e4 on, ett\u00e4 tuotepakkaus tulee avata varovaisesti sit\u00e4 vahingoittamatta, ja palautettavan tuotteen tulee olla alkuper\u00e4ispakkauksessa. Palautettu tavara ei saa olla k\u00e4ytetty. Palautetusta tavarasta maksetut rahat siirret\u00e4\u00e4n asiakkaan pankkitilille mahdollisimman pian, kuitenkin\u00a0viimeist\u00e4\u00e4n 30 arkip\u00e4iv\u00e4n kuluttua\u00a0tavaran saapumisesta myyj\u00e4lle. Palautuskulut maksaa asiakas. Jos asiakas haluaa peruuttaa kaupan, h\u00e4nen tulee l\u00e4hett\u00e4\u00e4 asianmukainen ilmoitus s\u00e4hk\u00f6postiosoitteeseen info@tervix.ee. Ilmoitukseen tulee merkit\u00e4\u00a0palautettava tavara, tilausnumero ja pankkitilin numero rahojen palautusta varten. Kaikkia tuotteita koskee lakis\u00e4\u00e4teinen takuu. Takuutodistuksena on itse tilaus. Ostajan henkil\u00f6tiedot ovat luottamuksellisia, eik\u00e4 niit\u00e4 luovuteta kolmansille osapuolille muissa kuin lakis\u00e4\u00e4teisiss\u00e4 tapauksissa. Kauppias on rekisterinpit\u00e4j\u00e4, joka toimittaa maksujen suorittamiseen tarvittavat henkil\u00f6tiedot Montonio Finance O\u00dc-nimiselle tietojen k\u00e4sittelij\u00e4lle. Tietosuojaseloste Tietojasi k\u00e4sittelee Tervix O\u00dc, virolainen yritystunnus 12931086, V\u00e4rvi t\u00e4nav 5, Tallinna, Viro,\u00a0info@tervix.ee. Ker\u00e4\u00e4mme vain sellaisia tietoja, joita tarvitaan tilaamasi tavaran toimittamiseen tai tarjousten l\u00e4hett\u00e4miseen (jos olet suostunut siihen). Tietojen keruu voi tapahtua verkkosivuillamme, s\u00e4hk\u00f6postitse, tapaamisessa, tapahtumassa tai puhelimitse. Harjoittaessamme toimintaa internetiss\u00e4 noudatamme kaikkia asianmukaisia toimintaperiaatteita, Euroopan unionin s\u00e4\u00e4d\u00f6ksi\u00e4 ja Viron lakia. Tervix O\u00dc ei ker\u00e4\u00e4 kolmansien henkil\u00f6iden verkkosivujen selaushistoriaasi eik\u00e4 s\u00e4ilyt\u00e4 sit\u00e4. Tervix O\u00dc ei luovuta sellaisia tietojasi verkkosivujemme selaamisesta, joiden perusteella sinut voidaan tunnistaa. Tervix O\u00dc:n verkkokaupassa k\u00e4ymisen ja ostosten tekemisen yhteydess\u00e4 tietoomme tulleita asiakkaan henkil\u00f6tietoja k\u00e4sitell\u00e4\u00e4n luottamuksellisina. Tervix O\u00dc voi kysy\u00e4 sinulta seuraavia henkil\u00f6tietoja: etunimi, sukunimi, s\u00e4hk\u00f6postiosoite, puhelinnumero, postiosoite, mahdollinen yritystunnus. Tietojasi ei luovuteta kolmansille osapuolille (lukuun ottamatta niiden luovutusta viranomaisille lain sallimissa tapauksissa). Sinulla on oikeus pyyt\u00e4\u00e4 milloin tahansa v\u00e4\u00e4rien henkil\u00f6tietojesi korjausta tai poistoa l\u00e4hett\u00e4m\u00e4ll\u00e4 s\u00e4hk\u00f6postia osoitteeseen info@tervix.ee. Vakuutamme, ett\u00e4 k\u00e4sittelemme ja s\u00e4ilyt\u00e4mme tietojasi lakis\u00e4\u00e4teisill\u00e4 tavoilla. Ker\u00e4ttyj\u00e4 henkil\u00f6tietoja k\u00e4yt\u00e4mme my\u00f6s tavaran toimittamiseen ja asiakasta kohtaan ottamiemme velvollisuuksien t\u00e4ytt\u00e4miseen. Voimme ker\u00e4t\u00e4 ja k\u00e4sitell\u00e4 viestint\u00e4mme ja tilausten historiaa. Tervix O\u00dc voi ker\u00e4t\u00e4 muita kuin henkil\u00f6tietoja eli tietoja, joita ei voida liitt\u00e4\u00e4 suoraan tiettyyn henkil\u00f6\u00f6n (sukupuoli, ik\u00e4, kieli, maantieteellinen sijainti). Tervix O\u00dc voi ker\u00e4t\u00e4 my\u00f6s tietoja asiakkaan toiminnasta yrityksen verkkosivuilla. N\u00e4m\u00e4 tiedot keskitet\u00e4\u00e4n ja niit\u00e4 k\u00e4ytet\u00e4\u00e4n, jotta voisimme esitt\u00e4\u00e4 asiakkaille hy\u00f6dyllisint\u00e4 tietoa ja saisimme tiet\u00e4\u00e4, mitk\u00e4 sivuston osat, tuotteet ja palvelut heit\u00e4 eniten kiinnostavat. Kokoomatiedot k\u00e4sitet\u00e4\u00e4n t\u00e4ss\u00e4 tietosuojaselosteessa muina kuin henkil\u00f6tietoina. Tervix O\u00dc on lakis\u00e4\u00e4teisesti velvollinen s\u00e4ilytt\u00e4m\u00e4\u00e4n osa tiedoista (esim. kirjanpitotiedot) ja s\u00e4ilytt\u00e4m\u00e4\u00e4n niit\u00e4 lakis\u00e4\u00e4teisi\u00e4 vaatimuksia noudattaen. Tervix O\u00dc:lle on oikeus j\u00e4tt\u00e4\u00e4 hakemus siit\u00e4, ett\u00e4 emme k\u00e4sittelisi henkil\u00f6tietojasi, ja h\u00e4vitt\u00e4isimme ne. Tervix O\u00dc ei kuitenkaan h\u00e4vit\u00e4 tietoja, jos ne tarvitaan&hellip;<\/p>\n","protected":false},"author":1,"featured_media":0,"parent":0,"menu_order":0,"comment_status":"closed","ping_status":"open","template":"","meta":{"footnotes":""},"class_list":["post-4947","page","type-page","status-publish","hentry"],"yoast_head":"<!-- This site is optimized with the Yoast SEO plugin v27.2 - https:\/\/yoast.com\/product\/yoast-seo-wordpress\/ -->\n<title>K\u00e4ytt\u00f6ehdot ja tietosuojaseloste - Tervix O\u00dc<\/title>\n<meta name=\"description\" content=\"Tervix asutati 2003. aastal Eesti astelpajukasvatajate poolt. Eesm\u00e4rk oli astelpajul olevad arvukad kasulikud omadused tuua tarbijateni ja pakkuda loodusteadlikule m\u00f5tlemisele p\u00f5hinevaid tooteid.\" \/>\n<meta name=\"robots\" content=\"index, follow, max-snippet:-1, max-image-preview:large, max-video-preview:-1\" \/>\n<link rel=\"canonical\" href=\"https:\/\/tervix.ee\/fi\/kayttoehdot-ja-tietosuojaseloste\/\" \/>\n<meta property=\"og:locale\" content=\"fi_FI\" \/>\n<meta property=\"og:type\" content=\"article\" \/>\n<meta property=\"og:title\" content=\"K\u00e4ytt\u00f6ehdot ja tietosuojaseloste - Tervix O\u00dc\" \/>\n<meta property=\"og:description\" content=\"Tervix asutati 2003. aastal Eesti astelpajukasvatajate poolt. Eesm\u00e4rk oli astelpajul olevad arvukad kasulikud omadused tuua tarbijateni ja pakkuda loodusteadlikule m\u00f5tlemisele p\u00f5hinevaid tooteid.\" \/>\n<meta property=\"og:url\" content=\"https:\/\/tervix.ee\/fi\/kayttoehdot-ja-tietosuojaseloste\/\" \/>\n<meta property=\"og:site_name\" content=\"Tervix O\u00dc\" \/>\n<meta property=\"article:publisher\" content=\"https:\/\/www.facebook.com\/Tervix\/\" \/>\n<meta property=\"article:modified_time\" content=\"2024-02-29T03:24:18+00:00\" \/>\n<meta name=\"twitter:card\" content=\"summary_large_image\" \/>\n<meta name=\"twitter:label1\" content=\"Arvioitu lukuaika\" \/>\n\t<meta name=\"twitter:data1\" content=\"6 minuuttia\" \/>\n<script type=\"application\/ld+json\" class=\"yoast-schema-graph\">{\"@context\":\"https:\/\/schema.org\",\"@graph\":[{\"@type\":\"WebPage\",\"@id\":\"https:\/\/tervix.ee\/fi\/kayttoehdot-ja-tietosuojaseloste\/\",\"url\":\"https:\/\/tervix.ee\/fi\/kayttoehdot-ja-tietosuojaseloste\/\",\"name\":\"K\u00e4ytt\u00f6ehdot ja tietosuojaseloste - Tervix O\u00dc\",\"isPartOf\":{\"@id\":\"https:\/\/tervix.ee\/fi\/#website\"},\"datePublished\":\"2021-03-26T06:44:55+00:00\",\"dateModified\":\"2024-02-29T03:24:18+00:00\",\"description\":\"Tervix asutati 2003. aastal Eesti astelpajukasvatajate poolt. Eesm\u00e4rk oli astelpajul olevad arvukad kasulikud omadused tuua tarbijateni ja pakkuda loodusteadlikule m\u00f5tlemisele p\u00f5hinevaid tooteid.\",\"breadcrumb\":{\"@id\":\"https:\/\/tervix.ee\/fi\/kayttoehdot-ja-tietosuojaseloste\/#breadcrumb\"},\"inLanguage\":\"fi\",\"potentialAction\":[{\"@type\":\"ReadAction\",\"target\":[\"https:\/\/tervix.ee\/fi\/kayttoehdot-ja-tietosuojaseloste\/\"]}]},{\"@type\":\"BreadcrumbList\",\"@id\":\"https:\/\/tervix.ee\/fi\/kayttoehdot-ja-tietosuojaseloste\/#breadcrumb\",\"itemListElement\":[{\"@type\":\"ListItem\",\"position\":1,\"name\":\"Esileht\",\"item\":\"https:\/\/tervix.ee\/fi\/\"},{\"@type\":\"ListItem\",\"position\":2,\"name\":\"K\u00e4ytt\u00f6ehdot ja tietosuojaseloste\"}]},{\"@type\":\"WebSite\",\"@id\":\"https:\/\/tervix.ee\/fi\/#website\",\"url\":\"https:\/\/tervix.ee\/fi\/\",\"name\":\"Tervix O\u00dc\",\"description\":\"\",\"publisher\":{\"@id\":\"https:\/\/tervix.ee\/fi\/#organization\"},\"potentialAction\":[{\"@type\":\"SearchAction\",\"target\":{\"@type\":\"EntryPoint\",\"urlTemplate\":\"https:\/\/tervix.ee\/fi\/?s={search_term_string}\"},\"query-input\":{\"@type\":\"PropertyValueSpecification\",\"valueRequired\":true,\"valueName\":\"search_term_string\"}}],\"inLanguage\":\"fi\"},{\"@type\":\"Organization\",\"@id\":\"https:\/\/tervix.ee\/fi\/#organization\",\"name\":\"Tervix O\u00dc\",\"url\":\"https:\/\/tervix.ee\/fi\/\",\"logo\":{\"@type\":\"ImageObject\",\"inLanguage\":\"fi\",\"@id\":\"https:\/\/tervix.ee\/fi\/#\/schema\/logo\/image\/\",\"url\":\"https:\/\/tervix.ee\/wp-content\/uploads\/2021\/03\/header-logo.png\",\"contentUrl\":\"https:\/\/tervix.ee\/wp-content\/uploads\/2021\/03\/header-logo.png\",\"width\":300,\"height\":71,\"caption\":\"Tervix O\u00dc\"},\"image\":{\"@id\":\"https:\/\/tervix.ee\/fi\/#\/schema\/logo\/image\/\"},\"sameAs\":[\"https:\/\/www.facebook.com\/Tervix\/\",\"https:\/\/www.instagram.com\/tervix_natural\/\"]}]}<\/script>\n<!-- \/ Yoast SEO plugin. -->","yoast_head_json":{"title":"K\u00e4ytt\u00f6ehdot ja tietosuojaseloste - Tervix O\u00dc","description":"Tervix asutati 2003. aastal Eesti astelpajukasvatajate poolt. Eesm\u00e4rk oli astelpajul olevad arvukad kasulikud omadused tuua tarbijateni ja pakkuda loodusteadlikule m\u00f5tlemisele p\u00f5hinevaid tooteid.","robots":{"index":"index","follow":"follow","max-snippet":"max-snippet:-1","max-image-preview":"max-image-preview:large","max-video-preview":"max-video-preview:-1"},"canonical":"https:\/\/tervix.ee\/fi\/kayttoehdot-ja-tietosuojaseloste\/","og_locale":"fi_FI","og_type":"article","og_title":"K\u00e4ytt\u00f6ehdot ja tietosuojaseloste - Tervix O\u00dc","og_description":"Tervix asutati 2003. aastal Eesti astelpajukasvatajate poolt. Eesm\u00e4rk oli astelpajul olevad arvukad kasulikud omadused tuua tarbijateni ja pakkuda loodusteadlikule m\u00f5tlemisele p\u00f5hinevaid tooteid.","og_url":"https:\/\/tervix.ee\/fi\/kayttoehdot-ja-tietosuojaseloste\/","og_site_name":"Tervix O\u00dc","article_publisher":"https:\/\/www.facebook.com\/Tervix\/","article_modified_time":"2024-02-29T03:24:18+00:00","twitter_card":"summary_large_image","twitter_misc":{"Arvioitu lukuaika":"6 minuuttia"},"schema":{"@context":"https:\/\/schema.org","@graph":[{"@type":"WebPage","@id":"https:\/\/tervix.ee\/fi\/kayttoehdot-ja-tietosuojaseloste\/","url":"https:\/\/tervix.ee\/fi\/kayttoehdot-ja-tietosuojaseloste\/","name":"K\u00e4ytt\u00f6ehdot ja tietosuojaseloste - Tervix O\u00dc","isPartOf":{"@id":"https:\/\/tervix.ee\/fi\/#website"},"datePublished":"2021-03-26T06:44:55+00:00","dateModified":"2024-02-29T03:24:18+00:00","description":"Tervix asutati 2003. aastal Eesti astelpajukasvatajate poolt. Eesm\u00e4rk oli astelpajul olevad arvukad kasulikud omadused tuua tarbijateni ja pakkuda loodusteadlikule m\u00f5tlemisele p\u00f5hinevaid tooteid.","breadcrumb":{"@id":"https:\/\/tervix.ee\/fi\/kayttoehdot-ja-tietosuojaseloste\/#breadcrumb"},"inLanguage":"fi","potentialAction":[{"@type":"ReadAction","target":["https:\/\/tervix.ee\/fi\/kayttoehdot-ja-tietosuojaseloste\/"]}]},{"@type":"BreadcrumbList","@id":"https:\/\/tervix.ee\/fi\/kayttoehdot-ja-tietosuojaseloste\/#breadcrumb","itemListElement":[{"@type":"ListItem","position":1,"name":"Esileht","item":"https:\/\/tervix.ee\/fi\/"},{"@type":"ListItem","position":2,"name":"K\u00e4ytt\u00f6ehdot ja tietosuojaseloste"}]},{"@type":"WebSite","@id":"https:\/\/tervix.ee\/fi\/#website","url":"https:\/\/tervix.ee\/fi\/","name":"Tervix O\u00dc","description":"","publisher":{"@id":"https:\/\/tervix.ee\/fi\/#organization"},"potentialAction":[{"@type":"SearchAction","target":{"@type":"EntryPoint","urlTemplate":"https:\/\/tervix.ee\/fi\/?s={search_term_string}"},"query-input":{"@type":"PropertyValueSpecification","valueRequired":true,"valueName":"search_term_string"}}],"inLanguage":"fi"},{"@type":"Organization","@id":"https:\/\/tervix.ee\/fi\/#organization","name":"Tervix O\u00dc","url":"https:\/\/tervix.ee\/fi\/","logo":{"@type":"ImageObject","inLanguage":"fi","@id":"https:\/\/tervix.ee\/fi\/#\/schema\/logo\/image\/","url":"https:\/\/tervix.ee\/wp-content\/uploads\/2021\/03\/header-logo.png","contentUrl":"https:\/\/tervix.ee\/wp-content\/uploads\/2021\/03\/header-logo.png","width":300,"height":71,"caption":"Tervix O\u00dc"},"image":{"@id":"https:\/\/tervix.ee\/fi\/#\/schema\/logo\/image\/"},"sameAs":["https:\/\/www.facebook.com\/Tervix\/","https:\/\/www.instagram.com\/tervix_natural\/"]}]}},"_links":{"self":[{"href":"https:\/\/tervix.ee\/fi\/wp-json\/wp\/v2\/pages\/4947","targetHints":{"allow":["GET"]}}],"collection":[{"href":"https:\/\/tervix.ee\/fi\/wp-json\/wp\/v2\/pages"}],"about":[{"href":"https:\/\/tervix.ee\/fi\/wp-json\/wp\/v2\/types\/page"}],"author":[{"embeddable":true,"href":"https:\/\/tervix.ee\/fi\/wp-json\/wp\/v2\/users\/1"}],"replies":[{"embeddable":true,"href":"https:\/\/tervix.ee\/fi\/wp-json\/wp\/v2\/comments?post=4947"}],"version-history":[{"count":0,"href":"https:\/\/tervix.ee\/fi\/wp-json\/wp\/v2\/pages\/4947\/revisions"}],"wp:attachment":[{"href":"https:\/\/tervix.ee\/fi\/wp-json\/wp\/v2\/media?parent=4947"}],"curies":[{"name":"wp","href":"https:\/\/api.w.org\/{rel}","templated":true}]}}