{"id":5335,"date":"2021-03-26T15:38:02","date_gmt":"2021-03-26T13:38:02","guid":{"rendered":"https:\/\/tervix.ee\/toode\/mosquito-bite-ointment\/"},"modified":"2026-02-18T22:39:58","modified_gmt":"2026-02-18T20:39:58","slug":"mosquito-bite-ointment","status":"publish","type":"product","link":"https:\/\/tervix.ee\/en\/product\/mosquito-bite-ointment\/","title":{"rendered":"Mosquito bite ointment"},"content":{"rendered":"<h3>How to use<\/h3>\n<ul>\n<li>Rub into the skin, avoiding the area around the eyes. Repeat after an hour or as needed for the ointment to remain effective. Suitable for use on small children.<\/li>\n<\/ul>\n<h3>Ingredients<\/h3>\n<ul>\n<li>Brassica Napus Seed Oil, Olea Europaea Oil, Beeswax, Calendula Officinalis Extract, Alcohol, Melaleuca Alternifolia Oil, Lavandula Angustifolia Oil, Cymbopogan Winteranius Oil, Mentha Piperita Oil, Aqua, allergen limonene. Contains no synthetic substances.<\/li>\n<\/ul>\n<h3>Net amount<\/h3>\n<ul>\n<li>20 g<\/li>\n<\/ul>\n<h3>Storage<\/h3>\n<ul>\n<li>Room temperature, in a cool place when opened<\/li>\n<\/ul>\n","protected":false},"excerpt":{"rendered":"<p><strong>100% natural; contains no synthetic ingredients! <\/strong><br \/>\nA cosmetic ointment with a pleasant aroma for use on the skin before and after contact with mosquitoes.<\/p>\n","protected":false},"featured_media":6355,"comment_status":"open","ping_status":"closed","template":"","meta":[],"product_brand":[],"product_cat":[184,191],"product_tag":[296,286,294,312],"class_list":{"0":"post-5335","1":"product","2":"type-product","3":"status-publish","4":"has-post-thumbnail","6":"product_cat-for-your-skin","7":"product_cat-ointments","8":"product_tag-daily-skin-care-and-moisturizing","9":"product_tag-especially-good-for-children","10":"product_tag-frictions-abrasions","11":"product_tag-redness-flaking","13":"first","14":"instock","15":"taxable","16":"shipping-taxable","17":"purchasable","18":"product-type-simple"},"yoast_head":"<!-- This site is optimized with the Yoast SEO plugin v27.2 - https:\/\/yoast.com\/product\/yoast-seo-wordpress\/ -->\n<title>Mosquito bite ointment - Tervix O\u00dc<\/title>\n<meta name=\"description\" content=\"Tervix asutati 2003. aastal Eesti astelpajukasvatajate poolt. Eesm\u00e4rk oli astelpajul olevad arvukad kasulikud omadused tuua tarbijateni ja pakkuda loodusteadlikule m\u00f5tlemisele p\u00f5hinevaid tooteid.\" \/>\n<meta name=\"robots\" content=\"index, follow, max-snippet:-1, max-image-preview:large, max-video-preview:-1\" \/>\n<link rel=\"canonical\" href=\"https:\/\/tervix.ee\/en\/product\/mosquito-bite-ointment\/\" \/>\n<meta property=\"og:locale\" content=\"en_US\" \/>\n<meta property=\"og:type\" content=\"article\" \/>\n<meta property=\"og:title\" content=\"Mosquito bite ointment - Tervix O\u00dc\" \/>\n<meta property=\"og:description\" content=\"Tervix asutati 2003. aastal Eesti astelpajukasvatajate poolt. Eesm\u00e4rk oli astelpajul olevad arvukad kasulikud omadused tuua tarbijateni ja pakkuda loodusteadlikule m\u00f5tlemisele p\u00f5hinevaid tooteid.\" \/>\n<meta property=\"og:url\" content=\"https:\/\/tervix.ee\/en\/product\/mosquito-bite-ointment\/\" \/>\n<meta property=\"og:site_name\" content=\"Tervix O\u00dc\" \/>\n<meta property=\"article:publisher\" content=\"https:\/\/www.facebook.com\/Tervix\/\" \/>\n<meta property=\"article:modified_time\" content=\"2026-02-18T20:39:58+00:00\" \/>\n<meta property=\"og:image\" content=\"https:\/\/tervix.ee\/wp-content\/uploads\/2021\/03\/Saasepiste-223-1024x746.jpg\" \/>\n\t<meta property=\"og:image:width\" content=\"1024\" \/>\n\t<meta property=\"og:image:height\" content=\"746\" \/>\n\t<meta property=\"og:image:type\" content=\"image\/jpeg\" \/>\n<meta name=\"twitter:card\" content=\"summary_large_image\" \/>\n<meta name=\"twitter:label1\" content=\"Est. reading time\" \/>\n\t<meta name=\"twitter:data1\" content=\"1 minute\" \/>\n<script type=\"application\/ld+json\" class=\"yoast-schema-graph\">{\"@context\":\"https:\/\/schema.org\",\"@graph\":[{\"@type\":\"WebPage\",\"@id\":\"https:\/\/tervix.ee\/en\/product\/mosquito-bite-ointment\/\",\"url\":\"https:\/\/tervix.ee\/en\/product\/mosquito-bite-ointment\/\",\"name\":\"Mosquito bite ointment - Tervix O\u00dc\",\"isPartOf\":{\"@id\":\"https:\/\/tervix.ee\/en\/#website\"},\"primaryImageOfPage\":{\"@id\":\"https:\/\/tervix.ee\/en\/product\/mosquito-bite-ointment\/#primaryimage\"},\"image\":{\"@id\":\"https:\/\/tervix.ee\/en\/product\/mosquito-bite-ointment\/#primaryimage\"},\"thumbnailUrl\":\"https:\/\/tervix.ee\/wp-content\/uploads\/2021\/03\/Saasepiste-223.jpg\",\"datePublished\":\"2021-03-26T13:38:02+00:00\",\"dateModified\":\"2026-02-18T20:39:58+00:00\",\"description\":\"Tervix asutati 2003. aastal Eesti astelpajukasvatajate poolt. Eesm\u00e4rk oli astelpajul olevad arvukad kasulikud omadused tuua tarbijateni ja pakkuda loodusteadlikule m\u00f5tlemisele p\u00f5hinevaid tooteid.\",\"breadcrumb\":{\"@id\":\"https:\/\/tervix.ee\/en\/product\/mosquito-bite-ointment\/#breadcrumb\"},\"inLanguage\":\"en-US\",\"potentialAction\":[{\"@type\":\"ReadAction\",\"target\":[\"https:\/\/tervix.ee\/en\/product\/mosquito-bite-ointment\/\"]}]},{\"@type\":\"ImageObject\",\"inLanguage\":\"en-US\",\"@id\":\"https:\/\/tervix.ee\/en\/product\/mosquito-bite-ointment\/#primaryimage\",\"url\":\"https:\/\/tervix.ee\/wp-content\/uploads\/2021\/03\/Saasepiste-223.jpg\",\"contentUrl\":\"https:\/\/tervix.ee\/wp-content\/uploads\/2021\/03\/Saasepiste-223.jpg\",\"width\":2168,\"height\":1580},{\"@type\":\"BreadcrumbList\",\"@id\":\"https:\/\/tervix.ee\/en\/product\/mosquito-bite-ointment\/#breadcrumb\",\"itemListElement\":[{\"@type\":\"ListItem\",\"position\":1,\"name\":\"Esileht\",\"item\":\"https:\/\/tervix.ee\/en\/\"},{\"@type\":\"ListItem\",\"position\":2,\"name\":\"E-shop\",\"item\":\"https:\/\/tervix.ee\/pood\/\"},{\"@type\":\"ListItem\",\"position\":3,\"name\":\"Mosquito bite ointment\"}]},{\"@type\":\"WebSite\",\"@id\":\"https:\/\/tervix.ee\/en\/#website\",\"url\":\"https:\/\/tervix.ee\/en\/\",\"name\":\"Tervix O\u00dc\",\"description\":\"\",\"publisher\":{\"@id\":\"https:\/\/tervix.ee\/en\/#organization\"},\"potentialAction\":[{\"@type\":\"SearchAction\",\"target\":{\"@type\":\"EntryPoint\",\"urlTemplate\":\"https:\/\/tervix.ee\/en\/?s={search_term_string}\"},\"query-input\":{\"@type\":\"PropertyValueSpecification\",\"valueRequired\":true,\"valueName\":\"search_term_string\"}}],\"inLanguage\":\"en-US\"},{\"@type\":\"Organization\",\"@id\":\"https:\/\/tervix.ee\/en\/#organization\",\"name\":\"Tervix O\u00dc\",\"url\":\"https:\/\/tervix.ee\/en\/\",\"logo\":{\"@type\":\"ImageObject\",\"inLanguage\":\"en-US\",\"@id\":\"https:\/\/tervix.ee\/en\/#\/schema\/logo\/image\/\",\"url\":\"https:\/\/tervix.ee\/wp-content\/uploads\/2021\/03\/header-logo.png\",\"contentUrl\":\"https:\/\/tervix.ee\/wp-content\/uploads\/2021\/03\/header-logo.png\",\"width\":300,\"height\":71,\"caption\":\"Tervix O\u00dc\"},\"image\":{\"@id\":\"https:\/\/tervix.ee\/en\/#\/schema\/logo\/image\/\"},\"sameAs\":[\"https:\/\/www.facebook.com\/Tervix\/\",\"https:\/\/www.instagram.com\/tervix_natural\/\"]}]}<\/script>\n<!-- \/ Yoast SEO plugin. -->","yoast_head_json":{"title":"Mosquito bite ointment - Tervix O\u00dc","description":"Tervix asutati 2003. aastal Eesti astelpajukasvatajate poolt. Eesm\u00e4rk oli astelpajul olevad arvukad kasulikud omadused tuua tarbijateni ja pakkuda loodusteadlikule m\u00f5tlemisele p\u00f5hinevaid tooteid.","robots":{"index":"index","follow":"follow","max-snippet":"max-snippet:-1","max-image-preview":"max-image-preview:large","max-video-preview":"max-video-preview:-1"},"canonical":"https:\/\/tervix.ee\/en\/product\/mosquito-bite-ointment\/","og_locale":"en_US","og_type":"article","og_title":"Mosquito bite ointment - Tervix O\u00dc","og_description":"Tervix asutati 2003. aastal Eesti astelpajukasvatajate poolt. Eesm\u00e4rk oli astelpajul olevad arvukad kasulikud omadused tuua tarbijateni ja pakkuda loodusteadlikule m\u00f5tlemisele p\u00f5hinevaid tooteid.","og_url":"https:\/\/tervix.ee\/en\/product\/mosquito-bite-ointment\/","og_site_name":"Tervix O\u00dc","article_publisher":"https:\/\/www.facebook.com\/Tervix\/","article_modified_time":"2026-02-18T20:39:58+00:00","og_image":[{"width":1024,"height":746,"url":"https:\/\/tervix.ee\/wp-content\/uploads\/2021\/03\/Saasepiste-223-1024x746.jpg","type":"image\/jpeg"}],"twitter_card":"summary_large_image","twitter_misc":{"Est. reading time":"1 minute"},"schema":{"@context":"https:\/\/schema.org","@graph":[{"@type":"WebPage","@id":"https:\/\/tervix.ee\/en\/product\/mosquito-bite-ointment\/","url":"https:\/\/tervix.ee\/en\/product\/mosquito-bite-ointment\/","name":"Mosquito bite ointment - Tervix O\u00dc","isPartOf":{"@id":"https:\/\/tervix.ee\/en\/#website"},"primaryImageOfPage":{"@id":"https:\/\/tervix.ee\/en\/product\/mosquito-bite-ointment\/#primaryimage"},"image":{"@id":"https:\/\/tervix.ee\/en\/product\/mosquito-bite-ointment\/#primaryimage"},"thumbnailUrl":"https:\/\/tervix.ee\/wp-content\/uploads\/2021\/03\/Saasepiste-223.jpg","datePublished":"2021-03-26T13:38:02+00:00","dateModified":"2026-02-18T20:39:58+00:00","description":"Tervix asutati 2003. aastal Eesti astelpajukasvatajate poolt. Eesm\u00e4rk oli astelpajul olevad arvukad kasulikud omadused tuua tarbijateni ja pakkuda loodusteadlikule m\u00f5tlemisele p\u00f5hinevaid tooteid.","breadcrumb":{"@id":"https:\/\/tervix.ee\/en\/product\/mosquito-bite-ointment\/#breadcrumb"},"inLanguage":"en-US","potentialAction":[{"@type":"ReadAction","target":["https:\/\/tervix.ee\/en\/product\/mosquito-bite-ointment\/"]}]},{"@type":"ImageObject","inLanguage":"en-US","@id":"https:\/\/tervix.ee\/en\/product\/mosquito-bite-ointment\/#primaryimage","url":"https:\/\/tervix.ee\/wp-content\/uploads\/2021\/03\/Saasepiste-223.jpg","contentUrl":"https:\/\/tervix.ee\/wp-content\/uploads\/2021\/03\/Saasepiste-223.jpg","width":2168,"height":1580},{"@type":"BreadcrumbList","@id":"https:\/\/tervix.ee\/en\/product\/mosquito-bite-ointment\/#breadcrumb","itemListElement":[{"@type":"ListItem","position":1,"name":"Esileht","item":"https:\/\/tervix.ee\/en\/"},{"@type":"ListItem","position":2,"name":"E-shop","item":"https:\/\/tervix.ee\/pood\/"},{"@type":"ListItem","position":3,"name":"Mosquito bite ointment"}]},{"@type":"WebSite","@id":"https:\/\/tervix.ee\/en\/#website","url":"https:\/\/tervix.ee\/en\/","name":"Tervix O\u00dc","description":"","publisher":{"@id":"https:\/\/tervix.ee\/en\/#organization"},"potentialAction":[{"@type":"SearchAction","target":{"@type":"EntryPoint","urlTemplate":"https:\/\/tervix.ee\/en\/?s={search_term_string}"},"query-input":{"@type":"PropertyValueSpecification","valueRequired":true,"valueName":"search_term_string"}}],"inLanguage":"en-US"},{"@type":"Organization","@id":"https:\/\/tervix.ee\/en\/#organization","name":"Tervix O\u00dc","url":"https:\/\/tervix.ee\/en\/","logo":{"@type":"ImageObject","inLanguage":"en-US","@id":"https:\/\/tervix.ee\/en\/#\/schema\/logo\/image\/","url":"https:\/\/tervix.ee\/wp-content\/uploads\/2021\/03\/header-logo.png","contentUrl":"https:\/\/tervix.ee\/wp-content\/uploads\/2021\/03\/header-logo.png","width":300,"height":71,"caption":"Tervix O\u00dc"},"image":{"@id":"https:\/\/tervix.ee\/en\/#\/schema\/logo\/image\/"},"sameAs":["https:\/\/www.facebook.com\/Tervix\/","https:\/\/www.instagram.com\/tervix_natural\/"]}]}},"_links":{"self":[{"href":"https:\/\/tervix.ee\/en\/wp-json\/wp\/v2\/product\/5335","targetHints":{"allow":["GET"]}}],"collection":[{"href":"https:\/\/tervix.ee\/en\/wp-json\/wp\/v2\/product"}],"about":[{"href":"https:\/\/tervix.ee\/en\/wp-json\/wp\/v2\/types\/product"}],"replies":[{"embeddable":true,"href":"https:\/\/tervix.ee\/en\/wp-json\/wp\/v2\/comments?post=5335"}],"version-history":[{"count":0,"href":"https:\/\/tervix.ee\/en\/wp-json\/wp\/v2\/product\/5335\/revisions"}],"wp:featuredmedia":[{"embeddable":true,"href":"https:\/\/tervix.ee\/en\/wp-json\/wp\/v2\/media\/6355"}],"wp:attachment":[{"href":"https:\/\/tervix.ee\/en\/wp-json\/wp\/v2\/media?parent=5335"}],"wp:term":[{"taxonomy":"product_brand","embeddable":true,"href":"https:\/\/tervix.ee\/en\/wp-json\/wp\/v2\/product_brand?post=5335"},{"taxonomy":"product_cat","embeddable":true,"href":"https:\/\/tervix.ee\/en\/wp-json\/wp\/v2\/product_cat?post=5335"},{"taxonomy":"product_tag","embeddable":true,"href":"https:\/\/tervix.ee\/en\/wp-json\/wp\/v2\/product_tag?post=5335"}],"curies":[{"name":"wp","href":"https:\/\/api.w.org\/{rel}","templated":true}]}}