{"id":4552,"date":"2021-03-26T15:32:18","date_gmt":"2021-03-26T13:32:18","guid":{"rendered":"https:\/\/tervix.ee\/toode\/simmu-throat-syrup\/"},"modified":"2023-04-24T11:45:26","modified_gmt":"2023-04-24T08:45:26","slug":"simmu-throat-syrup","status":"publish","type":"product","link":"https:\/\/tervix.ee\/en\/product\/simmu-throat-syrup\/","title":{"rendered":"Simmu throat syrup"},"content":{"rendered":"<h3>How to use<\/h3>\n<p>Shake before use! Hold in the mouth for up to 30 seconds before swallowing to enhance contact with the lining of the throat, which in turn improves the efficiency of the product.<\/p>\n<ul>\n<li>Children: 1 teaspoon 3 times a day<\/li>\n<li>Adults: 1 teaspoon 3-5 times a day<\/li>\n<\/ul>\n<h3>Ingredients<\/h3>\n<ul>\n<li>Fir shoot syrup, propolis &amp; ethanol<\/li>\n<\/ul>\n<h3>Net amount<\/h3>\n<ul>\n<li>150 ml<\/li>\n<\/ul>\n<h3>Storage<\/h3>\n<ul>\n<li>Room temperature<\/li>\n<\/ul>\n","protected":false},"excerpt":{"rendered":"<p>100% natural; contains no synthetic ingredients! Our throat syrup is made from fir shoots and propolis. Find out more about <a href=\"https:\/\/tervix.ee\/fi\/kuusi\/\"><span style=\"text-decoration: underline;\"><strong>fir<\/strong> <\/span><\/a>and <span style=\"text-decoration: underline;\"><strong><a href=\"https:\/\/tervix.ee\/fi\/propolis\/\">propolis<\/a><\/strong><\/span>.<\/p>\n<p><strong>Suitable for small children as it is free of synthetic ingredients and tastes good!<\/strong><\/p>\n","protected":false},"featured_media":6332,"comment_status":"open","ping_status":"closed","template":"","meta":[],"product_brand":[],"product_cat":[185,194],"product_tag":[304,308,286,302,320,278],"class_list":{"0":"post-4552","1":"product","2":"type-product","3":"status-publish","4":"has-post-thumbnail","6":"product_cat-for-children","7":"product_cat-syrups-and-berry-products","8":"product_tag-cold","9":"product_tag-delicious-and-healthy","10":"product_tag-especially-good-for-children","11":"product_tag-herb-spruce","12":"product_tag-propolis","13":"product_tag-vitamin-c","15":"first","16":"instock","17":"taxable","18":"shipping-taxable","19":"purchasable","20":"product-type-simple"},"yoast_head":"<!-- This site is optimized with the Yoast SEO plugin v27.2 - https:\/\/yoast.com\/product\/yoast-seo-wordpress\/ -->\n<title>Simmu throat syrup - Tervix O\u00dc<\/title>\n<meta name=\"description\" content=\"Tervix asutati 2003. aastal Eesti astelpajukasvatajate poolt. Eesm\u00e4rk oli astelpajul olevad arvukad kasulikud omadused tuua tarbijateni ja pakkuda loodusteadlikule m\u00f5tlemisele p\u00f5hinevaid tooteid.\" \/>\n<meta name=\"robots\" content=\"index, follow, max-snippet:-1, max-image-preview:large, max-video-preview:-1\" \/>\n<link rel=\"canonical\" href=\"https:\/\/tervix.ee\/en\/product\/simmu-throat-syrup\/\" \/>\n<meta property=\"og:locale\" content=\"en_US\" \/>\n<meta property=\"og:type\" content=\"article\" \/>\n<meta property=\"og:title\" content=\"Simmu throat syrup - Tervix O\u00dc\" \/>\n<meta property=\"og:description\" content=\"Tervix asutati 2003. aastal Eesti astelpajukasvatajate poolt. Eesm\u00e4rk oli astelpajul olevad arvukad kasulikud omadused tuua tarbijateni ja pakkuda loodusteadlikule m\u00f5tlemisele p\u00f5hinevaid tooteid.\" \/>\n<meta property=\"og:url\" content=\"https:\/\/tervix.ee\/en\/product\/simmu-throat-syrup\/\" \/>\n<meta property=\"og:site_name\" content=\"Tervix O\u00dc\" \/>\n<meta property=\"article:publisher\" content=\"https:\/\/www.facebook.com\/Tervix\/\" \/>\n<meta property=\"article:modified_time\" content=\"2023-04-24T08:45:26+00:00\" \/>\n<meta property=\"og:image\" content=\"https:\/\/tervix.ee\/wp-content\/uploads\/2021\/03\/Simmu-22-scaled.jpg\" \/>\n\t<meta property=\"og:image:width\" content=\"2024\" \/>\n\t<meta property=\"og:image:height\" content=\"2560\" \/>\n\t<meta property=\"og:image:type\" content=\"image\/jpeg\" \/>\n<meta name=\"twitter:card\" content=\"summary_large_image\" \/>\n<script type=\"application\/ld+json\" class=\"yoast-schema-graph\">{\"@context\":\"https:\/\/schema.org\",\"@graph\":[{\"@type\":\"WebPage\",\"@id\":\"https:\/\/tervix.ee\/en\/product\/simmu-throat-syrup\/\",\"url\":\"https:\/\/tervix.ee\/en\/product\/simmu-throat-syrup\/\",\"name\":\"Simmu throat syrup - Tervix O\u00dc\",\"isPartOf\":{\"@id\":\"https:\/\/tervix.ee\/en\/#website\"},\"primaryImageOfPage\":{\"@id\":\"https:\/\/tervix.ee\/en\/product\/simmu-throat-syrup\/#primaryimage\"},\"image\":{\"@id\":\"https:\/\/tervix.ee\/en\/product\/simmu-throat-syrup\/#primaryimage\"},\"thumbnailUrl\":\"https:\/\/tervix.ee\/wp-content\/uploads\/2021\/03\/Simmu-22-scaled.jpg\",\"datePublished\":\"2021-03-26T13:32:18+00:00\",\"dateModified\":\"2023-04-24T08:45:26+00:00\",\"description\":\"Tervix asutati 2003. aastal Eesti astelpajukasvatajate poolt. Eesm\u00e4rk oli astelpajul olevad arvukad kasulikud omadused tuua tarbijateni ja pakkuda loodusteadlikule m\u00f5tlemisele p\u00f5hinevaid tooteid.\",\"breadcrumb\":{\"@id\":\"https:\/\/tervix.ee\/en\/product\/simmu-throat-syrup\/#breadcrumb\"},\"inLanguage\":\"en-US\",\"potentialAction\":[{\"@type\":\"ReadAction\",\"target\":[\"https:\/\/tervix.ee\/en\/product\/simmu-throat-syrup\/\"]}]},{\"@type\":\"ImageObject\",\"inLanguage\":\"en-US\",\"@id\":\"https:\/\/tervix.ee\/en\/product\/simmu-throat-syrup\/#primaryimage\",\"url\":\"https:\/\/tervix.ee\/wp-content\/uploads\/2021\/03\/Simmu-22-scaled.jpg\",\"contentUrl\":\"https:\/\/tervix.ee\/wp-content\/uploads\/2021\/03\/Simmu-22-scaled.jpg\",\"width\":2024,\"height\":2560},{\"@type\":\"BreadcrumbList\",\"@id\":\"https:\/\/tervix.ee\/en\/product\/simmu-throat-syrup\/#breadcrumb\",\"itemListElement\":[{\"@type\":\"ListItem\",\"position\":1,\"name\":\"Esileht\",\"item\":\"https:\/\/tervix.ee\/en\/\"},{\"@type\":\"ListItem\",\"position\":2,\"name\":\"E-shop\",\"item\":\"https:\/\/tervix.ee\/pood\/\"},{\"@type\":\"ListItem\",\"position\":3,\"name\":\"Simmu throat syrup\"}]},{\"@type\":\"WebSite\",\"@id\":\"https:\/\/tervix.ee\/en\/#website\",\"url\":\"https:\/\/tervix.ee\/en\/\",\"name\":\"Tervix O\u00dc\",\"description\":\"\",\"publisher\":{\"@id\":\"https:\/\/tervix.ee\/en\/#organization\"},\"potentialAction\":[{\"@type\":\"SearchAction\",\"target\":{\"@type\":\"EntryPoint\",\"urlTemplate\":\"https:\/\/tervix.ee\/en\/?s={search_term_string}\"},\"query-input\":{\"@type\":\"PropertyValueSpecification\",\"valueRequired\":true,\"valueName\":\"search_term_string\"}}],\"inLanguage\":\"en-US\"},{\"@type\":\"Organization\",\"@id\":\"https:\/\/tervix.ee\/en\/#organization\",\"name\":\"Tervix O\u00dc\",\"url\":\"https:\/\/tervix.ee\/en\/\",\"logo\":{\"@type\":\"ImageObject\",\"inLanguage\":\"en-US\",\"@id\":\"https:\/\/tervix.ee\/en\/#\/schema\/logo\/image\/\",\"url\":\"https:\/\/tervix.ee\/wp-content\/uploads\/2021\/03\/header-logo.png\",\"contentUrl\":\"https:\/\/tervix.ee\/wp-content\/uploads\/2021\/03\/header-logo.png\",\"width\":300,\"height\":71,\"caption\":\"Tervix O\u00dc\"},\"image\":{\"@id\":\"https:\/\/tervix.ee\/en\/#\/schema\/logo\/image\/\"},\"sameAs\":[\"https:\/\/www.facebook.com\/Tervix\/\",\"https:\/\/www.instagram.com\/tervix_natural\/\"]}]}<\/script>\n<!-- \/ Yoast SEO plugin. -->","yoast_head_json":{"title":"Simmu throat syrup - Tervix O\u00dc","description":"Tervix asutati 2003. aastal Eesti astelpajukasvatajate poolt. Eesm\u00e4rk oli astelpajul olevad arvukad kasulikud omadused tuua tarbijateni ja pakkuda loodusteadlikule m\u00f5tlemisele p\u00f5hinevaid tooteid.","robots":{"index":"index","follow":"follow","max-snippet":"max-snippet:-1","max-image-preview":"max-image-preview:large","max-video-preview":"max-video-preview:-1"},"canonical":"https:\/\/tervix.ee\/en\/product\/simmu-throat-syrup\/","og_locale":"en_US","og_type":"article","og_title":"Simmu throat syrup - Tervix O\u00dc","og_description":"Tervix asutati 2003. aastal Eesti astelpajukasvatajate poolt. Eesm\u00e4rk oli astelpajul olevad arvukad kasulikud omadused tuua tarbijateni ja pakkuda loodusteadlikule m\u00f5tlemisele p\u00f5hinevaid tooteid.","og_url":"https:\/\/tervix.ee\/en\/product\/simmu-throat-syrup\/","og_site_name":"Tervix O\u00dc","article_publisher":"https:\/\/www.facebook.com\/Tervix\/","article_modified_time":"2023-04-24T08:45:26+00:00","og_image":[{"width":2024,"height":2560,"url":"https:\/\/tervix.ee\/wp-content\/uploads\/2021\/03\/Simmu-22-scaled.jpg","type":"image\/jpeg"}],"twitter_card":"summary_large_image","schema":{"@context":"https:\/\/schema.org","@graph":[{"@type":"WebPage","@id":"https:\/\/tervix.ee\/en\/product\/simmu-throat-syrup\/","url":"https:\/\/tervix.ee\/en\/product\/simmu-throat-syrup\/","name":"Simmu throat syrup - Tervix O\u00dc","isPartOf":{"@id":"https:\/\/tervix.ee\/en\/#website"},"primaryImageOfPage":{"@id":"https:\/\/tervix.ee\/en\/product\/simmu-throat-syrup\/#primaryimage"},"image":{"@id":"https:\/\/tervix.ee\/en\/product\/simmu-throat-syrup\/#primaryimage"},"thumbnailUrl":"https:\/\/tervix.ee\/wp-content\/uploads\/2021\/03\/Simmu-22-scaled.jpg","datePublished":"2021-03-26T13:32:18+00:00","dateModified":"2023-04-24T08:45:26+00:00","description":"Tervix asutati 2003. aastal Eesti astelpajukasvatajate poolt. Eesm\u00e4rk oli astelpajul olevad arvukad kasulikud omadused tuua tarbijateni ja pakkuda loodusteadlikule m\u00f5tlemisele p\u00f5hinevaid tooteid.","breadcrumb":{"@id":"https:\/\/tervix.ee\/en\/product\/simmu-throat-syrup\/#breadcrumb"},"inLanguage":"en-US","potentialAction":[{"@type":"ReadAction","target":["https:\/\/tervix.ee\/en\/product\/simmu-throat-syrup\/"]}]},{"@type":"ImageObject","inLanguage":"en-US","@id":"https:\/\/tervix.ee\/en\/product\/simmu-throat-syrup\/#primaryimage","url":"https:\/\/tervix.ee\/wp-content\/uploads\/2021\/03\/Simmu-22-scaled.jpg","contentUrl":"https:\/\/tervix.ee\/wp-content\/uploads\/2021\/03\/Simmu-22-scaled.jpg","width":2024,"height":2560},{"@type":"BreadcrumbList","@id":"https:\/\/tervix.ee\/en\/product\/simmu-throat-syrup\/#breadcrumb","itemListElement":[{"@type":"ListItem","position":1,"name":"Esileht","item":"https:\/\/tervix.ee\/en\/"},{"@type":"ListItem","position":2,"name":"E-shop","item":"https:\/\/tervix.ee\/pood\/"},{"@type":"ListItem","position":3,"name":"Simmu throat syrup"}]},{"@type":"WebSite","@id":"https:\/\/tervix.ee\/en\/#website","url":"https:\/\/tervix.ee\/en\/","name":"Tervix O\u00dc","description":"","publisher":{"@id":"https:\/\/tervix.ee\/en\/#organization"},"potentialAction":[{"@type":"SearchAction","target":{"@type":"EntryPoint","urlTemplate":"https:\/\/tervix.ee\/en\/?s={search_term_string}"},"query-input":{"@type":"PropertyValueSpecification","valueRequired":true,"valueName":"search_term_string"}}],"inLanguage":"en-US"},{"@type":"Organization","@id":"https:\/\/tervix.ee\/en\/#organization","name":"Tervix O\u00dc","url":"https:\/\/tervix.ee\/en\/","logo":{"@type":"ImageObject","inLanguage":"en-US","@id":"https:\/\/tervix.ee\/en\/#\/schema\/logo\/image\/","url":"https:\/\/tervix.ee\/wp-content\/uploads\/2021\/03\/header-logo.png","contentUrl":"https:\/\/tervix.ee\/wp-content\/uploads\/2021\/03\/header-logo.png","width":300,"height":71,"caption":"Tervix O\u00dc"},"image":{"@id":"https:\/\/tervix.ee\/en\/#\/schema\/logo\/image\/"},"sameAs":["https:\/\/www.facebook.com\/Tervix\/","https:\/\/www.instagram.com\/tervix_natural\/"]}]}},"_links":{"self":[{"href":"https:\/\/tervix.ee\/en\/wp-json\/wp\/v2\/product\/4552","targetHints":{"allow":["GET"]}}],"collection":[{"href":"https:\/\/tervix.ee\/en\/wp-json\/wp\/v2\/product"}],"about":[{"href":"https:\/\/tervix.ee\/en\/wp-json\/wp\/v2\/types\/product"}],"replies":[{"embeddable":true,"href":"https:\/\/tervix.ee\/en\/wp-json\/wp\/v2\/comments?post=4552"}],"version-history":[{"count":0,"href":"https:\/\/tervix.ee\/en\/wp-json\/wp\/v2\/product\/4552\/revisions"}],"wp:featuredmedia":[{"embeddable":true,"href":"https:\/\/tervix.ee\/en\/wp-json\/wp\/v2\/media\/6332"}],"wp:attachment":[{"href":"https:\/\/tervix.ee\/en\/wp-json\/wp\/v2\/media?parent=4552"}],"wp:term":[{"taxonomy":"product_brand","embeddable":true,"href":"https:\/\/tervix.ee\/en\/wp-json\/wp\/v2\/product_brand?post=4552"},{"taxonomy":"product_cat","embeddable":true,"href":"https:\/\/tervix.ee\/en\/wp-json\/wp\/v2\/product_cat?post=4552"},{"taxonomy":"product_tag","embeddable":true,"href":"https:\/\/tervix.ee\/en\/wp-json\/wp\/v2\/product_tag?post=4552"}],"curies":[{"name":"wp","href":"https:\/\/api.w.org\/{rel}","templated":true}]}}