{"id":6481,"date":"2022-09-26T10:45:27","date_gmt":"2022-09-26T07:45:27","guid":{"rendered":"https:\/\/tervix.ee\/about-us-2\/"},"modified":"2022-09-28T10:39:57","modified_gmt":"2022-09-28T07:39:57","slug":"about-us-2","status":"publish","type":"page","link":"https:\/\/tervix.ee\/en\/about-us-2\/","title":{"rendered":"About us"},"content":{"rendered":"\t\t<div data-elementor-type=\"wp-page\" data-elementor-id=\"6481\" class=\"elementor elementor-6481 elementor-6398\">\n\t\t\t\t\t\t<section class=\"elementor-section elementor-top-section elementor-element elementor-element-a99ac12 elementor-section-boxed elementor-section-height-default elementor-section-height-default\" data-id=\"a99ac12\" data-element_type=\"section\" data-e-type=\"section\">\n\t\t\t\t\t\t<div class=\"elementor-container elementor-column-gap-default\">\n\t\t\t\t\t<div class=\"elementor-column elementor-col-100 elementor-top-column elementor-element elementor-element-6d2a9d0\" data-id=\"6d2a9d0\" data-element_type=\"column\" data-e-type=\"column\">\n\t\t\t<div class=\"elementor-widget-wrap\">\n\t\t\t\t\t\t\t<\/div>\n\t\t<\/div>\n\t\t\t\t\t<\/div>\n\t\t<\/section>\n\t\t\t\t<section class=\"elementor-section elementor-top-section elementor-element elementor-element-6c3458e elementor-section-stretched elementor-section-boxed elementor-section-height-default elementor-section-height-default\" data-id=\"6c3458e\" data-element_type=\"section\" data-e-type=\"section\" data-settings=\"{&quot;stretch_section&quot;:&quot;section-stretched&quot;,&quot;background_background&quot;:&quot;classic&quot;}\">\n\t\t\t\t\t\t<div class=\"elementor-container elementor-column-gap-default\">\n\t\t\t\t\t<div class=\"elementor-column elementor-col-100 elementor-top-column elementor-element elementor-element-17b8220\" data-id=\"17b8220\" data-element_type=\"column\" data-e-type=\"column\">\n\t\t\t<div class=\"elementor-widget-wrap elementor-element-populated\">\n\t\t\t\t\t\t<div class=\"elementor-element elementor-element-151b6758 elementor-widget elementor-widget-heading\" data-id=\"151b6758\" data-element_type=\"widget\" data-e-type=\"widget\" data-widget_type=\"heading.default\">\n\t\t\t\t\t<h2 class=\"elementor-heading-title elementor-size-default\">About us<\/h2>\t\t\t\t<\/div>\n\t\t\t\t<div class=\"elementor-element elementor-element-694731d7 elementor-widget elementor-widget-text-editor\" data-id=\"694731d7\" data-element_type=\"widget\" data-e-type=\"widget\" data-widget_type=\"text-editor.default\">\n\t\t\t\t\t\t\t\t\t<p><strong>O\u00dc Tervix was founded in 2003 to produce food and dietary supplements from natural ingredients.<\/strong><\/p>\n<p>Since then, 100% natural ointments designed in cooperation with scientists have taken on ever greater importance.<\/p>\n<p>In 2012, health and cosmetic products for children became one of our most important areas of production.<\/p>\n\t\t\t\t\t\t\t\t<\/div>\n\t\t\t\t\t<\/div>\n\t\t<\/div>\n\t\t\t\t\t<\/div>\n\t\t<\/section>\n\t\t\t\t<section class=\"elementor-section elementor-top-section elementor-element elementor-element-0ed14ab elementor-section-full_width elementor-section-stretched elementor-section-height-default elementor-section-height-default\" data-id=\"0ed14ab\" data-element_type=\"section\" data-e-type=\"section\" data-settings=\"{&quot;stretch_section&quot;:&quot;section-stretched&quot;,&quot;background_background&quot;:&quot;classic&quot;}\">\n\t\t\t\t\t\t<div class=\"elementor-container elementor-column-gap-no\">\n\t\t\t\t\t<div class=\"elementor-column elementor-col-100 elementor-top-column elementor-element elementor-element-8be4777\" data-id=\"8be4777\" data-element_type=\"column\" data-e-type=\"column\">\n\t\t\t<div class=\"elementor-widget-wrap elementor-element-populated\">\n\t\t\t\t\t\t<div class=\"elementor-element elementor-element-c9568e0 elementor-widget elementor-widget-image\" data-id=\"c9568e0\" data-element_type=\"widget\" data-e-type=\"widget\" data-widget_type=\"image.default\">\n\t\t\t\t\t\t\t\t\t\t\t\t\t\t\t<img fetchpriority=\"high\" decoding=\"async\" width=\"2276\" height=\"888\" src=\"https:\/\/tervix.ee\/wp-content\/uploads\/2022\/09\/beautiful-mother-with-little-son-summer-field-scaled3.jpg\" class=\"attachment-full size-full wp-image-6458\" alt=\"\" srcset=\"https:\/\/tervix.ee\/wp-content\/uploads\/2022\/09\/beautiful-mother-with-little-son-summer-field-scaled3.jpg 2276w, https:\/\/tervix.ee\/wp-content\/uploads\/2022\/09\/beautiful-mother-with-little-son-summer-field-scaled3-300x117.jpg 300w, https:\/\/tervix.ee\/wp-content\/uploads\/2022\/09\/beautiful-mother-with-little-son-summer-field-scaled3-1024x400.jpg 1024w, https:\/\/tervix.ee\/wp-content\/uploads\/2022\/09\/beautiful-mother-with-little-son-summer-field-scaled3-768x300.jpg 768w, https:\/\/tervix.ee\/wp-content\/uploads\/2022\/09\/beautiful-mother-with-little-son-summer-field-scaled3-1536x599.jpg 1536w, https:\/\/tervix.ee\/wp-content\/uploads\/2022\/09\/beautiful-mother-with-little-son-summer-field-scaled3-2048x799.jpg 2048w, https:\/\/tervix.ee\/wp-content\/uploads\/2022\/09\/beautiful-mother-with-little-son-summer-field-scaled3-660x258.jpg 660w, https:\/\/tervix.ee\/wp-content\/uploads\/2022\/09\/beautiful-mother-with-little-son-summer-field-scaled3-460x179.jpg 460w\" sizes=\"(max-width: 2276px) 100vw, 2276px\" \/>\t\t\t\t\t\t\t\t\t\t\t\t\t\t\t<\/div>\n\t\t\t\t\t<\/div>\n\t\t<\/div>\n\t\t\t\t\t<\/div>\n\t\t<\/section>\n\t\t\t\t<\/div>\n\t\t","protected":false},"excerpt":{"rendered":"<p>About us O\u00dc Tervix was founded in 2003 to produce food and dietary supplements from natural ingredients. Since then, 100% natural ointments designed in cooperation with scientists have taken on ever greater importance. In 2012, health and cosmetic products for children became one of our most important areas of production.<\/p>\n","protected":false},"author":1,"featured_media":0,"parent":0,"menu_order":0,"comment_status":"closed","ping_status":"closed","template":"","meta":{"footnotes":""},"class_list":["post-6481","page","type-page","status-publish","hentry"],"yoast_head":"<!-- This site is optimized with the Yoast SEO plugin v27.2 - https:\/\/yoast.com\/product\/yoast-seo-wordpress\/ -->\n<title>About us - Tervix O\u00dc<\/title>\n<meta name=\"description\" content=\"Tervix asutati 2003. aastal Eesti astelpajukasvatajate poolt. Eesm\u00e4rk oli astelpajul olevad arvukad kasulikud omadused tuua tarbijateni ja pakkuda loodusteadlikule m\u00f5tlemisele p\u00f5hinevaid tooteid.\" \/>\n<meta name=\"robots\" content=\"index, follow, max-snippet:-1, max-image-preview:large, max-video-preview:-1\" \/>\n<link rel=\"canonical\" href=\"https:\/\/tervix.ee\/en\/about-us-2\/\" \/>\n<meta property=\"og:locale\" content=\"en_US\" \/>\n<meta property=\"og:type\" content=\"article\" \/>\n<meta property=\"og:title\" content=\"About us - Tervix O\u00dc\" \/>\n<meta property=\"og:description\" content=\"Tervix asutati 2003. aastal Eesti astelpajukasvatajate poolt. Eesm\u00e4rk oli astelpajul olevad arvukad kasulikud omadused tuua tarbijateni ja pakkuda loodusteadlikule m\u00f5tlemisele p\u00f5hinevaid tooteid.\" \/>\n<meta property=\"og:url\" content=\"https:\/\/tervix.ee\/en\/about-us-2\/\" \/>\n<meta property=\"og:site_name\" content=\"Tervix O\u00dc\" \/>\n<meta property=\"article:publisher\" content=\"https:\/\/www.facebook.com\/Tervix\/\" \/>\n<meta property=\"article:modified_time\" content=\"2022-09-28T07:39:57+00:00\" \/>\n<meta property=\"og:image\" content=\"https:\/\/tervix.ee\/wp-content\/uploads\/2022\/09\/beautiful-mother-with-little-son-summer-field-scaled3.jpg\" \/>\n<meta name=\"twitter:card\" content=\"summary_large_image\" \/>\n<script type=\"application\/ld+json\" class=\"yoast-schema-graph\">{\"@context\":\"https:\/\/schema.org\",\"@graph\":[{\"@type\":\"WebPage\",\"@id\":\"https:\/\/tervix.ee\/en\/about-us-2\/\",\"url\":\"https:\/\/tervix.ee\/en\/about-us-2\/\",\"name\":\"About us - Tervix O\u00dc\",\"isPartOf\":{\"@id\":\"https:\/\/tervix.ee\/en\/#website\"},\"primaryImageOfPage\":{\"@id\":\"https:\/\/tervix.ee\/en\/about-us-2\/#primaryimage\"},\"image\":{\"@id\":\"https:\/\/tervix.ee\/en\/about-us-2\/#primaryimage\"},\"thumbnailUrl\":\"https:\/\/tervix.ee\/wp-content\/uploads\/2022\/09\/beautiful-mother-with-little-son-summer-field-scaled3.jpg\",\"datePublished\":\"2022-09-26T07:45:27+00:00\",\"dateModified\":\"2022-09-28T07:39:57+00:00\",\"description\":\"Tervix asutati 2003. aastal Eesti astelpajukasvatajate poolt. Eesm\u00e4rk oli astelpajul olevad arvukad kasulikud omadused tuua tarbijateni ja pakkuda loodusteadlikule m\u00f5tlemisele p\u00f5hinevaid tooteid.\",\"breadcrumb\":{\"@id\":\"https:\/\/tervix.ee\/en\/about-us-2\/#breadcrumb\"},\"inLanguage\":\"en-US\",\"potentialAction\":[{\"@type\":\"ReadAction\",\"target\":[\"https:\/\/tervix.ee\/en\/about-us-2\/\"]}]},{\"@type\":\"ImageObject\",\"inLanguage\":\"en-US\",\"@id\":\"https:\/\/tervix.ee\/en\/about-us-2\/#primaryimage\",\"url\":\"https:\/\/tervix.ee\/wp-content\/uploads\/2022\/09\/beautiful-mother-with-little-son-summer-field-scaled3.jpg\",\"contentUrl\":\"https:\/\/tervix.ee\/wp-content\/uploads\/2022\/09\/beautiful-mother-with-little-son-summer-field-scaled3.jpg\"},{\"@type\":\"BreadcrumbList\",\"@id\":\"https:\/\/tervix.ee\/en\/about-us-2\/#breadcrumb\",\"itemListElement\":[{\"@type\":\"ListItem\",\"position\":1,\"name\":\"Esileht\",\"item\":\"https:\/\/tervix.ee\/en\/\"},{\"@type\":\"ListItem\",\"position\":2,\"name\":\"About us\"}]},{\"@type\":\"WebSite\",\"@id\":\"https:\/\/tervix.ee\/en\/#website\",\"url\":\"https:\/\/tervix.ee\/en\/\",\"name\":\"Tervix O\u00dc\",\"description\":\"\",\"publisher\":{\"@id\":\"https:\/\/tervix.ee\/en\/#organization\"},\"potentialAction\":[{\"@type\":\"SearchAction\",\"target\":{\"@type\":\"EntryPoint\",\"urlTemplate\":\"https:\/\/tervix.ee\/en\/?s={search_term_string}\"},\"query-input\":{\"@type\":\"PropertyValueSpecification\",\"valueRequired\":true,\"valueName\":\"search_term_string\"}}],\"inLanguage\":\"en-US\"},{\"@type\":\"Organization\",\"@id\":\"https:\/\/tervix.ee\/en\/#organization\",\"name\":\"Tervix O\u00dc\",\"url\":\"https:\/\/tervix.ee\/en\/\",\"logo\":{\"@type\":\"ImageObject\",\"inLanguage\":\"en-US\",\"@id\":\"https:\/\/tervix.ee\/en\/#\/schema\/logo\/image\/\",\"url\":\"https:\/\/tervix.ee\/wp-content\/uploads\/2021\/03\/header-logo.png\",\"contentUrl\":\"https:\/\/tervix.ee\/wp-content\/uploads\/2021\/03\/header-logo.png\",\"width\":300,\"height\":71,\"caption\":\"Tervix O\u00dc\"},\"image\":{\"@id\":\"https:\/\/tervix.ee\/en\/#\/schema\/logo\/image\/\"},\"sameAs\":[\"https:\/\/www.facebook.com\/Tervix\/\",\"https:\/\/www.instagram.com\/tervix_natural\/\"]}]}<\/script>\n<!-- \/ Yoast SEO plugin. -->","yoast_head_json":{"title":"About us - Tervix O\u00dc","description":"Tervix asutati 2003. aastal Eesti astelpajukasvatajate poolt. Eesm\u00e4rk oli astelpajul olevad arvukad kasulikud omadused tuua tarbijateni ja pakkuda loodusteadlikule m\u00f5tlemisele p\u00f5hinevaid tooteid.","robots":{"index":"index","follow":"follow","max-snippet":"max-snippet:-1","max-image-preview":"max-image-preview:large","max-video-preview":"max-video-preview:-1"},"canonical":"https:\/\/tervix.ee\/en\/about-us-2\/","og_locale":"en_US","og_type":"article","og_title":"About us - Tervix O\u00dc","og_description":"Tervix asutati 2003. aastal Eesti astelpajukasvatajate poolt. Eesm\u00e4rk oli astelpajul olevad arvukad kasulikud omadused tuua tarbijateni ja pakkuda loodusteadlikule m\u00f5tlemisele p\u00f5hinevaid tooteid.","og_url":"https:\/\/tervix.ee\/en\/about-us-2\/","og_site_name":"Tervix O\u00dc","article_publisher":"https:\/\/www.facebook.com\/Tervix\/","article_modified_time":"2022-09-28T07:39:57+00:00","og_image":[{"url":"https:\/\/tervix.ee\/wp-content\/uploads\/2022\/09\/beautiful-mother-with-little-son-summer-field-scaled3.jpg","type":"","width":"","height":""}],"twitter_card":"summary_large_image","schema":{"@context":"https:\/\/schema.org","@graph":[{"@type":"WebPage","@id":"https:\/\/tervix.ee\/en\/about-us-2\/","url":"https:\/\/tervix.ee\/en\/about-us-2\/","name":"About us - Tervix O\u00dc","isPartOf":{"@id":"https:\/\/tervix.ee\/en\/#website"},"primaryImageOfPage":{"@id":"https:\/\/tervix.ee\/en\/about-us-2\/#primaryimage"},"image":{"@id":"https:\/\/tervix.ee\/en\/about-us-2\/#primaryimage"},"thumbnailUrl":"https:\/\/tervix.ee\/wp-content\/uploads\/2022\/09\/beautiful-mother-with-little-son-summer-field-scaled3.jpg","datePublished":"2022-09-26T07:45:27+00:00","dateModified":"2022-09-28T07:39:57+00:00","description":"Tervix asutati 2003. aastal Eesti astelpajukasvatajate poolt. Eesm\u00e4rk oli astelpajul olevad arvukad kasulikud omadused tuua tarbijateni ja pakkuda loodusteadlikule m\u00f5tlemisele p\u00f5hinevaid tooteid.","breadcrumb":{"@id":"https:\/\/tervix.ee\/en\/about-us-2\/#breadcrumb"},"inLanguage":"en-US","potentialAction":[{"@type":"ReadAction","target":["https:\/\/tervix.ee\/en\/about-us-2\/"]}]},{"@type":"ImageObject","inLanguage":"en-US","@id":"https:\/\/tervix.ee\/en\/about-us-2\/#primaryimage","url":"https:\/\/tervix.ee\/wp-content\/uploads\/2022\/09\/beautiful-mother-with-little-son-summer-field-scaled3.jpg","contentUrl":"https:\/\/tervix.ee\/wp-content\/uploads\/2022\/09\/beautiful-mother-with-little-son-summer-field-scaled3.jpg"},{"@type":"BreadcrumbList","@id":"https:\/\/tervix.ee\/en\/about-us-2\/#breadcrumb","itemListElement":[{"@type":"ListItem","position":1,"name":"Esileht","item":"https:\/\/tervix.ee\/en\/"},{"@type":"ListItem","position":2,"name":"About us"}]},{"@type":"WebSite","@id":"https:\/\/tervix.ee\/en\/#website","url":"https:\/\/tervix.ee\/en\/","name":"Tervix O\u00dc","description":"","publisher":{"@id":"https:\/\/tervix.ee\/en\/#organization"},"potentialAction":[{"@type":"SearchAction","target":{"@type":"EntryPoint","urlTemplate":"https:\/\/tervix.ee\/en\/?s={search_term_string}"},"query-input":{"@type":"PropertyValueSpecification","valueRequired":true,"valueName":"search_term_string"}}],"inLanguage":"en-US"},{"@type":"Organization","@id":"https:\/\/tervix.ee\/en\/#organization","name":"Tervix O\u00dc","url":"https:\/\/tervix.ee\/en\/","logo":{"@type":"ImageObject","inLanguage":"en-US","@id":"https:\/\/tervix.ee\/en\/#\/schema\/logo\/image\/","url":"https:\/\/tervix.ee\/wp-content\/uploads\/2021\/03\/header-logo.png","contentUrl":"https:\/\/tervix.ee\/wp-content\/uploads\/2021\/03\/header-logo.png","width":300,"height":71,"caption":"Tervix O\u00dc"},"image":{"@id":"https:\/\/tervix.ee\/en\/#\/schema\/logo\/image\/"},"sameAs":["https:\/\/www.facebook.com\/Tervix\/","https:\/\/www.instagram.com\/tervix_natural\/"]}]}},"_links":{"self":[{"href":"https:\/\/tervix.ee\/en\/wp-json\/wp\/v2\/pages\/6481","targetHints":{"allow":["GET"]}}],"collection":[{"href":"https:\/\/tervix.ee\/en\/wp-json\/wp\/v2\/pages"}],"about":[{"href":"https:\/\/tervix.ee\/en\/wp-json\/wp\/v2\/types\/page"}],"author":[{"embeddable":true,"href":"https:\/\/tervix.ee\/en\/wp-json\/wp\/v2\/users\/1"}],"replies":[{"embeddable":true,"href":"https:\/\/tervix.ee\/en\/wp-json\/wp\/v2\/comments?post=6481"}],"version-history":[{"count":0,"href":"https:\/\/tervix.ee\/en\/wp-json\/wp\/v2\/pages\/6481\/revisions"}],"wp:attachment":[{"href":"https:\/\/tervix.ee\/en\/wp-json\/wp\/v2\/media?parent=6481"}],"curies":[{"name":"wp","href":"https:\/\/api.w.org\/{rel}","templated":true}]}}